{"id":1543,"date":"2026-01-20T18:56:59","date_gmt":"2026-01-20T18:56:59","guid":{"rendered":"https:\/\/paperpotagriculture.com\/?post_type=product&#038;p=1543"},"modified":"2026-02-03T17:51:32","modified_gmt":"2026-02-03T17:51:32","slug":"drzala-za-papirnate-neverizne-loncke","status":"publish","type":"product","link":"https:\/\/paperpotagriculture.com\/sl\/izdelek\/drzala-za-papirnate-neverizne-loncke\/","title":{"rendered":"Dr\u017eala za papirnate neveri\u017ene lon\u010dke"},"content":{"rendered":"","protected":false},"excerpt":{"rendered":"<h2 data-start=\"42\" data-end=\"81\">Dr\u017eala za papirnate neveri\u017ene lon\u010dke<\/h2>\n<p data-start=\"83\" data-end=\"370\"><strong data-start=\"83\" data-end=\"123\">Dr\u017eala za papirnate neveri\u017ene lon\u010dke<\/strong> so nepogre\u0161ljiv pripomo\u010dek za pravilno in enostavno uporabo papirnatih lon\u010dkov pri vzgoji sadik. Namenjena so temu, da papirnate lon\u010dke <strong data-start=\"260\" data-end=\"282\">napnemo na pladenj<\/strong>, jih stabiliziramo ter tako omogo\u010dimo hitro polnjenje s substratom in enakomerno setev.<\/p>\n<p data-start=\"372\" data-end=\"470\">Barvno so lo\u010dena glede na velikost lon\u010dkov, kar omogo\u010da preprosto in pregledno uporabo brez napak.<\/p>\n<hr data-start=\"472\" data-end=\"475\" \/>\n<h3 data-start=\"477\" data-end=\"501\">Namembnost po barvah<\/h3>\n<ul data-start=\"503\" data-end=\"690\">\n<li data-start=\"503\" data-end=\"556\">\n<p data-start=\"505\" data-end=\"556\">\ud83d\udd35 <strong data-start=\"508\" data-end=\"524\">Modra dr\u017eala<\/strong> \u2013 za <strong data-start=\"530\" data-end=\"554\">S lon\u010dke (220 celic)<\/strong><\/p>\n<\/li>\n<li data-start=\"557\" data-end=\"638\">\n<p data-start=\"559\" data-end=\"638\">\ud83d\udfe2 <strong data-start=\"562\" data-end=\"579\">Zelena dr\u017eala<\/strong> \u2013 za <strong data-start=\"585\" data-end=\"609\">M lon\u010dke (128 celic)<\/strong> in <strong data-start=\"613\" data-end=\"636\">L lon\u010dke (72 celic)<\/strong><\/p>\n<\/li>\n<li data-start=\"639\" data-end=\"690\">\n<p data-start=\"641\" data-end=\"690\">\u26aa <strong data-start=\"643\" data-end=\"658\">Bela dr\u017eala<\/strong> \u2013 za <strong data-start=\"664\" data-end=\"688\">XL lon\u010dke (50 celic)<\/strong><\/p>\n<\/li>\n<\/ul>\n<hr data-start=\"692\" data-end=\"695\" \/>\n<h3 data-start=\"697\" data-end=\"715\">Kako delujejo?<\/h3>\n<ol data-start=\"717\" data-end=\"890\">\n<li data-start=\"717\" data-end=\"774\">\n<p data-start=\"720\" data-end=\"774\">Papirnate neveri\u017ene lon\u010dke napnete v ustrezna dr\u017eala<\/p>\n<\/li>\n<li data-start=\"775\" data-end=\"823\">\n<p data-start=\"778\" data-end=\"823\">Dr\u017eala lon\u010dke stabilno pritrdijo na pladenj<\/p>\n<\/li>\n<li data-start=\"824\" data-end=\"858\">\n<p data-start=\"827\" data-end=\"858\">Lon\u010dke napolnite s substratom<\/p>\n<\/li>\n<li data-start=\"859\" data-end=\"890\">\n<p data-start=\"862\" data-end=\"890\">Opravite setev ali sajenje<\/p>\n<\/li>\n<\/ol>\n<p data-start=\"892\" data-end=\"981\">Rezultat so enakomerno oblikovani lon\u010dki, pripravljeni na vzgojo zdravih in mo\u010dnih sadik.<\/p>\n<hr data-start=\"983\" data-end=\"986\" \/>\n<h3 data-start=\"988\" data-end=\"1007\">Prednosti dr\u017eal<\/h3>\n<p data-start=\"1009\" data-end=\"1260\">\u2705 Zagotavljajo pravilno obliko papirnatih lon\u010dkov<br data-start=\"1058\" data-end=\"1061\" \/>\u2705 Omogo\u010dajo hitro in \u010disto polnjenje s substratom<br data-start=\"1110\" data-end=\"1113\" \/>\u2705 Barvna lo\u010ditev prepre\u010duje napa\u010dno uporabo<br data-start=\"1156\" data-end=\"1159\" \/>\u2705 Ve\u010dkratna uporaba in dolga \u017eivljenjska doba<br data-start=\"1204\" data-end=\"1207\" \/>\u2705 Idealna dopolnitev papirnatih lon\u010dkov in pladnjev<\/p>\n<hr data-start=\"1262\" data-end=\"1265\" \/>\n<h3 data-start=\"1267\" data-end=\"1282\">Primerno za<\/h3>\n<ul data-start=\"1284\" data-end=\"1468\">\n<li data-start=\"1284\" data-end=\"1324\">\n<p data-start=\"1286\" data-end=\"1324\">doma\u010de vrtnarje in hobi pridelovalce<\/p>\n<\/li>\n<li data-start=\"1325\" data-end=\"1361\">\n<p data-start=\"1327\" data-end=\"1361\">ekolo\u0161ko in zero waste pridelavo<\/p>\n<\/li>\n<li data-start=\"1362\" data-end=\"1407\">\n<p data-start=\"1364\" data-end=\"1407\">vzgojo sadik zelenjave, zeli\u0161\u010d in cvetlic<\/p>\n<\/li>\n<li data-start=\"1408\" data-end=\"1468\">\n<p data-start=\"1410\" data-end=\"1468\">uporabo na vrtu, v rastlinjaku ali v notranjih prostorih<\/p>\n<\/li>\n<\/ul>\n<hr data-start=\"1470\" data-end=\"1473\" \/>\n<p data-start=\"1475\" data-end=\"1550\">\ud83c\udf31 <strong data-start=\"1478\" data-end=\"1550\">Za enostavno, natan\u010dno in urejeno vzgojo sadik s papirnatimi lon\u010dki.<\/strong><\/p>\n","protected":false},"featured_media":1523,"comment_status":"closed","ping_status":"closed","template":"","meta":{"_acf_changed":false},"product_brand":[],"product_cat":[105],"product_tag":[],"class_list":{"0":"post-1543","1":"product","2":"type-product","3":"status-publish","4":"has-post-thumbnail","6":"product_cat-uncategorized-sl","8":"first","9":"outofstock","10":"sold-individually","11":"taxable","12":"shipping-taxable","13":"purchasable","14":"product-type-variable"},"acf":[],"yoast_head":"<!-- This site is optimized with the Yoast SEO plugin v26.5 - https:\/\/yoast.com\/wordpress\/plugins\/seo\/ -->\n<title>Dr\u017eala za papirnate neveri\u017ene lon\u010dke - Paperpotagriculture<\/title>\n<meta name=\"robots\" content=\"index, follow, max-snippet:-1, max-image-preview:large, max-video-preview:-1\" \/>\n<link rel=\"canonical\" href=\"https:\/\/paperpotagriculture.com\/sl\/izdelek\/drzala-za-papirnate-neverizne-loncke\/\" \/>\n<meta property=\"og:locale\" content=\"sl_SI\" \/>\n<meta property=\"og:type\" content=\"article\" \/>\n<meta property=\"og:title\" content=\"Dr\u017eala za papirnate neveri\u017ene lon\u010dke - Paperpotagriculture\" \/>\n<meta property=\"og:description\" content=\"Dr\u017eala za papirnate neveri\u017ene lon\u010dke Dr\u017eala za papirnate neveri\u017ene lon\u010dke so nepogre\u0161ljiv pripomo\u010dek za pravilno in enostavno uporabo papirnatih lon\u010dkov pri vzgoji sadik. Namenjena so temu, da papirnate lon\u010dke napnemo na pladenj, jih stabiliziramo ter tako omogo\u010dimo hitro polnjenje s substratom in enakomerno setev. Barvno so lo\u010dena glede na velikost lon\u010dkov, kar omogo\u010da preprosto in pregledno uporabo brez napak.     Namembnost po barvah    \ud83d\udd35 Modra dr\u017eala \u2013 za S lon\u010dke (220 celic)    \ud83d\udfe2 Zelena dr\u017eala \u2013 za M lon\u010dke (128 celic) in L lon\u010dke (72 celic)    \u26aa Bela dr\u017eala \u2013 za XL lon\u010dke (50 celic)      Kako delujejo?    Papirnate neveri\u017ene lon\u010dke napnete v ustrezna dr\u017eala    Dr\u017eala lon\u010dke stabilno pritrdijo na pladenj    Lon\u010dke napolnite s substratom    Opravite setev ali sajenje   Rezultat so enakomerno oblikovani lon\u010dki, pripravljeni na vzgojo zdravih in mo\u010dnih sadik.     Prednosti dr\u017eal \u2705 Zagotavljajo pravilno obliko papirnatih lon\u010dkov\u2705 Omogo\u010dajo hitro in \u010disto polnjenje s substratom\u2705 Barvna lo\u010ditev prepre\u010duje napa\u010dno uporabo\u2705 Ve\u010dkratna uporaba in dolga \u017eivljenjska doba\u2705 Idealna dopolnitev papirnatih lon\u010dkov in pladnjev     Primerno za    doma\u010de vrtnarje in hobi pridelovalce    ekolo\u0161ko in zero waste pridelavo    vzgojo sadik zelenjave, zeli\u0161\u010d in cvetlic    uporabo na vrtu, v rastlinjaku ali v notranjih prostorih     \ud83c\udf31 Za enostavno, natan\u010dno in urejeno vzgojo sadik s papirnatimi lon\u010dki.\" \/>\n<meta property=\"og:url\" content=\"https:\/\/paperpotagriculture.com\/sl\/izdelek\/drzala-za-papirnate-neverizne-loncke\/\" \/>\n<meta property=\"og:site_name\" content=\"Paperpotagriculture\" \/>\n<meta property=\"article:modified_time\" content=\"2026-02-03T17:51:32+00:00\" \/>\n<meta property=\"og:image\" content=\"https:\/\/paperpotagriculture.com\/wp-content\/uploads\/2026\/01\/64014c535154ad0a0431eb0a_clip-3.png\" \/>\n\t<meta property=\"og:image:width\" content=\"1200\" \/>\n\t<meta property=\"og:image:height\" content=\"1200\" \/>\n\t<meta property=\"og:image:type\" content=\"image\/png\" \/>\n<meta name=\"twitter:card\" content=\"summary_large_image\" \/>\n<meta name=\"twitter:label1\" content=\"Est. reading time\" \/>\n\t<meta name=\"twitter:data1\" content=\"1 minuta\" \/>\n<script type=\"application\/ld+json\" class=\"yoast-schema-graph\">{\"@context\":\"https:\/\/schema.org\",\"@graph\":[{\"@type\":\"WebPage\",\"@id\":\"https:\/\/paperpotagriculture.com\/sl\/izdelek\/drzala-za-papirnate-neverizne-loncke\/\",\"url\":\"https:\/\/paperpotagriculture.com\/sl\/izdelek\/drzala-za-papirnate-neverizne-loncke\/\",\"name\":\"Dr\u017eala za papirnate neveri\u017ene lon\u010dke - Paperpotagriculture\",\"isPartOf\":{\"@id\":\"https:\/\/paperpotagriculture.com\/sl\/#website\"},\"primaryImageOfPage\":{\"@id\":\"https:\/\/paperpotagriculture.com\/sl\/izdelek\/drzala-za-papirnate-neverizne-loncke\/#primaryimage\"},\"image\":{\"@id\":\"https:\/\/paperpotagriculture.com\/sl\/izdelek\/drzala-za-papirnate-neverizne-loncke\/#primaryimage\"},\"thumbnailUrl\":\"https:\/\/paperpotagriculture.com\/wp-content\/uploads\/2026\/01\/64014c535154ad0a0431eb0a_clip-3.png\",\"datePublished\":\"2026-01-20T18:56:59+00:00\",\"dateModified\":\"2026-02-03T17:51:32+00:00\",\"breadcrumb\":{\"@id\":\"https:\/\/paperpotagriculture.com\/sl\/izdelek\/drzala-za-papirnate-neverizne-loncke\/#breadcrumb\"},\"inLanguage\":\"sl-SI\",\"potentialAction\":[{\"@type\":\"ReadAction\",\"target\":[\"https:\/\/paperpotagriculture.com\/sl\/izdelek\/drzala-za-papirnate-neverizne-loncke\/\"]}]},{\"@type\":\"ImageObject\",\"inLanguage\":\"sl-SI\",\"@id\":\"https:\/\/paperpotagriculture.com\/sl\/izdelek\/drzala-za-papirnate-neverizne-loncke\/#primaryimage\",\"url\":\"https:\/\/paperpotagriculture.com\/wp-content\/uploads\/2026\/01\/64014c535154ad0a0431eb0a_clip-3.png\",\"contentUrl\":\"https:\/\/paperpotagriculture.com\/wp-content\/uploads\/2026\/01\/64014c535154ad0a0431eb0a_clip-3.png\",\"width\":1200,\"height\":1200},{\"@type\":\"BreadcrumbList\",\"@id\":\"https:\/\/paperpotagriculture.com\/sl\/izdelek\/drzala-za-papirnate-neverizne-loncke\/#breadcrumb\",\"itemListElement\":[{\"@type\":\"ListItem\",\"position\":1,\"name\":\"Trgovina\",\"item\":\"https:\/\/paperpotagriculture.com\/sl\/trgovina\/\"},{\"@type\":\"ListItem\",\"position\":2,\"name\":\"Uncategorized @sl\",\"item\":\"https:\/\/paperpotagriculture.com\/sl\/kategorija-izdelka\/uncategorized-sl\/\"},{\"@type\":\"ListItem\",\"position\":3,\"name\":\"Dr\u017eala za papirnate neveri\u017ene lon\u010dke\"}]},{\"@type\":\"WebSite\",\"@id\":\"https:\/\/paperpotagriculture.com\/sl\/#website\",\"url\":\"https:\/\/paperpotagriculture.com\/sl\/\",\"name\":\"Paperpotagriculture\",\"description\":\"\",\"potentialAction\":[{\"@type\":\"SearchAction\",\"target\":{\"@type\":\"EntryPoint\",\"urlTemplate\":\"https:\/\/paperpotagriculture.com\/sl\/?s={search_term_string}\"},\"query-input\":{\"@type\":\"PropertyValueSpecification\",\"valueRequired\":true,\"valueName\":\"search_term_string\"}}],\"inLanguage\":\"sl-SI\"}]}<\/script>\n<!-- \/ Yoast SEO plugin. -->","yoast_head_json":{"title":"Dr\u017eala za papirnate neveri\u017ene lon\u010dke - Paperpotagriculture","robots":{"index":"index","follow":"follow","max-snippet":"max-snippet:-1","max-image-preview":"max-image-preview:large","max-video-preview":"max-video-preview:-1"},"canonical":"https:\/\/paperpotagriculture.com\/sl\/izdelek\/drzala-za-papirnate-neverizne-loncke\/","og_locale":"sl_SI","og_type":"article","og_title":"Dr\u017eala za papirnate neveri\u017ene lon\u010dke - Paperpotagriculture","og_description":"Dr\u017eala za papirnate neveri\u017ene lon\u010dke Dr\u017eala za papirnate neveri\u017ene lon\u010dke so nepogre\u0161ljiv pripomo\u010dek za pravilno in enostavno uporabo papirnatih lon\u010dkov pri vzgoji sadik. Namenjena so temu, da papirnate lon\u010dke napnemo na pladenj, jih stabiliziramo ter tako omogo\u010dimo hitro polnjenje s substratom in enakomerno setev. Barvno so lo\u010dena glede na velikost lon\u010dkov, kar omogo\u010da preprosto in pregledno uporabo brez napak.     Namembnost po barvah    \ud83d\udd35 Modra dr\u017eala \u2013 za S lon\u010dke (220 celic)    \ud83d\udfe2 Zelena dr\u017eala \u2013 za M lon\u010dke (128 celic) in L lon\u010dke (72 celic)    \u26aa Bela dr\u017eala \u2013 za XL lon\u010dke (50 celic)      Kako delujejo?    Papirnate neveri\u017ene lon\u010dke napnete v ustrezna dr\u017eala    Dr\u017eala lon\u010dke stabilno pritrdijo na pladenj    Lon\u010dke napolnite s substratom    Opravite setev ali sajenje   Rezultat so enakomerno oblikovani lon\u010dki, pripravljeni na vzgojo zdravih in mo\u010dnih sadik.     Prednosti dr\u017eal \u2705 Zagotavljajo pravilno obliko papirnatih lon\u010dkov\u2705 Omogo\u010dajo hitro in \u010disto polnjenje s substratom\u2705 Barvna lo\u010ditev prepre\u010duje napa\u010dno uporabo\u2705 Ve\u010dkratna uporaba in dolga \u017eivljenjska doba\u2705 Idealna dopolnitev papirnatih lon\u010dkov in pladnjev     Primerno za    doma\u010de vrtnarje in hobi pridelovalce    ekolo\u0161ko in zero waste pridelavo    vzgojo sadik zelenjave, zeli\u0161\u010d in cvetlic    uporabo na vrtu, v rastlinjaku ali v notranjih prostorih     \ud83c\udf31 Za enostavno, natan\u010dno in urejeno vzgojo sadik s papirnatimi lon\u010dki.","og_url":"https:\/\/paperpotagriculture.com\/sl\/izdelek\/drzala-za-papirnate-neverizne-loncke\/","og_site_name":"Paperpotagriculture","article_modified_time":"2026-02-03T17:51:32+00:00","og_image":[{"width":1200,"height":1200,"url":"https:\/\/paperpotagriculture.com\/wp-content\/uploads\/2026\/01\/64014c535154ad0a0431eb0a_clip-3.png","type":"image\/png"}],"twitter_card":"summary_large_image","twitter_misc":{"Est. reading time":"1 minuta"},"schema":{"@context":"https:\/\/schema.org","@graph":[{"@type":"WebPage","@id":"https:\/\/paperpotagriculture.com\/sl\/izdelek\/drzala-za-papirnate-neverizne-loncke\/","url":"https:\/\/paperpotagriculture.com\/sl\/izdelek\/drzala-za-papirnate-neverizne-loncke\/","name":"Dr\u017eala za papirnate neveri\u017ene lon\u010dke - Paperpotagriculture","isPartOf":{"@id":"https:\/\/paperpotagriculture.com\/sl\/#website"},"primaryImageOfPage":{"@id":"https:\/\/paperpotagriculture.com\/sl\/izdelek\/drzala-za-papirnate-neverizne-loncke\/#primaryimage"},"image":{"@id":"https:\/\/paperpotagriculture.com\/sl\/izdelek\/drzala-za-papirnate-neverizne-loncke\/#primaryimage"},"thumbnailUrl":"https:\/\/paperpotagriculture.com\/wp-content\/uploads\/2026\/01\/64014c535154ad0a0431eb0a_clip-3.png","datePublished":"2026-01-20T18:56:59+00:00","dateModified":"2026-02-03T17:51:32+00:00","breadcrumb":{"@id":"https:\/\/paperpotagriculture.com\/sl\/izdelek\/drzala-za-papirnate-neverizne-loncke\/#breadcrumb"},"inLanguage":"sl-SI","potentialAction":[{"@type":"ReadAction","target":["https:\/\/paperpotagriculture.com\/sl\/izdelek\/drzala-za-papirnate-neverizne-loncke\/"]}]},{"@type":"ImageObject","inLanguage":"sl-SI","@id":"https:\/\/paperpotagriculture.com\/sl\/izdelek\/drzala-za-papirnate-neverizne-loncke\/#primaryimage","url":"https:\/\/paperpotagriculture.com\/wp-content\/uploads\/2026\/01\/64014c535154ad0a0431eb0a_clip-3.png","contentUrl":"https:\/\/paperpotagriculture.com\/wp-content\/uploads\/2026\/01\/64014c535154ad0a0431eb0a_clip-3.png","width":1200,"height":1200},{"@type":"BreadcrumbList","@id":"https:\/\/paperpotagriculture.com\/sl\/izdelek\/drzala-za-papirnate-neverizne-loncke\/#breadcrumb","itemListElement":[{"@type":"ListItem","position":1,"name":"Trgovina","item":"https:\/\/paperpotagriculture.com\/sl\/trgovina\/"},{"@type":"ListItem","position":2,"name":"Uncategorized @sl","item":"https:\/\/paperpotagriculture.com\/sl\/kategorija-izdelka\/uncategorized-sl\/"},{"@type":"ListItem","position":3,"name":"Dr\u017eala za papirnate neveri\u017ene lon\u010dke"}]},{"@type":"WebSite","@id":"https:\/\/paperpotagriculture.com\/sl\/#website","url":"https:\/\/paperpotagriculture.com\/sl\/","name":"Paperpotagriculture","description":"","potentialAction":[{"@type":"SearchAction","target":{"@type":"EntryPoint","urlTemplate":"https:\/\/paperpotagriculture.com\/sl\/?s={search_term_string}"},"query-input":{"@type":"PropertyValueSpecification","valueRequired":true,"valueName":"search_term_string"}}],"inLanguage":"sl-SI"}]}},"_links":{"self":[{"href":"https:\/\/paperpotagriculture.com\/sl\/wp-json\/wp\/v2\/product\/1543","targetHints":{"allow":["GET"]}}],"collection":[{"href":"https:\/\/paperpotagriculture.com\/sl\/wp-json\/wp\/v2\/product"}],"about":[{"href":"https:\/\/paperpotagriculture.com\/sl\/wp-json\/wp\/v2\/types\/product"}],"replies":[{"embeddable":true,"href":"https:\/\/paperpotagriculture.com\/sl\/wp-json\/wp\/v2\/comments?post=1543"}],"wp:featuredmedia":[{"embeddable":true,"href":"https:\/\/paperpotagriculture.com\/sl\/wp-json\/wp\/v2\/media\/1523"}],"wp:attachment":[{"href":"https:\/\/paperpotagriculture.com\/sl\/wp-json\/wp\/v2\/media?parent=1543"}],"wp:term":[{"taxonomy":"product_brand","embeddable":true,"href":"https:\/\/paperpotagriculture.com\/sl\/wp-json\/wp\/v2\/product_brand?post=1543"},{"taxonomy":"product_cat","embeddable":true,"href":"https:\/\/paperpotagriculture.com\/sl\/wp-json\/wp\/v2\/product_cat?post=1543"},{"taxonomy":"product_tag","embeddable":true,"href":"https:\/\/paperpotagriculture.com\/sl\/wp-json\/wp\/v2\/product_tag?post=1543"}],"curies":[{"name":"wp","href":"https:\/\/api.w.org\/{rel}","templated":true}]}}