{"id":1529,"date":"2026-01-20T18:32:11","date_gmt":"2026-01-20T18:32:11","guid":{"rendered":"https:\/\/paperpotagriculture.com\/?post_type=product&#038;p=1529"},"modified":"2026-02-03T17:49:19","modified_gmt":"2026-02-03T17:49:19","slug":"papirnatti-loncki-hobi-set","status":"publish","type":"product","link":"https:\/\/paperpotagriculture.com\/sl\/izdelek\/papirnatti-loncki-hobi-set\/","title":{"rendered":"PAPIRNATI LON\u010cKI &#8211; HOBI SET"},"content":{"rendered":"","protected":false},"excerpt":{"rendered":"<h2 data-start=\"159\" data-end=\"189\">Papirnati lon\u010dki \u2013 HOBI SET<\/h2>\n<p data-start=\"191\" data-end=\"479\"><strong data-start=\"191\" data-end=\"222\">Papirnati lon\u010dki \u2013 HOBI SET<\/strong> je idealen za\u010detni komplet za vse vrtnarje, ki \u017eelijo pridelovati sadike na <strong data-start=\"299\" data-end=\"331\">trajnosten na\u010din<\/strong>. Set omogo\u010da preizkus razli\u010dnih velikosti papirnatih lon\u010dkov, kar uporabniku pomaga izbrati optimalno re\u0161itev glede na vrsto rastlin in \u010das vzgoje.<\/p>\n<p data-start=\"481\" data-end=\"610\">Papirnati lon\u010dki se po sajenju v celoti razgradijo v tleh, zato presajanje poteka brez po\u0161kodb korenin in brez dodatnih odpadkov.<\/p>\n<hr data-start=\"612\" data-end=\"615\" \/>\n<p data-start=\"1800\" data-end=\"1884\">\n","protected":false},"featured_media":1531,"comment_status":"closed","ping_status":"closed","template":"","meta":{"_acf_changed":false},"product_brand":[],"product_cat":[118,105,110],"product_tag":[],"class_list":{"0":"post-1529","1":"product","2":"type-product","3":"status-publish","4":"has-post-thumbnail","6":"product_cat-ekskluzivna-ponudba-sl","7":"product_cat-uncategorized-sl","8":"product_cat-za-vrtnarje-sl","10":"first","11":"instock","12":"featured","13":"downloadable","14":"taxable","15":"shipping-taxable","16":"purchasable","17":"product-type-simple"},"acf":[],"yoast_head":"<!-- This site is optimized with the Yoast SEO plugin v26.5 - https:\/\/yoast.com\/wordpress\/plugins\/seo\/ -->\n<title>Papirnati Lon\u010dki \u2013 HOBI SET za vrtnarjenje<\/title>\n<meta name=\"description\" content=\"Papirnati lon\u010dki \u2013 HOBI SET je va\u0161 idealen za\u010detni komplet za trajnostno pridelovanje rastlin. Naro\u010dite ta set \u0161e danes!\" \/>\n<meta name=\"robots\" content=\"index, follow, max-snippet:-1, max-image-preview:large, max-video-preview:-1\" \/>\n<link rel=\"canonical\" href=\"https:\/\/paperpotagriculture.com\/sl\/izdelek\/papirnatti-loncki-hobi-set\/\" \/>\n<meta property=\"og:locale\" content=\"sl_SI\" \/>\n<meta property=\"og:type\" content=\"article\" \/>\n<meta property=\"og:title\" content=\"Papirnati Lon\u010dki \u2013 HOBI SET za va\u0161e rastline\" \/>\n<meta property=\"og:description\" content=\"Odkrijte popoln hobi set za trajnostno vrtnarjenje!\" \/>\n<meta property=\"og:url\" content=\"https:\/\/paperpotagriculture.com\/sl\/izdelek\/papirnatti-loncki-hobi-set\/\" \/>\n<meta property=\"og:site_name\" content=\"Paperpotagriculture\" \/>\n<meta property=\"article:modified_time\" content=\"2026-02-03T17:49:19+00:00\" \/>\n<meta property=\"og:image\" content=\"https:\/\/paperpotagriculture.com\/wp-content\/uploads\/2026\/01\/IMG-20260120-WA0021_edit_553214248467555.jpg\" \/>\n\t<meta property=\"og:image:width\" content=\"1600\" \/>\n\t<meta property=\"og:image:height\" content=\"1200\" \/>\n\t<meta property=\"og:image:type\" content=\"image\/jpeg\" \/>\n<meta name=\"twitter:card\" content=\"summary_large_image\" \/>\n<meta name=\"twitter:title\" content=\"Papirnati Lon\u010dki \u2013 HOBI SET za vrtnarje\" \/>\n<meta name=\"twitter:description\" content=\"Naro\u010dite ta hobi set za enostavno pridelovanje sadik!\" \/>\n<meta name=\"twitter:label1\" content=\"Est. reading time\" \/>\n\t<meta name=\"twitter:data1\" content=\"1 minuta\" \/>\n<script type=\"application\/ld+json\" class=\"yoast-schema-graph\">{\"@context\":\"https:\/\/schema.org\",\"@graph\":[{\"@type\":\"WebPage\",\"@id\":\"https:\/\/paperpotagriculture.com\/sl\/izdelek\/papirnatti-loncki-hobi-set\/\",\"url\":\"https:\/\/paperpotagriculture.com\/sl\/izdelek\/papirnatti-loncki-hobi-set\/\",\"name\":\"Papirnati Lon\u010dki \u2013 HOBI SET za vrtnarjenje\",\"isPartOf\":{\"@id\":\"https:\/\/paperpotagriculture.com\/sl\/#website\"},\"primaryImageOfPage\":{\"@id\":\"https:\/\/paperpotagriculture.com\/sl\/izdelek\/papirnatti-loncki-hobi-set\/#primaryimage\"},\"image\":{\"@id\":\"https:\/\/paperpotagriculture.com\/sl\/izdelek\/papirnatti-loncki-hobi-set\/#primaryimage\"},\"thumbnailUrl\":\"https:\/\/paperpotagriculture.com\/wp-content\/uploads\/2026\/01\/IMG-20260120-WA0021_edit_553214248467555.jpg\",\"datePublished\":\"2026-01-20T18:32:11+00:00\",\"dateModified\":\"2026-02-03T17:49:19+00:00\",\"description\":\"Papirnati lon\u010dki \u2013 HOBI SET je va\u0161 idealen za\u010detni komplet za trajnostno pridelovanje rastlin. Naro\u010dite ta set \u0161e danes!\",\"breadcrumb\":{\"@id\":\"https:\/\/paperpotagriculture.com\/sl\/izdelek\/papirnatti-loncki-hobi-set\/#breadcrumb\"},\"inLanguage\":\"sl-SI\",\"potentialAction\":[{\"@type\":\"ReadAction\",\"target\":[\"https:\/\/paperpotagriculture.com\/sl\/izdelek\/papirnatti-loncki-hobi-set\/\"]}]},{\"@type\":\"ImageObject\",\"inLanguage\":\"sl-SI\",\"@id\":\"https:\/\/paperpotagriculture.com\/sl\/izdelek\/papirnatti-loncki-hobi-set\/#primaryimage\",\"url\":\"https:\/\/paperpotagriculture.com\/wp-content\/uploads\/2026\/01\/IMG-20260120-WA0021_edit_553214248467555.jpg\",\"contentUrl\":\"https:\/\/paperpotagriculture.com\/wp-content\/uploads\/2026\/01\/IMG-20260120-WA0021_edit_553214248467555.jpg\",\"width\":1600,\"height\":1200},{\"@type\":\"BreadcrumbList\",\"@id\":\"https:\/\/paperpotagriculture.com\/sl\/izdelek\/papirnatti-loncki-hobi-set\/#breadcrumb\",\"itemListElement\":[{\"@type\":\"ListItem\",\"position\":1,\"name\":\"Trgovina\",\"item\":\"https:\/\/paperpotagriculture.com\/sl\/trgovina\/\"},{\"@type\":\"ListItem\",\"position\":2,\"name\":\"Uncategorized @sl\",\"item\":\"https:\/\/paperpotagriculture.com\/sl\/kategorija-izdelka\/uncategorized-sl\/\"},{\"@type\":\"ListItem\",\"position\":3,\"name\":\"PAPIRNATI LON\u010cKI &#8211; HOBI SET\"}]},{\"@type\":\"WebSite\",\"@id\":\"https:\/\/paperpotagriculture.com\/sl\/#website\",\"url\":\"https:\/\/paperpotagriculture.com\/sl\/\",\"name\":\"Paperpotagriculture\",\"description\":\"\",\"potentialAction\":[{\"@type\":\"SearchAction\",\"target\":{\"@type\":\"EntryPoint\",\"urlTemplate\":\"https:\/\/paperpotagriculture.com\/sl\/?s={search_term_string}\"},\"query-input\":{\"@type\":\"PropertyValueSpecification\",\"valueRequired\":true,\"valueName\":\"search_term_string\"}}],\"inLanguage\":\"sl-SI\"}]}<\/script>\n<!-- \/ Yoast SEO plugin. -->","yoast_head_json":{"title":"Papirnati Lon\u010dki \u2013 HOBI SET za vrtnarjenje","description":"Papirnati lon\u010dki \u2013 HOBI SET je va\u0161 idealen za\u010detni komplet za trajnostno pridelovanje rastlin. Naro\u010dite ta set \u0161e danes!","robots":{"index":"index","follow":"follow","max-snippet":"max-snippet:-1","max-image-preview":"max-image-preview:large","max-video-preview":"max-video-preview:-1"},"canonical":"https:\/\/paperpotagriculture.com\/sl\/izdelek\/papirnatti-loncki-hobi-set\/","og_locale":"sl_SI","og_type":"article","og_title":"Papirnati Lon\u010dki \u2013 HOBI SET za va\u0161e rastline","og_description":"Odkrijte popoln hobi set za trajnostno vrtnarjenje!","og_url":"https:\/\/paperpotagriculture.com\/sl\/izdelek\/papirnatti-loncki-hobi-set\/","og_site_name":"Paperpotagriculture","article_modified_time":"2026-02-03T17:49:19+00:00","og_image":[{"width":1600,"height":1200,"url":"https:\/\/paperpotagriculture.com\/wp-content\/uploads\/2026\/01\/IMG-20260120-WA0021_edit_553214248467555.jpg","type":"image\/jpeg"}],"twitter_card":"summary_large_image","twitter_title":"Papirnati Lon\u010dki \u2013 HOBI SET za vrtnarje","twitter_description":"Naro\u010dite ta hobi set za enostavno pridelovanje sadik!","twitter_misc":{"Est. reading time":"1 minuta"},"schema":{"@context":"https:\/\/schema.org","@graph":[{"@type":"WebPage","@id":"https:\/\/paperpotagriculture.com\/sl\/izdelek\/papirnatti-loncki-hobi-set\/","url":"https:\/\/paperpotagriculture.com\/sl\/izdelek\/papirnatti-loncki-hobi-set\/","name":"Papirnati Lon\u010dki \u2013 HOBI SET za vrtnarjenje","isPartOf":{"@id":"https:\/\/paperpotagriculture.com\/sl\/#website"},"primaryImageOfPage":{"@id":"https:\/\/paperpotagriculture.com\/sl\/izdelek\/papirnatti-loncki-hobi-set\/#primaryimage"},"image":{"@id":"https:\/\/paperpotagriculture.com\/sl\/izdelek\/papirnatti-loncki-hobi-set\/#primaryimage"},"thumbnailUrl":"https:\/\/paperpotagriculture.com\/wp-content\/uploads\/2026\/01\/IMG-20260120-WA0021_edit_553214248467555.jpg","datePublished":"2026-01-20T18:32:11+00:00","dateModified":"2026-02-03T17:49:19+00:00","description":"Papirnati lon\u010dki \u2013 HOBI SET je va\u0161 idealen za\u010detni komplet za trajnostno pridelovanje rastlin. Naro\u010dite ta set \u0161e danes!","breadcrumb":{"@id":"https:\/\/paperpotagriculture.com\/sl\/izdelek\/papirnatti-loncki-hobi-set\/#breadcrumb"},"inLanguage":"sl-SI","potentialAction":[{"@type":"ReadAction","target":["https:\/\/paperpotagriculture.com\/sl\/izdelek\/papirnatti-loncki-hobi-set\/"]}]},{"@type":"ImageObject","inLanguage":"sl-SI","@id":"https:\/\/paperpotagriculture.com\/sl\/izdelek\/papirnatti-loncki-hobi-set\/#primaryimage","url":"https:\/\/paperpotagriculture.com\/wp-content\/uploads\/2026\/01\/IMG-20260120-WA0021_edit_553214248467555.jpg","contentUrl":"https:\/\/paperpotagriculture.com\/wp-content\/uploads\/2026\/01\/IMG-20260120-WA0021_edit_553214248467555.jpg","width":1600,"height":1200},{"@type":"BreadcrumbList","@id":"https:\/\/paperpotagriculture.com\/sl\/izdelek\/papirnatti-loncki-hobi-set\/#breadcrumb","itemListElement":[{"@type":"ListItem","position":1,"name":"Trgovina","item":"https:\/\/paperpotagriculture.com\/sl\/trgovina\/"},{"@type":"ListItem","position":2,"name":"Uncategorized @sl","item":"https:\/\/paperpotagriculture.com\/sl\/kategorija-izdelka\/uncategorized-sl\/"},{"@type":"ListItem","position":3,"name":"PAPIRNATI LON\u010cKI &#8211; HOBI SET"}]},{"@type":"WebSite","@id":"https:\/\/paperpotagriculture.com\/sl\/#website","url":"https:\/\/paperpotagriculture.com\/sl\/","name":"Paperpotagriculture","description":"","potentialAction":[{"@type":"SearchAction","target":{"@type":"EntryPoint","urlTemplate":"https:\/\/paperpotagriculture.com\/sl\/?s={search_term_string}"},"query-input":{"@type":"PropertyValueSpecification","valueRequired":true,"valueName":"search_term_string"}}],"inLanguage":"sl-SI"}]}},"_links":{"self":[{"href":"https:\/\/paperpotagriculture.com\/sl\/wp-json\/wp\/v2\/product\/1529","targetHints":{"allow":["GET"]}}],"collection":[{"href":"https:\/\/paperpotagriculture.com\/sl\/wp-json\/wp\/v2\/product"}],"about":[{"href":"https:\/\/paperpotagriculture.com\/sl\/wp-json\/wp\/v2\/types\/product"}],"replies":[{"embeddable":true,"href":"https:\/\/paperpotagriculture.com\/sl\/wp-json\/wp\/v2\/comments?post=1529"}],"wp:featuredmedia":[{"embeddable":true,"href":"https:\/\/paperpotagriculture.com\/sl\/wp-json\/wp\/v2\/media\/1531"}],"wp:attachment":[{"href":"https:\/\/paperpotagriculture.com\/sl\/wp-json\/wp\/v2\/media?parent=1529"}],"wp:term":[{"taxonomy":"product_brand","embeddable":true,"href":"https:\/\/paperpotagriculture.com\/sl\/wp-json\/wp\/v2\/product_brand?post=1529"},{"taxonomy":"product_cat","embeddable":true,"href":"https:\/\/paperpotagriculture.com\/sl\/wp-json\/wp\/v2\/product_cat?post=1529"},{"taxonomy":"product_tag","embeddable":true,"href":"https:\/\/paperpotagriculture.com\/sl\/wp-json\/wp\/v2\/product_tag?post=1529"}],"curies":[{"name":"wp","href":"https:\/\/api.w.org\/{rel}","templated":true}]}}