{"id":1465,"date":"2025-12-05T11:05:14","date_gmt":"2025-12-05T11:05:14","guid":{"rendered":"https:\/\/paperpotagriculture.com\/product\/non-chain-paperpot\/"},"modified":"2026-03-16T20:47:40","modified_gmt":"2026-03-16T20:47:40","slug":"non-chain-paperpot","status":"publish","type":"product","link":"https:\/\/paperpotagriculture.com\/sl\/izdelek\/non-chain-paperpot\/","title":{"rendered":"Non-chain paperpot"},"content":{"rendered":"<p>Papirnati ne-veri\u017eni lon\u010dki \u2013 hitrej\u0161e in enostavno presajanje<\/p>\n","protected":false},"excerpt":{"rendered":"<p>Papirnati ne-veri\u017eni lon\u010dki \u2013 hitrej\u0161e in enostavno presajanje<\/p>\n","protected":false},"featured_media":1516,"comment_status":"closed","ping_status":"closed","template":"","meta":{"_acf_changed":false},"product_brand":[],"product_cat":[134,135],"product_tag":[],"class_list":{"0":"post-1465","1":"product","2":"type-product","3":"status-publish","4":"has-post-thumbnail","6":"product_cat-non-chain-paperpot-sl","7":"product_cat-oprema-za-sejanje-sl","9":"first","10":"instock","11":"sold-individually","12":"taxable","13":"shipping-taxable","14":"purchasable","15":"product-type-variable"},"acf":[],"yoast_head":"<!-- This site is optimized with the Yoast SEO plugin v26.5 - https:\/\/yoast.com\/wordpress\/plugins\/seo\/ -->\n<title>Papirnati ne-veri\u017eni lon\u010dki \u2013 Hitro in enostavno presajanje<\/title>\n<meta name=\"description\" content=\"Papirnati ne-veri\u017eni lon\u010dki omogo\u010dajo hitro presajanje. Naro\u010dite zdaj in olaj\u0161ajte svoje vrtnarske naloge! Kakovost za vsak vrtnar.\" \/>\n<meta name=\"robots\" content=\"index, follow, max-snippet:-1, max-image-preview:large, max-video-preview:-1\" \/>\n<link rel=\"canonical\" href=\"https:\/\/paperpotagriculture.com\/sl\/izdelek\/non-chain-paperpot\/\" \/>\n<meta property=\"og:locale\" content=\"sl_SI\" \/>\n<meta property=\"og:type\" content=\"article\" \/>\n<meta property=\"og:title\" content=\"Papirnati ne-veri\u017eni lon\u010dki za enostavno vrtnarjenje\" \/>\n<meta property=\"og:description\" content=\"Olaj\u0161ajte presajanje z na\u0161imi papirnatimi lon\u010dki. Naro\u010dite zdaj!\" \/>\n<meta property=\"og:url\" content=\"https:\/\/paperpotagriculture.com\/sl\/izdelek\/non-chain-paperpot\/\" \/>\n<meta property=\"og:site_name\" content=\"Paperpotagriculture\" \/>\n<meta property=\"article:modified_time\" content=\"2026-03-16T20:47:40+00:00\" \/>\n<meta property=\"og:image\" content=\"https:\/\/paperpotagriculture.com\/wp-content\/uploads\/2025\/12\/64005f5df84381121f5a4650_no16-12.png\" \/>\n\t<meta property=\"og:image:width\" content=\"700\" \/>\n\t<meta property=\"og:image:height\" content=\"700\" \/>\n\t<meta property=\"og:image:type\" content=\"image\/png\" \/>\n<meta name=\"twitter:card\" content=\"summary_large_image\" \/>\n<meta name=\"twitter:title\" content=\"Papirnati ne-veri\u017eni lon\u010dki za u\u010dinkovito vrtnarjenje\" \/>\n<meta name=\"twitter:description\" content=\"Izbolj\u0161ajte proces presajanja z na\u0161imi papirnatimi lon\u010dki. Naro\u010dite \u0161e danes!\" \/>\n<meta name=\"twitter:label1\" content=\"Est. reading time\" \/>\n\t<meta name=\"twitter:data1\" content=\"1 minuta\" \/>\n<script type=\"application\/ld+json\" class=\"yoast-schema-graph\">{\"@context\":\"https:\/\/schema.org\",\"@graph\":[{\"@type\":\"WebPage\",\"@id\":\"https:\/\/paperpotagriculture.com\/sl\/izdelek\/non-chain-paperpot\/\",\"url\":\"https:\/\/paperpotagriculture.com\/sl\/izdelek\/non-chain-paperpot\/\",\"name\":\"Papirnati ne-veri\u017eni lon\u010dki \u2013 Hitro in enostavno presajanje\",\"isPartOf\":{\"@id\":\"https:\/\/paperpotagriculture.com\/sl\/#website\"},\"primaryImageOfPage\":{\"@id\":\"https:\/\/paperpotagriculture.com\/sl\/izdelek\/non-chain-paperpot\/#primaryimage\"},\"image\":{\"@id\":\"https:\/\/paperpotagriculture.com\/sl\/izdelek\/non-chain-paperpot\/#primaryimage\"},\"thumbnailUrl\":\"https:\/\/paperpotagriculture.com\/wp-content\/uploads\/2025\/12\/64005f5df84381121f5a4650_no16-12.png\",\"datePublished\":\"2025-12-05T11:05:14+00:00\",\"dateModified\":\"2026-03-16T20:47:40+00:00\",\"description\":\"Papirnati ne-veri\u017eni lon\u010dki omogo\u010dajo hitro presajanje. Naro\u010dite zdaj in olaj\u0161ajte svoje vrtnarske naloge! Kakovost za vsak vrtnar.\",\"breadcrumb\":{\"@id\":\"https:\/\/paperpotagriculture.com\/sl\/izdelek\/non-chain-paperpot\/#breadcrumb\"},\"inLanguage\":\"sl-SI\",\"potentialAction\":[{\"@type\":\"ReadAction\",\"target\":[\"https:\/\/paperpotagriculture.com\/sl\/izdelek\/non-chain-paperpot\/\"]}]},{\"@type\":\"ImageObject\",\"inLanguage\":\"sl-SI\",\"@id\":\"https:\/\/paperpotagriculture.com\/sl\/izdelek\/non-chain-paperpot\/#primaryimage\",\"url\":\"https:\/\/paperpotagriculture.com\/wp-content\/uploads\/2025\/12\/64005f5df84381121f5a4650_no16-12.png\",\"contentUrl\":\"https:\/\/paperpotagriculture.com\/wp-content\/uploads\/2025\/12\/64005f5df84381121f5a4650_no16-12.png\",\"width\":700,\"height\":700},{\"@type\":\"BreadcrumbList\",\"@id\":\"https:\/\/paperpotagriculture.com\/sl\/izdelek\/non-chain-paperpot\/#breadcrumb\",\"itemListElement\":[{\"@type\":\"ListItem\",\"position\":1,\"name\":\"Trgovina\",\"item\":\"https:\/\/paperpotagriculture.com\/sl\/trgovina\/\"},{\"@type\":\"ListItem\",\"position\":2,\"name\":\"Oprema za sejanje\",\"item\":\"https:\/\/paperpotagriculture.com\/sl\/kategorija-izdelka\/oprema-za-sejanje-sl\/\"},{\"@type\":\"ListItem\",\"position\":3,\"name\":\"Non chain paperpot\",\"item\":\"https:\/\/paperpotagriculture.com\/sl\/kategorija-izdelka\/oprema-za-sejanje-sl\/non-chain-paperpot-sl\/\"},{\"@type\":\"ListItem\",\"position\":4,\"name\":\"Non-chain paperpot\"}]},{\"@type\":\"WebSite\",\"@id\":\"https:\/\/paperpotagriculture.com\/sl\/#website\",\"url\":\"https:\/\/paperpotagriculture.com\/sl\/\",\"name\":\"Paperpotagriculture\",\"description\":\"\",\"potentialAction\":[{\"@type\":\"SearchAction\",\"target\":{\"@type\":\"EntryPoint\",\"urlTemplate\":\"https:\/\/paperpotagriculture.com\/sl\/?s={search_term_string}\"},\"query-input\":{\"@type\":\"PropertyValueSpecification\",\"valueRequired\":true,\"valueName\":\"search_term_string\"}}],\"inLanguage\":\"sl-SI\"}]}<\/script>\n<!-- \/ Yoast SEO plugin. -->","yoast_head_json":{"title":"Papirnati ne-veri\u017eni lon\u010dki \u2013 Hitro in enostavno presajanje","description":"Papirnati ne-veri\u017eni lon\u010dki omogo\u010dajo hitro presajanje. Naro\u010dite zdaj in olaj\u0161ajte svoje vrtnarske naloge! Kakovost za vsak vrtnar.","robots":{"index":"index","follow":"follow","max-snippet":"max-snippet:-1","max-image-preview":"max-image-preview:large","max-video-preview":"max-video-preview:-1"},"canonical":"https:\/\/paperpotagriculture.com\/sl\/izdelek\/non-chain-paperpot\/","og_locale":"sl_SI","og_type":"article","og_title":"Papirnati ne-veri\u017eni lon\u010dki za enostavno vrtnarjenje","og_description":"Olaj\u0161ajte presajanje z na\u0161imi papirnatimi lon\u010dki. Naro\u010dite zdaj!","og_url":"https:\/\/paperpotagriculture.com\/sl\/izdelek\/non-chain-paperpot\/","og_site_name":"Paperpotagriculture","article_modified_time":"2026-03-16T20:47:40+00:00","og_image":[{"width":700,"height":700,"url":"https:\/\/paperpotagriculture.com\/wp-content\/uploads\/2025\/12\/64005f5df84381121f5a4650_no16-12.png","type":"image\/png"}],"twitter_card":"summary_large_image","twitter_title":"Papirnati ne-veri\u017eni lon\u010dki za u\u010dinkovito vrtnarjenje","twitter_description":"Izbolj\u0161ajte proces presajanja z na\u0161imi papirnatimi lon\u010dki. Naro\u010dite \u0161e danes!","twitter_misc":{"Est. reading time":"1 minuta"},"schema":{"@context":"https:\/\/schema.org","@graph":[{"@type":"WebPage","@id":"https:\/\/paperpotagriculture.com\/sl\/izdelek\/non-chain-paperpot\/","url":"https:\/\/paperpotagriculture.com\/sl\/izdelek\/non-chain-paperpot\/","name":"Papirnati ne-veri\u017eni lon\u010dki \u2013 Hitro in enostavno presajanje","isPartOf":{"@id":"https:\/\/paperpotagriculture.com\/sl\/#website"},"primaryImageOfPage":{"@id":"https:\/\/paperpotagriculture.com\/sl\/izdelek\/non-chain-paperpot\/#primaryimage"},"image":{"@id":"https:\/\/paperpotagriculture.com\/sl\/izdelek\/non-chain-paperpot\/#primaryimage"},"thumbnailUrl":"https:\/\/paperpotagriculture.com\/wp-content\/uploads\/2025\/12\/64005f5df84381121f5a4650_no16-12.png","datePublished":"2025-12-05T11:05:14+00:00","dateModified":"2026-03-16T20:47:40+00:00","description":"Papirnati ne-veri\u017eni lon\u010dki omogo\u010dajo hitro presajanje. Naro\u010dite zdaj in olaj\u0161ajte svoje vrtnarske naloge! Kakovost za vsak vrtnar.","breadcrumb":{"@id":"https:\/\/paperpotagriculture.com\/sl\/izdelek\/non-chain-paperpot\/#breadcrumb"},"inLanguage":"sl-SI","potentialAction":[{"@type":"ReadAction","target":["https:\/\/paperpotagriculture.com\/sl\/izdelek\/non-chain-paperpot\/"]}]},{"@type":"ImageObject","inLanguage":"sl-SI","@id":"https:\/\/paperpotagriculture.com\/sl\/izdelek\/non-chain-paperpot\/#primaryimage","url":"https:\/\/paperpotagriculture.com\/wp-content\/uploads\/2025\/12\/64005f5df84381121f5a4650_no16-12.png","contentUrl":"https:\/\/paperpotagriculture.com\/wp-content\/uploads\/2025\/12\/64005f5df84381121f5a4650_no16-12.png","width":700,"height":700},{"@type":"BreadcrumbList","@id":"https:\/\/paperpotagriculture.com\/sl\/izdelek\/non-chain-paperpot\/#breadcrumb","itemListElement":[{"@type":"ListItem","position":1,"name":"Trgovina","item":"https:\/\/paperpotagriculture.com\/sl\/trgovina\/"},{"@type":"ListItem","position":2,"name":"Oprema za sejanje","item":"https:\/\/paperpotagriculture.com\/sl\/kategorija-izdelka\/oprema-za-sejanje-sl\/"},{"@type":"ListItem","position":3,"name":"Non chain paperpot","item":"https:\/\/paperpotagriculture.com\/sl\/kategorija-izdelka\/oprema-za-sejanje-sl\/non-chain-paperpot-sl\/"},{"@type":"ListItem","position":4,"name":"Non-chain paperpot"}]},{"@type":"WebSite","@id":"https:\/\/paperpotagriculture.com\/sl\/#website","url":"https:\/\/paperpotagriculture.com\/sl\/","name":"Paperpotagriculture","description":"","potentialAction":[{"@type":"SearchAction","target":{"@type":"EntryPoint","urlTemplate":"https:\/\/paperpotagriculture.com\/sl\/?s={search_term_string}"},"query-input":{"@type":"PropertyValueSpecification","valueRequired":true,"valueName":"search_term_string"}}],"inLanguage":"sl-SI"}]}},"_links":{"self":[{"href":"https:\/\/paperpotagriculture.com\/sl\/wp-json\/wp\/v2\/product\/1465","targetHints":{"allow":["GET"]}}],"collection":[{"href":"https:\/\/paperpotagriculture.com\/sl\/wp-json\/wp\/v2\/product"}],"about":[{"href":"https:\/\/paperpotagriculture.com\/sl\/wp-json\/wp\/v2\/types\/product"}],"replies":[{"embeddable":true,"href":"https:\/\/paperpotagriculture.com\/sl\/wp-json\/wp\/v2\/comments?post=1465"}],"wp:featuredmedia":[{"embeddable":true,"href":"https:\/\/paperpotagriculture.com\/sl\/wp-json\/wp\/v2\/media\/1516"}],"wp:attachment":[{"href":"https:\/\/paperpotagriculture.com\/sl\/wp-json\/wp\/v2\/media?parent=1465"}],"wp:term":[{"taxonomy":"product_brand","embeddable":true,"href":"https:\/\/paperpotagriculture.com\/sl\/wp-json\/wp\/v2\/product_brand?post=1465"},{"taxonomy":"product_cat","embeddable":true,"href":"https:\/\/paperpotagriculture.com\/sl\/wp-json\/wp\/v2\/product_cat?post=1465"},{"taxonomy":"product_tag","embeddable":true,"href":"https:\/\/paperpotagriculture.com\/sl\/wp-json\/wp\/v2\/product_tag?post=1465"}],"curies":[{"name":"wp","href":"https:\/\/api.w.org\/{rel}","templated":true}]}}