{"id":1296,"date":"2025-04-24T08:54:04","date_gmt":"2025-04-24T08:54:04","guid":{"rendered":"https:\/\/paperpotagriculture.com\/product\/paperpot-transplanter-hp-16\/"},"modified":"2026-01-20T19:11:30","modified_gmt":"2026-01-20T19:11:30","slug":"sadilec-za-papirnate-verizne-loncke","status":"publish","type":"product","link":"https:\/\/paperpotagriculture.com\/sl\/izdelek\/sadilec-za-papirnate-verizne-loncke\/","title":{"rendered":"Lavrih Hand Planter"},"content":{"rendered":"<p><strong> Enovrstni sadilec za papirnate veri\u017ene lon\u010dke<\/strong><\/p>\n","protected":false},"excerpt":{"rendered":"<p>Enovrstni sadilnik s \u010dlove\u0161kim pogonom za sajenje veri\u017enih lon\u010dkov. Orodje, ki prihrani \u010das in delo in hitro presaja veri\u017ene lon\u010dke.<\/p>\n<p>S tem elegantnim in prostorsko var\u010dnim sadilnikom iz papirnatih lon\u010dkov lahko vzgojite do 264 sadik hkrati.<\/p>\n","protected":false},"featured_media":1547,"comment_status":"open","ping_status":"closed","template":"","meta":{"_acf_changed":false},"product_brand":[],"product_cat":[135,179,178],"product_tag":[],"class_list":{"0":"post-1296","1":"product","2":"type-product","3":"status-publish","4":"has-post-thumbnail","6":"product_cat-oprema-za-sejanje-sl","7":"product_cat-sadilec-sl","8":"product_cat-single-row-transplantor-sl-2","10":"first","11":"outofstock","12":"sale","13":"taxable","14":"shipping-taxable","15":"purchasable","16":"product-type-simple"},"acf":[],"yoast_head":"<!-- This site is optimized with the Yoast SEO plugin v26.5 - https:\/\/yoast.com\/wordpress\/plugins\/seo\/ -->\n<title>Sadilec za papirnate veri\u017ene lon\u010dke - U\u010dinkovito sajenje<\/title>\n<meta name=\"description\" content=\"Sadilec za papirnate veri\u017ene lon\u010dke prihrani \u010das pri sajenju. Pridobite svojega takoj in zagotovite hitrej\u0161o presaditev 264 sadik!\" \/>\n<meta name=\"robots\" content=\"index, follow, max-snippet:-1, max-image-preview:large, max-video-preview:-1\" \/>\n<link rel=\"canonical\" href=\"https:\/\/paperpotagriculture.com\/sl\/izdelek\/sadilec-za-papirnate-verizne-loncke\/\" \/>\n<meta property=\"og:locale\" content=\"sl_SI\" \/>\n<meta property=\"og:type\" content=\"article\" \/>\n<meta property=\"og:title\" content=\"Sadilec za papirnate veri\u017ene lon\u010dke - Prihranite \u010das\" \/>\n<meta property=\"og:description\" content=\"Get your Sadilec za papirnate veri\u017ene lon\u010dke in olaj\u0161ajte si sajenje!\" \/>\n<meta property=\"og:url\" content=\"https:\/\/paperpotagriculture.com\/sl\/izdelek\/sadilec-za-papirnate-verizne-loncke\/\" \/>\n<meta property=\"og:site_name\" content=\"Paperpotagriculture\" \/>\n<meta property=\"article:modified_time\" content=\"2026-01-20T19:11:30+00:00\" \/>\n<meta property=\"og:image\" content=\"https:\/\/paperpotagriculture.com\/wp-content\/uploads\/2025\/04\/ENOVRSTNI-SADILEC.png\" \/>\n\t<meta property=\"og:image:width\" content=\"2036\" \/>\n\t<meta property=\"og:image:height\" content=\"1486\" \/>\n\t<meta property=\"og:image:type\" content=\"image\/png\" \/>\n<meta name=\"twitter:card\" content=\"summary_large_image\" \/>\n<meta name=\"twitter:title\" content=\"Sadilec za papirnate veri\u017ene lon\u010dke - U\u010dinkovitost v vrtnarjenju\" \/>\n<meta name=\"twitter:description\" content=\"Pridobite Sadilec za papirnate veri\u017ene lon\u010dke in pospe\u0161ite presaditev danes!\" \/>\n<meta name=\"twitter:label1\" content=\"Est. reading time\" \/>\n\t<meta name=\"twitter:data1\" content=\"1 minuta\" \/>\n<script type=\"application\/ld+json\" class=\"yoast-schema-graph\">{\"@context\":\"https:\/\/schema.org\",\"@graph\":[{\"@type\":\"WebPage\",\"@id\":\"https:\/\/paperpotagriculture.com\/sl\/izdelek\/sadilec-za-papirnate-verizne-loncke\/\",\"url\":\"https:\/\/paperpotagriculture.com\/sl\/izdelek\/sadilec-za-papirnate-verizne-loncke\/\",\"name\":\"Sadilec za papirnate veri\u017ene lon\u010dke - U\u010dinkovito sajenje\",\"isPartOf\":{\"@id\":\"https:\/\/paperpotagriculture.com\/sl\/#website\"},\"primaryImageOfPage\":{\"@id\":\"https:\/\/paperpotagriculture.com\/sl\/izdelek\/sadilec-za-papirnate-verizne-loncke\/#primaryimage\"},\"image\":{\"@id\":\"https:\/\/paperpotagriculture.com\/sl\/izdelek\/sadilec-za-papirnate-verizne-loncke\/#primaryimage\"},\"thumbnailUrl\":\"https:\/\/paperpotagriculture.com\/wp-content\/uploads\/2025\/04\/ENOVRSTNI-SADILEC.png\",\"datePublished\":\"2025-04-24T08:54:04+00:00\",\"dateModified\":\"2026-01-20T19:11:30+00:00\",\"description\":\"Sadilec za papirnate veri\u017ene lon\u010dke prihrani \u010das pri sajenju. Pridobite svojega takoj in zagotovite hitrej\u0161o presaditev 264 sadik!\",\"breadcrumb\":{\"@id\":\"https:\/\/paperpotagriculture.com\/sl\/izdelek\/sadilec-za-papirnate-verizne-loncke\/#breadcrumb\"},\"inLanguage\":\"sl-SI\",\"potentialAction\":[{\"@type\":\"ReadAction\",\"target\":[\"https:\/\/paperpotagriculture.com\/sl\/izdelek\/sadilec-za-papirnate-verizne-loncke\/\"]}]},{\"@type\":\"ImageObject\",\"inLanguage\":\"sl-SI\",\"@id\":\"https:\/\/paperpotagriculture.com\/sl\/izdelek\/sadilec-za-papirnate-verizne-loncke\/#primaryimage\",\"url\":\"https:\/\/paperpotagriculture.com\/wp-content\/uploads\/2025\/04\/ENOVRSTNI-SADILEC.png\",\"contentUrl\":\"https:\/\/paperpotagriculture.com\/wp-content\/uploads\/2025\/04\/ENOVRSTNI-SADILEC.png\",\"width\":2036,\"height\":1486},{\"@type\":\"BreadcrumbList\",\"@id\":\"https:\/\/paperpotagriculture.com\/sl\/izdelek\/sadilec-za-papirnate-verizne-loncke\/#breadcrumb\",\"itemListElement\":[{\"@type\":\"ListItem\",\"position\":1,\"name\":\"Trgovina\",\"item\":\"https:\/\/paperpotagriculture.com\/sl\/trgovina\/\"},{\"@type\":\"ListItem\",\"position\":2,\"name\":\"Sadilec\",\"item\":\"https:\/\/paperpotagriculture.com\/sl\/kategorija-izdelka\/sadilec-sl\/\"},{\"@type\":\"ListItem\",\"position\":3,\"name\":\"Lavrih Hand Planter\"}]},{\"@type\":\"WebSite\",\"@id\":\"https:\/\/paperpotagriculture.com\/sl\/#website\",\"url\":\"https:\/\/paperpotagriculture.com\/sl\/\",\"name\":\"Paperpotagriculture\",\"description\":\"\",\"potentialAction\":[{\"@type\":\"SearchAction\",\"target\":{\"@type\":\"EntryPoint\",\"urlTemplate\":\"https:\/\/paperpotagriculture.com\/sl\/?s={search_term_string}\"},\"query-input\":{\"@type\":\"PropertyValueSpecification\",\"valueRequired\":true,\"valueName\":\"search_term_string\"}}],\"inLanguage\":\"sl-SI\"}]}<\/script>\n<!-- \/ Yoast SEO plugin. -->","yoast_head_json":{"title":"Sadilec za papirnate veri\u017ene lon\u010dke - U\u010dinkovito sajenje","description":"Sadilec za papirnate veri\u017ene lon\u010dke prihrani \u010das pri sajenju. Pridobite svojega takoj in zagotovite hitrej\u0161o presaditev 264 sadik!","robots":{"index":"index","follow":"follow","max-snippet":"max-snippet:-1","max-image-preview":"max-image-preview:large","max-video-preview":"max-video-preview:-1"},"canonical":"https:\/\/paperpotagriculture.com\/sl\/izdelek\/sadilec-za-papirnate-verizne-loncke\/","og_locale":"sl_SI","og_type":"article","og_title":"Sadilec za papirnate veri\u017ene lon\u010dke - Prihranite \u010das","og_description":"Get your Sadilec za papirnate veri\u017ene lon\u010dke in olaj\u0161ajte si sajenje!","og_url":"https:\/\/paperpotagriculture.com\/sl\/izdelek\/sadilec-za-papirnate-verizne-loncke\/","og_site_name":"Paperpotagriculture","article_modified_time":"2026-01-20T19:11:30+00:00","og_image":[{"width":2036,"height":1486,"url":"https:\/\/paperpotagriculture.com\/wp-content\/uploads\/2025\/04\/ENOVRSTNI-SADILEC.png","type":"image\/png"}],"twitter_card":"summary_large_image","twitter_title":"Sadilec za papirnate veri\u017ene lon\u010dke - U\u010dinkovitost v vrtnarjenju","twitter_description":"Pridobite Sadilec za papirnate veri\u017ene lon\u010dke in pospe\u0161ite presaditev danes!","twitter_misc":{"Est. reading time":"1 minuta"},"schema":{"@context":"https:\/\/schema.org","@graph":[{"@type":"WebPage","@id":"https:\/\/paperpotagriculture.com\/sl\/izdelek\/sadilec-za-papirnate-verizne-loncke\/","url":"https:\/\/paperpotagriculture.com\/sl\/izdelek\/sadilec-za-papirnate-verizne-loncke\/","name":"Sadilec za papirnate veri\u017ene lon\u010dke - U\u010dinkovito sajenje","isPartOf":{"@id":"https:\/\/paperpotagriculture.com\/sl\/#website"},"primaryImageOfPage":{"@id":"https:\/\/paperpotagriculture.com\/sl\/izdelek\/sadilec-za-papirnate-verizne-loncke\/#primaryimage"},"image":{"@id":"https:\/\/paperpotagriculture.com\/sl\/izdelek\/sadilec-za-papirnate-verizne-loncke\/#primaryimage"},"thumbnailUrl":"https:\/\/paperpotagriculture.com\/wp-content\/uploads\/2025\/04\/ENOVRSTNI-SADILEC.png","datePublished":"2025-04-24T08:54:04+00:00","dateModified":"2026-01-20T19:11:30+00:00","description":"Sadilec za papirnate veri\u017ene lon\u010dke prihrani \u010das pri sajenju. Pridobite svojega takoj in zagotovite hitrej\u0161o presaditev 264 sadik!","breadcrumb":{"@id":"https:\/\/paperpotagriculture.com\/sl\/izdelek\/sadilec-za-papirnate-verizne-loncke\/#breadcrumb"},"inLanguage":"sl-SI","potentialAction":[{"@type":"ReadAction","target":["https:\/\/paperpotagriculture.com\/sl\/izdelek\/sadilec-za-papirnate-verizne-loncke\/"]}]},{"@type":"ImageObject","inLanguage":"sl-SI","@id":"https:\/\/paperpotagriculture.com\/sl\/izdelek\/sadilec-za-papirnate-verizne-loncke\/#primaryimage","url":"https:\/\/paperpotagriculture.com\/wp-content\/uploads\/2025\/04\/ENOVRSTNI-SADILEC.png","contentUrl":"https:\/\/paperpotagriculture.com\/wp-content\/uploads\/2025\/04\/ENOVRSTNI-SADILEC.png","width":2036,"height":1486},{"@type":"BreadcrumbList","@id":"https:\/\/paperpotagriculture.com\/sl\/izdelek\/sadilec-za-papirnate-verizne-loncke\/#breadcrumb","itemListElement":[{"@type":"ListItem","position":1,"name":"Trgovina","item":"https:\/\/paperpotagriculture.com\/sl\/trgovina\/"},{"@type":"ListItem","position":2,"name":"Sadilec","item":"https:\/\/paperpotagriculture.com\/sl\/kategorija-izdelka\/sadilec-sl\/"},{"@type":"ListItem","position":3,"name":"Lavrih Hand Planter"}]},{"@type":"WebSite","@id":"https:\/\/paperpotagriculture.com\/sl\/#website","url":"https:\/\/paperpotagriculture.com\/sl\/","name":"Paperpotagriculture","description":"","potentialAction":[{"@type":"SearchAction","target":{"@type":"EntryPoint","urlTemplate":"https:\/\/paperpotagriculture.com\/sl\/?s={search_term_string}"},"query-input":{"@type":"PropertyValueSpecification","valueRequired":true,"valueName":"search_term_string"}}],"inLanguage":"sl-SI"}]}},"_links":{"self":[{"href":"https:\/\/paperpotagriculture.com\/sl\/wp-json\/wp\/v2\/product\/1296","targetHints":{"allow":["GET"]}}],"collection":[{"href":"https:\/\/paperpotagriculture.com\/sl\/wp-json\/wp\/v2\/product"}],"about":[{"href":"https:\/\/paperpotagriculture.com\/sl\/wp-json\/wp\/v2\/types\/product"}],"replies":[{"embeddable":true,"href":"https:\/\/paperpotagriculture.com\/sl\/wp-json\/wp\/v2\/comments?post=1296"}],"wp:featuredmedia":[{"embeddable":true,"href":"https:\/\/paperpotagriculture.com\/sl\/wp-json\/wp\/v2\/media\/1547"}],"wp:attachment":[{"href":"https:\/\/paperpotagriculture.com\/sl\/wp-json\/wp\/v2\/media?parent=1296"}],"wp:term":[{"taxonomy":"product_brand","embeddable":true,"href":"https:\/\/paperpotagriculture.com\/sl\/wp-json\/wp\/v2\/product_brand?post=1296"},{"taxonomy":"product_cat","embeddable":true,"href":"https:\/\/paperpotagriculture.com\/sl\/wp-json\/wp\/v2\/product_cat?post=1296"},{"taxonomy":"product_tag","embeddable":true,"href":"https:\/\/paperpotagriculture.com\/sl\/wp-json\/wp\/v2\/product_tag?post=1296"}],"curies":[{"name":"wp","href":"https:\/\/api.w.org\/{rel}","templated":true}]}}