{"id":1293,"date":"2025-07-04T08:22:01","date_gmt":"2025-07-04T08:22:01","guid":{"rendered":"https:\/\/paperpotagriculture.com\/product\/paper-pot-transplanter-attachment-for-lp353-30\/"},"modified":"2025-08-25T11:16:54","modified_gmt":"2025-08-25T11:16:54","slug":"nastavek-za-presajanje-papirnatih-lonckov-za-lp353-30","status":"publish","type":"product","link":"https:\/\/paperpotagriculture.com\/sl\/izdelek\/nastavek-za-presajanje-papirnatih-lonckov-za-lp353-30\/","title":{"rendered":"Nastavek za presajanje papirnatih lon\u010dkov za LP353-30"},"content":{"rendered":"","protected":false},"excerpt":{"rendered":"<p>Izbolj\u0161ajte u\u010dinkovitost postopka sajenja z nastavkom za presajanje papirnatih lon\u010dkov\u00a0\u00a0<a href=\"https:\/\/paperpotagriculture.com\/sl\/products\/30-cm-spacing-paper-chain-pot-lp353-30\">LP353-30<\/a>\u00a0s 30 cm razdaljo med lon\u010dki.\u00a0\u00a0Nastavek je zasnovan za stabilizacijo sajenja sadik in enostaven za namestitev. Zdru\u017eljiv je z lon\u010dkom iz papirnate verige\u00a0<a href=\"https:\/\/paperpotagriculture.com\/sl\/products\/30-cm-spacing-paper-chain-pot-lp353-30\">LP353-30<\/a>, kjer dva ukrivljena nastavka zagotavljata napetost verige, da lon\u010dki ostanejo pokonci.<\/p>\n","protected":false},"featured_media":958,"comment_status":"closed","ping_status":"closed","template":"","meta":{"_acf_changed":false},"product_brand":[],"product_cat":[179,178],"product_tag":[],"class_list":{"0":"post-1293","1":"product","2":"type-product","3":"status-publish","4":"has-post-thumbnail","6":"product_cat-sadilec-sl","7":"product_cat-single-row-transplantor-sl-2","9":"first","10":"instock","11":"taxable","12":"shipping-taxable","13":"purchasable","14":"product-type-simple"},"acf":[],"yoast_head":"<!-- This site is optimized with the Yoast SEO plugin v26.5 - https:\/\/yoast.com\/wordpress\/plugins\/seo\/ -->\n<title>Nastavek za presajanje - LP353-30 za u\u010dinkovito sajenje<\/title>\n<meta name=\"description\" content=\"Nastavek za presajanje papirnatih lon\u010dkov LP353-30 izbolj\u0161a va\u0161o u\u010dinkovitost sajenja. Preverite \u0161e danes!\" \/>\n<meta name=\"robots\" content=\"index, follow, max-snippet:-1, max-image-preview:large, max-video-preview:-1\" \/>\n<link rel=\"canonical\" href=\"https:\/\/paperpotagriculture.com\/sl\/izdelek\/nastavek-za-presajanje-papirnatih-lonckov-za-lp353-30\/\" \/>\n<meta property=\"og:locale\" content=\"sl_SI\" \/>\n<meta property=\"og:type\" content=\"article\" \/>\n<meta property=\"og:title\" content=\"Nastavek za presajanje papirnatih lon\u010dkov LP353-30\" \/>\n<meta property=\"og:description\" content=\"Izbolj\u0161ajte sajenje s prilagodljivim nastavkom LP353-30. Naro\u010dite zdaj!\" \/>\n<meta property=\"og:url\" content=\"https:\/\/paperpotagriculture.com\/sl\/izdelek\/nastavek-za-presajanje-papirnatih-lonckov-za-lp353-30\/\" \/>\n<meta property=\"og:site_name\" content=\"Paperpotagriculture\" \/>\n<meta property=\"article:modified_time\" content=\"2025-08-25T11:16:54+00:00\" \/>\n<meta property=\"og:image\" content=\"https:\/\/paperpotagriculture.com\/wp-content\/uploads\/2025\/07\/LP350AT-main_92a1d6a2-10d9-4149-a71f-d78db536eb15.webp\" \/>\n\t<meta property=\"og:image:width\" content=\"713\" \/>\n\t<meta property=\"og:image:height\" content=\"435\" \/>\n\t<meta property=\"og:image:type\" content=\"image\/webp\" \/>\n<meta name=\"twitter:card\" content=\"summary_large_image\" \/>\n<meta name=\"twitter:title\" content=\"Nastavek za presajanje LP353-30 - izbolj\u0161ajte sajenje\" \/>\n<meta name=\"twitter:description\" content=\"Stabilizirajte sajenje s papirnatimi lon\u010dki. Preverite nastavek LP353-30!\" \/>\n<meta name=\"twitter:label1\" content=\"Est. reading time\" \/>\n\t<meta name=\"twitter:data1\" content=\"1 minuta\" \/>\n<script type=\"application\/ld+json\" class=\"yoast-schema-graph\">{\"@context\":\"https:\/\/schema.org\",\"@graph\":[{\"@type\":\"WebPage\",\"@id\":\"https:\/\/paperpotagriculture.com\/sl\/izdelek\/nastavek-za-presajanje-papirnatih-lonckov-za-lp353-30\/\",\"url\":\"https:\/\/paperpotagriculture.com\/sl\/izdelek\/nastavek-za-presajanje-papirnatih-lonckov-za-lp353-30\/\",\"name\":\"Nastavek za presajanje - LP353-30 za u\u010dinkovito sajenje\",\"isPartOf\":{\"@id\":\"https:\/\/paperpotagriculture.com\/sl\/#website\"},\"primaryImageOfPage\":{\"@id\":\"https:\/\/paperpotagriculture.com\/sl\/izdelek\/nastavek-za-presajanje-papirnatih-lonckov-za-lp353-30\/#primaryimage\"},\"image\":{\"@id\":\"https:\/\/paperpotagriculture.com\/sl\/izdelek\/nastavek-za-presajanje-papirnatih-lonckov-za-lp353-30\/#primaryimage\"},\"thumbnailUrl\":\"https:\/\/paperpotagriculture.com\/wp-content\/uploads\/2025\/07\/LP350AT-main_92a1d6a2-10d9-4149-a71f-d78db536eb15.webp\",\"datePublished\":\"2025-07-04T08:22:01+00:00\",\"dateModified\":\"2025-08-25T11:16:54+00:00\",\"description\":\"Nastavek za presajanje papirnatih lon\u010dkov LP353-30 izbolj\u0161a va\u0161o u\u010dinkovitost sajenja. Preverite \u0161e danes!\",\"breadcrumb\":{\"@id\":\"https:\/\/paperpotagriculture.com\/sl\/izdelek\/nastavek-za-presajanje-papirnatih-lonckov-za-lp353-30\/#breadcrumb\"},\"inLanguage\":\"sl-SI\",\"potentialAction\":[{\"@type\":\"ReadAction\",\"target\":[\"https:\/\/paperpotagriculture.com\/sl\/izdelek\/nastavek-za-presajanje-papirnatih-lonckov-za-lp353-30\/\"]}]},{\"@type\":\"ImageObject\",\"inLanguage\":\"sl-SI\",\"@id\":\"https:\/\/paperpotagriculture.com\/sl\/izdelek\/nastavek-za-presajanje-papirnatih-lonckov-za-lp353-30\/#primaryimage\",\"url\":\"https:\/\/paperpotagriculture.com\/wp-content\/uploads\/2025\/07\/LP350AT-main_92a1d6a2-10d9-4149-a71f-d78db536eb15.webp\",\"contentUrl\":\"https:\/\/paperpotagriculture.com\/wp-content\/uploads\/2025\/07\/LP350AT-main_92a1d6a2-10d9-4149-a71f-d78db536eb15.webp\",\"width\":713,\"height\":435},{\"@type\":\"BreadcrumbList\",\"@id\":\"https:\/\/paperpotagriculture.com\/sl\/izdelek\/nastavek-za-presajanje-papirnatih-lonckov-za-lp353-30\/#breadcrumb\",\"itemListElement\":[{\"@type\":\"ListItem\",\"position\":1,\"name\":\"Trgovina\",\"item\":\"https:\/\/paperpotagriculture.com\/sl\/trgovina\/\"},{\"@type\":\"ListItem\",\"position\":2,\"name\":\"Sadilec\",\"item\":\"https:\/\/paperpotagriculture.com\/sl\/kategorija-izdelka\/sadilec-sl\/\"},{\"@type\":\"ListItem\",\"position\":3,\"name\":\"Nastavek za presajanje papirnatih lon\u010dkov za LP353-30\"}]},{\"@type\":\"WebSite\",\"@id\":\"https:\/\/paperpotagriculture.com\/sl\/#website\",\"url\":\"https:\/\/paperpotagriculture.com\/sl\/\",\"name\":\"Paperpotagriculture\",\"description\":\"\",\"potentialAction\":[{\"@type\":\"SearchAction\",\"target\":{\"@type\":\"EntryPoint\",\"urlTemplate\":\"https:\/\/paperpotagriculture.com\/sl\/?s={search_term_string}\"},\"query-input\":{\"@type\":\"PropertyValueSpecification\",\"valueRequired\":true,\"valueName\":\"search_term_string\"}}],\"inLanguage\":\"sl-SI\"}]}<\/script>\n<!-- \/ Yoast SEO plugin. -->","yoast_head_json":{"title":"Nastavek za presajanje - LP353-30 za u\u010dinkovito sajenje","description":"Nastavek za presajanje papirnatih lon\u010dkov LP353-30 izbolj\u0161a va\u0161o u\u010dinkovitost sajenja. Preverite \u0161e danes!","robots":{"index":"index","follow":"follow","max-snippet":"max-snippet:-1","max-image-preview":"max-image-preview:large","max-video-preview":"max-video-preview:-1"},"canonical":"https:\/\/paperpotagriculture.com\/sl\/izdelek\/nastavek-za-presajanje-papirnatih-lonckov-za-lp353-30\/","og_locale":"sl_SI","og_type":"article","og_title":"Nastavek za presajanje papirnatih lon\u010dkov LP353-30","og_description":"Izbolj\u0161ajte sajenje s prilagodljivim nastavkom LP353-30. Naro\u010dite zdaj!","og_url":"https:\/\/paperpotagriculture.com\/sl\/izdelek\/nastavek-za-presajanje-papirnatih-lonckov-za-lp353-30\/","og_site_name":"Paperpotagriculture","article_modified_time":"2025-08-25T11:16:54+00:00","og_image":[{"width":713,"height":435,"url":"https:\/\/paperpotagriculture.com\/wp-content\/uploads\/2025\/07\/LP350AT-main_92a1d6a2-10d9-4149-a71f-d78db536eb15.webp","type":"image\/webp"}],"twitter_card":"summary_large_image","twitter_title":"Nastavek za presajanje LP353-30 - izbolj\u0161ajte sajenje","twitter_description":"Stabilizirajte sajenje s papirnatimi lon\u010dki. Preverite nastavek LP353-30!","twitter_misc":{"Est. reading time":"1 minuta"},"schema":{"@context":"https:\/\/schema.org","@graph":[{"@type":"WebPage","@id":"https:\/\/paperpotagriculture.com\/sl\/izdelek\/nastavek-za-presajanje-papirnatih-lonckov-za-lp353-30\/","url":"https:\/\/paperpotagriculture.com\/sl\/izdelek\/nastavek-za-presajanje-papirnatih-lonckov-za-lp353-30\/","name":"Nastavek za presajanje - LP353-30 za u\u010dinkovito sajenje","isPartOf":{"@id":"https:\/\/paperpotagriculture.com\/sl\/#website"},"primaryImageOfPage":{"@id":"https:\/\/paperpotagriculture.com\/sl\/izdelek\/nastavek-za-presajanje-papirnatih-lonckov-za-lp353-30\/#primaryimage"},"image":{"@id":"https:\/\/paperpotagriculture.com\/sl\/izdelek\/nastavek-za-presajanje-papirnatih-lonckov-za-lp353-30\/#primaryimage"},"thumbnailUrl":"https:\/\/paperpotagriculture.com\/wp-content\/uploads\/2025\/07\/LP350AT-main_92a1d6a2-10d9-4149-a71f-d78db536eb15.webp","datePublished":"2025-07-04T08:22:01+00:00","dateModified":"2025-08-25T11:16:54+00:00","description":"Nastavek za presajanje papirnatih lon\u010dkov LP353-30 izbolj\u0161a va\u0161o u\u010dinkovitost sajenja. Preverite \u0161e danes!","breadcrumb":{"@id":"https:\/\/paperpotagriculture.com\/sl\/izdelek\/nastavek-za-presajanje-papirnatih-lonckov-za-lp353-30\/#breadcrumb"},"inLanguage":"sl-SI","potentialAction":[{"@type":"ReadAction","target":["https:\/\/paperpotagriculture.com\/sl\/izdelek\/nastavek-za-presajanje-papirnatih-lonckov-za-lp353-30\/"]}]},{"@type":"ImageObject","inLanguage":"sl-SI","@id":"https:\/\/paperpotagriculture.com\/sl\/izdelek\/nastavek-za-presajanje-papirnatih-lonckov-za-lp353-30\/#primaryimage","url":"https:\/\/paperpotagriculture.com\/wp-content\/uploads\/2025\/07\/LP350AT-main_92a1d6a2-10d9-4149-a71f-d78db536eb15.webp","contentUrl":"https:\/\/paperpotagriculture.com\/wp-content\/uploads\/2025\/07\/LP350AT-main_92a1d6a2-10d9-4149-a71f-d78db536eb15.webp","width":713,"height":435},{"@type":"BreadcrumbList","@id":"https:\/\/paperpotagriculture.com\/sl\/izdelek\/nastavek-za-presajanje-papirnatih-lonckov-za-lp353-30\/#breadcrumb","itemListElement":[{"@type":"ListItem","position":1,"name":"Trgovina","item":"https:\/\/paperpotagriculture.com\/sl\/trgovina\/"},{"@type":"ListItem","position":2,"name":"Sadilec","item":"https:\/\/paperpotagriculture.com\/sl\/kategorija-izdelka\/sadilec-sl\/"},{"@type":"ListItem","position":3,"name":"Nastavek za presajanje papirnatih lon\u010dkov za LP353-30"}]},{"@type":"WebSite","@id":"https:\/\/paperpotagriculture.com\/sl\/#website","url":"https:\/\/paperpotagriculture.com\/sl\/","name":"Paperpotagriculture","description":"","potentialAction":[{"@type":"SearchAction","target":{"@type":"EntryPoint","urlTemplate":"https:\/\/paperpotagriculture.com\/sl\/?s={search_term_string}"},"query-input":{"@type":"PropertyValueSpecification","valueRequired":true,"valueName":"search_term_string"}}],"inLanguage":"sl-SI"}]}},"_links":{"self":[{"href":"https:\/\/paperpotagriculture.com\/sl\/wp-json\/wp\/v2\/product\/1293","targetHints":{"allow":["GET"]}}],"collection":[{"href":"https:\/\/paperpotagriculture.com\/sl\/wp-json\/wp\/v2\/product"}],"about":[{"href":"https:\/\/paperpotagriculture.com\/sl\/wp-json\/wp\/v2\/types\/product"}],"replies":[{"embeddable":true,"href":"https:\/\/paperpotagriculture.com\/sl\/wp-json\/wp\/v2\/comments?post=1293"}],"wp:featuredmedia":[{"embeddable":true,"href":"https:\/\/paperpotagriculture.com\/sl\/wp-json\/wp\/v2\/media\/958"}],"wp:attachment":[{"href":"https:\/\/paperpotagriculture.com\/sl\/wp-json\/wp\/v2\/media?parent=1293"}],"wp:term":[{"taxonomy":"product_brand","embeddable":true,"href":"https:\/\/paperpotagriculture.com\/sl\/wp-json\/wp\/v2\/product_brand?post=1293"},{"taxonomy":"product_cat","embeddable":true,"href":"https:\/\/paperpotagriculture.com\/sl\/wp-json\/wp\/v2\/product_cat?post=1293"},{"taxonomy":"product_tag","embeddable":true,"href":"https:\/\/paperpotagriculture.com\/sl\/wp-json\/wp\/v2\/product_tag?post=1293"}],"curies":[{"name":"wp","href":"https:\/\/api.w.org\/{rel}","templated":true}]}}