{"id":1288,"date":"2025-07-07T07:17:48","date_gmt":"2025-07-07T07:17:48","guid":{"rendered":"https:\/\/paperpotagriculture.com\/product\/jang-seeder-1-row-jp-1\/"},"modified":"2025-08-25T11:15:00","modified_gmt":"2025-08-25T11:15:00","slug":"jang-sejalnica-1-vrstna-jp-1","status":"publish","type":"product","link":"https:\/\/paperpotagriculture.com\/sl\/izdelek\/jang-sejalnica-1-vrstna-jp-1\/","title":{"rendered":"Jang sejalnica 1-vrstna JP-1"},"content":{"rendered":"","protected":false},"excerpt":{"rendered":"<p>Jang sejalnica JP-1 je popoln na\u010din za natan\u010dno in enakomerno setev majhnih semen zelenjave. Namenjene so setvi \u0161pina\u010de, korenja, solate, \u010debule, mlade \u010debule, redkvice in kitajskega zelja.<\/p>\n","protected":false},"featured_media":1114,"comment_status":"closed","ping_status":"closed","template":"","meta":{"_acf_changed":false},"product_brand":[],"product_cat":[183,179],"product_tag":[],"class_list":{"0":"post-1288","1":"product","2":"type-product","3":"status-publish","4":"has-post-thumbnail","6":"product_cat-jang-seeder-sl","7":"product_cat-sadilec-sl","9":"first","10":"instock","11":"taxable","12":"shipping-taxable","13":"purchasable","14":"product-type-simple"},"acf":[],"yoast_head":"<!-- This site is optimized with the Yoast SEO plugin v26.5 - https:\/\/yoast.com\/wordpress\/plugins\/seo\/ -->\n<title>Jang sejalnica JP-1 - Natan\u010dna setev majhnih semen<\/title>\n<meta name=\"description\" content=\"Jang sejalnica JP-1 natan\u010dno in enakomerno seje majhna semena zelenjav. Naro\u010dite zdaj in optimizirajte svoj vrtnarski trud!\" \/>\n<meta name=\"robots\" content=\"index, follow, max-snippet:-1, max-image-preview:large, max-video-preview:-1\" \/>\n<link rel=\"canonical\" href=\"https:\/\/paperpotagriculture.com\/sl\/izdelek\/jang-sejalnica-1-vrstna-jp-1\/\" \/>\n<meta property=\"og:locale\" content=\"sl_SI\" \/>\n<meta property=\"og:type\" content=\"article\" \/>\n<meta property=\"og:title\" content=\"Jang sejalnica JP-1 - Idealna za natan\u010dno setev\" \/>\n<meta property=\"og:description\" content=\"Jang sejalnica JP-1 je klju\u010d do uspe\u0161ne setve majhnih semen!\" \/>\n<meta property=\"og:url\" content=\"https:\/\/paperpotagriculture.com\/sl\/izdelek\/jang-sejalnica-1-vrstna-jp-1\/\" \/>\n<meta property=\"og:site_name\" content=\"Paperpotagriculture\" \/>\n<meta property=\"article:modified_time\" content=\"2025-08-25T11:15:00+00:00\" \/>\n<meta property=\"og:image\" content=\"https:\/\/paperpotagriculture.com\/wp-content\/uploads\/2025\/07\/jangauto-JP-1-main-1-500x500-1.webp\" \/>\n\t<meta property=\"og:image:width\" content=\"500\" \/>\n\t<meta property=\"og:image:height\" content=\"500\" \/>\n\t<meta property=\"og:image:type\" content=\"image\/webp\" \/>\n<meta name=\"twitter:card\" content=\"summary_large_image\" \/>\n<meta name=\"twitter:title\" content=\"Jang sejalnica JP-1 - Popolna izbira za setev\" \/>\n<meta name=\"twitter:description\" content=\"Z Jang sejalnico JP-1 dose\u017eite najbolj\u0161e rezultate pri setvi!\" \/>\n<meta name=\"twitter:label1\" content=\"Est. reading time\" \/>\n\t<meta name=\"twitter:data1\" content=\"1 minuta\" \/>\n<script type=\"application\/ld+json\" class=\"yoast-schema-graph\">{\"@context\":\"https:\/\/schema.org\",\"@graph\":[{\"@type\":\"WebPage\",\"@id\":\"https:\/\/paperpotagriculture.com\/sl\/izdelek\/jang-sejalnica-1-vrstna-jp-1\/\",\"url\":\"https:\/\/paperpotagriculture.com\/sl\/izdelek\/jang-sejalnica-1-vrstna-jp-1\/\",\"name\":\"Jang sejalnica JP-1 - Natan\u010dna setev majhnih semen\",\"isPartOf\":{\"@id\":\"https:\/\/paperpotagriculture.com\/sl\/#website\"},\"primaryImageOfPage\":{\"@id\":\"https:\/\/paperpotagriculture.com\/sl\/izdelek\/jang-sejalnica-1-vrstna-jp-1\/#primaryimage\"},\"image\":{\"@id\":\"https:\/\/paperpotagriculture.com\/sl\/izdelek\/jang-sejalnica-1-vrstna-jp-1\/#primaryimage\"},\"thumbnailUrl\":\"https:\/\/paperpotagriculture.com\/wp-content\/uploads\/2025\/07\/jangauto-JP-1-main-1-500x500-1.webp\",\"datePublished\":\"2025-07-07T07:17:48+00:00\",\"dateModified\":\"2025-08-25T11:15:00+00:00\",\"description\":\"Jang sejalnica JP-1 natan\u010dno in enakomerno seje majhna semena zelenjav. Naro\u010dite zdaj in optimizirajte svoj vrtnarski trud!\",\"breadcrumb\":{\"@id\":\"https:\/\/paperpotagriculture.com\/sl\/izdelek\/jang-sejalnica-1-vrstna-jp-1\/#breadcrumb\"},\"inLanguage\":\"sl-SI\",\"potentialAction\":[{\"@type\":\"ReadAction\",\"target\":[\"https:\/\/paperpotagriculture.com\/sl\/izdelek\/jang-sejalnica-1-vrstna-jp-1\/\"]}]},{\"@type\":\"ImageObject\",\"inLanguage\":\"sl-SI\",\"@id\":\"https:\/\/paperpotagriculture.com\/sl\/izdelek\/jang-sejalnica-1-vrstna-jp-1\/#primaryimage\",\"url\":\"https:\/\/paperpotagriculture.com\/wp-content\/uploads\/2025\/07\/jangauto-JP-1-main-1-500x500-1.webp\",\"contentUrl\":\"https:\/\/paperpotagriculture.com\/wp-content\/uploads\/2025\/07\/jangauto-JP-1-main-1-500x500-1.webp\",\"width\":500,\"height\":500},{\"@type\":\"BreadcrumbList\",\"@id\":\"https:\/\/paperpotagriculture.com\/sl\/izdelek\/jang-sejalnica-1-vrstna-jp-1\/#breadcrumb\",\"itemListElement\":[{\"@type\":\"ListItem\",\"position\":1,\"name\":\"Trgovina\",\"item\":\"https:\/\/paperpotagriculture.com\/sl\/trgovina\/\"},{\"@type\":\"ListItem\",\"position\":2,\"name\":\"Sadilec\",\"item\":\"https:\/\/paperpotagriculture.com\/sl\/kategorija-izdelka\/sadilec-sl\/\"},{\"@type\":\"ListItem\",\"position\":3,\"name\":\"Jang sejalnica 1-vrstna JP-1\"}]},{\"@type\":\"WebSite\",\"@id\":\"https:\/\/paperpotagriculture.com\/sl\/#website\",\"url\":\"https:\/\/paperpotagriculture.com\/sl\/\",\"name\":\"Paperpotagriculture\",\"description\":\"\",\"potentialAction\":[{\"@type\":\"SearchAction\",\"target\":{\"@type\":\"EntryPoint\",\"urlTemplate\":\"https:\/\/paperpotagriculture.com\/sl\/?s={search_term_string}\"},\"query-input\":{\"@type\":\"PropertyValueSpecification\",\"valueRequired\":true,\"valueName\":\"search_term_string\"}}],\"inLanguage\":\"sl-SI\"}]}<\/script>\n<!-- \/ Yoast SEO plugin. -->","yoast_head_json":{"title":"Jang sejalnica JP-1 - Natan\u010dna setev majhnih semen","description":"Jang sejalnica JP-1 natan\u010dno in enakomerno seje majhna semena zelenjav. Naro\u010dite zdaj in optimizirajte svoj vrtnarski trud!","robots":{"index":"index","follow":"follow","max-snippet":"max-snippet:-1","max-image-preview":"max-image-preview:large","max-video-preview":"max-video-preview:-1"},"canonical":"https:\/\/paperpotagriculture.com\/sl\/izdelek\/jang-sejalnica-1-vrstna-jp-1\/","og_locale":"sl_SI","og_type":"article","og_title":"Jang sejalnica JP-1 - Idealna za natan\u010dno setev","og_description":"Jang sejalnica JP-1 je klju\u010d do uspe\u0161ne setve majhnih semen!","og_url":"https:\/\/paperpotagriculture.com\/sl\/izdelek\/jang-sejalnica-1-vrstna-jp-1\/","og_site_name":"Paperpotagriculture","article_modified_time":"2025-08-25T11:15:00+00:00","og_image":[{"width":500,"height":500,"url":"https:\/\/paperpotagriculture.com\/wp-content\/uploads\/2025\/07\/jangauto-JP-1-main-1-500x500-1.webp","type":"image\/webp"}],"twitter_card":"summary_large_image","twitter_title":"Jang sejalnica JP-1 - Popolna izbira za setev","twitter_description":"Z Jang sejalnico JP-1 dose\u017eite najbolj\u0161e rezultate pri setvi!","twitter_misc":{"Est. reading time":"1 minuta"},"schema":{"@context":"https:\/\/schema.org","@graph":[{"@type":"WebPage","@id":"https:\/\/paperpotagriculture.com\/sl\/izdelek\/jang-sejalnica-1-vrstna-jp-1\/","url":"https:\/\/paperpotagriculture.com\/sl\/izdelek\/jang-sejalnica-1-vrstna-jp-1\/","name":"Jang sejalnica JP-1 - Natan\u010dna setev majhnih semen","isPartOf":{"@id":"https:\/\/paperpotagriculture.com\/sl\/#website"},"primaryImageOfPage":{"@id":"https:\/\/paperpotagriculture.com\/sl\/izdelek\/jang-sejalnica-1-vrstna-jp-1\/#primaryimage"},"image":{"@id":"https:\/\/paperpotagriculture.com\/sl\/izdelek\/jang-sejalnica-1-vrstna-jp-1\/#primaryimage"},"thumbnailUrl":"https:\/\/paperpotagriculture.com\/wp-content\/uploads\/2025\/07\/jangauto-JP-1-main-1-500x500-1.webp","datePublished":"2025-07-07T07:17:48+00:00","dateModified":"2025-08-25T11:15:00+00:00","description":"Jang sejalnica JP-1 natan\u010dno in enakomerno seje majhna semena zelenjav. Naro\u010dite zdaj in optimizirajte svoj vrtnarski trud!","breadcrumb":{"@id":"https:\/\/paperpotagriculture.com\/sl\/izdelek\/jang-sejalnica-1-vrstna-jp-1\/#breadcrumb"},"inLanguage":"sl-SI","potentialAction":[{"@type":"ReadAction","target":["https:\/\/paperpotagriculture.com\/sl\/izdelek\/jang-sejalnica-1-vrstna-jp-1\/"]}]},{"@type":"ImageObject","inLanguage":"sl-SI","@id":"https:\/\/paperpotagriculture.com\/sl\/izdelek\/jang-sejalnica-1-vrstna-jp-1\/#primaryimage","url":"https:\/\/paperpotagriculture.com\/wp-content\/uploads\/2025\/07\/jangauto-JP-1-main-1-500x500-1.webp","contentUrl":"https:\/\/paperpotagriculture.com\/wp-content\/uploads\/2025\/07\/jangauto-JP-1-main-1-500x500-1.webp","width":500,"height":500},{"@type":"BreadcrumbList","@id":"https:\/\/paperpotagriculture.com\/sl\/izdelek\/jang-sejalnica-1-vrstna-jp-1\/#breadcrumb","itemListElement":[{"@type":"ListItem","position":1,"name":"Trgovina","item":"https:\/\/paperpotagriculture.com\/sl\/trgovina\/"},{"@type":"ListItem","position":2,"name":"Sadilec","item":"https:\/\/paperpotagriculture.com\/sl\/kategorija-izdelka\/sadilec-sl\/"},{"@type":"ListItem","position":3,"name":"Jang sejalnica 1-vrstna JP-1"}]},{"@type":"WebSite","@id":"https:\/\/paperpotagriculture.com\/sl\/#website","url":"https:\/\/paperpotagriculture.com\/sl\/","name":"Paperpotagriculture","description":"","potentialAction":[{"@type":"SearchAction","target":{"@type":"EntryPoint","urlTemplate":"https:\/\/paperpotagriculture.com\/sl\/?s={search_term_string}"},"query-input":{"@type":"PropertyValueSpecification","valueRequired":true,"valueName":"search_term_string"}}],"inLanguage":"sl-SI"}]}},"_links":{"self":[{"href":"https:\/\/paperpotagriculture.com\/sl\/wp-json\/wp\/v2\/product\/1288","targetHints":{"allow":["GET"]}}],"collection":[{"href":"https:\/\/paperpotagriculture.com\/sl\/wp-json\/wp\/v2\/product"}],"about":[{"href":"https:\/\/paperpotagriculture.com\/sl\/wp-json\/wp\/v2\/types\/product"}],"replies":[{"embeddable":true,"href":"https:\/\/paperpotagriculture.com\/sl\/wp-json\/wp\/v2\/comments?post=1288"}],"wp:featuredmedia":[{"embeddable":true,"href":"https:\/\/paperpotagriculture.com\/sl\/wp-json\/wp\/v2\/media\/1114"}],"wp:attachment":[{"href":"https:\/\/paperpotagriculture.com\/sl\/wp-json\/wp\/v2\/media?parent=1288"}],"wp:term":[{"taxonomy":"product_brand","embeddable":true,"href":"https:\/\/paperpotagriculture.com\/sl\/wp-json\/wp\/v2\/product_brand?post=1288"},{"taxonomy":"product_cat","embeddable":true,"href":"https:\/\/paperpotagriculture.com\/sl\/wp-json\/wp\/v2\/product_cat?post=1288"},{"taxonomy":"product_tag","embeddable":true,"href":"https:\/\/paperpotagriculture.com\/sl\/wp-json\/wp\/v2\/product_tag?post=1288"}],"curies":[{"name":"wp","href":"https:\/\/api.w.org\/{rel}","templated":true}]}}