{"id":1277,"date":"2025-07-07T07:26:54","date_gmt":"2025-07-07T07:26:54","guid":{"rendered":"https:\/\/paperpotagriculture.com\/product\/jang-seed-roller-for-jang-seeder-jp-series\/"},"modified":"2025-08-25T11:10:48","modified_gmt":"2025-08-25T11:10:48","slug":"sejalni-valj-jang-za-sejalnico-jang-serije-jp","status":"publish","type":"product","link":"https:\/\/paperpotagriculture.com\/sl\/izdelek\/sejalni-valj-jang-za-sejalnico-jang-serije-jp\/","title":{"rendered":"Sejalni valj Jang za sejalnico Jang serije JP"},"content":{"rendered":"","protected":false},"excerpt":{"rendered":"<p>S sejalnimi valji z velikim naborom dimenzij in oblik odprtin, se prilagodite potrebam glede na velikost in obliko semen. Za serijo\u00a0<a href=\"https:\/\/paperpotagriculture.com\/sl\/products\/jang-seeder-1-row-jp-1\">Jang Seeder JP<\/a>\u00a0so zasnovani tako, da zagotavljajo enostavno uporabo in optimalno pokritost semena po sejalni povr\u0161ini.\u00a0 Ti sejalni valji, izdelani iz posebnega materiala, so zasnovani tako, da zmanj\u0161ajo kopi\u010denje stati\u010dne elektrike in zagotavljajo enakomerno porazdelitev semena. Izbirajte med razli\u010dnimi vrstami sejalnih valjev, ki najbolj ustrezajo va\u0161im potrebam.<\/p>\n","protected":false},"featured_media":1120,"comment_status":"closed","ping_status":"closed","template":"","meta":{"_acf_changed":false},"product_brand":[],"product_cat":[183,179],"product_tag":[],"class_list":{"0":"post-1277","1":"product","2":"type-product","3":"status-publish","4":"has-post-thumbnail","6":"product_cat-jang-seeder-sl","7":"product_cat-sadilec-sl","9":"first","10":"instock","11":"taxable","12":"shipping-taxable","13":"purchasable","14":"product-type-variable"},"acf":[],"yoast_head":"<!-- This site is optimized with the Yoast SEO plugin v26.5 - https:\/\/yoast.com\/wordpress\/plugins\/seo\/ -->\n<title>Sejalni valj Jang - optimalna re\u0161itev za sejalnico JP<\/title>\n<meta name=\"description\" content=\"Sejalni valj Jang nudi enostavno uporabo in optimalno pokritost semena. Prilagodite se potrebam va\u0161ih semen z na\u0161imi valji.\" \/>\n<meta name=\"robots\" content=\"index, follow, max-snippet:-1, max-image-preview:large, max-video-preview:-1\" \/>\n<link rel=\"canonical\" href=\"https:\/\/paperpotagriculture.com\/sl\/izdelek\/sejalni-valj-jang-za-sejalnico-jang-serije-jp\/\" \/>\n<meta property=\"og:locale\" content=\"sl_SI\" \/>\n<meta property=\"og:type\" content=\"article\" \/>\n<meta property=\"og:title\" content=\"Sejalni valj Jang za sejalnico JP - najbolj\u0161a izbira\" \/>\n<meta property=\"og:description\" content=\"Optimalna re\u0161itev za va\u0161a semena. Pridobite sejalni valj Jang zdaj!\" \/>\n<meta property=\"og:url\" content=\"https:\/\/paperpotagriculture.com\/sl\/izdelek\/sejalni-valj-jang-za-sejalnico-jang-serije-jp\/\" \/>\n<meta property=\"og:site_name\" content=\"Paperpotagriculture\" \/>\n<meta property=\"article:modified_time\" content=\"2025-08-25T11:10:48+00:00\" \/>\n<meta property=\"og:image\" content=\"https:\/\/paperpotagriculture.com\/wp-content\/uploads\/2025\/07\/jp-rollers-main-500x500-1.webp\" \/>\n\t<meta property=\"og:image:width\" content=\"500\" \/>\n\t<meta property=\"og:image:height\" content=\"500\" \/>\n\t<meta property=\"og:image:type\" content=\"image\/webp\" \/>\n<meta name=\"twitter:card\" content=\"summary_large_image\" \/>\n<meta name=\"twitter:title\" content=\"Sejalni valj Jang - enostavna uporaba in u\u010dinkovitost\" \/>\n<meta name=\"twitter:description\" content=\"Izberite sejalni valj Jang za optimalno pokritost semena. Nakupujte zdaj!\" \/>\n<meta name=\"twitter:label1\" content=\"Est. reading time\" \/>\n\t<meta name=\"twitter:data1\" content=\"1 minuta\" \/>\n<script type=\"application\/ld+json\" class=\"yoast-schema-graph\">{\"@context\":\"https:\/\/schema.org\",\"@graph\":[{\"@type\":\"WebPage\",\"@id\":\"https:\/\/paperpotagriculture.com\/sl\/izdelek\/sejalni-valj-jang-za-sejalnico-jang-serije-jp\/\",\"url\":\"https:\/\/paperpotagriculture.com\/sl\/izdelek\/sejalni-valj-jang-za-sejalnico-jang-serije-jp\/\",\"name\":\"Sejalni valj Jang - optimalna re\u0161itev za sejalnico JP\",\"isPartOf\":{\"@id\":\"https:\/\/paperpotagriculture.com\/sl\/#website\"},\"primaryImageOfPage\":{\"@id\":\"https:\/\/paperpotagriculture.com\/sl\/izdelek\/sejalni-valj-jang-za-sejalnico-jang-serije-jp\/#primaryimage\"},\"image\":{\"@id\":\"https:\/\/paperpotagriculture.com\/sl\/izdelek\/sejalni-valj-jang-za-sejalnico-jang-serije-jp\/#primaryimage\"},\"thumbnailUrl\":\"https:\/\/paperpotagriculture.com\/wp-content\/uploads\/2025\/07\/jp-rollers-main-500x500-1.webp\",\"datePublished\":\"2025-07-07T07:26:54+00:00\",\"dateModified\":\"2025-08-25T11:10:48+00:00\",\"description\":\"Sejalni valj Jang nudi enostavno uporabo in optimalno pokritost semena. Prilagodite se potrebam va\u0161ih semen z na\u0161imi valji.\",\"breadcrumb\":{\"@id\":\"https:\/\/paperpotagriculture.com\/sl\/izdelek\/sejalni-valj-jang-za-sejalnico-jang-serije-jp\/#breadcrumb\"},\"inLanguage\":\"sl-SI\",\"potentialAction\":[{\"@type\":\"ReadAction\",\"target\":[\"https:\/\/paperpotagriculture.com\/sl\/izdelek\/sejalni-valj-jang-za-sejalnico-jang-serije-jp\/\"]}]},{\"@type\":\"ImageObject\",\"inLanguage\":\"sl-SI\",\"@id\":\"https:\/\/paperpotagriculture.com\/sl\/izdelek\/sejalni-valj-jang-za-sejalnico-jang-serije-jp\/#primaryimage\",\"url\":\"https:\/\/paperpotagriculture.com\/wp-content\/uploads\/2025\/07\/jp-rollers-main-500x500-1.webp\",\"contentUrl\":\"https:\/\/paperpotagriculture.com\/wp-content\/uploads\/2025\/07\/jp-rollers-main-500x500-1.webp\",\"width\":500,\"height\":500},{\"@type\":\"BreadcrumbList\",\"@id\":\"https:\/\/paperpotagriculture.com\/sl\/izdelek\/sejalni-valj-jang-za-sejalnico-jang-serije-jp\/#breadcrumb\",\"itemListElement\":[{\"@type\":\"ListItem\",\"position\":1,\"name\":\"Trgovina\",\"item\":\"https:\/\/paperpotagriculture.com\/sl\/trgovina\/\"},{\"@type\":\"ListItem\",\"position\":2,\"name\":\"Sadilec\",\"item\":\"https:\/\/paperpotagriculture.com\/sl\/kategorija-izdelka\/sadilec-sl\/\"},{\"@type\":\"ListItem\",\"position\":3,\"name\":\"Sejalni valj Jang za sejalnico Jang serije JP\"}]},{\"@type\":\"WebSite\",\"@id\":\"https:\/\/paperpotagriculture.com\/sl\/#website\",\"url\":\"https:\/\/paperpotagriculture.com\/sl\/\",\"name\":\"Paperpotagriculture\",\"description\":\"\",\"potentialAction\":[{\"@type\":\"SearchAction\",\"target\":{\"@type\":\"EntryPoint\",\"urlTemplate\":\"https:\/\/paperpotagriculture.com\/sl\/?s={search_term_string}\"},\"query-input\":{\"@type\":\"PropertyValueSpecification\",\"valueRequired\":true,\"valueName\":\"search_term_string\"}}],\"inLanguage\":\"sl-SI\"}]}<\/script>\n<!-- \/ Yoast SEO plugin. -->","yoast_head_json":{"title":"Sejalni valj Jang - optimalna re\u0161itev za sejalnico JP","description":"Sejalni valj Jang nudi enostavno uporabo in optimalno pokritost semena. Prilagodite se potrebam va\u0161ih semen z na\u0161imi valji.","robots":{"index":"index","follow":"follow","max-snippet":"max-snippet:-1","max-image-preview":"max-image-preview:large","max-video-preview":"max-video-preview:-1"},"canonical":"https:\/\/paperpotagriculture.com\/sl\/izdelek\/sejalni-valj-jang-za-sejalnico-jang-serije-jp\/","og_locale":"sl_SI","og_type":"article","og_title":"Sejalni valj Jang za sejalnico JP - najbolj\u0161a izbira","og_description":"Optimalna re\u0161itev za va\u0161a semena. Pridobite sejalni valj Jang zdaj!","og_url":"https:\/\/paperpotagriculture.com\/sl\/izdelek\/sejalni-valj-jang-za-sejalnico-jang-serije-jp\/","og_site_name":"Paperpotagriculture","article_modified_time":"2025-08-25T11:10:48+00:00","og_image":[{"width":500,"height":500,"url":"https:\/\/paperpotagriculture.com\/wp-content\/uploads\/2025\/07\/jp-rollers-main-500x500-1.webp","type":"image\/webp"}],"twitter_card":"summary_large_image","twitter_title":"Sejalni valj Jang - enostavna uporaba in u\u010dinkovitost","twitter_description":"Izberite sejalni valj Jang za optimalno pokritost semena. Nakupujte zdaj!","twitter_misc":{"Est. reading time":"1 minuta"},"schema":{"@context":"https:\/\/schema.org","@graph":[{"@type":"WebPage","@id":"https:\/\/paperpotagriculture.com\/sl\/izdelek\/sejalni-valj-jang-za-sejalnico-jang-serije-jp\/","url":"https:\/\/paperpotagriculture.com\/sl\/izdelek\/sejalni-valj-jang-za-sejalnico-jang-serije-jp\/","name":"Sejalni valj Jang - optimalna re\u0161itev za sejalnico JP","isPartOf":{"@id":"https:\/\/paperpotagriculture.com\/sl\/#website"},"primaryImageOfPage":{"@id":"https:\/\/paperpotagriculture.com\/sl\/izdelek\/sejalni-valj-jang-za-sejalnico-jang-serije-jp\/#primaryimage"},"image":{"@id":"https:\/\/paperpotagriculture.com\/sl\/izdelek\/sejalni-valj-jang-za-sejalnico-jang-serije-jp\/#primaryimage"},"thumbnailUrl":"https:\/\/paperpotagriculture.com\/wp-content\/uploads\/2025\/07\/jp-rollers-main-500x500-1.webp","datePublished":"2025-07-07T07:26:54+00:00","dateModified":"2025-08-25T11:10:48+00:00","description":"Sejalni valj Jang nudi enostavno uporabo in optimalno pokritost semena. Prilagodite se potrebam va\u0161ih semen z na\u0161imi valji.","breadcrumb":{"@id":"https:\/\/paperpotagriculture.com\/sl\/izdelek\/sejalni-valj-jang-za-sejalnico-jang-serije-jp\/#breadcrumb"},"inLanguage":"sl-SI","potentialAction":[{"@type":"ReadAction","target":["https:\/\/paperpotagriculture.com\/sl\/izdelek\/sejalni-valj-jang-za-sejalnico-jang-serije-jp\/"]}]},{"@type":"ImageObject","inLanguage":"sl-SI","@id":"https:\/\/paperpotagriculture.com\/sl\/izdelek\/sejalni-valj-jang-za-sejalnico-jang-serije-jp\/#primaryimage","url":"https:\/\/paperpotagriculture.com\/wp-content\/uploads\/2025\/07\/jp-rollers-main-500x500-1.webp","contentUrl":"https:\/\/paperpotagriculture.com\/wp-content\/uploads\/2025\/07\/jp-rollers-main-500x500-1.webp","width":500,"height":500},{"@type":"BreadcrumbList","@id":"https:\/\/paperpotagriculture.com\/sl\/izdelek\/sejalni-valj-jang-za-sejalnico-jang-serije-jp\/#breadcrumb","itemListElement":[{"@type":"ListItem","position":1,"name":"Trgovina","item":"https:\/\/paperpotagriculture.com\/sl\/trgovina\/"},{"@type":"ListItem","position":2,"name":"Sadilec","item":"https:\/\/paperpotagriculture.com\/sl\/kategorija-izdelka\/sadilec-sl\/"},{"@type":"ListItem","position":3,"name":"Sejalni valj Jang za sejalnico Jang serije JP"}]},{"@type":"WebSite","@id":"https:\/\/paperpotagriculture.com\/sl\/#website","url":"https:\/\/paperpotagriculture.com\/sl\/","name":"Paperpotagriculture","description":"","potentialAction":[{"@type":"SearchAction","target":{"@type":"EntryPoint","urlTemplate":"https:\/\/paperpotagriculture.com\/sl\/?s={search_term_string}"},"query-input":{"@type":"PropertyValueSpecification","valueRequired":true,"valueName":"search_term_string"}}],"inLanguage":"sl-SI"}]}},"_links":{"self":[{"href":"https:\/\/paperpotagriculture.com\/sl\/wp-json\/wp\/v2\/product\/1277","targetHints":{"allow":["GET"]}}],"collection":[{"href":"https:\/\/paperpotagriculture.com\/sl\/wp-json\/wp\/v2\/product"}],"about":[{"href":"https:\/\/paperpotagriculture.com\/sl\/wp-json\/wp\/v2\/types\/product"}],"replies":[{"embeddable":true,"href":"https:\/\/paperpotagriculture.com\/sl\/wp-json\/wp\/v2\/comments?post=1277"}],"wp:featuredmedia":[{"embeddable":true,"href":"https:\/\/paperpotagriculture.com\/sl\/wp-json\/wp\/v2\/media\/1120"}],"wp:attachment":[{"href":"https:\/\/paperpotagriculture.com\/sl\/wp-json\/wp\/v2\/media?parent=1277"}],"wp:term":[{"taxonomy":"product_brand","embeddable":true,"href":"https:\/\/paperpotagriculture.com\/sl\/wp-json\/wp\/v2\/product_brand?post=1277"},{"taxonomy":"product_cat","embeddable":true,"href":"https:\/\/paperpotagriculture.com\/sl\/wp-json\/wp\/v2\/product_cat?post=1277"},{"taxonomy":"product_tag","embeddable":true,"href":"https:\/\/paperpotagriculture.com\/sl\/wp-json\/wp\/v2\/product_tag?post=1277"}],"curies":[{"name":"wp","href":"https:\/\/api.w.org\/{rel}","templated":true}]}}