{"id":1271,"date":"2025-07-04T08:23:29","date_gmt":"2025-07-04T08:23:29","guid":{"rendered":"https:\/\/paperpotagriculture.com\/product\/paper-pot-double-row-transplanter-hp-7iv\/"},"modified":"2025-08-25T11:04:13","modified_gmt":"2025-08-25T11:04:13","slug":"dvoredni-sadilec-za-papirnate-verizne-loncke-hp-7iv","status":"publish","type":"product","link":"https:\/\/paperpotagriculture.com\/sl\/izdelek\/dvoredni-sadilec-za-papirnate-verizne-loncke-hp-7iv\/","title":{"rendered":"Dvoredni sadilec za papirnate veri\u017ene lon\u010dke HP-7IV"},"content":{"rendered":"","protected":false},"excerpt":{"rendered":"<p>Sajenje sadik s tem dvorednim sadilcem je enostavno, hitro in natan\u010dno. Brez pretiranega fizi\u010dnega napora in brez koreninskega stresa za rastline, lahko posadite 20.000 sadik na uro. Prihranite \u010das in ga izkoristite za druga opravila ali pa za u\u017eivanje ob opazovanju rasti va\u0161e li\u010dno posajene zelenjave.<\/p>\n","protected":false},"featured_media":970,"comment_status":"closed","ping_status":"closed","template":"","meta":{"_acf_changed":false},"product_brand":[],"product_cat":[177,179],"product_tag":[],"class_list":{"0":"post-1271","1":"product","2":"type-product","3":"status-publish","4":"has-post-thumbnail","6":"product_cat-double-row-transplantor-sl","7":"product_cat-sadilec-sl","9":"first","10":"instock","11":"taxable","12":"shipping-taxable","13":"purchasable","14":"product-type-simple"},"acf":[],"yoast_head":"<!-- This site is optimized with the Yoast SEO plugin v26.5 - https:\/\/yoast.com\/wordpress\/plugins\/seo\/ -->\n<title>Dvoredni sadilec \u2013 Enostavno in hitro sajenje<\/title>\n<meta name=\"description\" content=\"Dvoredni sadilec za papirnate veri\u017ene lon\u010dke HP-7IV omogo\u010da hitro in u\u010dinkovito sajenje. Zmanj\u0161ajte fizi\u010dni napor. Naro\u010dite zdaj!\" \/>\n<meta name=\"robots\" content=\"index, follow, max-snippet:-1, max-image-preview:large, max-video-preview:-1\" \/>\n<link rel=\"canonical\" href=\"https:\/\/paperpotagriculture.com\/sl\/izdelek\/dvoredni-sadilec-za-papirnate-verizne-loncke-hp-7iv\/\" \/>\n<meta property=\"og:locale\" content=\"sl_SI\" \/>\n<meta property=\"og:type\" content=\"article\" \/>\n<meta property=\"og:title\" content=\"Dvoredni sadilec za papirnate lon\u010dke HP-7IV\" \/>\n<meta property=\"og:description\" content=\"Natan\u010dno in hitro sajenje rastlin z dvorednim sadilcem HP-7IV. Naro\u010dite zdaj!\" \/>\n<meta property=\"og:url\" content=\"https:\/\/paperpotagriculture.com\/sl\/izdelek\/dvoredni-sadilec-za-papirnate-verizne-loncke-hp-7iv\/\" \/>\n<meta property=\"og:site_name\" content=\"Paperpotagriculture\" \/>\n<meta property=\"article:modified_time\" content=\"2025-08-25T11:04:13+00:00\" \/>\n<meta property=\"og:image\" content=\"https:\/\/paperpotagriculture.com\/wp-content\/uploads\/2025\/07\/hp7-1_98c4f78c-ddcb-40bd-9da1-1e6001e099f8.webp\" \/>\n\t<meta property=\"og:image:width\" content=\"713\" \/>\n\t<meta property=\"og:image:height\" content=\"713\" \/>\n\t<meta property=\"og:image:type\" content=\"image\/webp\" \/>\n<meta name=\"twitter:card\" content=\"summary_large_image\" \/>\n<meta name=\"twitter:title\" content=\"Dvoredni sadilec HP-7IV za hitro sajenje\" \/>\n<meta name=\"twitter:description\" content=\"U\u010dinkovito sajenje brez stresa za rastline. Naro\u010dite dvoredni sadilec HP-7IV \u0161e danes!\" \/>\n<meta name=\"twitter:label1\" content=\"Est. reading time\" \/>\n\t<meta name=\"twitter:data1\" content=\"1 minuta\" \/>\n<script type=\"application\/ld+json\" class=\"yoast-schema-graph\">{\"@context\":\"https:\/\/schema.org\",\"@graph\":[{\"@type\":\"WebPage\",\"@id\":\"https:\/\/paperpotagriculture.com\/sl\/izdelek\/dvoredni-sadilec-za-papirnate-verizne-loncke-hp-7iv\/\",\"url\":\"https:\/\/paperpotagriculture.com\/sl\/izdelek\/dvoredni-sadilec-za-papirnate-verizne-loncke-hp-7iv\/\",\"name\":\"Dvoredni sadilec \u2013 Enostavno in hitro sajenje\",\"isPartOf\":{\"@id\":\"https:\/\/paperpotagriculture.com\/sl\/#website\"},\"primaryImageOfPage\":{\"@id\":\"https:\/\/paperpotagriculture.com\/sl\/izdelek\/dvoredni-sadilec-za-papirnate-verizne-loncke-hp-7iv\/#primaryimage\"},\"image\":{\"@id\":\"https:\/\/paperpotagriculture.com\/sl\/izdelek\/dvoredni-sadilec-za-papirnate-verizne-loncke-hp-7iv\/#primaryimage\"},\"thumbnailUrl\":\"https:\/\/paperpotagriculture.com\/wp-content\/uploads\/2025\/07\/hp7-1_98c4f78c-ddcb-40bd-9da1-1e6001e099f8.webp\",\"datePublished\":\"2025-07-04T08:23:29+00:00\",\"dateModified\":\"2025-08-25T11:04:13+00:00\",\"description\":\"Dvoredni sadilec za papirnate veri\u017ene lon\u010dke HP-7IV omogo\u010da hitro in u\u010dinkovito sajenje. Zmanj\u0161ajte fizi\u010dni napor. Naro\u010dite zdaj!\",\"breadcrumb\":{\"@id\":\"https:\/\/paperpotagriculture.com\/sl\/izdelek\/dvoredni-sadilec-za-papirnate-verizne-loncke-hp-7iv\/#breadcrumb\"},\"inLanguage\":\"sl-SI\",\"potentialAction\":[{\"@type\":\"ReadAction\",\"target\":[\"https:\/\/paperpotagriculture.com\/sl\/izdelek\/dvoredni-sadilec-za-papirnate-verizne-loncke-hp-7iv\/\"]}]},{\"@type\":\"ImageObject\",\"inLanguage\":\"sl-SI\",\"@id\":\"https:\/\/paperpotagriculture.com\/sl\/izdelek\/dvoredni-sadilec-za-papirnate-verizne-loncke-hp-7iv\/#primaryimage\",\"url\":\"https:\/\/paperpotagriculture.com\/wp-content\/uploads\/2025\/07\/hp7-1_98c4f78c-ddcb-40bd-9da1-1e6001e099f8.webp\",\"contentUrl\":\"https:\/\/paperpotagriculture.com\/wp-content\/uploads\/2025\/07\/hp7-1_98c4f78c-ddcb-40bd-9da1-1e6001e099f8.webp\",\"width\":713,\"height\":713},{\"@type\":\"BreadcrumbList\",\"@id\":\"https:\/\/paperpotagriculture.com\/sl\/izdelek\/dvoredni-sadilec-za-papirnate-verizne-loncke-hp-7iv\/#breadcrumb\",\"itemListElement\":[{\"@type\":\"ListItem\",\"position\":1,\"name\":\"Trgovina\",\"item\":\"https:\/\/paperpotagriculture.com\/sl\/trgovina\/\"},{\"@type\":\"ListItem\",\"position\":2,\"name\":\"Sadilec\",\"item\":\"https:\/\/paperpotagriculture.com\/sl\/kategorija-izdelka\/sadilec-sl\/\"},{\"@type\":\"ListItem\",\"position\":3,\"name\":\"Dvoredni sadilec za papirnate veri\u017ene lon\u010dke HP-7IV\"}]},{\"@type\":\"WebSite\",\"@id\":\"https:\/\/paperpotagriculture.com\/sl\/#website\",\"url\":\"https:\/\/paperpotagriculture.com\/sl\/\",\"name\":\"Paperpotagriculture\",\"description\":\"\",\"potentialAction\":[{\"@type\":\"SearchAction\",\"target\":{\"@type\":\"EntryPoint\",\"urlTemplate\":\"https:\/\/paperpotagriculture.com\/sl\/?s={search_term_string}\"},\"query-input\":{\"@type\":\"PropertyValueSpecification\",\"valueRequired\":true,\"valueName\":\"search_term_string\"}}],\"inLanguage\":\"sl-SI\"}]}<\/script>\n<!-- \/ Yoast SEO plugin. -->","yoast_head_json":{"title":"Dvoredni sadilec \u2013 Enostavno in hitro sajenje","description":"Dvoredni sadilec za papirnate veri\u017ene lon\u010dke HP-7IV omogo\u010da hitro in u\u010dinkovito sajenje. Zmanj\u0161ajte fizi\u010dni napor. Naro\u010dite zdaj!","robots":{"index":"index","follow":"follow","max-snippet":"max-snippet:-1","max-image-preview":"max-image-preview:large","max-video-preview":"max-video-preview:-1"},"canonical":"https:\/\/paperpotagriculture.com\/sl\/izdelek\/dvoredni-sadilec-za-papirnate-verizne-loncke-hp-7iv\/","og_locale":"sl_SI","og_type":"article","og_title":"Dvoredni sadilec za papirnate lon\u010dke HP-7IV","og_description":"Natan\u010dno in hitro sajenje rastlin z dvorednim sadilcem HP-7IV. Naro\u010dite zdaj!","og_url":"https:\/\/paperpotagriculture.com\/sl\/izdelek\/dvoredni-sadilec-za-papirnate-verizne-loncke-hp-7iv\/","og_site_name":"Paperpotagriculture","article_modified_time":"2025-08-25T11:04:13+00:00","og_image":[{"width":713,"height":713,"url":"https:\/\/paperpotagriculture.com\/wp-content\/uploads\/2025\/07\/hp7-1_98c4f78c-ddcb-40bd-9da1-1e6001e099f8.webp","type":"image\/webp"}],"twitter_card":"summary_large_image","twitter_title":"Dvoredni sadilec HP-7IV za hitro sajenje","twitter_description":"U\u010dinkovito sajenje brez stresa za rastline. Naro\u010dite dvoredni sadilec HP-7IV \u0161e danes!","twitter_misc":{"Est. reading time":"1 minuta"},"schema":{"@context":"https:\/\/schema.org","@graph":[{"@type":"WebPage","@id":"https:\/\/paperpotagriculture.com\/sl\/izdelek\/dvoredni-sadilec-za-papirnate-verizne-loncke-hp-7iv\/","url":"https:\/\/paperpotagriculture.com\/sl\/izdelek\/dvoredni-sadilec-za-papirnate-verizne-loncke-hp-7iv\/","name":"Dvoredni sadilec \u2013 Enostavno in hitro sajenje","isPartOf":{"@id":"https:\/\/paperpotagriculture.com\/sl\/#website"},"primaryImageOfPage":{"@id":"https:\/\/paperpotagriculture.com\/sl\/izdelek\/dvoredni-sadilec-za-papirnate-verizne-loncke-hp-7iv\/#primaryimage"},"image":{"@id":"https:\/\/paperpotagriculture.com\/sl\/izdelek\/dvoredni-sadilec-za-papirnate-verizne-loncke-hp-7iv\/#primaryimage"},"thumbnailUrl":"https:\/\/paperpotagriculture.com\/wp-content\/uploads\/2025\/07\/hp7-1_98c4f78c-ddcb-40bd-9da1-1e6001e099f8.webp","datePublished":"2025-07-04T08:23:29+00:00","dateModified":"2025-08-25T11:04:13+00:00","description":"Dvoredni sadilec za papirnate veri\u017ene lon\u010dke HP-7IV omogo\u010da hitro in u\u010dinkovito sajenje. Zmanj\u0161ajte fizi\u010dni napor. Naro\u010dite zdaj!","breadcrumb":{"@id":"https:\/\/paperpotagriculture.com\/sl\/izdelek\/dvoredni-sadilec-za-papirnate-verizne-loncke-hp-7iv\/#breadcrumb"},"inLanguage":"sl-SI","potentialAction":[{"@type":"ReadAction","target":["https:\/\/paperpotagriculture.com\/sl\/izdelek\/dvoredni-sadilec-za-papirnate-verizne-loncke-hp-7iv\/"]}]},{"@type":"ImageObject","inLanguage":"sl-SI","@id":"https:\/\/paperpotagriculture.com\/sl\/izdelek\/dvoredni-sadilec-za-papirnate-verizne-loncke-hp-7iv\/#primaryimage","url":"https:\/\/paperpotagriculture.com\/wp-content\/uploads\/2025\/07\/hp7-1_98c4f78c-ddcb-40bd-9da1-1e6001e099f8.webp","contentUrl":"https:\/\/paperpotagriculture.com\/wp-content\/uploads\/2025\/07\/hp7-1_98c4f78c-ddcb-40bd-9da1-1e6001e099f8.webp","width":713,"height":713},{"@type":"BreadcrumbList","@id":"https:\/\/paperpotagriculture.com\/sl\/izdelek\/dvoredni-sadilec-za-papirnate-verizne-loncke-hp-7iv\/#breadcrumb","itemListElement":[{"@type":"ListItem","position":1,"name":"Trgovina","item":"https:\/\/paperpotagriculture.com\/sl\/trgovina\/"},{"@type":"ListItem","position":2,"name":"Sadilec","item":"https:\/\/paperpotagriculture.com\/sl\/kategorija-izdelka\/sadilec-sl\/"},{"@type":"ListItem","position":3,"name":"Dvoredni sadilec za papirnate veri\u017ene lon\u010dke HP-7IV"}]},{"@type":"WebSite","@id":"https:\/\/paperpotagriculture.com\/sl\/#website","url":"https:\/\/paperpotagriculture.com\/sl\/","name":"Paperpotagriculture","description":"","potentialAction":[{"@type":"SearchAction","target":{"@type":"EntryPoint","urlTemplate":"https:\/\/paperpotagriculture.com\/sl\/?s={search_term_string}"},"query-input":{"@type":"PropertyValueSpecification","valueRequired":true,"valueName":"search_term_string"}}],"inLanguage":"sl-SI"}]}},"_links":{"self":[{"href":"https:\/\/paperpotagriculture.com\/sl\/wp-json\/wp\/v2\/product\/1271","targetHints":{"allow":["GET"]}}],"collection":[{"href":"https:\/\/paperpotagriculture.com\/sl\/wp-json\/wp\/v2\/product"}],"about":[{"href":"https:\/\/paperpotagriculture.com\/sl\/wp-json\/wp\/v2\/types\/product"}],"replies":[{"embeddable":true,"href":"https:\/\/paperpotagriculture.com\/sl\/wp-json\/wp\/v2\/comments?post=1271"}],"wp:featuredmedia":[{"embeddable":true,"href":"https:\/\/paperpotagriculture.com\/sl\/wp-json\/wp\/v2\/media\/970"}],"wp:attachment":[{"href":"https:\/\/paperpotagriculture.com\/sl\/wp-json\/wp\/v2\/media?parent=1271"}],"wp:term":[{"taxonomy":"product_brand","embeddable":true,"href":"https:\/\/paperpotagriculture.com\/sl\/wp-json\/wp\/v2\/product_brand?post=1271"},{"taxonomy":"product_cat","embeddable":true,"href":"https:\/\/paperpotagriculture.com\/sl\/wp-json\/wp\/v2\/product_cat?post=1271"},{"taxonomy":"product_tag","embeddable":true,"href":"https:\/\/paperpotagriculture.com\/sl\/wp-json\/wp\/v2\/product_tag?post=1271"}],"curies":[{"name":"wp","href":"https:\/\/api.w.org\/{rel}","templated":true}]}}