{"id":1268,"date":"2025-07-04T08:18:53","date_gmt":"2025-07-04T08:18:53","guid":{"rendered":"https:\/\/paperpotagriculture.com\/product\/73mm-replacement-plow-for-paper-pot-transplanter-hp-16-and-double-row-transplanter-hp-7iv\/"},"modified":"2025-08-25T10:59:47","modified_gmt":"2025-08-25T10:59:47","slug":"nadomestni-plug-za-globlje-sajenje","status":"publish","type":"product","link":"https:\/\/paperpotagriculture.com\/sl\/izdelek\/nadomestni-plug-za-globlje-sajenje\/","title":{"rendered":"Nadomestni plug za globlje sajenje"},"content":{"rendered":"","protected":false},"excerpt":{"rendered":"<p>Ta 73 mm nadomestni plug je zasnovan za uporabo s sadilcem\u00a0<a href=\"https:\/\/paperpotagriculture.com\/sl\/products\/paper-pot-transplanter-hp-16\">HP-16<\/a>\u00a0 in dvorednim sadilcem<a href=\"https:\/\/paperpotagriculture.com\/sl\/products\/paper-pot-double-row-transplanter-hp-7iv\">\u00a0HP-7IV<\/a>. Je 20 mm globlji od standardnega 53 mm pluga, zaradi \u010desar je primeren za globlje sajenje polj\u0161\u010din. Zelo uporaben je tudi za podlage s slab\u0161o prstjo. Zagotavlja stabilno globino sajenja pri uporabi s papirnatim veri\u017enim lon\u010dkom\u00a0<a href=\"https:\/\/paperpotagriculture.com\/sl\/products\/30-cm-spacing-paper-chain-pot-lp353-30\">LP353-30<\/a>.<\/p>\n","protected":false},"featured_media":952,"comment_status":"closed","ping_status":"closed","template":"","meta":{"_acf_changed":false},"product_brand":[],"product_cat":[177,179,178],"product_tag":[],"class_list":{"0":"post-1268","1":"product","2":"type-product","3":"status-publish","4":"has-post-thumbnail","6":"product_cat-double-row-transplantor-sl","7":"product_cat-sadilec-sl","8":"product_cat-single-row-transplantor-sl-2","10":"first","11":"instock","12":"taxable","13":"shipping-taxable","14":"purchasable","15":"product-type-simple"},"acf":[],"yoast_head":"<!-- This site is optimized with the Yoast SEO plugin v26.5 - https:\/\/yoast.com\/wordpress\/plugins\/seo\/ -->\n<title>Nadomestni Plug za Globlje Sajenje | Paperpotagriculture<\/title>\n<meta name=\"description\" content=\"Nadomestni plug za globlje sajenje omogo\u010da u\u010dinkovito sajenje. Pridobite svoj 73 mm plug za sadilca HP-16 in HP-7IV zdaj.\" \/>\n<meta name=\"robots\" content=\"index, follow, max-snippet:-1, max-image-preview:large, max-video-preview:-1\" \/>\n<link rel=\"canonical\" href=\"https:\/\/paperpotagriculture.com\/sl\/izdelek\/nadomestni-plug-za-globlje-sajenje\/\" \/>\n<meta property=\"og:locale\" content=\"sl_SI\" \/>\n<meta property=\"og:type\" content=\"article\" \/>\n<meta property=\"og:title\" content=\"Nadomestni Plug za Globlje Sajenje | Paperpotagriculture\" \/>\n<meta property=\"og:description\" content=\"Zagotovite si 73 mm nadomestni plug za u\u010dinkovito sajenje.\" \/>\n<meta property=\"og:url\" content=\"https:\/\/paperpotagriculture.com\/sl\/izdelek\/nadomestni-plug-za-globlje-sajenje\/\" \/>\n<meta property=\"og:site_name\" content=\"Paperpotagriculture\" \/>\n<meta property=\"article:modified_time\" content=\"2025-08-25T10:59:47+00:00\" \/>\n<meta property=\"og:image\" content=\"https:\/\/paperpotagriculture.com\/wp-content\/uploads\/2025\/07\/PaperPotTransplanter73mmReplacementPlow-HP16.webp\" \/>\n\t<meta property=\"og:image:width\" content=\"639\" \/>\n\t<meta property=\"og:image:height\" content=\"322\" \/>\n\t<meta property=\"og:image:type\" content=\"image\/webp\" \/>\n<meta name=\"twitter:card\" content=\"summary_large_image\" \/>\n<meta name=\"twitter:title\" content=\"Nadomestni Plug za Globlje Sajenje | Paperpotagriculture\" \/>\n<meta name=\"twitter:description\" content=\"Pridobite svoj 73 mm nadomestni plug za sadilce HP-16 in HP-7IV.\" \/>\n<meta name=\"twitter:label1\" content=\"Est. reading time\" \/>\n\t<meta name=\"twitter:data1\" content=\"1 minuta\" \/>\n<script type=\"application\/ld+json\" class=\"yoast-schema-graph\">{\"@context\":\"https:\/\/schema.org\",\"@graph\":[{\"@type\":\"WebPage\",\"@id\":\"https:\/\/paperpotagriculture.com\/sl\/izdelek\/nadomestni-plug-za-globlje-sajenje\/\",\"url\":\"https:\/\/paperpotagriculture.com\/sl\/izdelek\/nadomestni-plug-za-globlje-sajenje\/\",\"name\":\"Nadomestni Plug za Globlje Sajenje | Paperpotagriculture\",\"isPartOf\":{\"@id\":\"https:\/\/paperpotagriculture.com\/sl\/#website\"},\"primaryImageOfPage\":{\"@id\":\"https:\/\/paperpotagriculture.com\/sl\/izdelek\/nadomestni-plug-za-globlje-sajenje\/#primaryimage\"},\"image\":{\"@id\":\"https:\/\/paperpotagriculture.com\/sl\/izdelek\/nadomestni-plug-za-globlje-sajenje\/#primaryimage\"},\"thumbnailUrl\":\"https:\/\/paperpotagriculture.com\/wp-content\/uploads\/2025\/07\/PaperPotTransplanter73mmReplacementPlow-HP16.webp\",\"datePublished\":\"2025-07-04T08:18:53+00:00\",\"dateModified\":\"2025-08-25T10:59:47+00:00\",\"description\":\"Nadomestni plug za globlje sajenje omogo\u010da u\u010dinkovito sajenje. Pridobite svoj 73 mm plug za sadilca HP-16 in HP-7IV zdaj.\",\"breadcrumb\":{\"@id\":\"https:\/\/paperpotagriculture.com\/sl\/izdelek\/nadomestni-plug-za-globlje-sajenje\/#breadcrumb\"},\"inLanguage\":\"sl-SI\",\"potentialAction\":[{\"@type\":\"ReadAction\",\"target\":[\"https:\/\/paperpotagriculture.com\/sl\/izdelek\/nadomestni-plug-za-globlje-sajenje\/\"]}]},{\"@type\":\"ImageObject\",\"inLanguage\":\"sl-SI\",\"@id\":\"https:\/\/paperpotagriculture.com\/sl\/izdelek\/nadomestni-plug-za-globlje-sajenje\/#primaryimage\",\"url\":\"https:\/\/paperpotagriculture.com\/wp-content\/uploads\/2025\/07\/PaperPotTransplanter73mmReplacementPlow-HP16.webp\",\"contentUrl\":\"https:\/\/paperpotagriculture.com\/wp-content\/uploads\/2025\/07\/PaperPotTransplanter73mmReplacementPlow-HP16.webp\",\"width\":639,\"height\":322},{\"@type\":\"BreadcrumbList\",\"@id\":\"https:\/\/paperpotagriculture.com\/sl\/izdelek\/nadomestni-plug-za-globlje-sajenje\/#breadcrumb\",\"itemListElement\":[{\"@type\":\"ListItem\",\"position\":1,\"name\":\"Trgovina\",\"item\":\"https:\/\/paperpotagriculture.com\/sl\/trgovina\/\"},{\"@type\":\"ListItem\",\"position\":2,\"name\":\"Sadilec\",\"item\":\"https:\/\/paperpotagriculture.com\/sl\/kategorija-izdelka\/sadilec-sl\/\"},{\"@type\":\"ListItem\",\"position\":3,\"name\":\"Nadomestni plug za globlje sajenje\"}]},{\"@type\":\"WebSite\",\"@id\":\"https:\/\/paperpotagriculture.com\/sl\/#website\",\"url\":\"https:\/\/paperpotagriculture.com\/sl\/\",\"name\":\"Paperpotagriculture\",\"description\":\"\",\"potentialAction\":[{\"@type\":\"SearchAction\",\"target\":{\"@type\":\"EntryPoint\",\"urlTemplate\":\"https:\/\/paperpotagriculture.com\/sl\/?s={search_term_string}\"},\"query-input\":{\"@type\":\"PropertyValueSpecification\",\"valueRequired\":true,\"valueName\":\"search_term_string\"}}],\"inLanguage\":\"sl-SI\"}]}<\/script>\n<!-- \/ Yoast SEO plugin. -->","yoast_head_json":{"title":"Nadomestni Plug za Globlje Sajenje | Paperpotagriculture","description":"Nadomestni plug za globlje sajenje omogo\u010da u\u010dinkovito sajenje. Pridobite svoj 73 mm plug za sadilca HP-16 in HP-7IV zdaj.","robots":{"index":"index","follow":"follow","max-snippet":"max-snippet:-1","max-image-preview":"max-image-preview:large","max-video-preview":"max-video-preview:-1"},"canonical":"https:\/\/paperpotagriculture.com\/sl\/izdelek\/nadomestni-plug-za-globlje-sajenje\/","og_locale":"sl_SI","og_type":"article","og_title":"Nadomestni Plug za Globlje Sajenje | Paperpotagriculture","og_description":"Zagotovite si 73 mm nadomestni plug za u\u010dinkovito sajenje.","og_url":"https:\/\/paperpotagriculture.com\/sl\/izdelek\/nadomestni-plug-za-globlje-sajenje\/","og_site_name":"Paperpotagriculture","article_modified_time":"2025-08-25T10:59:47+00:00","og_image":[{"width":639,"height":322,"url":"https:\/\/paperpotagriculture.com\/wp-content\/uploads\/2025\/07\/PaperPotTransplanter73mmReplacementPlow-HP16.webp","type":"image\/webp"}],"twitter_card":"summary_large_image","twitter_title":"Nadomestni Plug za Globlje Sajenje | Paperpotagriculture","twitter_description":"Pridobite svoj 73 mm nadomestni plug za sadilce HP-16 in HP-7IV.","twitter_misc":{"Est. reading time":"1 minuta"},"schema":{"@context":"https:\/\/schema.org","@graph":[{"@type":"WebPage","@id":"https:\/\/paperpotagriculture.com\/sl\/izdelek\/nadomestni-plug-za-globlje-sajenje\/","url":"https:\/\/paperpotagriculture.com\/sl\/izdelek\/nadomestni-plug-za-globlje-sajenje\/","name":"Nadomestni Plug za Globlje Sajenje | Paperpotagriculture","isPartOf":{"@id":"https:\/\/paperpotagriculture.com\/sl\/#website"},"primaryImageOfPage":{"@id":"https:\/\/paperpotagriculture.com\/sl\/izdelek\/nadomestni-plug-za-globlje-sajenje\/#primaryimage"},"image":{"@id":"https:\/\/paperpotagriculture.com\/sl\/izdelek\/nadomestni-plug-za-globlje-sajenje\/#primaryimage"},"thumbnailUrl":"https:\/\/paperpotagriculture.com\/wp-content\/uploads\/2025\/07\/PaperPotTransplanter73mmReplacementPlow-HP16.webp","datePublished":"2025-07-04T08:18:53+00:00","dateModified":"2025-08-25T10:59:47+00:00","description":"Nadomestni plug za globlje sajenje omogo\u010da u\u010dinkovito sajenje. Pridobite svoj 73 mm plug za sadilca HP-16 in HP-7IV zdaj.","breadcrumb":{"@id":"https:\/\/paperpotagriculture.com\/sl\/izdelek\/nadomestni-plug-za-globlje-sajenje\/#breadcrumb"},"inLanguage":"sl-SI","potentialAction":[{"@type":"ReadAction","target":["https:\/\/paperpotagriculture.com\/sl\/izdelek\/nadomestni-plug-za-globlje-sajenje\/"]}]},{"@type":"ImageObject","inLanguage":"sl-SI","@id":"https:\/\/paperpotagriculture.com\/sl\/izdelek\/nadomestni-plug-za-globlje-sajenje\/#primaryimage","url":"https:\/\/paperpotagriculture.com\/wp-content\/uploads\/2025\/07\/PaperPotTransplanter73mmReplacementPlow-HP16.webp","contentUrl":"https:\/\/paperpotagriculture.com\/wp-content\/uploads\/2025\/07\/PaperPotTransplanter73mmReplacementPlow-HP16.webp","width":639,"height":322},{"@type":"BreadcrumbList","@id":"https:\/\/paperpotagriculture.com\/sl\/izdelek\/nadomestni-plug-za-globlje-sajenje\/#breadcrumb","itemListElement":[{"@type":"ListItem","position":1,"name":"Trgovina","item":"https:\/\/paperpotagriculture.com\/sl\/trgovina\/"},{"@type":"ListItem","position":2,"name":"Sadilec","item":"https:\/\/paperpotagriculture.com\/sl\/kategorija-izdelka\/sadilec-sl\/"},{"@type":"ListItem","position":3,"name":"Nadomestni plug za globlje sajenje"}]},{"@type":"WebSite","@id":"https:\/\/paperpotagriculture.com\/sl\/#website","url":"https:\/\/paperpotagriculture.com\/sl\/","name":"Paperpotagriculture","description":"","potentialAction":[{"@type":"SearchAction","target":{"@type":"EntryPoint","urlTemplate":"https:\/\/paperpotagriculture.com\/sl\/?s={search_term_string}"},"query-input":{"@type":"PropertyValueSpecification","valueRequired":true,"valueName":"search_term_string"}}],"inLanguage":"sl-SI"}]}},"_links":{"self":[{"href":"https:\/\/paperpotagriculture.com\/sl\/wp-json\/wp\/v2\/product\/1268","targetHints":{"allow":["GET"]}}],"collection":[{"href":"https:\/\/paperpotagriculture.com\/sl\/wp-json\/wp\/v2\/product"}],"about":[{"href":"https:\/\/paperpotagriculture.com\/sl\/wp-json\/wp\/v2\/types\/product"}],"replies":[{"embeddable":true,"href":"https:\/\/paperpotagriculture.com\/sl\/wp-json\/wp\/v2\/comments?post=1268"}],"wp:featuredmedia":[{"embeddable":true,"href":"https:\/\/paperpotagriculture.com\/sl\/wp-json\/wp\/v2\/media\/952"}],"wp:attachment":[{"href":"https:\/\/paperpotagriculture.com\/sl\/wp-json\/wp\/v2\/media?parent=1268"}],"wp:term":[{"taxonomy":"product_brand","embeddable":true,"href":"https:\/\/paperpotagriculture.com\/sl\/wp-json\/wp\/v2\/product_brand?post=1268"},{"taxonomy":"product_cat","embeddable":true,"href":"https:\/\/paperpotagriculture.com\/sl\/wp-json\/wp\/v2\/product_cat?post=1268"},{"taxonomy":"product_tag","embeddable":true,"href":"https:\/\/paperpotagriculture.com\/sl\/wp-json\/wp\/v2\/product_tag?post=1268"}],"curies":[{"name":"wp","href":"https:\/\/api.w.org\/{rel}","templated":true}]}}