{"id":1244,"date":"2025-04-24T08:53:19","date_gmt":"2025-04-24T08:53:19","guid":{"rendered":"https:\/\/paperpotagriculture.com\/product\/paper-chain-pot\/"},"modified":"2025-08-18T13:13:06","modified_gmt":"2025-08-18T13:13:06","slug":"papirnati-verizni-loncki","status":"publish","type":"product","link":"https:\/\/paperpotagriculture.com\/sl\/izdelek\/papirnati-verizni-loncki\/","title":{"rendered":"Papirnati veri\u017eni lon\u010dki"},"content":{"rendered":"","protected":false},"excerpt":{"rendered":"<p>Gojite z lahkoto z uporabo papirnatih lon\u010dkov z veri\u017eno razdaljo! Njihova pametna zasnova zagotavlja optimalen razmik med sadikami za zdravo rast in enostavno presajanje.<\/p>\n","protected":false},"featured_media":628,"comment_status":"closed","ping_status":"closed","template":"","meta":{"_acf_changed":false},"product_brand":[],"product_cat":[135,163],"product_tag":[],"class_list":{"0":"post-1244","1":"product","2":"type-product","3":"status-publish","4":"has-post-thumbnail","6":"product_cat-oprema-za-sejanje-sl","7":"product_cat-paper-chain-pot-sl","9":"first","10":"instock","11":"taxable","12":"shipping-taxable","13":"purchasable","14":"product-type-variable","15":"has-default-attributes"},"acf":[],"yoast_head":"<!-- This site is optimized with the Yoast SEO plugin v26.5 - https:\/\/yoast.com\/wordpress\/plugins\/seo\/ -->\n<title>Papirnati veri\u017eni lon\u010dki - Enostavno gojenje rastlin<\/title>\n<meta name=\"description\" content=\"Papirnati veri\u017eni lon\u010dki zagotavljajo optimalen razmik sadik za zdrav razvoj. Naro\u010dite jih danes in olaj\u0161ajte si presajanje!\" \/>\n<meta name=\"robots\" content=\"index, follow, max-snippet:-1, max-image-preview:large, max-video-preview:-1\" \/>\n<link rel=\"canonical\" href=\"https:\/\/paperpotagriculture.com\/sl\/izdelek\/papirnati-verizni-loncki\/\" \/>\n<meta property=\"og:locale\" content=\"sl_SI\" \/>\n<meta property=\"og:type\" content=\"article\" \/>\n<meta property=\"og:title\" content=\"Papirnati veri\u017eni lon\u010dki - U\u010dinkovito gojenje\" \/>\n<meta property=\"og:description\" content=\"Papirnati veri\u017eni lon\u010dki zagotavljajo optimalen razmik sadik. Naro\u010dite sedaj!\" \/>\n<meta property=\"og:url\" content=\"https:\/\/paperpotagriculture.com\/sl\/izdelek\/papirnati-verizni-loncki\/\" \/>\n<meta property=\"og:site_name\" content=\"Paperpotagriculture\" \/>\n<meta property=\"article:modified_time\" content=\"2025-08-18T13:13:06+00:00\" \/>\n<meta property=\"og:image\" content=\"https:\/\/paperpotagriculture.com\/wp-content\/uploads\/2025\/04\/IMG-2.jpg\" \/>\n\t<meta property=\"og:image:width\" content=\"328\" \/>\n\t<meta property=\"og:image:height\" content=\"287\" \/>\n\t<meta property=\"og:image:type\" content=\"image\/jpeg\" \/>\n<meta name=\"twitter:card\" content=\"summary_large_image\" \/>\n<meta name=\"twitter:title\" content=\"Papirnati veri\u017eni lon\u010dki - U\u010dinkovitost v vrtnarstvu\" \/>\n<meta name=\"twitter:description\" content=\"Z na\u0161imi papirnatimi veri\u017enimi lon\u010dki boste enostavno presadili rastline. Naro\u010dite zdaj!\" \/>\n<meta name=\"twitter:label1\" content=\"Est. reading time\" \/>\n\t<meta name=\"twitter:data1\" content=\"1 minuta\" \/>\n<script type=\"application\/ld+json\" class=\"yoast-schema-graph\">{\"@context\":\"https:\/\/schema.org\",\"@graph\":[{\"@type\":\"WebPage\",\"@id\":\"https:\/\/paperpotagriculture.com\/sl\/izdelek\/papirnati-verizni-loncki\/\",\"url\":\"https:\/\/paperpotagriculture.com\/sl\/izdelek\/papirnati-verizni-loncki\/\",\"name\":\"Papirnati veri\u017eni lon\u010dki - Enostavno gojenje rastlin\",\"isPartOf\":{\"@id\":\"https:\/\/paperpotagriculture.com\/sl\/#website\"},\"primaryImageOfPage\":{\"@id\":\"https:\/\/paperpotagriculture.com\/sl\/izdelek\/papirnati-verizni-loncki\/#primaryimage\"},\"image\":{\"@id\":\"https:\/\/paperpotagriculture.com\/sl\/izdelek\/papirnati-verizni-loncki\/#primaryimage\"},\"thumbnailUrl\":\"https:\/\/paperpotagriculture.com\/wp-content\/uploads\/2025\/04\/IMG-2.jpg\",\"datePublished\":\"2025-04-24T08:53:19+00:00\",\"dateModified\":\"2025-08-18T13:13:06+00:00\",\"description\":\"Papirnati veri\u017eni lon\u010dki zagotavljajo optimalen razmik sadik za zdrav razvoj. Naro\u010dite jih danes in olaj\u0161ajte si presajanje!\",\"breadcrumb\":{\"@id\":\"https:\/\/paperpotagriculture.com\/sl\/izdelek\/papirnati-verizni-loncki\/#breadcrumb\"},\"inLanguage\":\"sl-SI\",\"potentialAction\":[{\"@type\":\"ReadAction\",\"target\":[\"https:\/\/paperpotagriculture.com\/sl\/izdelek\/papirnati-verizni-loncki\/\"]}]},{\"@type\":\"ImageObject\",\"inLanguage\":\"sl-SI\",\"@id\":\"https:\/\/paperpotagriculture.com\/sl\/izdelek\/papirnati-verizni-loncki\/#primaryimage\",\"url\":\"https:\/\/paperpotagriculture.com\/wp-content\/uploads\/2025\/04\/IMG-2.jpg\",\"contentUrl\":\"https:\/\/paperpotagriculture.com\/wp-content\/uploads\/2025\/04\/IMG-2.jpg\",\"width\":328,\"height\":287},{\"@type\":\"BreadcrumbList\",\"@id\":\"https:\/\/paperpotagriculture.com\/sl\/izdelek\/papirnati-verizni-loncki\/#breadcrumb\",\"itemListElement\":[{\"@type\":\"ListItem\",\"position\":1,\"name\":\"Trgovina\",\"item\":\"https:\/\/paperpotagriculture.com\/sl\/trgovina\/\"},{\"@type\":\"ListItem\",\"position\":2,\"name\":\"Oprema za sejanje\",\"item\":\"https:\/\/paperpotagriculture.com\/sl\/kategorija-izdelka\/oprema-za-sejanje-sl\/\"},{\"@type\":\"ListItem\",\"position\":3,\"name\":\"Papirnati veri\u017eni lon\u010dki\"}]},{\"@type\":\"WebSite\",\"@id\":\"https:\/\/paperpotagriculture.com\/sl\/#website\",\"url\":\"https:\/\/paperpotagriculture.com\/sl\/\",\"name\":\"Paperpotagriculture\",\"description\":\"\",\"potentialAction\":[{\"@type\":\"SearchAction\",\"target\":{\"@type\":\"EntryPoint\",\"urlTemplate\":\"https:\/\/paperpotagriculture.com\/sl\/?s={search_term_string}\"},\"query-input\":{\"@type\":\"PropertyValueSpecification\",\"valueRequired\":true,\"valueName\":\"search_term_string\"}}],\"inLanguage\":\"sl-SI\"}]}<\/script>\n<!-- \/ Yoast SEO plugin. -->","yoast_head_json":{"title":"Papirnati veri\u017eni lon\u010dki - Enostavno gojenje rastlin","description":"Papirnati veri\u017eni lon\u010dki zagotavljajo optimalen razmik sadik za zdrav razvoj. Naro\u010dite jih danes in olaj\u0161ajte si presajanje!","robots":{"index":"index","follow":"follow","max-snippet":"max-snippet:-1","max-image-preview":"max-image-preview:large","max-video-preview":"max-video-preview:-1"},"canonical":"https:\/\/paperpotagriculture.com\/sl\/izdelek\/papirnati-verizni-loncki\/","og_locale":"sl_SI","og_type":"article","og_title":"Papirnati veri\u017eni lon\u010dki - U\u010dinkovito gojenje","og_description":"Papirnati veri\u017eni lon\u010dki zagotavljajo optimalen razmik sadik. Naro\u010dite sedaj!","og_url":"https:\/\/paperpotagriculture.com\/sl\/izdelek\/papirnati-verizni-loncki\/","og_site_name":"Paperpotagriculture","article_modified_time":"2025-08-18T13:13:06+00:00","og_image":[{"width":328,"height":287,"url":"https:\/\/paperpotagriculture.com\/wp-content\/uploads\/2025\/04\/IMG-2.jpg","type":"image\/jpeg"}],"twitter_card":"summary_large_image","twitter_title":"Papirnati veri\u017eni lon\u010dki - U\u010dinkovitost v vrtnarstvu","twitter_description":"Z na\u0161imi papirnatimi veri\u017enimi lon\u010dki boste enostavno presadili rastline. Naro\u010dite zdaj!","twitter_misc":{"Est. reading time":"1 minuta"},"schema":{"@context":"https:\/\/schema.org","@graph":[{"@type":"WebPage","@id":"https:\/\/paperpotagriculture.com\/sl\/izdelek\/papirnati-verizni-loncki\/","url":"https:\/\/paperpotagriculture.com\/sl\/izdelek\/papirnati-verizni-loncki\/","name":"Papirnati veri\u017eni lon\u010dki - Enostavno gojenje rastlin","isPartOf":{"@id":"https:\/\/paperpotagriculture.com\/sl\/#website"},"primaryImageOfPage":{"@id":"https:\/\/paperpotagriculture.com\/sl\/izdelek\/papirnati-verizni-loncki\/#primaryimage"},"image":{"@id":"https:\/\/paperpotagriculture.com\/sl\/izdelek\/papirnati-verizni-loncki\/#primaryimage"},"thumbnailUrl":"https:\/\/paperpotagriculture.com\/wp-content\/uploads\/2025\/04\/IMG-2.jpg","datePublished":"2025-04-24T08:53:19+00:00","dateModified":"2025-08-18T13:13:06+00:00","description":"Papirnati veri\u017eni lon\u010dki zagotavljajo optimalen razmik sadik za zdrav razvoj. Naro\u010dite jih danes in olaj\u0161ajte si presajanje!","breadcrumb":{"@id":"https:\/\/paperpotagriculture.com\/sl\/izdelek\/papirnati-verizni-loncki\/#breadcrumb"},"inLanguage":"sl-SI","potentialAction":[{"@type":"ReadAction","target":["https:\/\/paperpotagriculture.com\/sl\/izdelek\/papirnati-verizni-loncki\/"]}]},{"@type":"ImageObject","inLanguage":"sl-SI","@id":"https:\/\/paperpotagriculture.com\/sl\/izdelek\/papirnati-verizni-loncki\/#primaryimage","url":"https:\/\/paperpotagriculture.com\/wp-content\/uploads\/2025\/04\/IMG-2.jpg","contentUrl":"https:\/\/paperpotagriculture.com\/wp-content\/uploads\/2025\/04\/IMG-2.jpg","width":328,"height":287},{"@type":"BreadcrumbList","@id":"https:\/\/paperpotagriculture.com\/sl\/izdelek\/papirnati-verizni-loncki\/#breadcrumb","itemListElement":[{"@type":"ListItem","position":1,"name":"Trgovina","item":"https:\/\/paperpotagriculture.com\/sl\/trgovina\/"},{"@type":"ListItem","position":2,"name":"Oprema za sejanje","item":"https:\/\/paperpotagriculture.com\/sl\/kategorija-izdelka\/oprema-za-sejanje-sl\/"},{"@type":"ListItem","position":3,"name":"Papirnati veri\u017eni lon\u010dki"}]},{"@type":"WebSite","@id":"https:\/\/paperpotagriculture.com\/sl\/#website","url":"https:\/\/paperpotagriculture.com\/sl\/","name":"Paperpotagriculture","description":"","potentialAction":[{"@type":"SearchAction","target":{"@type":"EntryPoint","urlTemplate":"https:\/\/paperpotagriculture.com\/sl\/?s={search_term_string}"},"query-input":{"@type":"PropertyValueSpecification","valueRequired":true,"valueName":"search_term_string"}}],"inLanguage":"sl-SI"}]}},"_links":{"self":[{"href":"https:\/\/paperpotagriculture.com\/sl\/wp-json\/wp\/v2\/product\/1244","targetHints":{"allow":["GET"]}}],"collection":[{"href":"https:\/\/paperpotagriculture.com\/sl\/wp-json\/wp\/v2\/product"}],"about":[{"href":"https:\/\/paperpotagriculture.com\/sl\/wp-json\/wp\/v2\/types\/product"}],"replies":[{"embeddable":true,"href":"https:\/\/paperpotagriculture.com\/sl\/wp-json\/wp\/v2\/comments?post=1244"}],"wp:featuredmedia":[{"embeddable":true,"href":"https:\/\/paperpotagriculture.com\/sl\/wp-json\/wp\/v2\/media\/628"}],"wp:attachment":[{"href":"https:\/\/paperpotagriculture.com\/sl\/wp-json\/wp\/v2\/media?parent=1244"}],"wp:term":[{"taxonomy":"product_brand","embeddable":true,"href":"https:\/\/paperpotagriculture.com\/sl\/wp-json\/wp\/v2\/product_brand?post=1244"},{"taxonomy":"product_cat","embeddable":true,"href":"https:\/\/paperpotagriculture.com\/sl\/wp-json\/wp\/v2\/product_cat?post=1244"},{"taxonomy":"product_tag","embeddable":true,"href":"https:\/\/paperpotagriculture.com\/sl\/wp-json\/wp\/v2\/product_tag?post=1244"}],"curies":[{"name":"wp","href":"https:\/\/api.w.org\/{rel}","templated":true}]}}