{"id":1224,"date":"2025-04-24T08:52:14","date_gmt":"2025-04-24T08:52:14","guid":{"rendered":"https:\/\/paperpotagriculture.com\/product\/nursery-tray\/"},"modified":"2025-08-18T12:56:58","modified_gmt":"2025-08-18T12:56:58","slug":"podlozni-pladnji-za-vzgojo-sadik","status":"publish","type":"product","link":"https:\/\/paperpotagriculture.com\/sl\/izdelek\/podlozni-pladnji-za-vzgojo-sadik\/","title":{"rendered":"Podlo\u017eni pladnji za vzgojo sadik"},"content":{"rendered":"","protected":false},"excerpt":{"rendered":"<p>Podlo\u017eni pladnji za vzgojo sadik, ki so strokovno zasnovani za optimalno rast zelenjave, so izdelani iz visokokakovostne plastike in so primerni za vse veri\u017ene in neveri\u017ene sisteme papirnatih lon\u010dkov.<\/p>\n","protected":false},"featured_media":622,"comment_status":"open","ping_status":"closed","template":"","meta":{"_acf_changed":false},"product_brand":[],"product_cat":[151,135],"product_tag":[],"class_list":{"0":"post-1224","1":"product","2":"type-product","3":"status-publish","4":"has-post-thumbnail","6":"product_cat-nursery-tray-sl","7":"product_cat-oprema-za-sejanje-sl","9":"first","10":"instock","11":"taxable","12":"shipping-taxable","13":"purchasable","14":"product-type-variable"},"acf":[],"yoast_head":"<!-- This site is optimized with the Yoast SEO plugin v26.5 - https:\/\/yoast.com\/wordpress\/plugins\/seo\/ -->\n<title>Podlo\u017eni pladnji za vzgojo sadik - Kakovostna izbira<\/title>\n<meta name=\"description\" content=\"Podlo\u017eni pladnji za vzgojo sadik zagotavljajo optimalno rast zelenjave. Naro\u010dite zdaj in izkoristite brezpla\u010dno po\u0161iljanje nad 100 \u20ac.\" \/>\n<meta name=\"robots\" content=\"index, follow, max-snippet:-1, max-image-preview:large, max-video-preview:-1\" \/>\n<link rel=\"canonical\" href=\"https:\/\/paperpotagriculture.com\/sl\/izdelek\/podlozni-pladnji-za-vzgojo-sadik\/\" \/>\n<meta property=\"og:locale\" content=\"sl_SI\" \/>\n<meta property=\"og:type\" content=\"article\" \/>\n<meta property=\"og:title\" content=\"Podlo\u017eni pladnji za vzgojo sadik - Kakovostna izbira\" \/>\n<meta property=\"og:description\" content=\"Za optimalno rast zelenjave izberite na\u0161e pladnje. Naro\u010dite zdaj!\" \/>\n<meta property=\"og:url\" content=\"https:\/\/paperpotagriculture.com\/sl\/izdelek\/podlozni-pladnji-za-vzgojo-sadik\/\" \/>\n<meta property=\"og:site_name\" content=\"Paperpotagriculture\" \/>\n<meta property=\"article:modified_time\" content=\"2025-08-18T12:56:58+00:00\" \/>\n<meta property=\"og:image\" content=\"https:\/\/paperpotagriculture.com\/wp-content\/uploads\/2025\/04\/IMG-1.jpg\" \/>\n\t<meta property=\"og:image:width\" content=\"328\" \/>\n\t<meta property=\"og:image:height\" content=\"286\" \/>\n\t<meta property=\"og:image:type\" content=\"image\/jpeg\" \/>\n<meta name=\"twitter:card\" content=\"summary_large_image\" \/>\n<meta name=\"twitter:title\" content=\"Kakovostni Podlo\u017eni pladnji za sadike - Naro\u010dite danes!\" \/>\n<meta name=\"twitter:description\" content=\"Naredite korak k bolj\u0161emu vrtnarjenju. Naro\u010dite pladnje za vzgojo sadik zdaj!\" \/>\n<meta name=\"twitter:label1\" content=\"Est. reading time\" \/>\n\t<meta name=\"twitter:data1\" content=\"1 minuta\" \/>\n<script type=\"application\/ld+json\" class=\"yoast-schema-graph\">{\"@context\":\"https:\/\/schema.org\",\"@graph\":[{\"@type\":\"WebPage\",\"@id\":\"https:\/\/paperpotagriculture.com\/sl\/izdelek\/podlozni-pladnji-za-vzgojo-sadik\/\",\"url\":\"https:\/\/paperpotagriculture.com\/sl\/izdelek\/podlozni-pladnji-za-vzgojo-sadik\/\",\"name\":\"Podlo\u017eni pladnji za vzgojo sadik - Kakovostna izbira\",\"isPartOf\":{\"@id\":\"https:\/\/paperpotagriculture.com\/sl\/#website\"},\"primaryImageOfPage\":{\"@id\":\"https:\/\/paperpotagriculture.com\/sl\/izdelek\/podlozni-pladnji-za-vzgojo-sadik\/#primaryimage\"},\"image\":{\"@id\":\"https:\/\/paperpotagriculture.com\/sl\/izdelek\/podlozni-pladnji-za-vzgojo-sadik\/#primaryimage\"},\"thumbnailUrl\":\"https:\/\/paperpotagriculture.com\/wp-content\/uploads\/2025\/04\/IMG-1.jpg\",\"datePublished\":\"2025-04-24T08:52:14+00:00\",\"dateModified\":\"2025-08-18T12:56:58+00:00\",\"description\":\"Podlo\u017eni pladnji za vzgojo sadik zagotavljajo optimalno rast zelenjave. Naro\u010dite zdaj in izkoristite brezpla\u010dno po\u0161iljanje nad 100 \u20ac.\",\"breadcrumb\":{\"@id\":\"https:\/\/paperpotagriculture.com\/sl\/izdelek\/podlozni-pladnji-za-vzgojo-sadik\/#breadcrumb\"},\"inLanguage\":\"sl-SI\",\"potentialAction\":[{\"@type\":\"ReadAction\",\"target\":[\"https:\/\/paperpotagriculture.com\/sl\/izdelek\/podlozni-pladnji-za-vzgojo-sadik\/\"]}]},{\"@type\":\"ImageObject\",\"inLanguage\":\"sl-SI\",\"@id\":\"https:\/\/paperpotagriculture.com\/sl\/izdelek\/podlozni-pladnji-za-vzgojo-sadik\/#primaryimage\",\"url\":\"https:\/\/paperpotagriculture.com\/wp-content\/uploads\/2025\/04\/IMG-1.jpg\",\"contentUrl\":\"https:\/\/paperpotagriculture.com\/wp-content\/uploads\/2025\/04\/IMG-1.jpg\",\"width\":328,\"height\":286},{\"@type\":\"BreadcrumbList\",\"@id\":\"https:\/\/paperpotagriculture.com\/sl\/izdelek\/podlozni-pladnji-za-vzgojo-sadik\/#breadcrumb\",\"itemListElement\":[{\"@type\":\"ListItem\",\"position\":1,\"name\":\"Trgovina\",\"item\":\"https:\/\/paperpotagriculture.com\/sl\/trgovina\/\"},{\"@type\":\"ListItem\",\"position\":2,\"name\":\"Oprema za sejanje\",\"item\":\"https:\/\/paperpotagriculture.com\/sl\/kategorija-izdelka\/oprema-za-sejanje-sl\/\"},{\"@type\":\"ListItem\",\"position\":3,\"name\":\"Nursery tray\",\"item\":\"https:\/\/paperpotagriculture.com\/sl\/kategorija-izdelka\/oprema-za-sejanje-sl\/nursery-tray-sl\/\"},{\"@type\":\"ListItem\",\"position\":4,\"name\":\"Podlo\u017eni pladnji za vzgojo sadik\"}]},{\"@type\":\"WebSite\",\"@id\":\"https:\/\/paperpotagriculture.com\/sl\/#website\",\"url\":\"https:\/\/paperpotagriculture.com\/sl\/\",\"name\":\"Paperpotagriculture\",\"description\":\"\",\"potentialAction\":[{\"@type\":\"SearchAction\",\"target\":{\"@type\":\"EntryPoint\",\"urlTemplate\":\"https:\/\/paperpotagriculture.com\/sl\/?s={search_term_string}\"},\"query-input\":{\"@type\":\"PropertyValueSpecification\",\"valueRequired\":true,\"valueName\":\"search_term_string\"}}],\"inLanguage\":\"sl-SI\"}]}<\/script>\n<!-- \/ Yoast SEO plugin. -->","yoast_head_json":{"title":"Podlo\u017eni pladnji za vzgojo sadik - Kakovostna izbira","description":"Podlo\u017eni pladnji za vzgojo sadik zagotavljajo optimalno rast zelenjave. Naro\u010dite zdaj in izkoristite brezpla\u010dno po\u0161iljanje nad 100 \u20ac.","robots":{"index":"index","follow":"follow","max-snippet":"max-snippet:-1","max-image-preview":"max-image-preview:large","max-video-preview":"max-video-preview:-1"},"canonical":"https:\/\/paperpotagriculture.com\/sl\/izdelek\/podlozni-pladnji-za-vzgojo-sadik\/","og_locale":"sl_SI","og_type":"article","og_title":"Podlo\u017eni pladnji za vzgojo sadik - Kakovostna izbira","og_description":"Za optimalno rast zelenjave izberite na\u0161e pladnje. Naro\u010dite zdaj!","og_url":"https:\/\/paperpotagriculture.com\/sl\/izdelek\/podlozni-pladnji-za-vzgojo-sadik\/","og_site_name":"Paperpotagriculture","article_modified_time":"2025-08-18T12:56:58+00:00","og_image":[{"width":328,"height":286,"url":"https:\/\/paperpotagriculture.com\/wp-content\/uploads\/2025\/04\/IMG-1.jpg","type":"image\/jpeg"}],"twitter_card":"summary_large_image","twitter_title":"Kakovostni Podlo\u017eni pladnji za sadike - Naro\u010dite danes!","twitter_description":"Naredite korak k bolj\u0161emu vrtnarjenju. Naro\u010dite pladnje za vzgojo sadik zdaj!","twitter_misc":{"Est. reading time":"1 minuta"},"schema":{"@context":"https:\/\/schema.org","@graph":[{"@type":"WebPage","@id":"https:\/\/paperpotagriculture.com\/sl\/izdelek\/podlozni-pladnji-za-vzgojo-sadik\/","url":"https:\/\/paperpotagriculture.com\/sl\/izdelek\/podlozni-pladnji-za-vzgojo-sadik\/","name":"Podlo\u017eni pladnji za vzgojo sadik - Kakovostna izbira","isPartOf":{"@id":"https:\/\/paperpotagriculture.com\/sl\/#website"},"primaryImageOfPage":{"@id":"https:\/\/paperpotagriculture.com\/sl\/izdelek\/podlozni-pladnji-za-vzgojo-sadik\/#primaryimage"},"image":{"@id":"https:\/\/paperpotagriculture.com\/sl\/izdelek\/podlozni-pladnji-za-vzgojo-sadik\/#primaryimage"},"thumbnailUrl":"https:\/\/paperpotagriculture.com\/wp-content\/uploads\/2025\/04\/IMG-1.jpg","datePublished":"2025-04-24T08:52:14+00:00","dateModified":"2025-08-18T12:56:58+00:00","description":"Podlo\u017eni pladnji za vzgojo sadik zagotavljajo optimalno rast zelenjave. Naro\u010dite zdaj in izkoristite brezpla\u010dno po\u0161iljanje nad 100 \u20ac.","breadcrumb":{"@id":"https:\/\/paperpotagriculture.com\/sl\/izdelek\/podlozni-pladnji-za-vzgojo-sadik\/#breadcrumb"},"inLanguage":"sl-SI","potentialAction":[{"@type":"ReadAction","target":["https:\/\/paperpotagriculture.com\/sl\/izdelek\/podlozni-pladnji-za-vzgojo-sadik\/"]}]},{"@type":"ImageObject","inLanguage":"sl-SI","@id":"https:\/\/paperpotagriculture.com\/sl\/izdelek\/podlozni-pladnji-za-vzgojo-sadik\/#primaryimage","url":"https:\/\/paperpotagriculture.com\/wp-content\/uploads\/2025\/04\/IMG-1.jpg","contentUrl":"https:\/\/paperpotagriculture.com\/wp-content\/uploads\/2025\/04\/IMG-1.jpg","width":328,"height":286},{"@type":"BreadcrumbList","@id":"https:\/\/paperpotagriculture.com\/sl\/izdelek\/podlozni-pladnji-za-vzgojo-sadik\/#breadcrumb","itemListElement":[{"@type":"ListItem","position":1,"name":"Trgovina","item":"https:\/\/paperpotagriculture.com\/sl\/trgovina\/"},{"@type":"ListItem","position":2,"name":"Oprema za sejanje","item":"https:\/\/paperpotagriculture.com\/sl\/kategorija-izdelka\/oprema-za-sejanje-sl\/"},{"@type":"ListItem","position":3,"name":"Nursery tray","item":"https:\/\/paperpotagriculture.com\/sl\/kategorija-izdelka\/oprema-za-sejanje-sl\/nursery-tray-sl\/"},{"@type":"ListItem","position":4,"name":"Podlo\u017eni pladnji za vzgojo sadik"}]},{"@type":"WebSite","@id":"https:\/\/paperpotagriculture.com\/sl\/#website","url":"https:\/\/paperpotagriculture.com\/sl\/","name":"Paperpotagriculture","description":"","potentialAction":[{"@type":"SearchAction","target":{"@type":"EntryPoint","urlTemplate":"https:\/\/paperpotagriculture.com\/sl\/?s={search_term_string}"},"query-input":{"@type":"PropertyValueSpecification","valueRequired":true,"valueName":"search_term_string"}}],"inLanguage":"sl-SI"}]}},"_links":{"self":[{"href":"https:\/\/paperpotagriculture.com\/sl\/wp-json\/wp\/v2\/product\/1224","targetHints":{"allow":["GET"]}}],"collection":[{"href":"https:\/\/paperpotagriculture.com\/sl\/wp-json\/wp\/v2\/product"}],"about":[{"href":"https:\/\/paperpotagriculture.com\/sl\/wp-json\/wp\/v2\/types\/product"}],"replies":[{"embeddable":true,"href":"https:\/\/paperpotagriculture.com\/sl\/wp-json\/wp\/v2\/comments?post=1224"}],"wp:featuredmedia":[{"embeddable":true,"href":"https:\/\/paperpotagriculture.com\/sl\/wp-json\/wp\/v2\/media\/622"}],"wp:attachment":[{"href":"https:\/\/paperpotagriculture.com\/sl\/wp-json\/wp\/v2\/media?parent=1224"}],"wp:term":[{"taxonomy":"product_brand","embeddable":true,"href":"https:\/\/paperpotagriculture.com\/sl\/wp-json\/wp\/v2\/product_brand?post=1224"},{"taxonomy":"product_cat","embeddable":true,"href":"https:\/\/paperpotagriculture.com\/sl\/wp-json\/wp\/v2\/product_cat?post=1224"},{"taxonomy":"product_tag","embeddable":true,"href":"https:\/\/paperpotagriculture.com\/sl\/wp-json\/wp\/v2\/product_tag?post=1224"}],"curies":[{"name":"wp","href":"https:\/\/api.w.org\/{rel}","templated":true}]}}