{"id":1210,"date":"2025-04-24T08:51:22","date_gmt":"2025-04-24T08:51:22","guid":{"rendered":"https:\/\/paperpotagriculture.com\/product\/drop-seeder\/"},"modified":"2025-08-18T12:52:07","modified_gmt":"2025-08-18T12:52:07","slug":"sejalnica","status":"publish","type":"product","link":"https:\/\/paperpotagriculture.com\/sl\/izdelek\/sejalnica\/","title":{"rendered":"Sejalnica"},"content":{"rendered":"","protected":false},"excerpt":{"rendered":"<p>Drop Seeder je hiter in u\u010dinkovit na\u010din za setev v 264 lon\u010dkov naenkrat. S pomo\u010djo tega zanesljivega orodja boste skraj\u0161ali delovni \u010das in poenostavili na\u010din setve v papirnate lon\u010dke.<\/p>\n","protected":false},"featured_media":616,"comment_status":"closed","ping_status":"closed","template":"","meta":{"_acf_changed":false},"product_brand":[],"product_cat":[143,135],"product_tag":[],"class_list":{"0":"post-1210","1":"product","2":"type-product","3":"status-publish","4":"has-post-thumbnail","6":"product_cat-drop-seeder-sl","7":"product_cat-oprema-za-sejanje-sl","9":"first","10":"instock","11":"taxable","12":"shipping-taxable","13":"purchasable","14":"product-type-variable"},"acf":[],"yoast_head":"<!-- This site is optimized with the Yoast SEO plugin v26.5 - https:\/\/yoast.com\/wordpress\/plugins\/seo\/ -->\n<title>Sejalnica \u2013 Hitro in u\u010dinkovito setev za vrtnarje<\/title>\n<meta name=\"description\" content=\"Sejalnica omogo\u010da hitro setev 264 lon\u010dkov hkrati. Poenostavite svoj postopek setve in prihranite \u010das! Naro\u010dite zdaj.\" \/>\n<meta name=\"robots\" content=\"index, follow, max-snippet:-1, max-image-preview:large, max-video-preview:-1\" \/>\n<link rel=\"canonical\" href=\"https:\/\/paperpotagriculture.com\/sl\/izdelek\/sejalnica\/\" \/>\n<meta property=\"og:locale\" content=\"sl_SI\" \/>\n<meta property=\"og:type\" content=\"article\" \/>\n<meta property=\"og:title\" content=\"Sejalnica \u2013 U\u010dinkovit na\u010din za setev\" \/>\n<meta property=\"og:description\" content=\"Poenostavite setev s Sejalnico. Naro\u010dite \u0161e danes!\" \/>\n<meta property=\"og:url\" content=\"https:\/\/paperpotagriculture.com\/sl\/izdelek\/sejalnica\/\" \/>\n<meta property=\"og:site_name\" content=\"Paperpotagriculture\" \/>\n<meta property=\"article:modified_time\" content=\"2025-08-18T12:52:07+00:00\" \/>\n<meta property=\"og:image\" content=\"https:\/\/paperpotagriculture.com\/wp-content\/uploads\/2025\/04\/IMG.jpg\" \/>\n\t<meta property=\"og:image:width\" content=\"328\" \/>\n\t<meta property=\"og:image:height\" content=\"287\" \/>\n\t<meta property=\"og:image:type\" content=\"image\/jpeg\" \/>\n<meta name=\"twitter:card\" content=\"summary_large_image\" \/>\n<meta name=\"twitter:title\" content=\"Sejalnica \u2013 Hitrej\u0161a setev za vrtnarje\" \/>\n<meta name=\"twitter:description\" content=\"Z Sejalnico prihranite \u010das pri setvi. Naro\u010dite zdaj!\" \/>\n<meta name=\"twitter:label1\" content=\"Est. reading time\" \/>\n\t<meta name=\"twitter:data1\" content=\"1 minuta\" \/>\n<script type=\"application\/ld+json\" class=\"yoast-schema-graph\">{\"@context\":\"https:\/\/schema.org\",\"@graph\":[{\"@type\":\"WebPage\",\"@id\":\"https:\/\/paperpotagriculture.com\/sl\/izdelek\/sejalnica\/\",\"url\":\"https:\/\/paperpotagriculture.com\/sl\/izdelek\/sejalnica\/\",\"name\":\"Sejalnica \u2013 Hitro in u\u010dinkovito setev za vrtnarje\",\"isPartOf\":{\"@id\":\"https:\/\/paperpotagriculture.com\/sl\/#website\"},\"primaryImageOfPage\":{\"@id\":\"https:\/\/paperpotagriculture.com\/sl\/izdelek\/sejalnica\/#primaryimage\"},\"image\":{\"@id\":\"https:\/\/paperpotagriculture.com\/sl\/izdelek\/sejalnica\/#primaryimage\"},\"thumbnailUrl\":\"https:\/\/paperpotagriculture.com\/wp-content\/uploads\/2025\/04\/IMG.jpg\",\"datePublished\":\"2025-04-24T08:51:22+00:00\",\"dateModified\":\"2025-08-18T12:52:07+00:00\",\"description\":\"Sejalnica omogo\u010da hitro setev 264 lon\u010dkov hkrati. Poenostavite svoj postopek setve in prihranite \u010das! Naro\u010dite zdaj.\",\"breadcrumb\":{\"@id\":\"https:\/\/paperpotagriculture.com\/sl\/izdelek\/sejalnica\/#breadcrumb\"},\"inLanguage\":\"sl-SI\",\"potentialAction\":[{\"@type\":\"ReadAction\",\"target\":[\"https:\/\/paperpotagriculture.com\/sl\/izdelek\/sejalnica\/\"]}]},{\"@type\":\"ImageObject\",\"inLanguage\":\"sl-SI\",\"@id\":\"https:\/\/paperpotagriculture.com\/sl\/izdelek\/sejalnica\/#primaryimage\",\"url\":\"https:\/\/paperpotagriculture.com\/wp-content\/uploads\/2025\/04\/IMG.jpg\",\"contentUrl\":\"https:\/\/paperpotagriculture.com\/wp-content\/uploads\/2025\/04\/IMG.jpg\",\"width\":328,\"height\":287},{\"@type\":\"BreadcrumbList\",\"@id\":\"https:\/\/paperpotagriculture.com\/sl\/izdelek\/sejalnica\/#breadcrumb\",\"itemListElement\":[{\"@type\":\"ListItem\",\"position\":1,\"name\":\"Trgovina\",\"item\":\"https:\/\/paperpotagriculture.com\/sl\/trgovina\/\"},{\"@type\":\"ListItem\",\"position\":2,\"name\":\"Oprema za sejanje\",\"item\":\"https:\/\/paperpotagriculture.com\/sl\/kategorija-izdelka\/oprema-za-sejanje-sl\/\"},{\"@type\":\"ListItem\",\"position\":3,\"name\":\"Sejalnica\"}]},{\"@type\":\"WebSite\",\"@id\":\"https:\/\/paperpotagriculture.com\/sl\/#website\",\"url\":\"https:\/\/paperpotagriculture.com\/sl\/\",\"name\":\"Paperpotagriculture\",\"description\":\"\",\"potentialAction\":[{\"@type\":\"SearchAction\",\"target\":{\"@type\":\"EntryPoint\",\"urlTemplate\":\"https:\/\/paperpotagriculture.com\/sl\/?s={search_term_string}\"},\"query-input\":{\"@type\":\"PropertyValueSpecification\",\"valueRequired\":true,\"valueName\":\"search_term_string\"}}],\"inLanguage\":\"sl-SI\"}]}<\/script>\n<!-- \/ Yoast SEO plugin. -->","yoast_head_json":{"title":"Sejalnica \u2013 Hitro in u\u010dinkovito setev za vrtnarje","description":"Sejalnica omogo\u010da hitro setev 264 lon\u010dkov hkrati. Poenostavite svoj postopek setve in prihranite \u010das! Naro\u010dite zdaj.","robots":{"index":"index","follow":"follow","max-snippet":"max-snippet:-1","max-image-preview":"max-image-preview:large","max-video-preview":"max-video-preview:-1"},"canonical":"https:\/\/paperpotagriculture.com\/sl\/izdelek\/sejalnica\/","og_locale":"sl_SI","og_type":"article","og_title":"Sejalnica \u2013 U\u010dinkovit na\u010din za setev","og_description":"Poenostavite setev s Sejalnico. Naro\u010dite \u0161e danes!","og_url":"https:\/\/paperpotagriculture.com\/sl\/izdelek\/sejalnica\/","og_site_name":"Paperpotagriculture","article_modified_time":"2025-08-18T12:52:07+00:00","og_image":[{"width":328,"height":287,"url":"https:\/\/paperpotagriculture.com\/wp-content\/uploads\/2025\/04\/IMG.jpg","type":"image\/jpeg"}],"twitter_card":"summary_large_image","twitter_title":"Sejalnica \u2013 Hitrej\u0161a setev za vrtnarje","twitter_description":"Z Sejalnico prihranite \u010das pri setvi. Naro\u010dite zdaj!","twitter_misc":{"Est. reading time":"1 minuta"},"schema":{"@context":"https:\/\/schema.org","@graph":[{"@type":"WebPage","@id":"https:\/\/paperpotagriculture.com\/sl\/izdelek\/sejalnica\/","url":"https:\/\/paperpotagriculture.com\/sl\/izdelek\/sejalnica\/","name":"Sejalnica \u2013 Hitro in u\u010dinkovito setev za vrtnarje","isPartOf":{"@id":"https:\/\/paperpotagriculture.com\/sl\/#website"},"primaryImageOfPage":{"@id":"https:\/\/paperpotagriculture.com\/sl\/izdelek\/sejalnica\/#primaryimage"},"image":{"@id":"https:\/\/paperpotagriculture.com\/sl\/izdelek\/sejalnica\/#primaryimage"},"thumbnailUrl":"https:\/\/paperpotagriculture.com\/wp-content\/uploads\/2025\/04\/IMG.jpg","datePublished":"2025-04-24T08:51:22+00:00","dateModified":"2025-08-18T12:52:07+00:00","description":"Sejalnica omogo\u010da hitro setev 264 lon\u010dkov hkrati. Poenostavite svoj postopek setve in prihranite \u010das! Naro\u010dite zdaj.","breadcrumb":{"@id":"https:\/\/paperpotagriculture.com\/sl\/izdelek\/sejalnica\/#breadcrumb"},"inLanguage":"sl-SI","potentialAction":[{"@type":"ReadAction","target":["https:\/\/paperpotagriculture.com\/sl\/izdelek\/sejalnica\/"]}]},{"@type":"ImageObject","inLanguage":"sl-SI","@id":"https:\/\/paperpotagriculture.com\/sl\/izdelek\/sejalnica\/#primaryimage","url":"https:\/\/paperpotagriculture.com\/wp-content\/uploads\/2025\/04\/IMG.jpg","contentUrl":"https:\/\/paperpotagriculture.com\/wp-content\/uploads\/2025\/04\/IMG.jpg","width":328,"height":287},{"@type":"BreadcrumbList","@id":"https:\/\/paperpotagriculture.com\/sl\/izdelek\/sejalnica\/#breadcrumb","itemListElement":[{"@type":"ListItem","position":1,"name":"Trgovina","item":"https:\/\/paperpotagriculture.com\/sl\/trgovina\/"},{"@type":"ListItem","position":2,"name":"Oprema za sejanje","item":"https:\/\/paperpotagriculture.com\/sl\/kategorija-izdelka\/oprema-za-sejanje-sl\/"},{"@type":"ListItem","position":3,"name":"Sejalnica"}]},{"@type":"WebSite","@id":"https:\/\/paperpotagriculture.com\/sl\/#website","url":"https:\/\/paperpotagriculture.com\/sl\/","name":"Paperpotagriculture","description":"","potentialAction":[{"@type":"SearchAction","target":{"@type":"EntryPoint","urlTemplate":"https:\/\/paperpotagriculture.com\/sl\/?s={search_term_string}"},"query-input":{"@type":"PropertyValueSpecification","valueRequired":true,"valueName":"search_term_string"}}],"inLanguage":"sl-SI"}]}},"_links":{"self":[{"href":"https:\/\/paperpotagriculture.com\/sl\/wp-json\/wp\/v2\/product\/1210","targetHints":{"allow":["GET"]}}],"collection":[{"href":"https:\/\/paperpotagriculture.com\/sl\/wp-json\/wp\/v2\/product"}],"about":[{"href":"https:\/\/paperpotagriculture.com\/sl\/wp-json\/wp\/v2\/types\/product"}],"replies":[{"embeddable":true,"href":"https:\/\/paperpotagriculture.com\/sl\/wp-json\/wp\/v2\/comments?post=1210"}],"wp:featuredmedia":[{"embeddable":true,"href":"https:\/\/paperpotagriculture.com\/sl\/wp-json\/wp\/v2\/media\/616"}],"wp:attachment":[{"href":"https:\/\/paperpotagriculture.com\/sl\/wp-json\/wp\/v2\/media?parent=1210"}],"wp:term":[{"taxonomy":"product_brand","embeddable":true,"href":"https:\/\/paperpotagriculture.com\/sl\/wp-json\/wp\/v2\/product_brand?post=1210"},{"taxonomy":"product_cat","embeddable":true,"href":"https:\/\/paperpotagriculture.com\/sl\/wp-json\/wp\/v2\/product_cat?post=1210"},{"taxonomy":"product_tag","embeddable":true,"href":"https:\/\/paperpotagriculture.com\/sl\/wp-json\/wp\/v2\/product_tag?post=1210"}],"curies":[{"name":"wp","href":"https:\/\/api.w.org\/{rel}","templated":true}]}}