{"id":1179,"date":"2025-07-04T10:42:05","date_gmt":"2025-07-04T10:42:05","guid":{"rendered":"https:\/\/paperpotagriculture.com\/product\/paper-pot-seeding-starter-kit\/"},"modified":"2025-08-02T06:53:01","modified_gmt":"2025-08-02T06:53:01","slug":"zacetni-komplet-za-sejanje-papirnatih-lonckov-z-razdaljo-30-cm","status":"publish","type":"product","link":"https:\/\/paperpotagriculture.com\/sl\/izdelek\/zacetni-komplet-za-sejanje-papirnatih-lonckov-z-razdaljo-30-cm\/","title":{"rendered":"Za\u010detni komplet za sejanje papirnatih lon\u010dkov z razdaljo 30 cm"},"content":{"rendered":"","protected":false},"excerpt":{"rendered":"<p>Paket vsebuje:<\/p>\n<p>-karton veri\u017enih lon\u010dkov z razdaljo 30 cm\u00a0<a href=\"https:\/\/paperpotagriculture.com\/sl\/products\/30-cm-spacing-paper-chain-pot-lp353-30\">LP353-30<\/a><\/p>\n<p>-40\u00a0<a href=\"https:\/\/paperpotagriculture.com\/sl\/products\/plastic-nursery-trays\">podlo\u017enih pladnjev<\/a><\/p>\n<p>-luknja\u010d<\/p>\n<p>&#8211;<a href=\"https:\/\/paperpotagriculture.com\/sl\/products\/drop-seeder\">sejalnico<\/a>\u00a0(premer odprtin 4,5 mm)<\/p>\n<p>-2 okvirja in vilice za raztegovanje papirnih platojev<\/p>\n<p>-krta\u010do<\/p>\n<p>&#8211;<a href=\"https:\/\/paperpotagriculture.com\/sl\/products\/paper-pot-transplanter-attachment-for-lp353-30\">nastavek za sadilec<\/a><\/p>\n","protected":false},"featured_media":1078,"comment_status":"closed","ping_status":"closed","template":"","meta":{"_acf_changed":false},"product_brand":[],"product_cat":[118,119],"product_tag":[],"class_list":{"0":"post-1179","1":"product","2":"type-product","3":"status-publish","4":"has-post-thumbnail","6":"product_cat-ekskluzivna-ponudba-sl","7":"product_cat-zacetni-sejalni-komplet-sl","9":"first","10":"instock","11":"taxable","12":"shipping-taxable","13":"purchasable","14":"product-type-simple"},"acf":[],"yoast_head":"<!-- This site is optimized with the Yoast SEO plugin v26.5 - https:\/\/yoast.com\/wordpress\/plugins\/seo\/ -->\n<title>Za\u010detni Komplet Sejanja: Papirnati Lon\u010dki z Razdaljo 30 cm<\/title>\n<meta name=\"description\" content=\"Za\u010detni Komplet Sejanja ponuja vse za uspe\u0161en pridelek. Naro\u010dite zdaj in za\u010dnite s svojim vrtnarjenjem!\" \/>\n<meta name=\"robots\" content=\"index, follow, max-snippet:-1, max-image-preview:large, max-video-preview:-1\" \/>\n<link rel=\"canonical\" href=\"https:\/\/paperpotagriculture.com\/sl\/izdelek\/zacetni-komplet-za-sejanje-papirnatih-lonckov-z-razdaljo-30-cm\/\" \/>\n<meta property=\"og:locale\" content=\"sl_SI\" \/>\n<meta property=\"og:type\" content=\"article\" \/>\n<meta property=\"og:title\" content=\"Za\u010detni Komplet Sejanja: Papirnati Lon\u010dki\" \/>\n<meta property=\"og:description\" content=\"Naro\u010dite Za\u010detni Komplet Sejanja za uspe\u0161en pridelek!\" \/>\n<meta property=\"og:url\" content=\"https:\/\/paperpotagriculture.com\/sl\/izdelek\/zacetni-komplet-za-sejanje-papirnatih-lonckov-z-razdaljo-30-cm\/\" \/>\n<meta property=\"og:site_name\" content=\"Paperpotagriculture\" \/>\n<meta property=\"article:modified_time\" content=\"2025-08-02T06:53:01+00:00\" \/>\n<meta property=\"og:image\" content=\"https:\/\/paperpotagriculture.com\/wp-content\/uploads\/2025\/07\/LP350SKT5-main-2_9d94b8d6-e557-452a-9c78-14fd20959583.webp\" \/>\n\t<meta property=\"og:image:width\" content=\"350\" \/>\n\t<meta property=\"og:image:height\" content=\"350\" \/>\n\t<meta property=\"og:image:type\" content=\"image\/webp\" \/>\n<meta name=\"twitter:card\" content=\"summary_large_image\" \/>\n<meta name=\"twitter:title\" content=\"Za\u010detni Komplet Sejanja: Popolna Oprema za Vrtnarjenje\" \/>\n<meta name=\"twitter:description\" content=\"Naro\u010dite svoj Za\u010detni Komplet Sejanja in za\u010dnite rasti svoje rastline!\" \/>\n<meta name=\"twitter:label1\" content=\"Est. reading time\" \/>\n\t<meta name=\"twitter:data1\" content=\"1 minuta\" \/>\n<script type=\"application\/ld+json\" class=\"yoast-schema-graph\">{\"@context\":\"https:\/\/schema.org\",\"@graph\":[{\"@type\":\"WebPage\",\"@id\":\"https:\/\/paperpotagriculture.com\/sl\/izdelek\/zacetni-komplet-za-sejanje-papirnatih-lonckov-z-razdaljo-30-cm\/\",\"url\":\"https:\/\/paperpotagriculture.com\/sl\/izdelek\/zacetni-komplet-za-sejanje-papirnatih-lonckov-z-razdaljo-30-cm\/\",\"name\":\"Za\u010detni Komplet Sejanja: Papirnati Lon\u010dki z Razdaljo 30 cm\",\"isPartOf\":{\"@id\":\"https:\/\/paperpotagriculture.com\/sl\/#website\"},\"primaryImageOfPage\":{\"@id\":\"https:\/\/paperpotagriculture.com\/sl\/izdelek\/zacetni-komplet-za-sejanje-papirnatih-lonckov-z-razdaljo-30-cm\/#primaryimage\"},\"image\":{\"@id\":\"https:\/\/paperpotagriculture.com\/sl\/izdelek\/zacetni-komplet-za-sejanje-papirnatih-lonckov-z-razdaljo-30-cm\/#primaryimage\"},\"thumbnailUrl\":\"https:\/\/paperpotagriculture.com\/wp-content\/uploads\/2025\/07\/LP350SKT5-main-2_9d94b8d6-e557-452a-9c78-14fd20959583.webp\",\"datePublished\":\"2025-07-04T10:42:05+00:00\",\"dateModified\":\"2025-08-02T06:53:01+00:00\",\"description\":\"Za\u010detni Komplet Sejanja ponuja vse za uspe\u0161en pridelek. Naro\u010dite zdaj in za\u010dnite s svojim vrtnarjenjem!\",\"breadcrumb\":{\"@id\":\"https:\/\/paperpotagriculture.com\/sl\/izdelek\/zacetni-komplet-za-sejanje-papirnatih-lonckov-z-razdaljo-30-cm\/#breadcrumb\"},\"inLanguage\":\"sl-SI\",\"potentialAction\":[{\"@type\":\"ReadAction\",\"target\":[\"https:\/\/paperpotagriculture.com\/sl\/izdelek\/zacetni-komplet-za-sejanje-papirnatih-lonckov-z-razdaljo-30-cm\/\"]}]},{\"@type\":\"ImageObject\",\"inLanguage\":\"sl-SI\",\"@id\":\"https:\/\/paperpotagriculture.com\/sl\/izdelek\/zacetni-komplet-za-sejanje-papirnatih-lonckov-z-razdaljo-30-cm\/#primaryimage\",\"url\":\"https:\/\/paperpotagriculture.com\/wp-content\/uploads\/2025\/07\/LP350SKT5-main-2_9d94b8d6-e557-452a-9c78-14fd20959583.webp\",\"contentUrl\":\"https:\/\/paperpotagriculture.com\/wp-content\/uploads\/2025\/07\/LP350SKT5-main-2_9d94b8d6-e557-452a-9c78-14fd20959583.webp\",\"width\":350,\"height\":350},{\"@type\":\"BreadcrumbList\",\"@id\":\"https:\/\/paperpotagriculture.com\/sl\/izdelek\/zacetni-komplet-za-sejanje-papirnatih-lonckov-z-razdaljo-30-cm\/#breadcrumb\",\"itemListElement\":[{\"@type\":\"ListItem\",\"position\":1,\"name\":\"Trgovina\",\"item\":\"https:\/\/paperpotagriculture.com\/sl\/trgovina\/\"},{\"@type\":\"ListItem\",\"position\":2,\"name\":\"Ekskluzivna ponudba\",\"item\":\"https:\/\/paperpotagriculture.com\/sl\/kategorija-izdelka\/ekskluzivna-ponudba-sl\/\"},{\"@type\":\"ListItem\",\"position\":3,\"name\":\"Za\u010detni komplet za sejanje papirnatih lon\u010dkov z razdaljo 30 cm\"}]},{\"@type\":\"WebSite\",\"@id\":\"https:\/\/paperpotagriculture.com\/sl\/#website\",\"url\":\"https:\/\/paperpotagriculture.com\/sl\/\",\"name\":\"Paperpotagriculture\",\"description\":\"\",\"potentialAction\":[{\"@type\":\"SearchAction\",\"target\":{\"@type\":\"EntryPoint\",\"urlTemplate\":\"https:\/\/paperpotagriculture.com\/sl\/?s={search_term_string}\"},\"query-input\":{\"@type\":\"PropertyValueSpecification\",\"valueRequired\":true,\"valueName\":\"search_term_string\"}}],\"inLanguage\":\"sl-SI\"}]}<\/script>\n<!-- \/ Yoast SEO plugin. -->","yoast_head_json":{"title":"Za\u010detni Komplet Sejanja: Papirnati Lon\u010dki z Razdaljo 30 cm","description":"Za\u010detni Komplet Sejanja ponuja vse za uspe\u0161en pridelek. Naro\u010dite zdaj in za\u010dnite s svojim vrtnarjenjem!","robots":{"index":"index","follow":"follow","max-snippet":"max-snippet:-1","max-image-preview":"max-image-preview:large","max-video-preview":"max-video-preview:-1"},"canonical":"https:\/\/paperpotagriculture.com\/sl\/izdelek\/zacetni-komplet-za-sejanje-papirnatih-lonckov-z-razdaljo-30-cm\/","og_locale":"sl_SI","og_type":"article","og_title":"Za\u010detni Komplet Sejanja: Papirnati Lon\u010dki","og_description":"Naro\u010dite Za\u010detni Komplet Sejanja za uspe\u0161en pridelek!","og_url":"https:\/\/paperpotagriculture.com\/sl\/izdelek\/zacetni-komplet-za-sejanje-papirnatih-lonckov-z-razdaljo-30-cm\/","og_site_name":"Paperpotagriculture","article_modified_time":"2025-08-02T06:53:01+00:00","og_image":[{"width":350,"height":350,"url":"https:\/\/paperpotagriculture.com\/wp-content\/uploads\/2025\/07\/LP350SKT5-main-2_9d94b8d6-e557-452a-9c78-14fd20959583.webp","type":"image\/webp"}],"twitter_card":"summary_large_image","twitter_title":"Za\u010detni Komplet Sejanja: Popolna Oprema za Vrtnarjenje","twitter_description":"Naro\u010dite svoj Za\u010detni Komplet Sejanja in za\u010dnite rasti svoje rastline!","twitter_misc":{"Est. reading time":"1 minuta"},"schema":{"@context":"https:\/\/schema.org","@graph":[{"@type":"WebPage","@id":"https:\/\/paperpotagriculture.com\/sl\/izdelek\/zacetni-komplet-za-sejanje-papirnatih-lonckov-z-razdaljo-30-cm\/","url":"https:\/\/paperpotagriculture.com\/sl\/izdelek\/zacetni-komplet-za-sejanje-papirnatih-lonckov-z-razdaljo-30-cm\/","name":"Za\u010detni Komplet Sejanja: Papirnati Lon\u010dki z Razdaljo 30 cm","isPartOf":{"@id":"https:\/\/paperpotagriculture.com\/sl\/#website"},"primaryImageOfPage":{"@id":"https:\/\/paperpotagriculture.com\/sl\/izdelek\/zacetni-komplet-za-sejanje-papirnatih-lonckov-z-razdaljo-30-cm\/#primaryimage"},"image":{"@id":"https:\/\/paperpotagriculture.com\/sl\/izdelek\/zacetni-komplet-za-sejanje-papirnatih-lonckov-z-razdaljo-30-cm\/#primaryimage"},"thumbnailUrl":"https:\/\/paperpotagriculture.com\/wp-content\/uploads\/2025\/07\/LP350SKT5-main-2_9d94b8d6-e557-452a-9c78-14fd20959583.webp","datePublished":"2025-07-04T10:42:05+00:00","dateModified":"2025-08-02T06:53:01+00:00","description":"Za\u010detni Komplet Sejanja ponuja vse za uspe\u0161en pridelek. Naro\u010dite zdaj in za\u010dnite s svojim vrtnarjenjem!","breadcrumb":{"@id":"https:\/\/paperpotagriculture.com\/sl\/izdelek\/zacetni-komplet-za-sejanje-papirnatih-lonckov-z-razdaljo-30-cm\/#breadcrumb"},"inLanguage":"sl-SI","potentialAction":[{"@type":"ReadAction","target":["https:\/\/paperpotagriculture.com\/sl\/izdelek\/zacetni-komplet-za-sejanje-papirnatih-lonckov-z-razdaljo-30-cm\/"]}]},{"@type":"ImageObject","inLanguage":"sl-SI","@id":"https:\/\/paperpotagriculture.com\/sl\/izdelek\/zacetni-komplet-za-sejanje-papirnatih-lonckov-z-razdaljo-30-cm\/#primaryimage","url":"https:\/\/paperpotagriculture.com\/wp-content\/uploads\/2025\/07\/LP350SKT5-main-2_9d94b8d6-e557-452a-9c78-14fd20959583.webp","contentUrl":"https:\/\/paperpotagriculture.com\/wp-content\/uploads\/2025\/07\/LP350SKT5-main-2_9d94b8d6-e557-452a-9c78-14fd20959583.webp","width":350,"height":350},{"@type":"BreadcrumbList","@id":"https:\/\/paperpotagriculture.com\/sl\/izdelek\/zacetni-komplet-za-sejanje-papirnatih-lonckov-z-razdaljo-30-cm\/#breadcrumb","itemListElement":[{"@type":"ListItem","position":1,"name":"Trgovina","item":"https:\/\/paperpotagriculture.com\/sl\/trgovina\/"},{"@type":"ListItem","position":2,"name":"Ekskluzivna ponudba","item":"https:\/\/paperpotagriculture.com\/sl\/kategorija-izdelka\/ekskluzivna-ponudba-sl\/"},{"@type":"ListItem","position":3,"name":"Za\u010detni komplet za sejanje papirnatih lon\u010dkov z razdaljo 30 cm"}]},{"@type":"WebSite","@id":"https:\/\/paperpotagriculture.com\/sl\/#website","url":"https:\/\/paperpotagriculture.com\/sl\/","name":"Paperpotagriculture","description":"","potentialAction":[{"@type":"SearchAction","target":{"@type":"EntryPoint","urlTemplate":"https:\/\/paperpotagriculture.com\/sl\/?s={search_term_string}"},"query-input":{"@type":"PropertyValueSpecification","valueRequired":true,"valueName":"search_term_string"}}],"inLanguage":"sl-SI"}]}},"_links":{"self":[{"href":"https:\/\/paperpotagriculture.com\/sl\/wp-json\/wp\/v2\/product\/1179","targetHints":{"allow":["GET"]}}],"collection":[{"href":"https:\/\/paperpotagriculture.com\/sl\/wp-json\/wp\/v2\/product"}],"about":[{"href":"https:\/\/paperpotagriculture.com\/sl\/wp-json\/wp\/v2\/types\/product"}],"replies":[{"embeddable":true,"href":"https:\/\/paperpotagriculture.com\/sl\/wp-json\/wp\/v2\/comments?post=1179"}],"wp:featuredmedia":[{"embeddable":true,"href":"https:\/\/paperpotagriculture.com\/sl\/wp-json\/wp\/v2\/media\/1078"}],"wp:attachment":[{"href":"https:\/\/paperpotagriculture.com\/sl\/wp-json\/wp\/v2\/media?parent=1179"}],"wp:term":[{"taxonomy":"product_brand","embeddable":true,"href":"https:\/\/paperpotagriculture.com\/sl\/wp-json\/wp\/v2\/product_brand?post=1179"},{"taxonomy":"product_cat","embeddable":true,"href":"https:\/\/paperpotagriculture.com\/sl\/wp-json\/wp\/v2\/product_cat?post=1179"},{"taxonomy":"product_tag","embeddable":true,"href":"https:\/\/paperpotagriculture.com\/sl\/wp-json\/wp\/v2\/product_tag?post=1179"}],"curies":[{"name":"wp","href":"https:\/\/api.w.org\/{rel}","templated":true}]}}