{"id":1175,"date":"2025-07-04T10:43:01","date_gmt":"2025-07-04T10:43:01","guid":{"rendered":"https:\/\/paperpotagriculture.com\/product\/paper-pot-seeding-starter-kit-5cm-10cm-15cm\/"},"modified":"2025-08-26T06:40:13","modified_gmt":"2025-08-26T06:40:13","slug":"zacetni-komplet-za-sejanje-papirnatih-lonckov-5-cm-10-cm-15-cm","status":"publish","type":"product","link":"https:\/\/paperpotagriculture.com\/sl\/izdelek\/zacetni-komplet-za-sejanje-papirnatih-lonckov-5-cm-10-cm-15-cm\/","title":{"rendered":"Za\u010detni komplet za sejanje papirnatih lon\u010dkov 5 cm\/10 cm\/15 cm"},"content":{"rendered":"","protected":false},"excerpt":{"rendered":"<p>Paket vsebuje:<\/p>\n<p>-papirnate veri\u017ene lon\u010dke\u00a0<a href=\"https:\/\/paperpotagriculture.com\/sl\/products\/5-cm-spacing-paper-chain-pot-cp303\">CP303<\/a>,\u00a0<a href=\"https:\/\/paperpotagriculture.com\/sl\/products\/10-cm-spacing-paper-chain-pot-lp303-10\">LP303-10<\/a>\u00a0in\u00a0<a href=\"https:\/\/paperpotagriculture.com\/sl\/products\/15-cm-spacing-paper-chain-pot-lp303-15\">LP303-15<\/a><\/p>\n<p>&#8211;<a href=\"https:\/\/paperpotagriculture.com\/sl\/products\/drop-seeder\">sejalnico<\/a><\/p>\n<p>-40\u00a0<a href=\"https:\/\/paperpotagriculture.com\/sl\/products\/plastic-nursery-trays\">podlo\u017enih pladnjev<\/a><\/p>\n<p>-luknja\u010d<\/p>\n<p>-vilice in okvir za raztegovanje papirnih platojev<\/p>\n<p>-krta\u010do<\/p>\n","protected":false},"featured_media":1090,"comment_status":"closed","ping_status":"closed","template":"","meta":{"_acf_changed":false},"product_brand":[],"product_cat":[118,119],"product_tag":[],"class_list":{"0":"post-1175","1":"product","2":"type-product","3":"status-publish","4":"has-post-thumbnail","6":"product_cat-ekskluzivna-ponudba-sl","7":"product_cat-zacetni-sejalni-komplet-sl","9":"first","10":"instock","11":"taxable","12":"shipping-taxable","13":"purchasable","14":"product-type-simple"},"acf":[],"yoast_head":"<!-- This site is optimized with the Yoast SEO plugin v26.5 - https:\/\/yoast.com\/wordpress\/plugins\/seo\/ -->\n<title>Za\u010detni Komplet za sejanje papirnatih lon\u010dkov<\/title>\n<meta name=\"description\" content=\"Za\u010detni komplet za sejanje papirnatih lon\u010dkov 5 cm\/10 cm\/15 cm. U\u010dinkovit in enostaven na\u010din za setev. Naro\u010dite zdaj!\" \/>\n<meta name=\"robots\" content=\"index, follow, max-snippet:-1, max-image-preview:large, max-video-preview:-1\" \/>\n<link rel=\"canonical\" href=\"https:\/\/paperpotagriculture.com\/sl\/izdelek\/zacetni-komplet-za-sejanje-papirnatih-lonckov-5-cm-10-cm-15-cm\/\" \/>\n<meta property=\"og:locale\" content=\"sl_SI\" \/>\n<meta property=\"og:type\" content=\"article\" \/>\n<meta property=\"og:title\" content=\"Za\u010detni Komplet za sejanje papirnatih lon\u010dkov - 5\/10\/15 cm\" \/>\n<meta property=\"og:description\" content=\"Naro\u010dite za\u010detek va\u0161e setve s tem kompletom! Odli\u010dna izbira za vsak vrt.\" \/>\n<meta property=\"og:url\" content=\"https:\/\/paperpotagriculture.com\/sl\/izdelek\/zacetni-komplet-za-sejanje-papirnatih-lonckov-5-cm-10-cm-15-cm\/\" \/>\n<meta property=\"og:site_name\" content=\"Paperpotagriculture\" \/>\n<meta property=\"article:modified_time\" content=\"2025-08-26T06:40:13+00:00\" \/>\n<meta property=\"og:image\" content=\"https:\/\/paperpotagriculture.com\/wp-content\/uploads\/2025\/07\/HP-16STP-4-1.jpg\" \/>\n\t<meta property=\"og:image:width\" content=\"493\" \/>\n\t<meta property=\"og:image:height\" content=\"740\" \/>\n\t<meta property=\"og:image:type\" content=\"image\/jpeg\" \/>\n<meta name=\"twitter:card\" content=\"summary_large_image\" \/>\n<meta name=\"twitter:title\" content=\"Za\u010detni Komplet za sejanje papirnatih lon\u010dkov\" \/>\n<meta name=\"twitter:description\" content=\"Poenostavite setev s papirnatimi lon\u010dki! Naro\u010dite svoj komplet zdaj.\" \/>\n<meta name=\"twitter:label1\" content=\"Est. reading time\" \/>\n\t<meta name=\"twitter:data1\" content=\"1 minuta\" \/>\n<script type=\"application\/ld+json\" class=\"yoast-schema-graph\">{\"@context\":\"https:\/\/schema.org\",\"@graph\":[{\"@type\":\"WebPage\",\"@id\":\"https:\/\/paperpotagriculture.com\/sl\/izdelek\/zacetni-komplet-za-sejanje-papirnatih-lonckov-5-cm-10-cm-15-cm\/\",\"url\":\"https:\/\/paperpotagriculture.com\/sl\/izdelek\/zacetni-komplet-za-sejanje-papirnatih-lonckov-5-cm-10-cm-15-cm\/\",\"name\":\"Za\u010detni Komplet za sejanje papirnatih lon\u010dkov\",\"isPartOf\":{\"@id\":\"https:\/\/paperpotagriculture.com\/sl\/#website\"},\"primaryImageOfPage\":{\"@id\":\"https:\/\/paperpotagriculture.com\/sl\/izdelek\/zacetni-komplet-za-sejanje-papirnatih-lonckov-5-cm-10-cm-15-cm\/#primaryimage\"},\"image\":{\"@id\":\"https:\/\/paperpotagriculture.com\/sl\/izdelek\/zacetni-komplet-za-sejanje-papirnatih-lonckov-5-cm-10-cm-15-cm\/#primaryimage\"},\"thumbnailUrl\":\"https:\/\/paperpotagriculture.com\/wp-content\/uploads\/2025\/07\/HP-16STP-4-1.jpg\",\"datePublished\":\"2025-07-04T10:43:01+00:00\",\"dateModified\":\"2025-08-26T06:40:13+00:00\",\"description\":\"Za\u010detni komplet za sejanje papirnatih lon\u010dkov 5 cm\/10 cm\/15 cm. U\u010dinkovit in enostaven na\u010din za setev. Naro\u010dite zdaj!\",\"breadcrumb\":{\"@id\":\"https:\/\/paperpotagriculture.com\/sl\/izdelek\/zacetni-komplet-za-sejanje-papirnatih-lonckov-5-cm-10-cm-15-cm\/#breadcrumb\"},\"inLanguage\":\"sl-SI\",\"potentialAction\":[{\"@type\":\"ReadAction\",\"target\":[\"https:\/\/paperpotagriculture.com\/sl\/izdelek\/zacetni-komplet-za-sejanje-papirnatih-lonckov-5-cm-10-cm-15-cm\/\"]}]},{\"@type\":\"ImageObject\",\"inLanguage\":\"sl-SI\",\"@id\":\"https:\/\/paperpotagriculture.com\/sl\/izdelek\/zacetni-komplet-za-sejanje-papirnatih-lonckov-5-cm-10-cm-15-cm\/#primaryimage\",\"url\":\"https:\/\/paperpotagriculture.com\/wp-content\/uploads\/2025\/07\/HP-16STP-4-1.jpg\",\"contentUrl\":\"https:\/\/paperpotagriculture.com\/wp-content\/uploads\/2025\/07\/HP-16STP-4-1.jpg\",\"width\":493,\"height\":740},{\"@type\":\"BreadcrumbList\",\"@id\":\"https:\/\/paperpotagriculture.com\/sl\/izdelek\/zacetni-komplet-za-sejanje-papirnatih-lonckov-5-cm-10-cm-15-cm\/#breadcrumb\",\"itemListElement\":[{\"@type\":\"ListItem\",\"position\":1,\"name\":\"Trgovina\",\"item\":\"https:\/\/paperpotagriculture.com\/sl\/trgovina\/\"},{\"@type\":\"ListItem\",\"position\":2,\"name\":\"Ekskluzivna ponudba\",\"item\":\"https:\/\/paperpotagriculture.com\/sl\/kategorija-izdelka\/ekskluzivna-ponudba-sl\/\"},{\"@type\":\"ListItem\",\"position\":3,\"name\":\"Za\u010detni komplet za sejanje papirnatih lon\u010dkov 5 cm\/10 cm\/15 cm\"}]},{\"@type\":\"WebSite\",\"@id\":\"https:\/\/paperpotagriculture.com\/sl\/#website\",\"url\":\"https:\/\/paperpotagriculture.com\/sl\/\",\"name\":\"Paperpotagriculture\",\"description\":\"\",\"potentialAction\":[{\"@type\":\"SearchAction\",\"target\":{\"@type\":\"EntryPoint\",\"urlTemplate\":\"https:\/\/paperpotagriculture.com\/sl\/?s={search_term_string}\"},\"query-input\":{\"@type\":\"PropertyValueSpecification\",\"valueRequired\":true,\"valueName\":\"search_term_string\"}}],\"inLanguage\":\"sl-SI\"}]}<\/script>\n<!-- \/ Yoast SEO plugin. -->","yoast_head_json":{"title":"Za\u010detni Komplet za sejanje papirnatih lon\u010dkov","description":"Za\u010detni komplet za sejanje papirnatih lon\u010dkov 5 cm\/10 cm\/15 cm. U\u010dinkovit in enostaven na\u010din za setev. Naro\u010dite zdaj!","robots":{"index":"index","follow":"follow","max-snippet":"max-snippet:-1","max-image-preview":"max-image-preview:large","max-video-preview":"max-video-preview:-1"},"canonical":"https:\/\/paperpotagriculture.com\/sl\/izdelek\/zacetni-komplet-za-sejanje-papirnatih-lonckov-5-cm-10-cm-15-cm\/","og_locale":"sl_SI","og_type":"article","og_title":"Za\u010detni Komplet za sejanje papirnatih lon\u010dkov - 5\/10\/15 cm","og_description":"Naro\u010dite za\u010detek va\u0161e setve s tem kompletom! Odli\u010dna izbira za vsak vrt.","og_url":"https:\/\/paperpotagriculture.com\/sl\/izdelek\/zacetni-komplet-za-sejanje-papirnatih-lonckov-5-cm-10-cm-15-cm\/","og_site_name":"Paperpotagriculture","article_modified_time":"2025-08-26T06:40:13+00:00","og_image":[{"width":493,"height":740,"url":"https:\/\/paperpotagriculture.com\/wp-content\/uploads\/2025\/07\/HP-16STP-4-1.jpg","type":"image\/jpeg"}],"twitter_card":"summary_large_image","twitter_title":"Za\u010detni Komplet za sejanje papirnatih lon\u010dkov","twitter_description":"Poenostavite setev s papirnatimi lon\u010dki! Naro\u010dite svoj komplet zdaj.","twitter_misc":{"Est. reading time":"1 minuta"},"schema":{"@context":"https:\/\/schema.org","@graph":[{"@type":"WebPage","@id":"https:\/\/paperpotagriculture.com\/sl\/izdelek\/zacetni-komplet-za-sejanje-papirnatih-lonckov-5-cm-10-cm-15-cm\/","url":"https:\/\/paperpotagriculture.com\/sl\/izdelek\/zacetni-komplet-za-sejanje-papirnatih-lonckov-5-cm-10-cm-15-cm\/","name":"Za\u010detni Komplet za sejanje papirnatih lon\u010dkov","isPartOf":{"@id":"https:\/\/paperpotagriculture.com\/sl\/#website"},"primaryImageOfPage":{"@id":"https:\/\/paperpotagriculture.com\/sl\/izdelek\/zacetni-komplet-za-sejanje-papirnatih-lonckov-5-cm-10-cm-15-cm\/#primaryimage"},"image":{"@id":"https:\/\/paperpotagriculture.com\/sl\/izdelek\/zacetni-komplet-za-sejanje-papirnatih-lonckov-5-cm-10-cm-15-cm\/#primaryimage"},"thumbnailUrl":"https:\/\/paperpotagriculture.com\/wp-content\/uploads\/2025\/07\/HP-16STP-4-1.jpg","datePublished":"2025-07-04T10:43:01+00:00","dateModified":"2025-08-26T06:40:13+00:00","description":"Za\u010detni komplet za sejanje papirnatih lon\u010dkov 5 cm\/10 cm\/15 cm. U\u010dinkovit in enostaven na\u010din za setev. Naro\u010dite zdaj!","breadcrumb":{"@id":"https:\/\/paperpotagriculture.com\/sl\/izdelek\/zacetni-komplet-za-sejanje-papirnatih-lonckov-5-cm-10-cm-15-cm\/#breadcrumb"},"inLanguage":"sl-SI","potentialAction":[{"@type":"ReadAction","target":["https:\/\/paperpotagriculture.com\/sl\/izdelek\/zacetni-komplet-za-sejanje-papirnatih-lonckov-5-cm-10-cm-15-cm\/"]}]},{"@type":"ImageObject","inLanguage":"sl-SI","@id":"https:\/\/paperpotagriculture.com\/sl\/izdelek\/zacetni-komplet-za-sejanje-papirnatih-lonckov-5-cm-10-cm-15-cm\/#primaryimage","url":"https:\/\/paperpotagriculture.com\/wp-content\/uploads\/2025\/07\/HP-16STP-4-1.jpg","contentUrl":"https:\/\/paperpotagriculture.com\/wp-content\/uploads\/2025\/07\/HP-16STP-4-1.jpg","width":493,"height":740},{"@type":"BreadcrumbList","@id":"https:\/\/paperpotagriculture.com\/sl\/izdelek\/zacetni-komplet-za-sejanje-papirnatih-lonckov-5-cm-10-cm-15-cm\/#breadcrumb","itemListElement":[{"@type":"ListItem","position":1,"name":"Trgovina","item":"https:\/\/paperpotagriculture.com\/sl\/trgovina\/"},{"@type":"ListItem","position":2,"name":"Ekskluzivna ponudba","item":"https:\/\/paperpotagriculture.com\/sl\/kategorija-izdelka\/ekskluzivna-ponudba-sl\/"},{"@type":"ListItem","position":3,"name":"Za\u010detni komplet za sejanje papirnatih lon\u010dkov 5 cm\/10 cm\/15 cm"}]},{"@type":"WebSite","@id":"https:\/\/paperpotagriculture.com\/sl\/#website","url":"https:\/\/paperpotagriculture.com\/sl\/","name":"Paperpotagriculture","description":"","potentialAction":[{"@type":"SearchAction","target":{"@type":"EntryPoint","urlTemplate":"https:\/\/paperpotagriculture.com\/sl\/?s={search_term_string}"},"query-input":{"@type":"PropertyValueSpecification","valueRequired":true,"valueName":"search_term_string"}}],"inLanguage":"sl-SI"}]}},"_links":{"self":[{"href":"https:\/\/paperpotagriculture.com\/sl\/wp-json\/wp\/v2\/product\/1175","targetHints":{"allow":["GET"]}}],"collection":[{"href":"https:\/\/paperpotagriculture.com\/sl\/wp-json\/wp\/v2\/product"}],"about":[{"href":"https:\/\/paperpotagriculture.com\/sl\/wp-json\/wp\/v2\/types\/product"}],"replies":[{"embeddable":true,"href":"https:\/\/paperpotagriculture.com\/sl\/wp-json\/wp\/v2\/comments?post=1175"}],"wp:featuredmedia":[{"embeddable":true,"href":"https:\/\/paperpotagriculture.com\/sl\/wp-json\/wp\/v2\/media\/1090"}],"wp:attachment":[{"href":"https:\/\/paperpotagriculture.com\/sl\/wp-json\/wp\/v2\/media?parent=1175"}],"wp:term":[{"taxonomy":"product_brand","embeddable":true,"href":"https:\/\/paperpotagriculture.com\/sl\/wp-json\/wp\/v2\/product_brand?post=1175"},{"taxonomy":"product_cat","embeddable":true,"href":"https:\/\/paperpotagriculture.com\/sl\/wp-json\/wp\/v2\/product_cat?post=1175"},{"taxonomy":"product_tag","embeddable":true,"href":"https:\/\/paperpotagriculture.com\/sl\/wp-json\/wp\/v2\/product_tag?post=1175"}],"curies":[{"name":"wp","href":"https:\/\/api.w.org\/{rel}","templated":true}]}}