{"id":1173,"date":"2025-07-04T09:09:17","date_gmt":"2025-07-04T09:09:17","guid":{"rendered":"https:\/\/paperpotagriculture.com\/product\/hands-free-harvest-scissors\/"},"modified":"2025-08-02T06:37:25","modified_gmt":"2025-08-02T06:37:25","slug":"prostorocne-skarje-za-nego-in-zetev","status":"publish","type":"product","link":"https:\/\/paperpotagriculture.com\/sl\/izdelek\/prostorocne-skarje-za-nego-in-zetev\/","title":{"rendered":"Prostoro\u010dne \u0161karje za nego in \u017eetev"},"content":{"rendered":"","protected":false},"excerpt":{"rendered":"<p>\u0160karje za prostoro\u010dno \u017eetev imajo ergonomsko obliko, idealno za pove\u010danje u\u010dinkovitosti za obe roki. \u0160karje so narejene s toplotno obdelano tehnologijo za najve\u010djo ostrino in vzdr\u017eljivost.<\/p>\n","protected":false},"featured_media":976,"comment_status":"closed","ping_status":"closed","template":"","meta":{"_acf_changed":false},"product_brand":[],"product_cat":[109,115,110],"product_tag":[],"class_list":{"0":"post-1173","1":"product","2":"type-product","3":"status-publish","4":"has-post-thumbnail","6":"product_cat-dodatki-sl","7":"product_cat-prostorocne-skarje-za-zetev-sl","8":"product_cat-za-vrtnarje-sl","10":"first","11":"instock","12":"taxable","13":"shipping-taxable","14":"purchasable","15":"product-type-simple"},"acf":[],"yoast_head":"<!-- This site is optimized with the Yoast SEO plugin v26.5 - https:\/\/yoast.com\/wordpress\/plugins\/seo\/ -->\n<title>Prostoro\u010dne \u0161karje za nego in \u017eetev - U\u010dinkovitost<\/title>\n<meta name=\"description\" content=\"Prostoro\u010dne \u0161karje za nego in \u017eetev pove\u010dajo va\u0161o u\u010dinkovitost. Odkrijte ergonomsko obliko in vrhunsko ostrino. Naro\u010dite zdaj!\" \/>\n<meta name=\"robots\" content=\"index, follow, max-snippet:-1, max-image-preview:large, max-video-preview:-1\" \/>\n<link rel=\"canonical\" href=\"https:\/\/paperpotagriculture.com\/sl\/izdelek\/prostorocne-skarje-za-nego-in-zetev\/\" \/>\n<meta property=\"og:locale\" content=\"sl_SI\" \/>\n<meta property=\"og:type\" content=\"article\" \/>\n<meta property=\"og:title\" content=\"Prostoro\u010dne \u0161karje za nego in \u017eetev - Izbolj\u0161ajte u\u010dinkovitost\" \/>\n<meta property=\"og:description\" content=\"U\u010dinkovitost z prostoro\u010dno \u0161karjo! Idealno za vrtnarje. Naro\u010dite zdaj!\" \/>\n<meta property=\"og:url\" content=\"https:\/\/paperpotagriculture.com\/sl\/izdelek\/prostorocne-skarje-za-nego-in-zetev\/\" \/>\n<meta property=\"og:site_name\" content=\"Paperpotagriculture\" \/>\n<meta property=\"article:modified_time\" content=\"2025-08-02T06:37:25+00:00\" \/>\n<meta property=\"og:image\" content=\"https:\/\/paperpotagriculture.com\/wp-content\/uploads\/2025\/07\/4976365131825.webp\" \/>\n\t<meta property=\"og:image:width\" content=\"713\" \/>\n\t<meta property=\"og:image:height\" content=\"713\" \/>\n\t<meta property=\"og:image:type\" content=\"image\/webp\" \/>\n<meta name=\"twitter:card\" content=\"summary_large_image\" \/>\n<meta name=\"twitter:title\" content=\"Prostoro\u010dne \u0161karje - U\u010dinkovito vrtnarjenje\" \/>\n<meta name=\"twitter:description\" content=\"Pove\u010dajte u\u010dinkovitost z na\u0161imi prostoro\u010dnimi \u0161karjami. Naro\u010dite danes!\" \/>\n<meta name=\"twitter:label1\" content=\"Est. reading time\" \/>\n\t<meta name=\"twitter:data1\" content=\"1 minuta\" \/>\n<script type=\"application\/ld+json\" class=\"yoast-schema-graph\">{\"@context\":\"https:\/\/schema.org\",\"@graph\":[{\"@type\":\"WebPage\",\"@id\":\"https:\/\/paperpotagriculture.com\/sl\/izdelek\/prostorocne-skarje-za-nego-in-zetev\/\",\"url\":\"https:\/\/paperpotagriculture.com\/sl\/izdelek\/prostorocne-skarje-za-nego-in-zetev\/\",\"name\":\"Prostoro\u010dne \u0161karje za nego in \u017eetev - U\u010dinkovitost\",\"isPartOf\":{\"@id\":\"https:\/\/paperpotagriculture.com\/sl\/#website\"},\"primaryImageOfPage\":{\"@id\":\"https:\/\/paperpotagriculture.com\/sl\/izdelek\/prostorocne-skarje-za-nego-in-zetev\/#primaryimage\"},\"image\":{\"@id\":\"https:\/\/paperpotagriculture.com\/sl\/izdelek\/prostorocne-skarje-za-nego-in-zetev\/#primaryimage\"},\"thumbnailUrl\":\"https:\/\/paperpotagriculture.com\/wp-content\/uploads\/2025\/07\/4976365131825.webp\",\"datePublished\":\"2025-07-04T09:09:17+00:00\",\"dateModified\":\"2025-08-02T06:37:25+00:00\",\"description\":\"Prostoro\u010dne \u0161karje za nego in \u017eetev pove\u010dajo va\u0161o u\u010dinkovitost. Odkrijte ergonomsko obliko in vrhunsko ostrino. Naro\u010dite zdaj!\",\"breadcrumb\":{\"@id\":\"https:\/\/paperpotagriculture.com\/sl\/izdelek\/prostorocne-skarje-za-nego-in-zetev\/#breadcrumb\"},\"inLanguage\":\"sl-SI\",\"potentialAction\":[{\"@type\":\"ReadAction\",\"target\":[\"https:\/\/paperpotagriculture.com\/sl\/izdelek\/prostorocne-skarje-za-nego-in-zetev\/\"]}]},{\"@type\":\"ImageObject\",\"inLanguage\":\"sl-SI\",\"@id\":\"https:\/\/paperpotagriculture.com\/sl\/izdelek\/prostorocne-skarje-za-nego-in-zetev\/#primaryimage\",\"url\":\"https:\/\/paperpotagriculture.com\/wp-content\/uploads\/2025\/07\/4976365131825.webp\",\"contentUrl\":\"https:\/\/paperpotagriculture.com\/wp-content\/uploads\/2025\/07\/4976365131825.webp\",\"width\":713,\"height\":713},{\"@type\":\"BreadcrumbList\",\"@id\":\"https:\/\/paperpotagriculture.com\/sl\/izdelek\/prostorocne-skarje-za-nego-in-zetev\/#breadcrumb\",\"itemListElement\":[{\"@type\":\"ListItem\",\"position\":1,\"name\":\"Trgovina\",\"item\":\"https:\/\/paperpotagriculture.com\/sl\/trgovina\/\"},{\"@type\":\"ListItem\",\"position\":2,\"name\":\"Dodatki\",\"item\":\"https:\/\/paperpotagriculture.com\/sl\/kategorija-izdelka\/dodatki-sl\/\"},{\"@type\":\"ListItem\",\"position\":3,\"name\":\"Prostoro\u010dne \u0161karje za nego in \u017eetev\"}]},{\"@type\":\"WebSite\",\"@id\":\"https:\/\/paperpotagriculture.com\/sl\/#website\",\"url\":\"https:\/\/paperpotagriculture.com\/sl\/\",\"name\":\"Paperpotagriculture\",\"description\":\"\",\"potentialAction\":[{\"@type\":\"SearchAction\",\"target\":{\"@type\":\"EntryPoint\",\"urlTemplate\":\"https:\/\/paperpotagriculture.com\/sl\/?s={search_term_string}\"},\"query-input\":{\"@type\":\"PropertyValueSpecification\",\"valueRequired\":true,\"valueName\":\"search_term_string\"}}],\"inLanguage\":\"sl-SI\"}]}<\/script>\n<!-- \/ Yoast SEO plugin. -->","yoast_head_json":{"title":"Prostoro\u010dne \u0161karje za nego in \u017eetev - U\u010dinkovitost","description":"Prostoro\u010dne \u0161karje za nego in \u017eetev pove\u010dajo va\u0161o u\u010dinkovitost. Odkrijte ergonomsko obliko in vrhunsko ostrino. Naro\u010dite zdaj!","robots":{"index":"index","follow":"follow","max-snippet":"max-snippet:-1","max-image-preview":"max-image-preview:large","max-video-preview":"max-video-preview:-1"},"canonical":"https:\/\/paperpotagriculture.com\/sl\/izdelek\/prostorocne-skarje-za-nego-in-zetev\/","og_locale":"sl_SI","og_type":"article","og_title":"Prostoro\u010dne \u0161karje za nego in \u017eetev - Izbolj\u0161ajte u\u010dinkovitost","og_description":"U\u010dinkovitost z prostoro\u010dno \u0161karjo! Idealno za vrtnarje. Naro\u010dite zdaj!","og_url":"https:\/\/paperpotagriculture.com\/sl\/izdelek\/prostorocne-skarje-za-nego-in-zetev\/","og_site_name":"Paperpotagriculture","article_modified_time":"2025-08-02T06:37:25+00:00","og_image":[{"width":713,"height":713,"url":"https:\/\/paperpotagriculture.com\/wp-content\/uploads\/2025\/07\/4976365131825.webp","type":"image\/webp"}],"twitter_card":"summary_large_image","twitter_title":"Prostoro\u010dne \u0161karje - U\u010dinkovito vrtnarjenje","twitter_description":"Pove\u010dajte u\u010dinkovitost z na\u0161imi prostoro\u010dnimi \u0161karjami. Naro\u010dite danes!","twitter_misc":{"Est. reading time":"1 minuta"},"schema":{"@context":"https:\/\/schema.org","@graph":[{"@type":"WebPage","@id":"https:\/\/paperpotagriculture.com\/sl\/izdelek\/prostorocne-skarje-za-nego-in-zetev\/","url":"https:\/\/paperpotagriculture.com\/sl\/izdelek\/prostorocne-skarje-za-nego-in-zetev\/","name":"Prostoro\u010dne \u0161karje za nego in \u017eetev - U\u010dinkovitost","isPartOf":{"@id":"https:\/\/paperpotagriculture.com\/sl\/#website"},"primaryImageOfPage":{"@id":"https:\/\/paperpotagriculture.com\/sl\/izdelek\/prostorocne-skarje-za-nego-in-zetev\/#primaryimage"},"image":{"@id":"https:\/\/paperpotagriculture.com\/sl\/izdelek\/prostorocne-skarje-za-nego-in-zetev\/#primaryimage"},"thumbnailUrl":"https:\/\/paperpotagriculture.com\/wp-content\/uploads\/2025\/07\/4976365131825.webp","datePublished":"2025-07-04T09:09:17+00:00","dateModified":"2025-08-02T06:37:25+00:00","description":"Prostoro\u010dne \u0161karje za nego in \u017eetev pove\u010dajo va\u0161o u\u010dinkovitost. Odkrijte ergonomsko obliko in vrhunsko ostrino. Naro\u010dite zdaj!","breadcrumb":{"@id":"https:\/\/paperpotagriculture.com\/sl\/izdelek\/prostorocne-skarje-za-nego-in-zetev\/#breadcrumb"},"inLanguage":"sl-SI","potentialAction":[{"@type":"ReadAction","target":["https:\/\/paperpotagriculture.com\/sl\/izdelek\/prostorocne-skarje-za-nego-in-zetev\/"]}]},{"@type":"ImageObject","inLanguage":"sl-SI","@id":"https:\/\/paperpotagriculture.com\/sl\/izdelek\/prostorocne-skarje-za-nego-in-zetev\/#primaryimage","url":"https:\/\/paperpotagriculture.com\/wp-content\/uploads\/2025\/07\/4976365131825.webp","contentUrl":"https:\/\/paperpotagriculture.com\/wp-content\/uploads\/2025\/07\/4976365131825.webp","width":713,"height":713},{"@type":"BreadcrumbList","@id":"https:\/\/paperpotagriculture.com\/sl\/izdelek\/prostorocne-skarje-za-nego-in-zetev\/#breadcrumb","itemListElement":[{"@type":"ListItem","position":1,"name":"Trgovina","item":"https:\/\/paperpotagriculture.com\/sl\/trgovina\/"},{"@type":"ListItem","position":2,"name":"Dodatki","item":"https:\/\/paperpotagriculture.com\/sl\/kategorija-izdelka\/dodatki-sl\/"},{"@type":"ListItem","position":3,"name":"Prostoro\u010dne \u0161karje za nego in \u017eetev"}]},{"@type":"WebSite","@id":"https:\/\/paperpotagriculture.com\/sl\/#website","url":"https:\/\/paperpotagriculture.com\/sl\/","name":"Paperpotagriculture","description":"","potentialAction":[{"@type":"SearchAction","target":{"@type":"EntryPoint","urlTemplate":"https:\/\/paperpotagriculture.com\/sl\/?s={search_term_string}"},"query-input":{"@type":"PropertyValueSpecification","valueRequired":true,"valueName":"search_term_string"}}],"inLanguage":"sl-SI"}]}},"_links":{"self":[{"href":"https:\/\/paperpotagriculture.com\/sl\/wp-json\/wp\/v2\/product\/1173","targetHints":{"allow":["GET"]}}],"collection":[{"href":"https:\/\/paperpotagriculture.com\/sl\/wp-json\/wp\/v2\/product"}],"about":[{"href":"https:\/\/paperpotagriculture.com\/sl\/wp-json\/wp\/v2\/types\/product"}],"replies":[{"embeddable":true,"href":"https:\/\/paperpotagriculture.com\/sl\/wp-json\/wp\/v2\/comments?post=1173"}],"wp:featuredmedia":[{"embeddable":true,"href":"https:\/\/paperpotagriculture.com\/sl\/wp-json\/wp\/v2\/media\/976"}],"wp:attachment":[{"href":"https:\/\/paperpotagriculture.com\/sl\/wp-json\/wp\/v2\/media?parent=1173"}],"wp:term":[{"taxonomy":"product_brand","embeddable":true,"href":"https:\/\/paperpotagriculture.com\/sl\/wp-json\/wp\/v2\/product_brand?post=1173"},{"taxonomy":"product_cat","embeddable":true,"href":"https:\/\/paperpotagriculture.com\/sl\/wp-json\/wp\/v2\/product_cat?post=1173"},{"taxonomy":"product_tag","embeddable":true,"href":"https:\/\/paperpotagriculture.com\/sl\/wp-json\/wp\/v2\/product_tag?post=1173"}],"curies":[{"name":"wp","href":"https:\/\/api.w.org\/{rel}","templated":true}]}}