{"id":1169,"date":"2025-07-04T09:12:07","date_gmt":"2025-07-04T09:12:07","guid":{"rendered":"https:\/\/paperpotagriculture.com\/product\/handy-manual-seeder-for-coated-seeds\/"},"modified":"2025-08-02T06:35:53","modified_gmt":"2025-08-02T06:35:53","slug":"prirocna-rocna-sejalnica-za-pilirana-semena-2","status":"publish","type":"product","link":"https:\/\/paperpotagriculture.com\/sl\/izdelek\/prirocna-rocna-sejalnica-za-pilirana-semena-2\/","title":{"rendered":"Priro\u010dna ro\u010dna sejalnica za pilirana semena"},"content":{"rendered":"","protected":false},"excerpt":{"rendered":"<p>Priro\u010dna ro\u010dna sejalnica za pilirana semena je idealno orodje za hitro in u\u010dinkovito setev.<\/p>\n<p>Primerna za profesionalno in doma\u010do uporabo.<\/p>\n","protected":false},"featured_media":982,"comment_status":"closed","ping_status":"closed","template":"","meta":{"_acf_changed":false},"product_brand":[],"product_cat":[109,113,110],"product_tag":[],"class_list":{"0":"post-1169","1":"product","2":"type-product","3":"status-publish","4":"has-post-thumbnail","6":"product_cat-dodatki-sl","7":"product_cat-handy-manual-seeder-for-coated-seeds-sl","8":"product_cat-za-vrtnarje-sl","10":"first","11":"instock","12":"taxable","13":"shipping-taxable","14":"purchasable","15":"product-type-simple"},"acf":[],"yoast_head":"<!-- This site is optimized with the Yoast SEO plugin v26.5 - https:\/\/yoast.com\/wordpress\/plugins\/seo\/ -->\n<title>Ro\u010dna Sejalnica za Pilirana Semena \u2013 Hitro Setev<\/title>\n<meta name=\"description\" content=\"Ro\u010dna sejalnica za pilirana semena je idealna za hitro setev. Pridobite to orodje za u\u010dinkovito setev in izbolj\u0161ajte svoj pridelek.\" \/>\n<meta name=\"robots\" content=\"index, follow, max-snippet:-1, max-image-preview:large, max-video-preview:-1\" \/>\n<link rel=\"canonical\" href=\"https:\/\/paperpotagriculture.com\/sl\/izdelek\/prirocna-rocna-sejalnica-za-pilirana-semena-2\/\" \/>\n<meta property=\"og:locale\" content=\"sl_SI\" \/>\n<meta property=\"og:type\" content=\"article\" \/>\n<meta property=\"og:title\" content=\"Ro\u010dna Sejalnica za Pilirana Semena \u2013 U\u010dinkovit Orodje\" \/>\n<meta property=\"og:description\" content=\"Pridobite ro\u010dno sejalnico za pilirana semena in izbolj\u0161ajte svojo setev.\" \/>\n<meta property=\"og:url\" content=\"https:\/\/paperpotagriculture.com\/sl\/izdelek\/prirocna-rocna-sejalnica-za-pilirana-semena-2\/\" \/>\n<meta property=\"og:site_name\" content=\"Paperpotagriculture\" \/>\n<meta property=\"article:modified_time\" content=\"2025-08-02T06:35:53+00:00\" \/>\n<meta property=\"og:image\" content=\"https:\/\/paperpotagriculture.com\/wp-content\/uploads\/2025\/07\/G-8-main.webp\" \/>\n\t<meta property=\"og:image:width\" content=\"435\" \/>\n\t<meta property=\"og:image:height\" content=\"290\" \/>\n\t<meta property=\"og:image:type\" content=\"image\/webp\" \/>\n<meta name=\"twitter:card\" content=\"summary_large_image\" \/>\n<meta name=\"twitter:title\" content=\"Ro\u010dna Sejalnica za Pilirana Semena \u2013 Hitro in U\u010dinkovito\" \/>\n<meta name=\"twitter:description\" content=\"Ro\u010dna sejalnica za pilirana semena je idealna izbira za va\u0161 vrt. Pridobite jo zdaj!\" \/>\n<meta name=\"twitter:label1\" content=\"Est. reading time\" \/>\n\t<meta name=\"twitter:data1\" content=\"1 minuta\" \/>\n<script type=\"application\/ld+json\" class=\"yoast-schema-graph\">{\"@context\":\"https:\/\/schema.org\",\"@graph\":[{\"@type\":\"WebPage\",\"@id\":\"https:\/\/paperpotagriculture.com\/sl\/izdelek\/prirocna-rocna-sejalnica-za-pilirana-semena-2\/\",\"url\":\"https:\/\/paperpotagriculture.com\/sl\/izdelek\/prirocna-rocna-sejalnica-za-pilirana-semena-2\/\",\"name\":\"Ro\u010dna Sejalnica za Pilirana Semena \u2013 Hitro Setev\",\"isPartOf\":{\"@id\":\"https:\/\/paperpotagriculture.com\/sl\/#website\"},\"primaryImageOfPage\":{\"@id\":\"https:\/\/paperpotagriculture.com\/sl\/izdelek\/prirocna-rocna-sejalnica-za-pilirana-semena-2\/#primaryimage\"},\"image\":{\"@id\":\"https:\/\/paperpotagriculture.com\/sl\/izdelek\/prirocna-rocna-sejalnica-za-pilirana-semena-2\/#primaryimage\"},\"thumbnailUrl\":\"https:\/\/paperpotagriculture.com\/wp-content\/uploads\/2025\/07\/G-8-main.webp\",\"datePublished\":\"2025-07-04T09:12:07+00:00\",\"dateModified\":\"2025-08-02T06:35:53+00:00\",\"description\":\"Ro\u010dna sejalnica za pilirana semena je idealna za hitro setev. Pridobite to orodje za u\u010dinkovito setev in izbolj\u0161ajte svoj pridelek.\",\"breadcrumb\":{\"@id\":\"https:\/\/paperpotagriculture.com\/sl\/izdelek\/prirocna-rocna-sejalnica-za-pilirana-semena-2\/#breadcrumb\"},\"inLanguage\":\"sl-SI\",\"potentialAction\":[{\"@type\":\"ReadAction\",\"target\":[\"https:\/\/paperpotagriculture.com\/sl\/izdelek\/prirocna-rocna-sejalnica-za-pilirana-semena-2\/\"]}]},{\"@type\":\"ImageObject\",\"inLanguage\":\"sl-SI\",\"@id\":\"https:\/\/paperpotagriculture.com\/sl\/izdelek\/prirocna-rocna-sejalnica-za-pilirana-semena-2\/#primaryimage\",\"url\":\"https:\/\/paperpotagriculture.com\/wp-content\/uploads\/2025\/07\/G-8-main.webp\",\"contentUrl\":\"https:\/\/paperpotagriculture.com\/wp-content\/uploads\/2025\/07\/G-8-main.webp\",\"width\":435,\"height\":290},{\"@type\":\"BreadcrumbList\",\"@id\":\"https:\/\/paperpotagriculture.com\/sl\/izdelek\/prirocna-rocna-sejalnica-za-pilirana-semena-2\/#breadcrumb\",\"itemListElement\":[{\"@type\":\"ListItem\",\"position\":1,\"name\":\"Trgovina\",\"item\":\"https:\/\/paperpotagriculture.com\/sl\/trgovina\/\"},{\"@type\":\"ListItem\",\"position\":2,\"name\":\"Dodatki\",\"item\":\"https:\/\/paperpotagriculture.com\/sl\/kategorija-izdelka\/dodatki-sl\/\"},{\"@type\":\"ListItem\",\"position\":3,\"name\":\"Priro\u010dna ro\u010dna sejalnica za pilirana semena\"}]},{\"@type\":\"WebSite\",\"@id\":\"https:\/\/paperpotagriculture.com\/sl\/#website\",\"url\":\"https:\/\/paperpotagriculture.com\/sl\/\",\"name\":\"Paperpotagriculture\",\"description\":\"\",\"potentialAction\":[{\"@type\":\"SearchAction\",\"target\":{\"@type\":\"EntryPoint\",\"urlTemplate\":\"https:\/\/paperpotagriculture.com\/sl\/?s={search_term_string}\"},\"query-input\":{\"@type\":\"PropertyValueSpecification\",\"valueRequired\":true,\"valueName\":\"search_term_string\"}}],\"inLanguage\":\"sl-SI\"}]}<\/script>\n<!-- \/ Yoast SEO plugin. -->","yoast_head_json":{"title":"Ro\u010dna Sejalnica za Pilirana Semena \u2013 Hitro Setev","description":"Ro\u010dna sejalnica za pilirana semena je idealna za hitro setev. Pridobite to orodje za u\u010dinkovito setev in izbolj\u0161ajte svoj pridelek.","robots":{"index":"index","follow":"follow","max-snippet":"max-snippet:-1","max-image-preview":"max-image-preview:large","max-video-preview":"max-video-preview:-1"},"canonical":"https:\/\/paperpotagriculture.com\/sl\/izdelek\/prirocna-rocna-sejalnica-za-pilirana-semena-2\/","og_locale":"sl_SI","og_type":"article","og_title":"Ro\u010dna Sejalnica za Pilirana Semena \u2013 U\u010dinkovit Orodje","og_description":"Pridobite ro\u010dno sejalnico za pilirana semena in izbolj\u0161ajte svojo setev.","og_url":"https:\/\/paperpotagriculture.com\/sl\/izdelek\/prirocna-rocna-sejalnica-za-pilirana-semena-2\/","og_site_name":"Paperpotagriculture","article_modified_time":"2025-08-02T06:35:53+00:00","og_image":[{"width":435,"height":290,"url":"https:\/\/paperpotagriculture.com\/wp-content\/uploads\/2025\/07\/G-8-main.webp","type":"image\/webp"}],"twitter_card":"summary_large_image","twitter_title":"Ro\u010dna Sejalnica za Pilirana Semena \u2013 Hitro in U\u010dinkovito","twitter_description":"Ro\u010dna sejalnica za pilirana semena je idealna izbira za va\u0161 vrt. Pridobite jo zdaj!","twitter_misc":{"Est. reading time":"1 minuta"},"schema":{"@context":"https:\/\/schema.org","@graph":[{"@type":"WebPage","@id":"https:\/\/paperpotagriculture.com\/sl\/izdelek\/prirocna-rocna-sejalnica-za-pilirana-semena-2\/","url":"https:\/\/paperpotagriculture.com\/sl\/izdelek\/prirocna-rocna-sejalnica-za-pilirana-semena-2\/","name":"Ro\u010dna Sejalnica za Pilirana Semena \u2013 Hitro Setev","isPartOf":{"@id":"https:\/\/paperpotagriculture.com\/sl\/#website"},"primaryImageOfPage":{"@id":"https:\/\/paperpotagriculture.com\/sl\/izdelek\/prirocna-rocna-sejalnica-za-pilirana-semena-2\/#primaryimage"},"image":{"@id":"https:\/\/paperpotagriculture.com\/sl\/izdelek\/prirocna-rocna-sejalnica-za-pilirana-semena-2\/#primaryimage"},"thumbnailUrl":"https:\/\/paperpotagriculture.com\/wp-content\/uploads\/2025\/07\/G-8-main.webp","datePublished":"2025-07-04T09:12:07+00:00","dateModified":"2025-08-02T06:35:53+00:00","description":"Ro\u010dna sejalnica za pilirana semena je idealna za hitro setev. Pridobite to orodje za u\u010dinkovito setev in izbolj\u0161ajte svoj pridelek.","breadcrumb":{"@id":"https:\/\/paperpotagriculture.com\/sl\/izdelek\/prirocna-rocna-sejalnica-za-pilirana-semena-2\/#breadcrumb"},"inLanguage":"sl-SI","potentialAction":[{"@type":"ReadAction","target":["https:\/\/paperpotagriculture.com\/sl\/izdelek\/prirocna-rocna-sejalnica-za-pilirana-semena-2\/"]}]},{"@type":"ImageObject","inLanguage":"sl-SI","@id":"https:\/\/paperpotagriculture.com\/sl\/izdelek\/prirocna-rocna-sejalnica-za-pilirana-semena-2\/#primaryimage","url":"https:\/\/paperpotagriculture.com\/wp-content\/uploads\/2025\/07\/G-8-main.webp","contentUrl":"https:\/\/paperpotagriculture.com\/wp-content\/uploads\/2025\/07\/G-8-main.webp","width":435,"height":290},{"@type":"BreadcrumbList","@id":"https:\/\/paperpotagriculture.com\/sl\/izdelek\/prirocna-rocna-sejalnica-za-pilirana-semena-2\/#breadcrumb","itemListElement":[{"@type":"ListItem","position":1,"name":"Trgovina","item":"https:\/\/paperpotagriculture.com\/sl\/trgovina\/"},{"@type":"ListItem","position":2,"name":"Dodatki","item":"https:\/\/paperpotagriculture.com\/sl\/kategorija-izdelka\/dodatki-sl\/"},{"@type":"ListItem","position":3,"name":"Priro\u010dna ro\u010dna sejalnica za pilirana semena"}]},{"@type":"WebSite","@id":"https:\/\/paperpotagriculture.com\/sl\/#website","url":"https:\/\/paperpotagriculture.com\/sl\/","name":"Paperpotagriculture","description":"","potentialAction":[{"@type":"SearchAction","target":{"@type":"EntryPoint","urlTemplate":"https:\/\/paperpotagriculture.com\/sl\/?s={search_term_string}"},"query-input":{"@type":"PropertyValueSpecification","valueRequired":true,"valueName":"search_term_string"}}],"inLanguage":"sl-SI"}]}},"_links":{"self":[{"href":"https:\/\/paperpotagriculture.com\/sl\/wp-json\/wp\/v2\/product\/1169","targetHints":{"allow":["GET"]}}],"collection":[{"href":"https:\/\/paperpotagriculture.com\/sl\/wp-json\/wp\/v2\/product"}],"about":[{"href":"https:\/\/paperpotagriculture.com\/sl\/wp-json\/wp\/v2\/types\/product"}],"replies":[{"embeddable":true,"href":"https:\/\/paperpotagriculture.com\/sl\/wp-json\/wp\/v2\/comments?post=1169"}],"wp:featuredmedia":[{"embeddable":true,"href":"https:\/\/paperpotagriculture.com\/sl\/wp-json\/wp\/v2\/media\/982"}],"wp:attachment":[{"href":"https:\/\/paperpotagriculture.com\/sl\/wp-json\/wp\/v2\/media?parent=1169"}],"wp:term":[{"taxonomy":"product_brand","embeddable":true,"href":"https:\/\/paperpotagriculture.com\/sl\/wp-json\/wp\/v2\/product_brand?post=1169"},{"taxonomy":"product_cat","embeddable":true,"href":"https:\/\/paperpotagriculture.com\/sl\/wp-json\/wp\/v2\/product_cat?post=1169"},{"taxonomy":"product_tag","embeddable":true,"href":"https:\/\/paperpotagriculture.com\/sl\/wp-json\/wp\/v2\/product_tag?post=1169"}],"curies":[{"name":"wp","href":"https:\/\/api.w.org\/{rel}","templated":true}]}}