{"id":1353,"date":"2025-09-26T06:00:23","date_gmt":"2025-09-26T06:00:23","guid":{"rendered":"https:\/\/paperpotagriculture.com\/refund_returns\/"},"modified":"2025-09-26T06:12:13","modified_gmt":"2025-09-26T06:12:13","slug":"politika-vracil","status":"publish","type":"page","link":"https:\/\/paperpotagriculture.com\/sl\/politika-vracil\/","title":{"rendered":"Politika vra\u010dil"},"content":{"rendered":"\n\n\t<section class=\"section\" id=\"section_1091188205\">\n\t\t<div class=\"section-bg fill\" >\n\t\t\t\t\t\t\t\t\t\n\t\t\t\n\n\t\t<\/div>\n\n\t\t\n\n\t\t<div class=\"section-content relative\">\n\t\t\t\n\n<div class=\"row\" style=\"max-width:735px\" id=\"row-2105126552\">\n\n\n\t<div id=\"col-1579578857\" class=\"col small-12 large-12\"  >\n\t\t\t\t<div class=\"col-inner\"  >\n\t\t\t\n\t\t\t\n\n\t<div id=\"text-878623932\" class=\"text\">\n\t\t\n\n<h1>Delivery &#038; returns<\/h1>\n\t\t\n<style>\n#text-878623932 {\n  text-align: center;\n}\n<\/style>\n\t<\/div>\n\t\n\n\t\t<\/div>\n\t\t\t\t\n<style>\n#col-1579578857 > .col-inner {\n  margin: 90px 0px 0px 0px;\n}\n<\/style>\n\t<\/div>\n\n\t\n\n<\/div>\n\n\t\t<\/div>\n\n\t\t\n<style>\n#section_1091188205 {\n  padding-top: 0px;\n  padding-bottom: 0px;\n}\n<\/style>\n\t<\/section>\n\t\n\n\t<section class=\"section pa-how-it-works-section\" id=\"section_1704779981\">\n\t\t<div class=\"section-bg fill\" >\n\t\t\t\t\t\t\t\t\t\n\t\t\t\n\n\t\t<\/div>\n\n\t\t\n\n\t\t<div class=\"section-content relative\">\n\t\t\t\n\n<div class=\"row align-middle\" style=\"max-width:1290px\" id=\"row-101523379\">\n\n\n\t<div id=\"col-1136906329\" class=\"col small-12 large-12\"  >\n\t\t\t\t<div class=\"col-inner\"  >\n\t\t\t\n\t\t\t\n\n\t<div id=\"text-2751563242\" class=\"text f_32 c_whiteD\">\n\t\t\n\n<h1>Politika vra\u010dil<\/h1>\n\t\t\t<\/div>\n\t\n\t<div id=\"text-1739335015\" class=\"text bodyL c_whiteP\">\n\t\t\n\n<p>Imamo 30-dnevno politiko vra\u010dil, kar pomeni, da imate 30 dni od prejema izdelka, da zahtevate vra\u010dilo.<\/p>\n<p>Da bi bili upravi\u010deni do vra\u010dila, mora biti va\u0161 izdelek v enakem stanju, kot ste ga prejeli \u2013 ne no\u0161en ali uporabljen, z etiketami in v originalni embala\u017ei. Potrebovali boste tudi ra\u010dun ali dokazilo o nakupu.<\/p>\n<p>Za za\u010detek postopka vra\u010dila nas lahko kontaktirate na <a href=\"mailto:kmetijstvo.cadez@gmail.com\">kmetijstvo.cadez@gmail.com<\/a>. Prosimo, upo\u0161tevajte, da je treba vra\u010dila poslati na naslednji naslov: [VSTAVI NASLOV ZA VRA\u010cILA]\n<p>\u010ce bo va\u0161e vra\u010dilo sprejeto, vam bomo poslali povratno nalepko za po\u0161iljanje in navodila, kako in kam poslati paket. Izdelki, poslani nazaj brez predhodne zahteve za vra\u010dilo, ne bodo sprejeti.<\/p>\n<p>Za vsa vpra\u0161anja glede vra\u010dil nas lahko vedno kontaktirate na <a href=\"mailto:kmetijstvo.cadez@gmail.com\">kmetijstvo.cadez@gmail.com<\/a>.<\/p>\n<p>\u00a0<\/p>\n<p><strong>Po\u0161kodbe in te\u017eave<\/strong><br \/>Prosimo, da ob prevzemu pregledate naro\u010dilo in nas takoj kontaktirate, \u010de je izdelek okvarjen, po\u0161kodovan ali \u010de ste prejeli napa\u010den izdelek, da lahko ocenimo te\u017eavo in jo ustrezno re\u0161imo.<\/p>\n<p>\u00a0<\/p>\n<p><strong>Izjeme \/ izdelki, ki jih ni mogo\u010de vrniti<\/strong><br \/>Nekaterih vrst izdelkov ni mogo\u010de vrniti, kot so pokvarljivo blago (na primer hrana, ro\u017ee ali rastline), izdelki po meri (na primer posebna naro\u010dila ali personalizirani izdelki) ter izdelki za osebno nego (na primer kozmeti\u010dni izdelki). Prav tako ne sprejemamo vra\u010dil za nevarne materiale, vnetljive teko\u010dine ali pline. Prosimo, da nas kontaktirate, \u010de imate vpra\u0161anja ali pomisleke glede dolo\u010denega izdelka.<\/p>\n<p>Na \u017ealost ne moremo sprejeti vra\u010dil za izdelke v akciji ali darilne kartice.<\/p>\n<p>\u00a0<\/p>\n<p><strong>Menjave<\/strong><br \/>Najhitrej\u0161i na\u010din, da zagotovite, da dobite izdelek, ki ga \u017eelite, je, da vrnete izdelek, ki ga imate, in ko je vra\u010dilo sprejeto, opravite nov nakup za \u017eeleni izdelek.<\/p>\n<p>\u00a0<\/p>\n<p><strong>14-dnevna odpovedna pravica v Evropski uniji<\/strong><br \/>Ne glede na zgoraj navedeno imate, \u010de se blago po\u0161ilja v Evropsko unijo, pravico, da v 14 dneh prekli\u010dete ali vrnete naro\u010dilo iz kakr\u0161nega koli razloga in brez navedbe razloga. Kot zgoraj mora biti izdelek v enakem stanju, kot ste ga prejeli \u2013 ne no\u0161en ali uporabljen, z etiketami in v originalni embala\u017ei. Potrebovali boste tudi ra\u010dun ali dokazilo o nakupu.<\/p>\n<p>\u00a0<\/p>\n<p><strong>Povra\u010dila<\/strong><br \/>Ko bomo prejeli in pregledali va\u0161e vra\u010dilo, vas bomo obvestili, ali je bilo vra\u010dilo odobreno ali ne. \u010ce je odobreno, boste samodejno prejeli povra\u010dilo na prvotno pla\u010dilno sredstvo v roku 10 delovnih dni. Upo\u0161tevajte, da lahko traja nekaj \u010dasa, da va\u0161a banka ali izdajatelj kreditne kartice obdela in knji\u017ei povra\u010dilo.<br \/>\u010ce je od odobritve vra\u010dila minilo ve\u010d kot 15 delovnih dni, nas kontaktirajte na kmetijstvo.cadez@gmail.com.<\/p>\n\t\t\t<\/div>\n\t\n\n\t\t<\/div>\n\t\t\t\t\t<\/div>\n\n\t\n\n<\/div>\n\n\t\t<\/div>\n\n\t\t\n<style>\n#section_1704779981 {\n  padding-top: 0px;\n  padding-bottom: 0px;\n}\n<\/style>\n\t<\/section>\n\t\n\n","protected":false},"excerpt":{"rendered":"","protected":false},"author":1,"featured_media":0,"parent":0,"menu_order":0,"comment_status":"closed","ping_status":"closed","template":"","meta":{"_acf_changed":false,"footnotes":""},"class_list":["post-1353","page","type-page","status-publish","hentry"],"acf":[],"yoast_head":"<!-- This site is optimized with the Yoast SEO plugin v26.5 - https:\/\/yoast.com\/wordpress\/plugins\/seo\/ -->\n<title>Politika vra\u010dil - Paperpotagriculture<\/title>\n<meta name=\"robots\" content=\"index, follow, max-snippet:-1, max-image-preview:large, max-video-preview:-1\" \/>\n<link rel=\"canonical\" href=\"https:\/\/paperpotagriculture.com\/sl\/politika-vracil\/\" \/>\n<meta property=\"og:locale\" content=\"sl_SI\" \/>\n<meta property=\"og:type\" content=\"article\" \/>\n<meta property=\"og:title\" content=\"Politika vra\u010dil - Paperpotagriculture\" \/>\n<meta property=\"og:url\" content=\"https:\/\/paperpotagriculture.com\/sl\/politika-vracil\/\" \/>\n<meta property=\"og:site_name\" content=\"Paperpotagriculture\" \/>\n<meta property=\"article:modified_time\" content=\"2025-09-26T06:12:13+00:00\" \/>\n<meta name=\"twitter:card\" content=\"summary_large_image\" \/>\n<meta name=\"twitter:label1\" content=\"Est. reading time\" \/>\n\t<meta name=\"twitter:data1\" content=\"3 minute\" \/>\n<script type=\"application\/ld+json\" class=\"yoast-schema-graph\">{\"@context\":\"https:\/\/schema.org\",\"@graph\":[{\"@type\":\"WebPage\",\"@id\":\"https:\/\/paperpotagriculture.com\/sl\/politika-vracil\/\",\"url\":\"https:\/\/paperpotagriculture.com\/sl\/politika-vracil\/\",\"name\":\"Politika vra\u010dil - Paperpotagriculture\",\"isPartOf\":{\"@id\":\"https:\/\/paperpotagriculture.com\/sl\/#website\"},\"datePublished\":\"2025-09-26T06:00:23+00:00\",\"dateModified\":\"2025-09-26T06:12:13+00:00\",\"inLanguage\":\"sl-SI\",\"potentialAction\":[{\"@type\":\"ReadAction\",\"target\":[\"https:\/\/paperpotagriculture.com\/sl\/politika-vracil\/\"]}]},{\"@type\":\"WebSite\",\"@id\":\"https:\/\/paperpotagriculture.com\/sl\/#website\",\"url\":\"https:\/\/paperpotagriculture.com\/sl\/\",\"name\":\"Paperpotagriculture\",\"description\":\"\",\"potentialAction\":[{\"@type\":\"SearchAction\",\"target\":{\"@type\":\"EntryPoint\",\"urlTemplate\":\"https:\/\/paperpotagriculture.com\/sl\/?s={search_term_string}\"},\"query-input\":{\"@type\":\"PropertyValueSpecification\",\"valueRequired\":true,\"valueName\":\"search_term_string\"}}],\"inLanguage\":\"sl-SI\"}]}<\/script>\n<!-- \/ Yoast SEO plugin. -->","yoast_head_json":{"title":"Politika vra\u010dil - Paperpotagriculture","robots":{"index":"index","follow":"follow","max-snippet":"max-snippet:-1","max-image-preview":"max-image-preview:large","max-video-preview":"max-video-preview:-1"},"canonical":"https:\/\/paperpotagriculture.com\/sl\/politika-vracil\/","og_locale":"sl_SI","og_type":"article","og_title":"Politika vra\u010dil - Paperpotagriculture","og_url":"https:\/\/paperpotagriculture.com\/sl\/politika-vracil\/","og_site_name":"Paperpotagriculture","article_modified_time":"2025-09-26T06:12:13+00:00","twitter_card":"summary_large_image","twitter_misc":{"Est. reading time":"3 minute"},"schema":{"@context":"https:\/\/schema.org","@graph":[{"@type":"WebPage","@id":"https:\/\/paperpotagriculture.com\/sl\/politika-vracil\/","url":"https:\/\/paperpotagriculture.com\/sl\/politika-vracil\/","name":"Politika vra\u010dil - Paperpotagriculture","isPartOf":{"@id":"https:\/\/paperpotagriculture.com\/sl\/#website"},"datePublished":"2025-09-26T06:00:23+00:00","dateModified":"2025-09-26T06:12:13+00:00","inLanguage":"sl-SI","potentialAction":[{"@type":"ReadAction","target":["https:\/\/paperpotagriculture.com\/sl\/politika-vracil\/"]}]},{"@type":"WebSite","@id":"https:\/\/paperpotagriculture.com\/sl\/#website","url":"https:\/\/paperpotagriculture.com\/sl\/","name":"Paperpotagriculture","description":"","potentialAction":[{"@type":"SearchAction","target":{"@type":"EntryPoint","urlTemplate":"https:\/\/paperpotagriculture.com\/sl\/?s={search_term_string}"},"query-input":{"@type":"PropertyValueSpecification","valueRequired":true,"valueName":"search_term_string"}}],"inLanguage":"sl-SI"}]}},"_links":{"self":[{"href":"https:\/\/paperpotagriculture.com\/sl\/wp-json\/wp\/v2\/pages\/1353","targetHints":{"allow":["GET"]}}],"collection":[{"href":"https:\/\/paperpotagriculture.com\/sl\/wp-json\/wp\/v2\/pages"}],"about":[{"href":"https:\/\/paperpotagriculture.com\/sl\/wp-json\/wp\/v2\/types\/page"}],"author":[{"embeddable":true,"href":"https:\/\/paperpotagriculture.com\/sl\/wp-json\/wp\/v2\/users\/1"}],"replies":[{"embeddable":true,"href":"https:\/\/paperpotagriculture.com\/sl\/wp-json\/wp\/v2\/comments?post=1353"}],"version-history":[{"count":2,"href":"https:\/\/paperpotagriculture.com\/sl\/wp-json\/wp\/v2\/pages\/1353\/revisions"}],"predecessor-version":[{"id":1355,"href":"https:\/\/paperpotagriculture.com\/sl\/wp-json\/wp\/v2\/pages\/1353\/revisions\/1355"}],"wp:attachment":[{"href":"https:\/\/paperpotagriculture.com\/sl\/wp-json\/wp\/v2\/media?parent=1353"}],"curies":[{"name":"wp","href":"https:\/\/api.w.org\/{rel}","templated":true}]}}