{"id":1342,"date":"2025-05-09T05:24:16","date_gmt":"2025-05-09T05:24:16","guid":{"rendered":"https:\/\/paperpotagriculture.com\/how-it-works\/"},"modified":"2025-09-26T06:33:19","modified_gmt":"2025-09-26T06:33:19","slug":"kako-deluje","status":"publish","type":"page","link":"https:\/\/paperpotagriculture.com\/sl\/kako-deluje\/","title":{"rendered":"Kako deluje"},"content":{"rendered":"\n\n\t<section class=\"section\" id=\"section_1088774081\">\n\t\t<div class=\"section-bg fill\" >\n\t\t\t\t\t\t\t\t\t\n\t\t\t\n\n\t\t<\/div>\n\n\t\t\n\n\t\t<div class=\"section-content relative\">\n\t\t\t\n\n<div class=\"row\" style=\"max-width:735px\" id=\"row-290727068\">\n\n\n\t<div id=\"col-1440357136\" class=\"col small-12 large-12\"  >\n\t\t\t\t<div class=\"col-inner\"  >\n\t\t\t\n\t\t\t\n\n\t<div id=\"text-587023795\" class=\"text\">\n\t\t\n\n<h1>Do\u017eivite prihodnost kmetovanja s sistemom Paperpot<\/h1>\n\n\t\t\n<style>\n#text-587023795 {\n  text-align: center;\n}\n<\/style>\n\t<\/div>\n\t\n\t<div id=\"text-2928722667\" class=\"text bodyM\">\n\t\t\n\n<p>Na\u0161 preprost in inovativen postopek zmanj\u0161uje \u010das, delo in vpliv na okolje \u2014 pomaga vam gojiti bolj trajnostno, z manj napora.<\/p>\n\n\t\t\n<style>\n#text-2928722667 {\n  text-align: center;\n}\n<\/style>\n\t<\/div>\n\t\n\n\t\t<\/div>\n\t\t\t\t\n<style>\n#col-1440357136 > .col-inner {\n  margin: 90px 0px 0px 0px;\n}\n<\/style>\n\t<\/div>\n\n\t\n\n<\/div>\n\n\t\t<\/div>\n\n\t\t\n<style>\n#section_1088774081 {\n  padding-top: 0px;\n  padding-bottom: 0px;\n}\n<\/style>\n\t<\/section>\n\t\n\n\t<section class=\"section pa-how-it-works-section\" id=\"section_1734018234\">\n\t\t<div class=\"section-bg fill\" >\n\t\t\t\t\t\t\t\t\t\n\t\t\t\n\n\t\t<\/div>\n\n\t\t\n\n\t\t<div class=\"section-content relative\">\n\t\t\t\n\n<div class=\"row align-middle\" style=\"max-width:1290px\" id=\"row-1142244113\">\n\n\n\t<div id=\"col-2133569191\" class=\"col medium-6 small-12 large-6\"  >\n\t\t\t\t<div class=\"col-inner\"  >\n\t\t\t\n\t\t\t\n\n\t<div id=\"text-1467425242\" class=\"text bodyM fw-600 c_whiteD\">\n\t\t\n\n<p>KORAK 1<\/p>\n\n\t\t\n<style>\n#text-1467425242 {\n  text-align: left;\n}\n<\/style>\n\t<\/div>\n\t\n\t<div id=\"text-202435652\" class=\"text f_32 c_whiteD\">\n\t\t\n\n<h3>Pripravite sadike<\/h3>\n\n\t\t\t<\/div>\n\t\n\t<div id=\"text-3883531247\" class=\"text bodyL c_whiteP\">\n\t\t\n\n<p>Poenostavite postopek presajanja, da bo kmetovanje u\u010dinkovitej\u0161e, trajnostnej\u0161e in stro\u0161kovno ugodnej\u0161e. Tukaj je, kako sistem Paperpot poenostavi va\u0161 proces sajenja in rasti.<\/p>\n\n\t\t\t<\/div>\n\t\n\n\t\t<\/div>\n\t\t\t\t\t<\/div>\n\n\t\n\n\t<div id=\"col-177284530\" class=\"col medium-6 small-12 large-6\"  >\n\t\t\t\t<div class=\"col-inner\"  >\n\t\t\t\n\t\t\t\n\n<div class=\"video video-fit mb pa-yt-video\" style=\"padding-top:56.25%;\"><iframe loading=\"lazy\" title=\"How to seed in Chainpots\" width=\"1020\" height=\"574\" src=\"https:\/\/www.youtube.com\/embed\/alVeDmNUKAY?feature=oembed\" frameborder=\"0\" allow=\"accelerometer; autoplay; clipboard-write; encrypted-media; gyroscope; picture-in-picture; web-share\" referrerpolicy=\"strict-origin-when-cross-origin\" allowfullscreen><\/iframe><\/div>\n\n\n\t\t<\/div>\n\t\t\t\t\t<\/div>\n\n\t\n\n<\/div>\n\t<div id=\"gap-1490781672\" class=\"gap-element clearfix\" style=\"display:block; height:auto;\">\n\t\t\n<style>\n#gap-1490781672 {\n  padding-top: 100px;\n}\n<\/style>\n\t<\/div>\n\t\n\n<div class=\"row align-middle\" style=\"max-width:1290px\" id=\"row-78548080\">\n\n\n\t<div id=\"col-2101282947\" class=\"col medium-6 small-12 large-6\"  >\n\t\t\t\t<div class=\"col-inner\"  >\n\t\t\t\n\t\t\t\n\n<div class=\"video video-fit mb pa-yt-video\" style=\"padding-top:56.25%;\"><p><iframe loading=\"lazy\" title=\"How to use the Paperpot Transplanter\" width=\"1020\" height=\"574\" src=\"https:\/\/www.youtube.com\/embed\/4M5QhXQ2zZ4?feature=oembed\" frameborder=\"0\" allow=\"accelerometer; autoplay; clipboard-write; encrypted-media; gyroscope; picture-in-picture; web-share\" referrerpolicy=\"strict-origin-when-cross-origin\" allowfullscreen><\/iframe><\/p>\n<\/div>\n\n\n\t\t<\/div>\n\t\t\t\t\t<\/div>\n\n\t\n\n\t<div id=\"col-23436691\" class=\"col medium-6 small-12 large-6\"  >\n\t\t\t\t<div class=\"col-inner\"  >\n\t\t\t\n\t\t\t\n\n\t<div id=\"text-1378976408\" class=\"text bodyM fw-600 c_whiteD\">\n\t\t\n\n<p>KORAK 2<\/p>\n\n\t\t\n<style>\n#text-1378976408 {\n  text-align: left;\n}\n<\/style>\n\t<\/div>\n\t\n\t<div id=\"text-1337873653\" class=\"text f_32 c_whiteD\">\n\t\t\n\n<h3>Vstavite Paperpot verigo<\/h3>\n\n\t\t\t<\/div>\n\t\n\t<div id=\"text-3332174227\" class=\"text bodyL c_whiteP\">\n\t\t\n\n<p>Ko so va\u0161e sadike pripravljene, nalo\u017eite Paperpot verigo v sadilnik. Veriga dr\u017ei sadike na mestu ter zagotavlja enakomerno razdaljo in enotno globino sajenja.<\/p>\n\n\t\t\t<\/div>\n\t\n\n\t\t<\/div>\n\t\t\t\t\t<\/div>\n\n\t\n\n<\/div>\n\t<div id=\"gap-1984682465\" class=\"gap-element clearfix\" style=\"display:block; height:auto;\">\n\t\t\n<style>\n#gap-1984682465 {\n  padding-top: 100px;\n}\n<\/style>\n\t<\/div>\n\t\n\n<div class=\"row align-middle\" style=\"max-width:1290px\" id=\"row-734862957\">\n\n\n\t<div id=\"col-1834236176\" class=\"col medium-6 small-12 large-6\"  >\n\t\t\t\t<div class=\"col-inner\"  >\n\t\t\t\n\t\t\t\n\n\t<div id=\"text-2796915598\" class=\"text bodyM fw-600 c_whiteD\">\n\t\t\n\n<p>KORAK 3<\/p>\n\n\t\t\n<style>\n#text-2796915598 {\n  text-align: left;\n}\n<\/style>\n\t<\/div>\n\t\n\t<div id=\"text-2020027232\" class=\"text f_32 c_whiteD\">\n\t\t\n\n<h3>Enostavno presajanje<\/h3>\n\n\t\t\t<\/div>\n\t\n\t<div id=\"text-828401823\" class=\"text bodyL c_whiteP\">\n\t\t\n\n<p>Ko vle\u010dete Paperpot sadilnik po zemlji, ta samodejno ustvari brazdo, vstavi sadike, jih prekrije z zemljo in trdno pritisne na svoje mesto \u2014 vse v enem gladkem in u\u010dinkovitem gibu. Sadilnik deluje ro\u010dno, zato ne potrebuje goriva ali elektrike, kar ga naredi okolju prijaznega in stro\u0161kovno ugodnega.<\/p>\n\n\t\t\t<\/div>\n\t\n\n\t\t<\/div>\n\t\t\t\t\t<\/div>\n\n\t\n\n\t<div id=\"col-811015081\" class=\"col medium-6 small-12 large-6\"  >\n\t\t\t\t<div class=\"col-inner\"  >\n\t\t\t\n\t\t\t\n\n\t<div class=\"img has-hover x md-x lg-x y md-y lg-y\" id=\"image_692064944\">\n\t\t\t\t\t\t\t\t<div class=\"img-inner dark\" >\n\t\t\t<img loading=\"lazy\" decoding=\"async\" width=\"549\" height=\"469\" src=\"https:\/\/paperpotagriculture.com\/wp-content\/uploads\/2025\/05\/image-2.jpg\" class=\"attachment-original size-original\" alt=\"\" srcset=\"https:\/\/paperpotagriculture.com\/wp-content\/uploads\/2025\/05\/image-2.jpg 549w, https:\/\/paperpotagriculture.com\/wp-content\/uploads\/2025\/05\/image-2-300x256.jpg 300w, https:\/\/paperpotagriculture.com\/wp-content\/uploads\/2025\/05\/image-2-400x342.jpg 400w\" sizes=\"auto, (max-width: 549px) 100vw, 549px\" \/>\t\t\t\t\t\t\n\t\t\t\t\t<\/div>\n\t\t\t\t\t\t\t\t\n<style>\n#image_692064944 {\n  width: 100%;\n}\n<\/style>\n\t<\/div>\n\t\n\n\n\t\t<\/div>\n\t\t\t\t\t<\/div>\n\n\t\n\n<\/div>\n\t<div id=\"gap-1962148716\" class=\"gap-element clearfix\" style=\"display:block; height:auto;\">\n\t\t\n<style>\n#gap-1962148716 {\n  padding-top: 100px;\n}\n<\/style>\n\t<\/div>\n\t\n\n<div class=\"row align-middle\" style=\"max-width:1290px\" id=\"row-2028602630\">\n\n\n\t<div id=\"col-2134157423\" class=\"col medium-6 small-12 large-6\"  >\n\t\t\t\t<div class=\"col-inner\"  >\n\t\t\t\n\t\t\t\n\n\t<div class=\"img has-hover x md-x lg-x y md-y lg-y\" id=\"image_1072608664\">\n\t\t\t\t\t\t\t\t<div class=\"img-inner dark\" >\n\t\t\t<img loading=\"lazy\" decoding=\"async\" width=\"549\" height=\"486\" src=\"https:\/\/paperpotagriculture.com\/wp-content\/uploads\/2025\/05\/image-3.jpg\" class=\"attachment-original size-original\" alt=\"\" srcset=\"https:\/\/paperpotagriculture.com\/wp-content\/uploads\/2025\/05\/image-3.jpg 549w, https:\/\/paperpotagriculture.com\/wp-content\/uploads\/2025\/05\/image-3-300x266.jpg 300w, https:\/\/paperpotagriculture.com\/wp-content\/uploads\/2025\/05\/image-3-400x354.jpg 400w\" sizes=\"auto, (max-width: 549px) 100vw, 549px\" \/>\t\t\t\t\t\t\n\t\t\t\t\t<\/div>\n\t\t\t\t\t\t\t\t\n<style>\n#image_1072608664 {\n  width: 100%;\n}\n<\/style>\n\t<\/div>\n\t\n\n\n\t\t<\/div>\n\t\t\t\t\t<\/div>\n\n\t\n\n\t<div id=\"col-811595165\" class=\"col medium-6 small-12 large-6\"  >\n\t\t\t\t<div class=\"col-inner\"  >\n\t\t\t\n\t\t\t\n\n\t<div id=\"text-3405828798\" class=\"text bodyM fw-600 c_whiteD\">\n\t\t\n\n<p>KORAK 4<\/p>\n\n\t\t\n<style>\n#text-3405828798 {\n  text-align: left;\n}\n<\/style>\n\t<\/div>\n\t\n\t<div id=\"text-1896897621\" class=\"text f_32 c_whiteD\">\n\t\t\n\n<h3>Opazujte, kako va\u0161e pridelke uspevajo<\/h3>\n\n\t\t\t<\/div>\n\t\n\t<div id=\"text-814229790\" class=\"text bodyL c_whiteP\">\n\t\t\n\n<p>Ko so sadike v zemlji, se hitro ukoreninijo in za\u010dnejo rasti v optimalnih pogojih. Z minimalnim \u0161okom ob presajanju in idealno razdaljo bodo va\u0161e rastline rasle mo\u010dne in zdrave, kar bo prineslo ve\u010dje pridelke in bolj zdrave rastline.<\/p>\n\n\t\t\t<\/div>\n\t\n\n\t\t<\/div>\n\t\t\t\t\t<\/div>\n\n\t\n\n<\/div>\n\n\t\t<\/div>\n\n\t\t\n<style>\n#section_1734018234 {\n  padding-top: 0px;\n  padding-bottom: 0px;\n}\n<\/style>\n\t<\/section>\n\t\n<span class=\"scroll-to\" data-label=\"Scroll to: #faq\" data-bullet=\"false\" data-link=\"#faq\" data-title=\"faq\" ><a name=\"faq\"><\/a><\/span>\n\n\t<div id=\"gap-1127751016\" class=\"gap-element clearfix\" style=\"display:block; height:auto;\">\n\t\t\n<style>\n#gap-1127751016 {\n  padding-top: 70px;\n}\n<\/style>\n\t<\/div>\n\t\n\n\n\t<section class=\"section\" id=\"section_540012197\">\n\t\t<div class=\"section-bg fill\" >\n\t\t\t\t\t\t\t\t\t\n\t\t\t\n\n\t\t<\/div>\n\n\t\t\n\n\t\t<div class=\"section-content relative\">\n\t\t\t\n\n<div class=\"row\"  id=\"row-1116591853\">\n\n\n\t<div id=\"col-701832562\" class=\"col small-12 large-12\"  >\n\t\t\t\t<div class=\"col-inner\"  >\n\t\t\t\n\t\t\t\n\n\t<div id=\"text-677804688\" class=\"text\">\n\t\t\n\n<h2>Pogosta vpra\u0161anja<\/h2>\n\n\t\t\n<style>\n#text-677804688 {\n  text-align: center;\n}\n<\/style>\n\t<\/div>\n\t\n\n\t\t<\/div>\n\t\t\t\t\n<style>\n#col-701832562 > .col-inner {\n  margin: 0px 0px 50px 0px;\n}\n<\/style>\n\t<\/div>\n\n\t\n\n<\/div>\n<div class=\"row\" style=\"max-width:856px\" id=\"row-984403839\">\n\n\n\t<div id=\"col-619217610\" class=\"col small-12 large-12\"  >\n\t\t\t\t<div class=\"col-inner\"  >\n\t\t\t\n\t\t\t\n\n<div class=\"accordion\">\n\n\t<div id=\"accordion-3596585878\" class=\"accordion-item\">\n\t\t<a id=\"accordion-3596585878-label\" class=\"accordion-title plain\" href=\"#accordion-item-kako-delujejo-papirnati-veri\u017eni-lon\u010dki?\" aria-expanded=\"false\" aria-controls=\"accordion-3596585878-content\" >\n\t\t\t<button class=\"toggle\" aria-label=\"Toggle\"><i class=\"icon-angle-down\"><\/i><\/button>\n\t\t\t<span>Kako delujejo papirnati veri\u017eni lon\u010dki?<\/span>\n\t\t<\/a>\n\t\t<div id=\"accordion-3596585878-content\" class=\"accordion-inner\" aria-labelledby=\"accordion-3596585878-label\" >\n\t\t\t\n\n<p>Papirnati veri\u017eni lon\u010dki so izdelani iz posebnega papirja in vodotopnega lepila. Ko jih presadite, se lon\u010dki postopoma razgradijo v zemlji, kar omogo\u010da optimalno porazdelitev zraka in vode do korenin. To spodbuja bolj zdravo in mo\u010dnej\u0161o rast rastlin.<\/p>\n\n\n\t\t<\/div>\n\t<\/div>\n\t\n\t<div id=\"accordion-2970486658\" class=\"accordion-item\">\n\t\t<a id=\"accordion-2970486658-label\" class=\"accordion-title plain\" href=\"#accordion-item-katere-kulture-so-primerne-za-papirnate-veri\u017ene-lon\u010dke?\" aria-expanded=\"false\" aria-controls=\"accordion-2970486658-content\" >\n\t\t\t<button class=\"toggle\" aria-label=\"Toggle\"><i class=\"icon-angle-down\"><\/i><\/button>\n\t\t\t<span>Katere kulture so primerne za papirnate veri\u017ene lon\u010dke?<\/span>\n\t\t<\/a>\n\t\t<div id=\"accordion-2970486658-content\" class=\"accordion-inner\" aria-labelledby=\"accordion-2970486658-label\" >\n\t\t\t\n\n<p>Papirnati veri\u017eni lon\u010dki so primerni za razli\u010dne kulture. Na voljo so z razli\u010dno razdaljo med sadikami, kar vam omogo\u010da, da izberete najbolj\u0161o mo\u017enost za svojo specifi\u010dno kulturo. Ne glede na to, ali gojite zelenjavo, zeli\u0161\u010da ali ro\u017ee, papirnati veri\u017eni lon\u010dki ponujajo u\u010dinkovito re\u0161itev.<\/p>\n\n\n\t\t<\/div>\n\t<\/div>\n\t\n\t<div id=\"accordion-2908569848\" class=\"accordion-item\">\n\t\t<a id=\"accordion-2908569848-label\" class=\"accordion-title plain\" href=\"#accordion-item-kako-dolgo-zdr\u017eijo-papirnati-veri\u017eni-lon\u010dki?\" aria-expanded=\"false\" aria-controls=\"accordion-2908569848-content\" >\n\t\t\t<button class=\"toggle\" aria-label=\"Toggle\"><i class=\"icon-angle-down\"><\/i><\/button>\n\t\t\t<span>Kako dolgo zdr\u017eijo papirnati veri\u017eni lon\u010dki?<\/span>\n\t\t<\/a>\n\t\t<div id=\"accordion-2908569848-content\" class=\"accordion-inner\" aria-labelledby=\"accordion-2908569848-label\" >\n\t\t\t\n\n<p>\u017divljenjska doba papirnatih veri\u017enih lon\u010dkov je odvisna od razli\u010dnih dejavnikov, kot so vrsta kulture, okoljski pogoji in na\u010din zalivanja. Na splo\u0161no se lon\u010dki razgradijo v nekaj tednih do nekaj mesecev po presaditvi.<\/p>\n\n\n\t\t<\/div>\n\t<\/div>\n\t\n\t<div id=\"accordion-660567773\" class=\"accordion-item\">\n\t\t<a id=\"accordion-660567773-label\" class=\"accordion-title plain\" href=\"#accordion-item-ali-se-lahko-papirnati-veri\u017eni-lon\u010dki-uporabljajo-za-vrtnarjenje-v-zaprtih-prostorih?\" aria-expanded=\"false\" aria-controls=\"accordion-660567773-content\" >\n\t\t\t<button class=\"toggle\" aria-label=\"Toggle\"><i class=\"icon-angle-down\"><\/i><\/button>\n\t\t\t<span>Ali se lahko papirnati veri\u017eni lon\u010dki uporabljajo za vrtnarjenje v zaprtih prostorih?<\/span>\n\t\t<\/a>\n\t\t<div id=\"accordion-660567773-content\" class=\"accordion-inner\" aria-labelledby=\"accordion-660567773-label\" >\n\t\t\t\n\n<p>Da, papirnati veri\u017eni lon\u010dki se lahko uporabljajo za vrtnarjenje v zaprtih prostorih. Primerni so tako za zunanjo kot tudi za notranjo pridelavo. Njihova zasnova omogo\u010da ustrezno kro\u017eenje zraka in vode, kar je klju\u010dno za zdravo rast rastlin.<\/p>\n\n\n\t\t<\/div>\n\t<\/div>\n\t\n\t<div id=\"accordion-902233197\" class=\"accordion-item\">\n\t\t<a id=\"accordion-902233197-label\" class=\"accordion-title plain\" href=\"#accordion-item-ali-so-papirnati-veri\u017eni-lon\u010dki-okolju-prijazni?\" aria-expanded=\"false\" aria-controls=\"accordion-902233197-content\" >\n\t\t\t<button class=\"toggle\" aria-label=\"Toggle\"><i class=\"icon-angle-down\"><\/i><\/button>\n\t\t\t<span>Ali so papirnati veri\u017eni lon\u010dki okolju prijazni?<\/span>\n\t\t<\/a>\n\t\t<div id=\"accordion-902233197-content\" class=\"accordion-inner\" aria-labelledby=\"accordion-902233197-label\" >\n\t\t\t\n\n<p>Da, papirnati veri\u017eni lon\u010dki so okolju prijazni. Izdelani so iz biorazgradljivih materialov, vklju\u010dno s posebnim papirjem in vodotopnim lepilom. Ko se lon\u010dki razgradijo v zemlji, ne prispevajo k plasti\u010dnim odpadkom in ne \u0161kodujejo okolju.<\/p>\n\n\n\t\t<\/div>\n\t<\/div>\n\t\n\n<\/div>\n\n\t\t<\/div>\n\t\t\t\t\t<\/div>\n\n\t\n\n<\/div>\n\n\t\t<\/div>\n\n\t\t\n<style>\n#section_540012197 {\n  padding-top: 0px;\n  padding-bottom: 0px;\n}\n<\/style>\n\t<\/section>\n\t\n\n","protected":false},"excerpt":{"rendered":"","protected":false},"author":2,"featured_media":0,"parent":0,"menu_order":0,"comment_status":"closed","ping_status":"closed","template":"","meta":{"_acf_changed":false,"footnotes":""},"class_list":["post-1342","page","type-page","status-publish","hentry"],"acf":[],"yoast_head":"<!-- This site is optimized with the Yoast SEO plugin v26.5 - https:\/\/yoast.com\/wordpress\/plugins\/seo\/ -->\n<title>Kako deluje - Paperpotagriculture<\/title>\n<meta name=\"robots\" content=\"index, follow, max-snippet:-1, max-image-preview:large, max-video-preview:-1\" \/>\n<link rel=\"canonical\" href=\"https:\/\/paperpotagriculture.com\/sl\/kako-deluje\/\" \/>\n<meta property=\"og:locale\" content=\"sl_SI\" \/>\n<meta property=\"og:type\" content=\"article\" \/>\n<meta property=\"og:title\" content=\"Kako deluje - Paperpotagriculture\" \/>\n<meta property=\"og:url\" content=\"https:\/\/paperpotagriculture.com\/sl\/kako-deluje\/\" \/>\n<meta property=\"og:site_name\" content=\"Paperpotagriculture\" \/>\n<meta property=\"article:modified_time\" content=\"2025-09-26T06:33:19+00:00\" \/>\n<meta name=\"twitter:card\" content=\"summary_large_image\" \/>\n<script type=\"application\/ld+json\" class=\"yoast-schema-graph\">{\"@context\":\"https:\/\/schema.org\",\"@graph\":[{\"@type\":\"WebPage\",\"@id\":\"https:\/\/paperpotagriculture.com\/sl\/kako-deluje\/\",\"url\":\"https:\/\/paperpotagriculture.com\/sl\/kako-deluje\/\",\"name\":\"Kako deluje - Paperpotagriculture\",\"isPartOf\":{\"@id\":\"https:\/\/paperpotagriculture.com\/sl\/#website\"},\"datePublished\":\"2025-05-09T05:24:16+00:00\",\"dateModified\":\"2025-09-26T06:33:19+00:00\",\"inLanguage\":\"sl-SI\",\"potentialAction\":[{\"@type\":\"ReadAction\",\"target\":[\"https:\/\/paperpotagriculture.com\/sl\/kako-deluje\/\"]}]},{\"@type\":\"WebSite\",\"@id\":\"https:\/\/paperpotagriculture.com\/sl\/#website\",\"url\":\"https:\/\/paperpotagriculture.com\/sl\/\",\"name\":\"Paperpotagriculture\",\"description\":\"\",\"potentialAction\":[{\"@type\":\"SearchAction\",\"target\":{\"@type\":\"EntryPoint\",\"urlTemplate\":\"https:\/\/paperpotagriculture.com\/sl\/?s={search_term_string}\"},\"query-input\":{\"@type\":\"PropertyValueSpecification\",\"valueRequired\":true,\"valueName\":\"search_term_string\"}}],\"inLanguage\":\"sl-SI\"}]}<\/script>\n<!-- \/ Yoast SEO plugin. -->","yoast_head_json":{"title":"Kako deluje - Paperpotagriculture","robots":{"index":"index","follow":"follow","max-snippet":"max-snippet:-1","max-image-preview":"max-image-preview:large","max-video-preview":"max-video-preview:-1"},"canonical":"https:\/\/paperpotagriculture.com\/sl\/kako-deluje\/","og_locale":"sl_SI","og_type":"article","og_title":"Kako deluje - Paperpotagriculture","og_url":"https:\/\/paperpotagriculture.com\/sl\/kako-deluje\/","og_site_name":"Paperpotagriculture","article_modified_time":"2025-09-26T06:33:19+00:00","twitter_card":"summary_large_image","schema":{"@context":"https:\/\/schema.org","@graph":[{"@type":"WebPage","@id":"https:\/\/paperpotagriculture.com\/sl\/kako-deluje\/","url":"https:\/\/paperpotagriculture.com\/sl\/kako-deluje\/","name":"Kako deluje - Paperpotagriculture","isPartOf":{"@id":"https:\/\/paperpotagriculture.com\/sl\/#website"},"datePublished":"2025-05-09T05:24:16+00:00","dateModified":"2025-09-26T06:33:19+00:00","inLanguage":"sl-SI","potentialAction":[{"@type":"ReadAction","target":["https:\/\/paperpotagriculture.com\/sl\/kako-deluje\/"]}]},{"@type":"WebSite","@id":"https:\/\/paperpotagriculture.com\/sl\/#website","url":"https:\/\/paperpotagriculture.com\/sl\/","name":"Paperpotagriculture","description":"","potentialAction":[{"@type":"SearchAction","target":{"@type":"EntryPoint","urlTemplate":"https:\/\/paperpotagriculture.com\/sl\/?s={search_term_string}"},"query-input":{"@type":"PropertyValueSpecification","valueRequired":true,"valueName":"search_term_string"}}],"inLanguage":"sl-SI"}]}},"_links":{"self":[{"href":"https:\/\/paperpotagriculture.com\/sl\/wp-json\/wp\/v2\/pages\/1342","targetHints":{"allow":["GET"]}}],"collection":[{"href":"https:\/\/paperpotagriculture.com\/sl\/wp-json\/wp\/v2\/pages"}],"about":[{"href":"https:\/\/paperpotagriculture.com\/sl\/wp-json\/wp\/v2\/types\/page"}],"author":[{"embeddable":true,"href":"https:\/\/paperpotagriculture.com\/sl\/wp-json\/wp\/v2\/users\/2"}],"replies":[{"embeddable":true,"href":"https:\/\/paperpotagriculture.com\/sl\/wp-json\/wp\/v2\/comments?post=1342"}],"version-history":[{"count":4,"href":"https:\/\/paperpotagriculture.com\/sl\/wp-json\/wp\/v2\/pages\/1342\/revisions"}],"predecessor-version":[{"id":1378,"href":"https:\/\/paperpotagriculture.com\/sl\/wp-json\/wp\/v2\/pages\/1342\/revisions\/1378"}],"wp:attachment":[{"href":"https:\/\/paperpotagriculture.com\/sl\/wp-json\/wp\/v2\/media?parent=1342"}],"curies":[{"name":"wp","href":"https:\/\/api.w.org\/{rel}","templated":true}]}}