{"id":1452,"date":"2025-12-05T11:05:14","date_gmt":"2025-12-05T11:05:14","guid":{"rendered":"https:\/\/paperpotagriculture.com\/product\/non-chain-paperpot\/"},"modified":"2025-12-05T11:25:50","modified_gmt":"2025-12-05T11:25:50","slug":"non-chain-paperpot","status":"publish","type":"product","link":"https:\/\/paperpotagriculture.com\/hr\/proizvod\/non-chain-paperpot\/","title":{"rendered":"Non-chain paperpot"},"content":{"rendered":"<p>Papirnati ne-lan\u010dani lon\u010di\u0107i \u2013 br\u017ee i jednostavnije presa\u0111ivanje<\/p>\n","protected":false},"excerpt":{"rendered":"<p>Papirnati ne-lan\u010dani lon\u010di\u0107i \u2013 br\u017ee i jednostavnije presa\u0111ivanje<\/p>\n","protected":false},"featured_media":1515,"comment_status":"closed","ping_status":"closed","template":"","meta":{"_acf_changed":false},"product_brand":[],"product_cat":[132,133],"product_tag":[],"class_list":{"0":"post-1452","1":"product","2":"type-product","3":"status-publish","4":"has-post-thumbnail","6":"product_cat-non-chain-paperpot-hr","7":"product_cat-oprema-za-sjetvu-hr","9":"first","10":"instock","11":"sold-individually","12":"taxable","13":"shipping-taxable","14":"purchasable","15":"product-type-variable"},"acf":[],"yoast_head":"<!-- This site is optimized with the Yoast SEO plugin v26.5 - https:\/\/yoast.com\/wordpress\/plugins\/seo\/ -->\n<title>Ne-lan\u010dani papirnati lon\u010di\u0107i za br\u017ee presa\u0111ivanje<\/title>\n<meta name=\"description\" content=\"Ne-lan\u010dani papirnati lon\u010di\u0107i omogu\u0107uju br\u017ee i jednostavnije presa\u0111ivanje. Osigurajte si svoje ve\u0107 danas!\" \/>\n<meta name=\"robots\" content=\"index, follow, max-snippet:-1, max-image-preview:large, max-video-preview:-1\" \/>\n<link rel=\"canonical\" href=\"https:\/\/paperpotagriculture.com\/hr\/proizvod\/non-chain-paperpot\/\" \/>\n<meta property=\"og:locale\" content=\"hr_HR\" \/>\n<meta property=\"og:type\" content=\"article\" \/>\n<meta property=\"og:title\" content=\"Ne-lan\u010dani papirnati lon\u010di\u0107i za u\u010dinkovitije presa\u0111ivanje\" \/>\n<meta property=\"og:description\" content=\"Unaprijedite proces sadnje s ne-lan\u010danim papirnatim lon\u010di\u0107ima. Naru\u010dite sada!\" \/>\n<meta property=\"og:url\" content=\"https:\/\/paperpotagriculture.com\/hr\/proizvod\/non-chain-paperpot\/\" \/>\n<meta property=\"og:site_name\" content=\"Paperpotagriculture\" \/>\n<meta property=\"article:modified_time\" content=\"2025-12-05T11:25:50+00:00\" \/>\n<meta property=\"og:image\" content=\"https:\/\/paperpotagriculture.com\/wp-content\/uploads\/2025\/12\/64005f5df84381121f5a4650_no16-12.png\" \/>\n\t<meta property=\"og:image:width\" content=\"700\" \/>\n\t<meta property=\"og:image:height\" content=\"700\" \/>\n\t<meta property=\"og:image:type\" content=\"image\/png\" \/>\n<meta name=\"twitter:card\" content=\"summary_large_image\" \/>\n<meta name=\"twitter:title\" content=\"Ne-lan\u010dani papirnati lon\u010di\u0107i - br\u017ee sadnje!\" \/>\n<meta name=\"twitter:description\" content=\"Pove\u0107ajte u\u010dinkovitost s ne-lan\u010danim papirnatim lon\u010di\u0107ima. Osigurajte svoje lon\u010di\u0107e danas!\" \/>\n<meta name=\"twitter:label1\" content=\"Procijenjeno vrijeme \u010ditanja\" \/>\n\t<meta name=\"twitter:data1\" content=\"1 minuta\" \/>\n<script type=\"application\/ld+json\" class=\"yoast-schema-graph\">{\"@context\":\"https:\/\/schema.org\",\"@graph\":[{\"@type\":\"WebPage\",\"@id\":\"https:\/\/paperpotagriculture.com\/hr\/proizvod\/non-chain-paperpot\/\",\"url\":\"https:\/\/paperpotagriculture.com\/hr\/proizvod\/non-chain-paperpot\/\",\"name\":\"Ne-lan\u010dani papirnati lon\u010di\u0107i za br\u017ee presa\u0111ivanje\",\"isPartOf\":{\"@id\":\"https:\/\/paperpotagriculture.com\/hr\/#website\"},\"primaryImageOfPage\":{\"@id\":\"https:\/\/paperpotagriculture.com\/hr\/proizvod\/non-chain-paperpot\/#primaryimage\"},\"image\":{\"@id\":\"https:\/\/paperpotagriculture.com\/hr\/proizvod\/non-chain-paperpot\/#primaryimage\"},\"thumbnailUrl\":\"https:\/\/paperpotagriculture.com\/wp-content\/uploads\/2025\/12\/64005f5df84381121f5a4650_no16-12.png\",\"datePublished\":\"2025-12-05T11:05:14+00:00\",\"dateModified\":\"2025-12-05T11:25:50+00:00\",\"description\":\"Ne-lan\u010dani papirnati lon\u010di\u0107i omogu\u0107uju br\u017ee i jednostavnije presa\u0111ivanje. Osigurajte si svoje ve\u0107 danas!\",\"breadcrumb\":{\"@id\":\"https:\/\/paperpotagriculture.com\/hr\/proizvod\/non-chain-paperpot\/#breadcrumb\"},\"inLanguage\":\"hr\",\"potentialAction\":[{\"@type\":\"ReadAction\",\"target\":[\"https:\/\/paperpotagriculture.com\/hr\/proizvod\/non-chain-paperpot\/\"]}]},{\"@type\":\"ImageObject\",\"inLanguage\":\"hr\",\"@id\":\"https:\/\/paperpotagriculture.com\/hr\/proizvod\/non-chain-paperpot\/#primaryimage\",\"url\":\"https:\/\/paperpotagriculture.com\/wp-content\/uploads\/2025\/12\/64005f5df84381121f5a4650_no16-12.png\",\"contentUrl\":\"https:\/\/paperpotagriculture.com\/wp-content\/uploads\/2025\/12\/64005f5df84381121f5a4650_no16-12.png\",\"width\":700,\"height\":700},{\"@type\":\"BreadcrumbList\",\"@id\":\"https:\/\/paperpotagriculture.com\/hr\/proizvod\/non-chain-paperpot\/#breadcrumb\",\"itemListElement\":[{\"@type\":\"ListItem\",\"position\":1,\"name\":\"Trgovina\",\"item\":\"https:\/\/paperpotagriculture.com\/hr\/trgovina\/\"},{\"@type\":\"ListItem\",\"position\":2,\"name\":\"Oprema za sjetvu\",\"item\":\"https:\/\/paperpotagriculture.com\/hr\/kategorija-proizvoda\/oprema-za-sjetvu-hr\/\"},{\"@type\":\"ListItem\",\"position\":3,\"name\":\"Non chain paperpot\",\"item\":\"https:\/\/paperpotagriculture.com\/hr\/kategorija-proizvoda\/oprema-za-sjetvu-hr\/non-chain-paperpot-hr\/\"},{\"@type\":\"ListItem\",\"position\":4,\"name\":\"Non-chain paperpot\"}]},{\"@type\":\"WebSite\",\"@id\":\"https:\/\/paperpotagriculture.com\/hr\/#website\",\"url\":\"https:\/\/paperpotagriculture.com\/hr\/\",\"name\":\"Paperpotagriculture\",\"description\":\"\",\"potentialAction\":[{\"@type\":\"SearchAction\",\"target\":{\"@type\":\"EntryPoint\",\"urlTemplate\":\"https:\/\/paperpotagriculture.com\/hr\/?s={search_term_string}\"},\"query-input\":{\"@type\":\"PropertyValueSpecification\",\"valueRequired\":true,\"valueName\":\"search_term_string\"}}],\"inLanguage\":\"hr\"}]}<\/script>\n<!-- \/ Yoast SEO plugin. -->","yoast_head_json":{"title":"Ne-lan\u010dani papirnati lon\u010di\u0107i za br\u017ee presa\u0111ivanje","description":"Ne-lan\u010dani papirnati lon\u010di\u0107i omogu\u0107uju br\u017ee i jednostavnije presa\u0111ivanje. Osigurajte si svoje ve\u0107 danas!","robots":{"index":"index","follow":"follow","max-snippet":"max-snippet:-1","max-image-preview":"max-image-preview:large","max-video-preview":"max-video-preview:-1"},"canonical":"https:\/\/paperpotagriculture.com\/hr\/proizvod\/non-chain-paperpot\/","og_locale":"hr_HR","og_type":"article","og_title":"Ne-lan\u010dani papirnati lon\u010di\u0107i za u\u010dinkovitije presa\u0111ivanje","og_description":"Unaprijedite proces sadnje s ne-lan\u010danim papirnatim lon\u010di\u0107ima. Naru\u010dite sada!","og_url":"https:\/\/paperpotagriculture.com\/hr\/proizvod\/non-chain-paperpot\/","og_site_name":"Paperpotagriculture","article_modified_time":"2025-12-05T11:25:50+00:00","og_image":[{"width":700,"height":700,"url":"https:\/\/paperpotagriculture.com\/wp-content\/uploads\/2025\/12\/64005f5df84381121f5a4650_no16-12.png","type":"image\/png"}],"twitter_card":"summary_large_image","twitter_title":"Ne-lan\u010dani papirnati lon\u010di\u0107i - br\u017ee sadnje!","twitter_description":"Pove\u0107ajte u\u010dinkovitost s ne-lan\u010danim papirnatim lon\u010di\u0107ima. Osigurajte svoje lon\u010di\u0107e danas!","twitter_misc":{"Procijenjeno vrijeme \u010ditanja":"1 minuta"},"schema":{"@context":"https:\/\/schema.org","@graph":[{"@type":"WebPage","@id":"https:\/\/paperpotagriculture.com\/hr\/proizvod\/non-chain-paperpot\/","url":"https:\/\/paperpotagriculture.com\/hr\/proizvod\/non-chain-paperpot\/","name":"Ne-lan\u010dani papirnati lon\u010di\u0107i za br\u017ee presa\u0111ivanje","isPartOf":{"@id":"https:\/\/paperpotagriculture.com\/hr\/#website"},"primaryImageOfPage":{"@id":"https:\/\/paperpotagriculture.com\/hr\/proizvod\/non-chain-paperpot\/#primaryimage"},"image":{"@id":"https:\/\/paperpotagriculture.com\/hr\/proizvod\/non-chain-paperpot\/#primaryimage"},"thumbnailUrl":"https:\/\/paperpotagriculture.com\/wp-content\/uploads\/2025\/12\/64005f5df84381121f5a4650_no16-12.png","datePublished":"2025-12-05T11:05:14+00:00","dateModified":"2025-12-05T11:25:50+00:00","description":"Ne-lan\u010dani papirnati lon\u010di\u0107i omogu\u0107uju br\u017ee i jednostavnije presa\u0111ivanje. Osigurajte si svoje ve\u0107 danas!","breadcrumb":{"@id":"https:\/\/paperpotagriculture.com\/hr\/proizvod\/non-chain-paperpot\/#breadcrumb"},"inLanguage":"hr","potentialAction":[{"@type":"ReadAction","target":["https:\/\/paperpotagriculture.com\/hr\/proizvod\/non-chain-paperpot\/"]}]},{"@type":"ImageObject","inLanguage":"hr","@id":"https:\/\/paperpotagriculture.com\/hr\/proizvod\/non-chain-paperpot\/#primaryimage","url":"https:\/\/paperpotagriculture.com\/wp-content\/uploads\/2025\/12\/64005f5df84381121f5a4650_no16-12.png","contentUrl":"https:\/\/paperpotagriculture.com\/wp-content\/uploads\/2025\/12\/64005f5df84381121f5a4650_no16-12.png","width":700,"height":700},{"@type":"BreadcrumbList","@id":"https:\/\/paperpotagriculture.com\/hr\/proizvod\/non-chain-paperpot\/#breadcrumb","itemListElement":[{"@type":"ListItem","position":1,"name":"Trgovina","item":"https:\/\/paperpotagriculture.com\/hr\/trgovina\/"},{"@type":"ListItem","position":2,"name":"Oprema za sjetvu","item":"https:\/\/paperpotagriculture.com\/hr\/kategorija-proizvoda\/oprema-za-sjetvu-hr\/"},{"@type":"ListItem","position":3,"name":"Non chain paperpot","item":"https:\/\/paperpotagriculture.com\/hr\/kategorija-proizvoda\/oprema-za-sjetvu-hr\/non-chain-paperpot-hr\/"},{"@type":"ListItem","position":4,"name":"Non-chain paperpot"}]},{"@type":"WebSite","@id":"https:\/\/paperpotagriculture.com\/hr\/#website","url":"https:\/\/paperpotagriculture.com\/hr\/","name":"Paperpotagriculture","description":"","potentialAction":[{"@type":"SearchAction","target":{"@type":"EntryPoint","urlTemplate":"https:\/\/paperpotagriculture.com\/hr\/?s={search_term_string}"},"query-input":{"@type":"PropertyValueSpecification","valueRequired":true,"valueName":"search_term_string"}}],"inLanguage":"hr"}]}},"_links":{"self":[{"href":"https:\/\/paperpotagriculture.com\/hr\/wp-json\/wp\/v2\/product\/1452","targetHints":{"allow":["GET"]}}],"collection":[{"href":"https:\/\/paperpotagriculture.com\/hr\/wp-json\/wp\/v2\/product"}],"about":[{"href":"https:\/\/paperpotagriculture.com\/hr\/wp-json\/wp\/v2\/types\/product"}],"replies":[{"embeddable":true,"href":"https:\/\/paperpotagriculture.com\/hr\/wp-json\/wp\/v2\/comments?post=1452"}],"wp:featuredmedia":[{"embeddable":true,"href":"https:\/\/paperpotagriculture.com\/hr\/wp-json\/wp\/v2\/media\/1515"}],"wp:attachment":[{"href":"https:\/\/paperpotagriculture.com\/hr\/wp-json\/wp\/v2\/media?parent=1452"}],"wp:term":[{"taxonomy":"product_brand","embeddable":true,"href":"https:\/\/paperpotagriculture.com\/hr\/wp-json\/wp\/v2\/product_brand?post=1452"},{"taxonomy":"product_cat","embeddable":true,"href":"https:\/\/paperpotagriculture.com\/hr\/wp-json\/wp\/v2\/product_cat?post=1452"},{"taxonomy":"product_tag","embeddable":true,"href":"https:\/\/paperpotagriculture.com\/hr\/wp-json\/wp\/v2\/product_tag?post=1452"}],"curies":[{"name":"wp","href":"https:\/\/api.w.org\/{rel}","templated":true}]}}