{"id":1312,"date":"2025-07-04T10:34:05","date_gmt":"2025-07-04T10:34:05","guid":{"rendered":"https:\/\/paperpotagriculture.com\/product\/paperpot-for-root-crops\/"},"modified":"2025-08-25T11:40:35","modified_gmt":"2025-08-25T11:40:35","slug":"posuda-za-papir-za-korjenaste-usjeve","status":"publish","type":"product","link":"https:\/\/paperpotagriculture.com\/hr\/proizvod\/posuda-za-papir-za-korjenaste-usjeve\/","title":{"rendered":"Posuda za papir za korjenaste usjeve"},"content":{"rendered":"","protected":false},"excerpt":{"rendered":"<div class=\"product__description rte quick-add-hidden\">\n<p>Pobolj\u0161ajte u\u010dinkovitost i uspjeh \u017eetve svojih korijenskih usjeva s na\u0161im sustavom papirnih posuda. S 1400 \u0107elija po ladici, ovaj inovativni alat je posebno dizajniran za mrkvu, pastrnjak, per\u0161in i drugo korjenasto povr\u0107e. Recite zbogom zamornom presa\u0111ivanju i pozdravite obilnu \u017eetvu.<\/p>\n<p>U cijenu je uklju\u010dena samo ladica za papir!<\/p>\n<\/div>\n","protected":false},"featured_media":1013,"comment_status":"closed","ping_status":"closed","template":"","meta":{"_acf_changed":false},"product_brand":[],"product_cat":[132,133],"product_tag":[],"class_list":{"0":"post-1312","1":"product","2":"type-product","3":"status-publish","4":"has-post-thumbnail","6":"product_cat-non-chain-paperpot-hr","7":"product_cat-oprema-za-sjetvu-hr","9":"first","10":"instock","11":"taxable","12":"shipping-taxable","13":"purchasable","14":"product-type-simple"},"acf":[],"yoast_head":"<!-- This site is optimized with the Yoast SEO plugin v26.5 - https:\/\/yoast.com\/wordpress\/plugins\/seo\/ -->\n<title>Posuda za Papir - U\u010dinkovitost Korjenastih Usjeva<\/title>\n<meta name=\"description\" content=\"Posuda za papir pobolj\u0161ava \u017eetvu korjenastih usjeva. Saznajte vi\u0161e o na\u0161em inovativnom sustavu s 1400 \u0107elija po ladici.\" \/>\n<meta name=\"robots\" content=\"index, follow, max-snippet:-1, max-image-preview:large, max-video-preview:-1\" \/>\n<link rel=\"canonical\" href=\"https:\/\/paperpotagriculture.com\/hr\/proizvod\/posuda-za-papir-za-korjenaste-usjeve\/\" \/>\n<meta property=\"og:locale\" content=\"hr_HR\" \/>\n<meta property=\"og:type\" content=\"article\" \/>\n<meta property=\"og:title\" content=\"Posuda za Papir - Savr\u0161en Alat za Va\u0161u Farmu\" \/>\n<meta property=\"og:description\" content=\"Posuda za papir pobolj\u0161ava uspjeh va\u0161e \u017eetve korjenastih usjeva.\" \/>\n<meta property=\"og:url\" content=\"https:\/\/paperpotagriculture.com\/hr\/proizvod\/posuda-za-papir-za-korjenaste-usjeve\/\" \/>\n<meta property=\"og:site_name\" content=\"Paperpotagriculture\" \/>\n<meta property=\"article:modified_time\" content=\"2025-08-25T11:40:35+00:00\" \/>\n<meta property=\"og:image\" content=\"https:\/\/paperpotagriculture.com\/wp-content\/uploads\/2025\/07\/main-so-1.jpg\" \/>\n\t<meta property=\"og:image:width\" content=\"450\" \/>\n\t<meta property=\"og:image:height\" content=\"338\" \/>\n\t<meta property=\"og:image:type\" content=\"image\/jpeg\" \/>\n<meta name=\"twitter:card\" content=\"summary_large_image\" \/>\n<meta name=\"twitter:title\" content=\"Posuda za Papir - Inovativna Solucija za Uzgoj\" \/>\n<meta name=\"twitter:description\" content=\"Pobolj\u0161ajte uspjeh \u017eetve korjenastih usjeva s na\u0161om posudom za papir.\" \/>\n<meta name=\"twitter:label1\" content=\"Procijenjeno vrijeme \u010ditanja\" \/>\n\t<meta name=\"twitter:data1\" content=\"1 minuta\" \/>\n<script type=\"application\/ld+json\" class=\"yoast-schema-graph\">{\"@context\":\"https:\/\/schema.org\",\"@graph\":[{\"@type\":\"WebPage\",\"@id\":\"https:\/\/paperpotagriculture.com\/hr\/proizvod\/posuda-za-papir-za-korjenaste-usjeve\/\",\"url\":\"https:\/\/paperpotagriculture.com\/hr\/proizvod\/posuda-za-papir-za-korjenaste-usjeve\/\",\"name\":\"Posuda za Papir - U\u010dinkovitost Korjenastih Usjeva\",\"isPartOf\":{\"@id\":\"https:\/\/paperpotagriculture.com\/hr\/#website\"},\"primaryImageOfPage\":{\"@id\":\"https:\/\/paperpotagriculture.com\/hr\/proizvod\/posuda-za-papir-za-korjenaste-usjeve\/#primaryimage\"},\"image\":{\"@id\":\"https:\/\/paperpotagriculture.com\/hr\/proizvod\/posuda-za-papir-za-korjenaste-usjeve\/#primaryimage\"},\"thumbnailUrl\":\"https:\/\/paperpotagriculture.com\/wp-content\/uploads\/2025\/07\/main-so-1.jpg\",\"datePublished\":\"2025-07-04T10:34:05+00:00\",\"dateModified\":\"2025-08-25T11:40:35+00:00\",\"description\":\"Posuda za papir pobolj\u0161ava \u017eetvu korjenastih usjeva. Saznajte vi\u0161e o na\u0161em inovativnom sustavu s 1400 \u0107elija po ladici.\",\"breadcrumb\":{\"@id\":\"https:\/\/paperpotagriculture.com\/hr\/proizvod\/posuda-za-papir-za-korjenaste-usjeve\/#breadcrumb\"},\"inLanguage\":\"hr\",\"potentialAction\":[{\"@type\":\"ReadAction\",\"target\":[\"https:\/\/paperpotagriculture.com\/hr\/proizvod\/posuda-za-papir-za-korjenaste-usjeve\/\"]}]},{\"@type\":\"ImageObject\",\"inLanguage\":\"hr\",\"@id\":\"https:\/\/paperpotagriculture.com\/hr\/proizvod\/posuda-za-papir-za-korjenaste-usjeve\/#primaryimage\",\"url\":\"https:\/\/paperpotagriculture.com\/wp-content\/uploads\/2025\/07\/main-so-1.jpg\",\"contentUrl\":\"https:\/\/paperpotagriculture.com\/wp-content\/uploads\/2025\/07\/main-so-1.jpg\",\"width\":450,\"height\":338},{\"@type\":\"BreadcrumbList\",\"@id\":\"https:\/\/paperpotagriculture.com\/hr\/proizvod\/posuda-za-papir-za-korjenaste-usjeve\/#breadcrumb\",\"itemListElement\":[{\"@type\":\"ListItem\",\"position\":1,\"name\":\"Trgovina\",\"item\":\"https:\/\/paperpotagriculture.com\/hr\/trgovina\/\"},{\"@type\":\"ListItem\",\"position\":2,\"name\":\"Oprema za sjetvu\",\"item\":\"https:\/\/paperpotagriculture.com\/hr\/kategorija-proizvoda\/oprema-za-sjetvu-hr\/\"},{\"@type\":\"ListItem\",\"position\":3,\"name\":\"Posuda za papir za korjenaste usjeve\"}]},{\"@type\":\"WebSite\",\"@id\":\"https:\/\/paperpotagriculture.com\/hr\/#website\",\"url\":\"https:\/\/paperpotagriculture.com\/hr\/\",\"name\":\"Paperpotagriculture\",\"description\":\"\",\"potentialAction\":[{\"@type\":\"SearchAction\",\"target\":{\"@type\":\"EntryPoint\",\"urlTemplate\":\"https:\/\/paperpotagriculture.com\/hr\/?s={search_term_string}\"},\"query-input\":{\"@type\":\"PropertyValueSpecification\",\"valueRequired\":true,\"valueName\":\"search_term_string\"}}],\"inLanguage\":\"hr\"}]}<\/script>\n<!-- \/ Yoast SEO plugin. -->","yoast_head_json":{"title":"Posuda za Papir - U\u010dinkovitost Korjenastih Usjeva","description":"Posuda za papir pobolj\u0161ava \u017eetvu korjenastih usjeva. Saznajte vi\u0161e o na\u0161em inovativnom sustavu s 1400 \u0107elija po ladici.","robots":{"index":"index","follow":"follow","max-snippet":"max-snippet:-1","max-image-preview":"max-image-preview:large","max-video-preview":"max-video-preview:-1"},"canonical":"https:\/\/paperpotagriculture.com\/hr\/proizvod\/posuda-za-papir-za-korjenaste-usjeve\/","og_locale":"hr_HR","og_type":"article","og_title":"Posuda za Papir - Savr\u0161en Alat za Va\u0161u Farmu","og_description":"Posuda za papir pobolj\u0161ava uspjeh va\u0161e \u017eetve korjenastih usjeva.","og_url":"https:\/\/paperpotagriculture.com\/hr\/proizvod\/posuda-za-papir-za-korjenaste-usjeve\/","og_site_name":"Paperpotagriculture","article_modified_time":"2025-08-25T11:40:35+00:00","og_image":[{"width":450,"height":338,"url":"https:\/\/paperpotagriculture.com\/wp-content\/uploads\/2025\/07\/main-so-1.jpg","type":"image\/jpeg"}],"twitter_card":"summary_large_image","twitter_title":"Posuda za Papir - Inovativna Solucija za Uzgoj","twitter_description":"Pobolj\u0161ajte uspjeh \u017eetve korjenastih usjeva s na\u0161om posudom za papir.","twitter_misc":{"Procijenjeno vrijeme \u010ditanja":"1 minuta"},"schema":{"@context":"https:\/\/schema.org","@graph":[{"@type":"WebPage","@id":"https:\/\/paperpotagriculture.com\/hr\/proizvod\/posuda-za-papir-za-korjenaste-usjeve\/","url":"https:\/\/paperpotagriculture.com\/hr\/proizvod\/posuda-za-papir-za-korjenaste-usjeve\/","name":"Posuda za Papir - U\u010dinkovitost Korjenastih Usjeva","isPartOf":{"@id":"https:\/\/paperpotagriculture.com\/hr\/#website"},"primaryImageOfPage":{"@id":"https:\/\/paperpotagriculture.com\/hr\/proizvod\/posuda-za-papir-za-korjenaste-usjeve\/#primaryimage"},"image":{"@id":"https:\/\/paperpotagriculture.com\/hr\/proizvod\/posuda-za-papir-za-korjenaste-usjeve\/#primaryimage"},"thumbnailUrl":"https:\/\/paperpotagriculture.com\/wp-content\/uploads\/2025\/07\/main-so-1.jpg","datePublished":"2025-07-04T10:34:05+00:00","dateModified":"2025-08-25T11:40:35+00:00","description":"Posuda za papir pobolj\u0161ava \u017eetvu korjenastih usjeva. Saznajte vi\u0161e o na\u0161em inovativnom sustavu s 1400 \u0107elija po ladici.","breadcrumb":{"@id":"https:\/\/paperpotagriculture.com\/hr\/proizvod\/posuda-za-papir-za-korjenaste-usjeve\/#breadcrumb"},"inLanguage":"hr","potentialAction":[{"@type":"ReadAction","target":["https:\/\/paperpotagriculture.com\/hr\/proizvod\/posuda-za-papir-za-korjenaste-usjeve\/"]}]},{"@type":"ImageObject","inLanguage":"hr","@id":"https:\/\/paperpotagriculture.com\/hr\/proizvod\/posuda-za-papir-za-korjenaste-usjeve\/#primaryimage","url":"https:\/\/paperpotagriculture.com\/wp-content\/uploads\/2025\/07\/main-so-1.jpg","contentUrl":"https:\/\/paperpotagriculture.com\/wp-content\/uploads\/2025\/07\/main-so-1.jpg","width":450,"height":338},{"@type":"BreadcrumbList","@id":"https:\/\/paperpotagriculture.com\/hr\/proizvod\/posuda-za-papir-za-korjenaste-usjeve\/#breadcrumb","itemListElement":[{"@type":"ListItem","position":1,"name":"Trgovina","item":"https:\/\/paperpotagriculture.com\/hr\/trgovina\/"},{"@type":"ListItem","position":2,"name":"Oprema za sjetvu","item":"https:\/\/paperpotagriculture.com\/hr\/kategorija-proizvoda\/oprema-za-sjetvu-hr\/"},{"@type":"ListItem","position":3,"name":"Posuda za papir za korjenaste usjeve"}]},{"@type":"WebSite","@id":"https:\/\/paperpotagriculture.com\/hr\/#website","url":"https:\/\/paperpotagriculture.com\/hr\/","name":"Paperpotagriculture","description":"","potentialAction":[{"@type":"SearchAction","target":{"@type":"EntryPoint","urlTemplate":"https:\/\/paperpotagriculture.com\/hr\/?s={search_term_string}"},"query-input":{"@type":"PropertyValueSpecification","valueRequired":true,"valueName":"search_term_string"}}],"inLanguage":"hr"}]}},"_links":{"self":[{"href":"https:\/\/paperpotagriculture.com\/hr\/wp-json\/wp\/v2\/product\/1312","targetHints":{"allow":["GET"]}}],"collection":[{"href":"https:\/\/paperpotagriculture.com\/hr\/wp-json\/wp\/v2\/product"}],"about":[{"href":"https:\/\/paperpotagriculture.com\/hr\/wp-json\/wp\/v2\/types\/product"}],"replies":[{"embeddable":true,"href":"https:\/\/paperpotagriculture.com\/hr\/wp-json\/wp\/v2\/comments?post=1312"}],"wp:featuredmedia":[{"embeddable":true,"href":"https:\/\/paperpotagriculture.com\/hr\/wp-json\/wp\/v2\/media\/1013"}],"wp:attachment":[{"href":"https:\/\/paperpotagriculture.com\/hr\/wp-json\/wp\/v2\/media?parent=1312"}],"wp:term":[{"taxonomy":"product_brand","embeddable":true,"href":"https:\/\/paperpotagriculture.com\/hr\/wp-json\/wp\/v2\/product_brand?post=1312"},{"taxonomy":"product_cat","embeddable":true,"href":"https:\/\/paperpotagriculture.com\/hr\/wp-json\/wp\/v2\/product_cat?post=1312"},{"taxonomy":"product_tag","embeddable":true,"href":"https:\/\/paperpotagriculture.com\/hr\/wp-json\/wp\/v2\/product_tag?post=1312"}],"curies":[{"name":"wp","href":"https:\/\/api.w.org\/{rel}","templated":true}]}}