{"id":1295,"date":"2025-04-24T08:54:04","date_gmt":"2025-04-24T08:54:04","guid":{"rendered":"https:\/\/paperpotagriculture.com\/product\/paperpot-transplanter-hp-16\/"},"modified":"2025-08-25T11:22:21","modified_gmt":"2025-08-25T11:22:21","slug":"papirnati-uredaj-za-transplantaciju-hp-16","status":"publish","type":"product","link":"https:\/\/paperpotagriculture.com\/hr\/proizvod\/papirnati-uredaj-za-transplantaciju-hp-16\/","title":{"rendered":"Papirnati ure\u0111aj za transplantaciju HP-16"},"content":{"rendered":"","protected":false},"excerpt":{"rendered":"<p>Presa\u0111iva\u010d za jedan red s ljudskim pogonom za sadnju lon\u010danica. Alat koji \u0161tedi vrijeme i rad, brzo presa\u0111uje lon\u010danice.<\/p>\n<p>Uzgojite do 264 sadnice odjednom s ovim elegantnim presa\u0111iva\u010dem u papirnate lon\u010danice koji \u0161tedi prostor.<\/p>\n","protected":false},"featured_media":629,"comment_status":"open","ping_status":"closed","template":"","meta":{"_acf_changed":false},"product_brand":[],"product_cat":[133,176,175],"product_tag":[],"class_list":{"0":"post-1295","1":"product","2":"type-product","3":"status-publish","4":"has-post-thumbnail","6":"product_cat-oprema-za-sjetvu-hr","7":"product_cat-rasadivac-hr","8":"product_cat-single-row-transplantor-hr","10":"first","11":"outofstock","12":"sale","13":"taxable","14":"shipping-taxable","15":"purchasable","16":"product-type-simple"},"acf":[],"yoast_head":"<!-- This site is optimized with the Yoast SEO plugin v26.5 - https:\/\/yoast.com\/wordpress\/plugins\/seo\/ -->\n<title>Papirnati ure\u0111aj za transplantaciju HP-16 - U\u010dinkovita presadnja<\/title>\n<meta name=\"description\" content=\"Papirnati ure\u0111aj za transplantaciju HP-16 \u0161tedi vrijeme i rad. Naru\u010dite sada i presa\u0111ujte do 264 sadnice s lako\u0107om!\" \/>\n<meta name=\"robots\" content=\"index, follow, max-snippet:-1, max-image-preview:large, max-video-preview:-1\" \/>\n<link rel=\"canonical\" href=\"https:\/\/paperpotagriculture.com\/hr\/proizvod\/papirnati-uredaj-za-transplantaciju-hp-16\/\" \/>\n<meta property=\"og:locale\" content=\"hr_HR\" \/>\n<meta property=\"og:type\" content=\"article\" \/>\n<meta property=\"og:title\" content=\"Papirnati ure\u0111aj za transplantaciju HP-16 - U\u010dinkovit alat\" \/>\n<meta property=\"og:description\" content=\"Presa\u0111ujte brzo i lako s na\u0161im ure\u0111ajem HP-16. Naru\u010dite danas!\" \/>\n<meta property=\"og:url\" content=\"https:\/\/paperpotagriculture.com\/hr\/proizvod\/papirnati-uredaj-za-transplantaciju-hp-16\/\" \/>\n<meta property=\"og:site_name\" content=\"Paperpotagriculture\" \/>\n<meta property=\"article:modified_time\" content=\"2025-08-25T11:22:21+00:00\" \/>\n<meta property=\"og:image\" content=\"https:\/\/paperpotagriculture.com\/wp-content\/uploads\/2025\/04\/IMG-3.jpg\" \/>\n\t<meta property=\"og:image:width\" content=\"328\" \/>\n\t<meta property=\"og:image:height\" content=\"287\" \/>\n\t<meta property=\"og:image:type\" content=\"image\/jpeg\" \/>\n<meta name=\"twitter:card\" content=\"summary_large_image\" \/>\n<meta name=\"twitter:title\" content=\"Papirnati ure\u0111aj za transplantaciju HP-16 - Savr\u0161en alat\" \/>\n<meta name=\"twitter:description\" content=\"\u0160tedite vrijeme uz HP-16! Naru\u010dite svoj ure\u0111aj za transplantaciju sada!\" \/>\n<meta name=\"twitter:label1\" content=\"Procijenjeno vrijeme \u010ditanja\" \/>\n\t<meta name=\"twitter:data1\" content=\"1 minuta\" \/>\n<script type=\"application\/ld+json\" class=\"yoast-schema-graph\">{\"@context\":\"https:\/\/schema.org\",\"@graph\":[{\"@type\":\"WebPage\",\"@id\":\"https:\/\/paperpotagriculture.com\/hr\/proizvod\/papirnati-uredaj-za-transplantaciju-hp-16\/\",\"url\":\"https:\/\/paperpotagriculture.com\/hr\/proizvod\/papirnati-uredaj-za-transplantaciju-hp-16\/\",\"name\":\"Papirnati ure\u0111aj za transplantaciju HP-16 - U\u010dinkovita presadnja\",\"isPartOf\":{\"@id\":\"https:\/\/paperpotagriculture.com\/hr\/#website\"},\"primaryImageOfPage\":{\"@id\":\"https:\/\/paperpotagriculture.com\/hr\/proizvod\/papirnati-uredaj-za-transplantaciju-hp-16\/#primaryimage\"},\"image\":{\"@id\":\"https:\/\/paperpotagriculture.com\/hr\/proizvod\/papirnati-uredaj-za-transplantaciju-hp-16\/#primaryimage\"},\"thumbnailUrl\":\"https:\/\/paperpotagriculture.com\/wp-content\/uploads\/2025\/04\/IMG-3.jpg\",\"datePublished\":\"2025-04-24T08:54:04+00:00\",\"dateModified\":\"2025-08-25T11:22:21+00:00\",\"description\":\"Papirnati ure\u0111aj za transplantaciju HP-16 \u0161tedi vrijeme i rad. Naru\u010dite sada i presa\u0111ujte do 264 sadnice s lako\u0107om!\",\"breadcrumb\":{\"@id\":\"https:\/\/paperpotagriculture.com\/hr\/proizvod\/papirnati-uredaj-za-transplantaciju-hp-16\/#breadcrumb\"},\"inLanguage\":\"hr\",\"potentialAction\":[{\"@type\":\"ReadAction\",\"target\":[\"https:\/\/paperpotagriculture.com\/hr\/proizvod\/papirnati-uredaj-za-transplantaciju-hp-16\/\"]}]},{\"@type\":\"ImageObject\",\"inLanguage\":\"hr\",\"@id\":\"https:\/\/paperpotagriculture.com\/hr\/proizvod\/papirnati-uredaj-za-transplantaciju-hp-16\/#primaryimage\",\"url\":\"https:\/\/paperpotagriculture.com\/wp-content\/uploads\/2025\/04\/IMG-3.jpg\",\"contentUrl\":\"https:\/\/paperpotagriculture.com\/wp-content\/uploads\/2025\/04\/IMG-3.jpg\",\"width\":328,\"height\":287},{\"@type\":\"BreadcrumbList\",\"@id\":\"https:\/\/paperpotagriculture.com\/hr\/proizvod\/papirnati-uredaj-za-transplantaciju-hp-16\/#breadcrumb\",\"itemListElement\":[{\"@type\":\"ListItem\",\"position\":1,\"name\":\"Trgovina\",\"item\":\"https:\/\/paperpotagriculture.com\/hr\/trgovina\/\"},{\"@type\":\"ListItem\",\"position\":2,\"name\":\"Rasa\u0111iva\u010d\",\"item\":\"https:\/\/paperpotagriculture.com\/hr\/kategorija-proizvoda\/rasadivac-hr\/\"},{\"@type\":\"ListItem\",\"position\":3,\"name\":\"Single row transplantor\",\"item\":\"https:\/\/paperpotagriculture.com\/hr\/kategorija-proizvoda\/rasadivac-hr\/single-row-transplantor-hr\/\"},{\"@type\":\"ListItem\",\"position\":4,\"name\":\"Papirnati ure\u0111aj za transplantaciju HP-16\"}]},{\"@type\":\"WebSite\",\"@id\":\"https:\/\/paperpotagriculture.com\/hr\/#website\",\"url\":\"https:\/\/paperpotagriculture.com\/hr\/\",\"name\":\"Paperpotagriculture\",\"description\":\"\",\"potentialAction\":[{\"@type\":\"SearchAction\",\"target\":{\"@type\":\"EntryPoint\",\"urlTemplate\":\"https:\/\/paperpotagriculture.com\/hr\/?s={search_term_string}\"},\"query-input\":{\"@type\":\"PropertyValueSpecification\",\"valueRequired\":true,\"valueName\":\"search_term_string\"}}],\"inLanguage\":\"hr\"}]}<\/script>\n<!-- \/ Yoast SEO plugin. -->","yoast_head_json":{"title":"Papirnati ure\u0111aj za transplantaciju HP-16 - U\u010dinkovita presadnja","description":"Papirnati ure\u0111aj za transplantaciju HP-16 \u0161tedi vrijeme i rad. Naru\u010dite sada i presa\u0111ujte do 264 sadnice s lako\u0107om!","robots":{"index":"index","follow":"follow","max-snippet":"max-snippet:-1","max-image-preview":"max-image-preview:large","max-video-preview":"max-video-preview:-1"},"canonical":"https:\/\/paperpotagriculture.com\/hr\/proizvod\/papirnati-uredaj-za-transplantaciju-hp-16\/","og_locale":"hr_HR","og_type":"article","og_title":"Papirnati ure\u0111aj za transplantaciju HP-16 - U\u010dinkovit alat","og_description":"Presa\u0111ujte brzo i lako s na\u0161im ure\u0111ajem HP-16. Naru\u010dite danas!","og_url":"https:\/\/paperpotagriculture.com\/hr\/proizvod\/papirnati-uredaj-za-transplantaciju-hp-16\/","og_site_name":"Paperpotagriculture","article_modified_time":"2025-08-25T11:22:21+00:00","og_image":[{"width":328,"height":287,"url":"https:\/\/paperpotagriculture.com\/wp-content\/uploads\/2025\/04\/IMG-3.jpg","type":"image\/jpeg"}],"twitter_card":"summary_large_image","twitter_title":"Papirnati ure\u0111aj za transplantaciju HP-16 - Savr\u0161en alat","twitter_description":"\u0160tedite vrijeme uz HP-16! Naru\u010dite svoj ure\u0111aj za transplantaciju sada!","twitter_misc":{"Procijenjeno vrijeme \u010ditanja":"1 minuta"},"schema":{"@context":"https:\/\/schema.org","@graph":[{"@type":"WebPage","@id":"https:\/\/paperpotagriculture.com\/hr\/proizvod\/papirnati-uredaj-za-transplantaciju-hp-16\/","url":"https:\/\/paperpotagriculture.com\/hr\/proizvod\/papirnati-uredaj-za-transplantaciju-hp-16\/","name":"Papirnati ure\u0111aj za transplantaciju HP-16 - U\u010dinkovita presadnja","isPartOf":{"@id":"https:\/\/paperpotagriculture.com\/hr\/#website"},"primaryImageOfPage":{"@id":"https:\/\/paperpotagriculture.com\/hr\/proizvod\/papirnati-uredaj-za-transplantaciju-hp-16\/#primaryimage"},"image":{"@id":"https:\/\/paperpotagriculture.com\/hr\/proizvod\/papirnati-uredaj-za-transplantaciju-hp-16\/#primaryimage"},"thumbnailUrl":"https:\/\/paperpotagriculture.com\/wp-content\/uploads\/2025\/04\/IMG-3.jpg","datePublished":"2025-04-24T08:54:04+00:00","dateModified":"2025-08-25T11:22:21+00:00","description":"Papirnati ure\u0111aj za transplantaciju HP-16 \u0161tedi vrijeme i rad. Naru\u010dite sada i presa\u0111ujte do 264 sadnice s lako\u0107om!","breadcrumb":{"@id":"https:\/\/paperpotagriculture.com\/hr\/proizvod\/papirnati-uredaj-za-transplantaciju-hp-16\/#breadcrumb"},"inLanguage":"hr","potentialAction":[{"@type":"ReadAction","target":["https:\/\/paperpotagriculture.com\/hr\/proizvod\/papirnati-uredaj-za-transplantaciju-hp-16\/"]}]},{"@type":"ImageObject","inLanguage":"hr","@id":"https:\/\/paperpotagriculture.com\/hr\/proizvod\/papirnati-uredaj-za-transplantaciju-hp-16\/#primaryimage","url":"https:\/\/paperpotagriculture.com\/wp-content\/uploads\/2025\/04\/IMG-3.jpg","contentUrl":"https:\/\/paperpotagriculture.com\/wp-content\/uploads\/2025\/04\/IMG-3.jpg","width":328,"height":287},{"@type":"BreadcrumbList","@id":"https:\/\/paperpotagriculture.com\/hr\/proizvod\/papirnati-uredaj-za-transplantaciju-hp-16\/#breadcrumb","itemListElement":[{"@type":"ListItem","position":1,"name":"Trgovina","item":"https:\/\/paperpotagriculture.com\/hr\/trgovina\/"},{"@type":"ListItem","position":2,"name":"Rasa\u0111iva\u010d","item":"https:\/\/paperpotagriculture.com\/hr\/kategorija-proizvoda\/rasadivac-hr\/"},{"@type":"ListItem","position":3,"name":"Single row transplantor","item":"https:\/\/paperpotagriculture.com\/hr\/kategorija-proizvoda\/rasadivac-hr\/single-row-transplantor-hr\/"},{"@type":"ListItem","position":4,"name":"Papirnati ure\u0111aj za transplantaciju HP-16"}]},{"@type":"WebSite","@id":"https:\/\/paperpotagriculture.com\/hr\/#website","url":"https:\/\/paperpotagriculture.com\/hr\/","name":"Paperpotagriculture","description":"","potentialAction":[{"@type":"SearchAction","target":{"@type":"EntryPoint","urlTemplate":"https:\/\/paperpotagriculture.com\/hr\/?s={search_term_string}"},"query-input":{"@type":"PropertyValueSpecification","valueRequired":true,"valueName":"search_term_string"}}],"inLanguage":"hr"}]}},"_links":{"self":[{"href":"https:\/\/paperpotagriculture.com\/hr\/wp-json\/wp\/v2\/product\/1295","targetHints":{"allow":["GET"]}}],"collection":[{"href":"https:\/\/paperpotagriculture.com\/hr\/wp-json\/wp\/v2\/product"}],"about":[{"href":"https:\/\/paperpotagriculture.com\/hr\/wp-json\/wp\/v2\/types\/product"}],"replies":[{"embeddable":true,"href":"https:\/\/paperpotagriculture.com\/hr\/wp-json\/wp\/v2\/comments?post=1295"}],"wp:featuredmedia":[{"embeddable":true,"href":"https:\/\/paperpotagriculture.com\/hr\/wp-json\/wp\/v2\/media\/629"}],"wp:attachment":[{"href":"https:\/\/paperpotagriculture.com\/hr\/wp-json\/wp\/v2\/media?parent=1295"}],"wp:term":[{"taxonomy":"product_brand","embeddable":true,"href":"https:\/\/paperpotagriculture.com\/hr\/wp-json\/wp\/v2\/product_brand?post=1295"},{"taxonomy":"product_cat","embeddable":true,"href":"https:\/\/paperpotagriculture.com\/hr\/wp-json\/wp\/v2\/product_cat?post=1295"},{"taxonomy":"product_tag","embeddable":true,"href":"https:\/\/paperpotagriculture.com\/hr\/wp-json\/wp\/v2\/product_tag?post=1295"}],"curies":[{"name":"wp","href":"https:\/\/api.w.org\/{rel}","templated":true}]}}