{"id":1292,"date":"2025-07-04T08:22:01","date_gmt":"2025-07-04T08:22:01","guid":{"rendered":"https:\/\/paperpotagriculture.com\/product\/paper-pot-transplanter-attachment-for-lp353-30\/"},"modified":"2025-08-25T11:17:24","modified_gmt":"2025-08-25T11:17:24","slug":"dodatak-za-presadivanje-papirnate-posude-za-lp353-30","status":"publish","type":"product","link":"https:\/\/paperpotagriculture.com\/hr\/proizvod\/dodatak-za-presadivanje-papirnate-posude-za-lp353-30\/","title":{"rendered":"Dodatak za presa\u0111ivanje papirnate posude za LP353-30"},"content":{"rendered":"","protected":false},"excerpt":{"rendered":"<p>Pobolj\u0161ajte u\u010dinkovitost procesa sadnje s nastavkom za presa\u0111ivanje papirnatih posuda za LP353-30 &#8211; dizajniranim za stabilizaciju sadnje sadnica i uklanjanje posuda koje su pale. Jednostavan za postavljanje i kompatibilan s loncem s papirnatim lancem LP353-30, dva zakrivljena dijela pru\u017eaju napetost kako bi lonci ostali uspravni. Nije potrebno s dvorednim transplanterom HP-7\u2163.<\/p>\n","protected":false},"featured_media":953,"comment_status":"closed","ping_status":"closed","template":"","meta":{"_acf_changed":false},"product_brand":[],"product_cat":[176,175],"product_tag":[],"class_list":{"0":"post-1292","1":"product","2":"type-product","3":"status-publish","4":"has-post-thumbnail","6":"product_cat-rasadivac-hr","7":"product_cat-single-row-transplantor-hr","9":"first","10":"instock","11":"taxable","12":"shipping-taxable","13":"purchasable","14":"product-type-simple"},"acf":[],"yoast_head":"<!-- This site is optimized with the Yoast SEO plugin v26.5 - https:\/\/yoast.com\/wordpress\/plugins\/seo\/ -->\n<title>Dodatak za presa\u0111ivanje - LP353-30<\/title>\n<meta name=\"description\" content=\"Pobolj\u0161ajte u\u010dinkovitost s dodatkom za presa\u0111ivanje. Idealno za LP353-30, olak\u0161ava sadnju. Narud\u017eba odmah!\" \/>\n<meta name=\"robots\" content=\"index, follow, max-snippet:-1, max-image-preview:large, max-video-preview:-1\" \/>\n<link rel=\"canonical\" href=\"https:\/\/paperpotagriculture.com\/hr\/proizvod\/dodatak-za-presadivanje-papirnate-posude-za-lp353-30\/\" \/>\n<meta property=\"og:locale\" content=\"hr_HR\" \/>\n<meta property=\"og:type\" content=\"article\" \/>\n<meta property=\"og:title\" content=\"Dodatak za presa\u0111ivanje - LP353-30\" \/>\n<meta property=\"og:description\" content=\"Pobolj\u0161ajte proces sadnje s dodatkom za LP353-30.\" \/>\n<meta property=\"og:url\" content=\"https:\/\/paperpotagriculture.com\/hr\/proizvod\/dodatak-za-presadivanje-papirnate-posude-za-lp353-30\/\" \/>\n<meta property=\"og:site_name\" content=\"Paperpotagriculture\" \/>\n<meta property=\"article:modified_time\" content=\"2025-08-25T11:17:24+00:00\" \/>\n<meta property=\"og:image\" content=\"https:\/\/paperpotagriculture.com\/wp-content\/uploads\/2025\/07\/LP350AT-main_92a1d6a2-10d9-4149-a71f-d78db536eb15.webp\" \/>\n\t<meta property=\"og:image:width\" content=\"713\" \/>\n\t<meta property=\"og:image:height\" content=\"435\" \/>\n\t<meta property=\"og:image:type\" content=\"image\/webp\" \/>\n<meta name=\"twitter:card\" content=\"summary_large_image\" \/>\n<meta name=\"twitter:title\" content=\"Dodatak za presa\u0111ivanje - LP353-30\" \/>\n<meta name=\"twitter:description\" content=\"Pobolj\u0161ajte sadnju s dodatkom za LP353-30. Naru\u010dite odmah!\" \/>\n<meta name=\"twitter:label1\" content=\"Procijenjeno vrijeme \u010ditanja\" \/>\n\t<meta name=\"twitter:data1\" content=\"1 minuta\" \/>\n<script type=\"application\/ld+json\" class=\"yoast-schema-graph\">{\"@context\":\"https:\/\/schema.org\",\"@graph\":[{\"@type\":\"WebPage\",\"@id\":\"https:\/\/paperpotagriculture.com\/hr\/proizvod\/dodatak-za-presadivanje-papirnate-posude-za-lp353-30\/\",\"url\":\"https:\/\/paperpotagriculture.com\/hr\/proizvod\/dodatak-za-presadivanje-papirnate-posude-za-lp353-30\/\",\"name\":\"Dodatak za presa\u0111ivanje - LP353-30\",\"isPartOf\":{\"@id\":\"https:\/\/paperpotagriculture.com\/hr\/#website\"},\"primaryImageOfPage\":{\"@id\":\"https:\/\/paperpotagriculture.com\/hr\/proizvod\/dodatak-za-presadivanje-papirnate-posude-za-lp353-30\/#primaryimage\"},\"image\":{\"@id\":\"https:\/\/paperpotagriculture.com\/hr\/proizvod\/dodatak-za-presadivanje-papirnate-posude-za-lp353-30\/#primaryimage\"},\"thumbnailUrl\":\"https:\/\/paperpotagriculture.com\/wp-content\/uploads\/2025\/07\/LP350AT-main_92a1d6a2-10d9-4149-a71f-d78db536eb15.webp\",\"datePublished\":\"2025-07-04T08:22:01+00:00\",\"dateModified\":\"2025-08-25T11:17:24+00:00\",\"description\":\"Pobolj\u0161ajte u\u010dinkovitost s dodatkom za presa\u0111ivanje. Idealno za LP353-30, olak\u0161ava sadnju. Narud\u017eba odmah!\",\"breadcrumb\":{\"@id\":\"https:\/\/paperpotagriculture.com\/hr\/proizvod\/dodatak-za-presadivanje-papirnate-posude-za-lp353-30\/#breadcrumb\"},\"inLanguage\":\"hr\",\"potentialAction\":[{\"@type\":\"ReadAction\",\"target\":[\"https:\/\/paperpotagriculture.com\/hr\/proizvod\/dodatak-za-presadivanje-papirnate-posude-za-lp353-30\/\"]}]},{\"@type\":\"ImageObject\",\"inLanguage\":\"hr\",\"@id\":\"https:\/\/paperpotagriculture.com\/hr\/proizvod\/dodatak-za-presadivanje-papirnate-posude-za-lp353-30\/#primaryimage\",\"url\":\"https:\/\/paperpotagriculture.com\/wp-content\/uploads\/2025\/07\/LP350AT-main_92a1d6a2-10d9-4149-a71f-d78db536eb15.webp\",\"contentUrl\":\"https:\/\/paperpotagriculture.com\/wp-content\/uploads\/2025\/07\/LP350AT-main_92a1d6a2-10d9-4149-a71f-d78db536eb15.webp\",\"width\":713,\"height\":435},{\"@type\":\"BreadcrumbList\",\"@id\":\"https:\/\/paperpotagriculture.com\/hr\/proizvod\/dodatak-za-presadivanje-papirnate-posude-za-lp353-30\/#breadcrumb\",\"itemListElement\":[{\"@type\":\"ListItem\",\"position\":1,\"name\":\"Trgovina\",\"item\":\"https:\/\/paperpotagriculture.com\/hr\/trgovina\/\"},{\"@type\":\"ListItem\",\"position\":2,\"name\":\"Rasa\u0111iva\u010d\",\"item\":\"https:\/\/paperpotagriculture.com\/hr\/kategorija-proizvoda\/rasadivac-hr\/\"},{\"@type\":\"ListItem\",\"position\":3,\"name\":\"Dodatak za presa\u0111ivanje papirnate posude za LP353-30\"}]},{\"@type\":\"WebSite\",\"@id\":\"https:\/\/paperpotagriculture.com\/hr\/#website\",\"url\":\"https:\/\/paperpotagriculture.com\/hr\/\",\"name\":\"Paperpotagriculture\",\"description\":\"\",\"potentialAction\":[{\"@type\":\"SearchAction\",\"target\":{\"@type\":\"EntryPoint\",\"urlTemplate\":\"https:\/\/paperpotagriculture.com\/hr\/?s={search_term_string}\"},\"query-input\":{\"@type\":\"PropertyValueSpecification\",\"valueRequired\":true,\"valueName\":\"search_term_string\"}}],\"inLanguage\":\"hr\"}]}<\/script>\n<!-- \/ Yoast SEO plugin. -->","yoast_head_json":{"title":"Dodatak za presa\u0111ivanje - LP353-30","description":"Pobolj\u0161ajte u\u010dinkovitost s dodatkom za presa\u0111ivanje. Idealno za LP353-30, olak\u0161ava sadnju. Narud\u017eba odmah!","robots":{"index":"index","follow":"follow","max-snippet":"max-snippet:-1","max-image-preview":"max-image-preview:large","max-video-preview":"max-video-preview:-1"},"canonical":"https:\/\/paperpotagriculture.com\/hr\/proizvod\/dodatak-za-presadivanje-papirnate-posude-za-lp353-30\/","og_locale":"hr_HR","og_type":"article","og_title":"Dodatak za presa\u0111ivanje - LP353-30","og_description":"Pobolj\u0161ajte proces sadnje s dodatkom za LP353-30.","og_url":"https:\/\/paperpotagriculture.com\/hr\/proizvod\/dodatak-za-presadivanje-papirnate-posude-za-lp353-30\/","og_site_name":"Paperpotagriculture","article_modified_time":"2025-08-25T11:17:24+00:00","og_image":[{"width":713,"height":435,"url":"https:\/\/paperpotagriculture.com\/wp-content\/uploads\/2025\/07\/LP350AT-main_92a1d6a2-10d9-4149-a71f-d78db536eb15.webp","type":"image\/webp"}],"twitter_card":"summary_large_image","twitter_title":"Dodatak za presa\u0111ivanje - LP353-30","twitter_description":"Pobolj\u0161ajte sadnju s dodatkom za LP353-30. Naru\u010dite odmah!","twitter_misc":{"Procijenjeno vrijeme \u010ditanja":"1 minuta"},"schema":{"@context":"https:\/\/schema.org","@graph":[{"@type":"WebPage","@id":"https:\/\/paperpotagriculture.com\/hr\/proizvod\/dodatak-za-presadivanje-papirnate-posude-za-lp353-30\/","url":"https:\/\/paperpotagriculture.com\/hr\/proizvod\/dodatak-za-presadivanje-papirnate-posude-za-lp353-30\/","name":"Dodatak za presa\u0111ivanje - LP353-30","isPartOf":{"@id":"https:\/\/paperpotagriculture.com\/hr\/#website"},"primaryImageOfPage":{"@id":"https:\/\/paperpotagriculture.com\/hr\/proizvod\/dodatak-za-presadivanje-papirnate-posude-za-lp353-30\/#primaryimage"},"image":{"@id":"https:\/\/paperpotagriculture.com\/hr\/proizvod\/dodatak-za-presadivanje-papirnate-posude-za-lp353-30\/#primaryimage"},"thumbnailUrl":"https:\/\/paperpotagriculture.com\/wp-content\/uploads\/2025\/07\/LP350AT-main_92a1d6a2-10d9-4149-a71f-d78db536eb15.webp","datePublished":"2025-07-04T08:22:01+00:00","dateModified":"2025-08-25T11:17:24+00:00","description":"Pobolj\u0161ajte u\u010dinkovitost s dodatkom za presa\u0111ivanje. Idealno za LP353-30, olak\u0161ava sadnju. Narud\u017eba odmah!","breadcrumb":{"@id":"https:\/\/paperpotagriculture.com\/hr\/proizvod\/dodatak-za-presadivanje-papirnate-posude-za-lp353-30\/#breadcrumb"},"inLanguage":"hr","potentialAction":[{"@type":"ReadAction","target":["https:\/\/paperpotagriculture.com\/hr\/proizvod\/dodatak-za-presadivanje-papirnate-posude-za-lp353-30\/"]}]},{"@type":"ImageObject","inLanguage":"hr","@id":"https:\/\/paperpotagriculture.com\/hr\/proizvod\/dodatak-za-presadivanje-papirnate-posude-za-lp353-30\/#primaryimage","url":"https:\/\/paperpotagriculture.com\/wp-content\/uploads\/2025\/07\/LP350AT-main_92a1d6a2-10d9-4149-a71f-d78db536eb15.webp","contentUrl":"https:\/\/paperpotagriculture.com\/wp-content\/uploads\/2025\/07\/LP350AT-main_92a1d6a2-10d9-4149-a71f-d78db536eb15.webp","width":713,"height":435},{"@type":"BreadcrumbList","@id":"https:\/\/paperpotagriculture.com\/hr\/proizvod\/dodatak-za-presadivanje-papirnate-posude-za-lp353-30\/#breadcrumb","itemListElement":[{"@type":"ListItem","position":1,"name":"Trgovina","item":"https:\/\/paperpotagriculture.com\/hr\/trgovina\/"},{"@type":"ListItem","position":2,"name":"Rasa\u0111iva\u010d","item":"https:\/\/paperpotagriculture.com\/hr\/kategorija-proizvoda\/rasadivac-hr\/"},{"@type":"ListItem","position":3,"name":"Dodatak za presa\u0111ivanje papirnate posude za LP353-30"}]},{"@type":"WebSite","@id":"https:\/\/paperpotagriculture.com\/hr\/#website","url":"https:\/\/paperpotagriculture.com\/hr\/","name":"Paperpotagriculture","description":"","potentialAction":[{"@type":"SearchAction","target":{"@type":"EntryPoint","urlTemplate":"https:\/\/paperpotagriculture.com\/hr\/?s={search_term_string}"},"query-input":{"@type":"PropertyValueSpecification","valueRequired":true,"valueName":"search_term_string"}}],"inLanguage":"hr"}]}},"_links":{"self":[{"href":"https:\/\/paperpotagriculture.com\/hr\/wp-json\/wp\/v2\/product\/1292","targetHints":{"allow":["GET"]}}],"collection":[{"href":"https:\/\/paperpotagriculture.com\/hr\/wp-json\/wp\/v2\/product"}],"about":[{"href":"https:\/\/paperpotagriculture.com\/hr\/wp-json\/wp\/v2\/types\/product"}],"replies":[{"embeddable":true,"href":"https:\/\/paperpotagriculture.com\/hr\/wp-json\/wp\/v2\/comments?post=1292"}],"wp:featuredmedia":[{"embeddable":true,"href":"https:\/\/paperpotagriculture.com\/hr\/wp-json\/wp\/v2\/media\/953"}],"wp:attachment":[{"href":"https:\/\/paperpotagriculture.com\/hr\/wp-json\/wp\/v2\/media?parent=1292"}],"wp:term":[{"taxonomy":"product_brand","embeddable":true,"href":"https:\/\/paperpotagriculture.com\/hr\/wp-json\/wp\/v2\/product_brand?post=1292"},{"taxonomy":"product_cat","embeddable":true,"href":"https:\/\/paperpotagriculture.com\/hr\/wp-json\/wp\/v2\/product_cat?post=1292"},{"taxonomy":"product_tag","embeddable":true,"href":"https:\/\/paperpotagriculture.com\/hr\/wp-json\/wp\/v2\/product_tag?post=1292"}],"curies":[{"name":"wp","href":"https:\/\/api.w.org\/{rel}","templated":true}]}}