{"id":1287,"date":"2025-07-07T07:17:48","date_gmt":"2025-07-07T07:17:48","guid":{"rendered":"https:\/\/paperpotagriculture.com\/product\/jang-seeder-1-row-jp-1\/"},"modified":"2025-08-25T11:13:59","modified_gmt":"2025-08-25T11:13:59","slug":"jang-sijacica-1-red-jp-1","status":"publish","type":"product","link":"https:\/\/paperpotagriculture.com\/hr\/proizvod\/jang-sijacica-1-red-jp-1\/","title":{"rendered":"Jang sija\u010dica 1 red JP-1"},"content":{"rendered":"","protected":false},"excerpt":{"rendered":"<p>Jang sija\u010dica JP-1 savr\u0161en je na\u010din za preciznu sadnju malih sjemenki povr\u0107a s minimalnim otpadom. Namijenjeni su za sjetvu \u0161pinata, mrkve, salate, luka, mladog luka, rotkvice i kineskog kupusa. S Jang sija\u010dicom mo\u017eete maksimalno iskoristiti svoje sjeme i tro\u0161kove rada!<\/p>\n","protected":false},"featured_media":1109,"comment_status":"closed","ping_status":"closed","template":"","meta":{"_acf_changed":false},"product_brand":[],"product_cat":[180,176],"product_tag":[],"class_list":{"0":"post-1287","1":"product","2":"type-product","3":"status-publish","4":"has-post-thumbnail","6":"product_cat-jang-seeder-hr","7":"product_cat-rasadivac-hr","9":"first","10":"instock","11":"taxable","12":"shipping-taxable","13":"purchasable","14":"product-type-simple"},"acf":[],"yoast_head":"<!-- This site is optimized with the Yoast SEO plugin v26.5 - https:\/\/yoast.com\/wordpress\/plugins\/seo\/ -->\n<title>Jang sija\u010dica - precizna sadnja sjemenki povr\u0107a<\/title>\n<meta name=\"description\" content=\"Jang sija\u010dica nudi preciznu sadnju malih sjemenki povr\u0107a uz minimalni otpad. Idealna za \u0161pinat, mrkvu, salatu i vi\u0161e!\" \/>\n<meta name=\"robots\" content=\"index, follow, max-snippet:-1, max-image-preview:large, max-video-preview:-1\" \/>\n<link rel=\"canonical\" href=\"https:\/\/paperpotagriculture.com\/hr\/proizvod\/jang-sijacica-1-red-jp-1\/\" \/>\n<meta property=\"og:locale\" content=\"hr_HR\" \/>\n<meta property=\"og:type\" content=\"article\" \/>\n<meta property=\"og:title\" content=\"Jang sija\u010dica - savr\u0161ena za sadnju sjemenki\" \/>\n<meta property=\"og:description\" content=\"Naru\u010dite Jang sija\u010dicu i osigurajte preciznu sadnju sjemenki.\" \/>\n<meta property=\"og:url\" content=\"https:\/\/paperpotagriculture.com\/hr\/proizvod\/jang-sijacica-1-red-jp-1\/\" \/>\n<meta property=\"og:site_name\" content=\"Paperpotagriculture\" \/>\n<meta property=\"article:modified_time\" content=\"2025-08-25T11:13:59+00:00\" \/>\n<meta property=\"og:image\" content=\"https:\/\/paperpotagriculture.com\/wp-content\/uploads\/2025\/07\/jangauto-JP-1-main-1-500x500-1.webp\" \/>\n\t<meta property=\"og:image:width\" content=\"500\" \/>\n\t<meta property=\"og:image:height\" content=\"500\" \/>\n\t<meta property=\"og:image:type\" content=\"image\/webp\" \/>\n<meta name=\"twitter:card\" content=\"summary_large_image\" \/>\n<meta name=\"twitter:title\" content=\"Jang sija\u010dica - alat za preciznu sadnju\" \/>\n<meta name=\"twitter:description\" content=\"Pridru\u017eite se revoluciji u sadnji sa Jang sija\u010dicom - minimalni otpad!\" \/>\n<meta name=\"twitter:label1\" content=\"Procijenjeno vrijeme \u010ditanja\" \/>\n\t<meta name=\"twitter:data1\" content=\"1 minuta\" \/>\n<script type=\"application\/ld+json\" class=\"yoast-schema-graph\">{\"@context\":\"https:\/\/schema.org\",\"@graph\":[{\"@type\":\"WebPage\",\"@id\":\"https:\/\/paperpotagriculture.com\/hr\/proizvod\/jang-sijacica-1-red-jp-1\/\",\"url\":\"https:\/\/paperpotagriculture.com\/hr\/proizvod\/jang-sijacica-1-red-jp-1\/\",\"name\":\"Jang sija\u010dica - precizna sadnja sjemenki povr\u0107a\",\"isPartOf\":{\"@id\":\"https:\/\/paperpotagriculture.com\/hr\/#website\"},\"primaryImageOfPage\":{\"@id\":\"https:\/\/paperpotagriculture.com\/hr\/proizvod\/jang-sijacica-1-red-jp-1\/#primaryimage\"},\"image\":{\"@id\":\"https:\/\/paperpotagriculture.com\/hr\/proizvod\/jang-sijacica-1-red-jp-1\/#primaryimage\"},\"thumbnailUrl\":\"https:\/\/paperpotagriculture.com\/wp-content\/uploads\/2025\/07\/jangauto-JP-1-main-1-500x500-1.webp\",\"datePublished\":\"2025-07-07T07:17:48+00:00\",\"dateModified\":\"2025-08-25T11:13:59+00:00\",\"description\":\"Jang sija\u010dica nudi preciznu sadnju malih sjemenki povr\u0107a uz minimalni otpad. Idealna za \u0161pinat, mrkvu, salatu i vi\u0161e!\",\"breadcrumb\":{\"@id\":\"https:\/\/paperpotagriculture.com\/hr\/proizvod\/jang-sijacica-1-red-jp-1\/#breadcrumb\"},\"inLanguage\":\"hr\",\"potentialAction\":[{\"@type\":\"ReadAction\",\"target\":[\"https:\/\/paperpotagriculture.com\/hr\/proizvod\/jang-sijacica-1-red-jp-1\/\"]}]},{\"@type\":\"ImageObject\",\"inLanguage\":\"hr\",\"@id\":\"https:\/\/paperpotagriculture.com\/hr\/proizvod\/jang-sijacica-1-red-jp-1\/#primaryimage\",\"url\":\"https:\/\/paperpotagriculture.com\/wp-content\/uploads\/2025\/07\/jangauto-JP-1-main-1-500x500-1.webp\",\"contentUrl\":\"https:\/\/paperpotagriculture.com\/wp-content\/uploads\/2025\/07\/jangauto-JP-1-main-1-500x500-1.webp\",\"width\":500,\"height\":500},{\"@type\":\"BreadcrumbList\",\"@id\":\"https:\/\/paperpotagriculture.com\/hr\/proizvod\/jang-sijacica-1-red-jp-1\/#breadcrumb\",\"itemListElement\":[{\"@type\":\"ListItem\",\"position\":1,\"name\":\"Trgovina\",\"item\":\"https:\/\/paperpotagriculture.com\/hr\/trgovina\/\"},{\"@type\":\"ListItem\",\"position\":2,\"name\":\"Rasa\u0111iva\u010d\",\"item\":\"https:\/\/paperpotagriculture.com\/hr\/kategorija-proizvoda\/rasadivac-hr\/\"},{\"@type\":\"ListItem\",\"position\":3,\"name\":\"Jang sija\u010dica 1 red JP-1\"}]},{\"@type\":\"WebSite\",\"@id\":\"https:\/\/paperpotagriculture.com\/hr\/#website\",\"url\":\"https:\/\/paperpotagriculture.com\/hr\/\",\"name\":\"Paperpotagriculture\",\"description\":\"\",\"potentialAction\":[{\"@type\":\"SearchAction\",\"target\":{\"@type\":\"EntryPoint\",\"urlTemplate\":\"https:\/\/paperpotagriculture.com\/hr\/?s={search_term_string}\"},\"query-input\":{\"@type\":\"PropertyValueSpecification\",\"valueRequired\":true,\"valueName\":\"search_term_string\"}}],\"inLanguage\":\"hr\"}]}<\/script>\n<!-- \/ Yoast SEO plugin. -->","yoast_head_json":{"title":"Jang sija\u010dica - precizna sadnja sjemenki povr\u0107a","description":"Jang sija\u010dica nudi preciznu sadnju malih sjemenki povr\u0107a uz minimalni otpad. Idealna za \u0161pinat, mrkvu, salatu i vi\u0161e!","robots":{"index":"index","follow":"follow","max-snippet":"max-snippet:-1","max-image-preview":"max-image-preview:large","max-video-preview":"max-video-preview:-1"},"canonical":"https:\/\/paperpotagriculture.com\/hr\/proizvod\/jang-sijacica-1-red-jp-1\/","og_locale":"hr_HR","og_type":"article","og_title":"Jang sija\u010dica - savr\u0161ena za sadnju sjemenki","og_description":"Naru\u010dite Jang sija\u010dicu i osigurajte preciznu sadnju sjemenki.","og_url":"https:\/\/paperpotagriculture.com\/hr\/proizvod\/jang-sijacica-1-red-jp-1\/","og_site_name":"Paperpotagriculture","article_modified_time":"2025-08-25T11:13:59+00:00","og_image":[{"width":500,"height":500,"url":"https:\/\/paperpotagriculture.com\/wp-content\/uploads\/2025\/07\/jangauto-JP-1-main-1-500x500-1.webp","type":"image\/webp"}],"twitter_card":"summary_large_image","twitter_title":"Jang sija\u010dica - alat za preciznu sadnju","twitter_description":"Pridru\u017eite se revoluciji u sadnji sa Jang sija\u010dicom - minimalni otpad!","twitter_misc":{"Procijenjeno vrijeme \u010ditanja":"1 minuta"},"schema":{"@context":"https:\/\/schema.org","@graph":[{"@type":"WebPage","@id":"https:\/\/paperpotagriculture.com\/hr\/proizvod\/jang-sijacica-1-red-jp-1\/","url":"https:\/\/paperpotagriculture.com\/hr\/proizvod\/jang-sijacica-1-red-jp-1\/","name":"Jang sija\u010dica - precizna sadnja sjemenki povr\u0107a","isPartOf":{"@id":"https:\/\/paperpotagriculture.com\/hr\/#website"},"primaryImageOfPage":{"@id":"https:\/\/paperpotagriculture.com\/hr\/proizvod\/jang-sijacica-1-red-jp-1\/#primaryimage"},"image":{"@id":"https:\/\/paperpotagriculture.com\/hr\/proizvod\/jang-sijacica-1-red-jp-1\/#primaryimage"},"thumbnailUrl":"https:\/\/paperpotagriculture.com\/wp-content\/uploads\/2025\/07\/jangauto-JP-1-main-1-500x500-1.webp","datePublished":"2025-07-07T07:17:48+00:00","dateModified":"2025-08-25T11:13:59+00:00","description":"Jang sija\u010dica nudi preciznu sadnju malih sjemenki povr\u0107a uz minimalni otpad. Idealna za \u0161pinat, mrkvu, salatu i vi\u0161e!","breadcrumb":{"@id":"https:\/\/paperpotagriculture.com\/hr\/proizvod\/jang-sijacica-1-red-jp-1\/#breadcrumb"},"inLanguage":"hr","potentialAction":[{"@type":"ReadAction","target":["https:\/\/paperpotagriculture.com\/hr\/proizvod\/jang-sijacica-1-red-jp-1\/"]}]},{"@type":"ImageObject","inLanguage":"hr","@id":"https:\/\/paperpotagriculture.com\/hr\/proizvod\/jang-sijacica-1-red-jp-1\/#primaryimage","url":"https:\/\/paperpotagriculture.com\/wp-content\/uploads\/2025\/07\/jangauto-JP-1-main-1-500x500-1.webp","contentUrl":"https:\/\/paperpotagriculture.com\/wp-content\/uploads\/2025\/07\/jangauto-JP-1-main-1-500x500-1.webp","width":500,"height":500},{"@type":"BreadcrumbList","@id":"https:\/\/paperpotagriculture.com\/hr\/proizvod\/jang-sijacica-1-red-jp-1\/#breadcrumb","itemListElement":[{"@type":"ListItem","position":1,"name":"Trgovina","item":"https:\/\/paperpotagriculture.com\/hr\/trgovina\/"},{"@type":"ListItem","position":2,"name":"Rasa\u0111iva\u010d","item":"https:\/\/paperpotagriculture.com\/hr\/kategorija-proizvoda\/rasadivac-hr\/"},{"@type":"ListItem","position":3,"name":"Jang sija\u010dica 1 red JP-1"}]},{"@type":"WebSite","@id":"https:\/\/paperpotagriculture.com\/hr\/#website","url":"https:\/\/paperpotagriculture.com\/hr\/","name":"Paperpotagriculture","description":"","potentialAction":[{"@type":"SearchAction","target":{"@type":"EntryPoint","urlTemplate":"https:\/\/paperpotagriculture.com\/hr\/?s={search_term_string}"},"query-input":{"@type":"PropertyValueSpecification","valueRequired":true,"valueName":"search_term_string"}}],"inLanguage":"hr"}]}},"_links":{"self":[{"href":"https:\/\/paperpotagriculture.com\/hr\/wp-json\/wp\/v2\/product\/1287","targetHints":{"allow":["GET"]}}],"collection":[{"href":"https:\/\/paperpotagriculture.com\/hr\/wp-json\/wp\/v2\/product"}],"about":[{"href":"https:\/\/paperpotagriculture.com\/hr\/wp-json\/wp\/v2\/types\/product"}],"replies":[{"embeddable":true,"href":"https:\/\/paperpotagriculture.com\/hr\/wp-json\/wp\/v2\/comments?post=1287"}],"wp:featuredmedia":[{"embeddable":true,"href":"https:\/\/paperpotagriculture.com\/hr\/wp-json\/wp\/v2\/media\/1109"}],"wp:attachment":[{"href":"https:\/\/paperpotagriculture.com\/hr\/wp-json\/wp\/v2\/media?parent=1287"}],"wp:term":[{"taxonomy":"product_brand","embeddable":true,"href":"https:\/\/paperpotagriculture.com\/hr\/wp-json\/wp\/v2\/product_brand?post=1287"},{"taxonomy":"product_cat","embeddable":true,"href":"https:\/\/paperpotagriculture.com\/hr\/wp-json\/wp\/v2\/product_cat?post=1287"},{"taxonomy":"product_tag","embeddable":true,"href":"https:\/\/paperpotagriculture.com\/hr\/wp-json\/wp\/v2\/product_tag?post=1287"}],"curies":[{"name":"wp","href":"https:\/\/api.w.org\/{rel}","templated":true}]}}