{"id":1274,"date":"2025-07-07T07:26:54","date_gmt":"2025-07-07T07:26:54","guid":{"rendered":"https:\/\/paperpotagriculture.com\/product\/jang-seed-roller-for-jang-seeder-jp-series\/"},"modified":"2025-08-25T11:10:15","modified_gmt":"2025-08-25T11:10:15","slug":"jang-valjak-za-sjeme-za-jang-sijacicu-jp-serije","status":"publish","type":"product","link":"https:\/\/paperpotagriculture.com\/hr\/proizvod\/jang-valjak-za-sjeme-za-jang-sijacicu-jp-serije\/","title":{"rendered":"Jang valjak za sjeme za Jang sija\u010dicu JP serije"},"content":{"rendered":"","protected":false},"excerpt":{"rendered":"<p>Jangov valjak za sjeme za Jang Seeder JP seriju dizajniran je za optimalnu pokrivenost sjemena i jednostavnost kori\u0161tenja s Jang Seeder JP serijom. Izra\u0111eni od posebnog materijala, ovi valjci za sjeme dizajnirani su za smanjenje nakupljanja stati\u010dkog elektriciteta i osiguravaju jednoliku distribuciju sjemena. Odaberite izme\u0111u raznih vrsta valjaka za sjeme koji najbolje odgovaraju va\u0161im potrebama.<\/p>\n","protected":false},"featured_media":1115,"comment_status":"closed","ping_status":"closed","template":"","meta":{"_acf_changed":false},"product_brand":[],"product_cat":[180,176],"product_tag":[],"class_list":{"0":"post-1274","1":"product","2":"type-product","3":"status-publish","4":"has-post-thumbnail","6":"product_cat-jang-seeder-hr","7":"product_cat-rasadivac-hr","9":"first","10":"instock","11":"taxable","12":"shipping-taxable","13":"purchasable","14":"product-type-variable"},"acf":[],"yoast_head":"<!-- This site is optimized with the Yoast SEO plugin v26.5 - https:\/\/yoast.com\/wordpress\/plugins\/seo\/ -->\n<title>Jang valjak za sjeme za Jang sija\u010dicu JP serije<\/title>\n<meta name=\"description\" content=\"Jang valjak za sjeme optimizira pokrivenost sjemena. Prona\u0111ite idealan valjak za va\u0161u Jang sija\u010dicu JP serije danas!\" \/>\n<meta name=\"robots\" content=\"index, follow, max-snippet:-1, max-image-preview:large, max-video-preview:-1\" \/>\n<link rel=\"canonical\" href=\"https:\/\/paperpotagriculture.com\/hr\/proizvod\/jang-valjak-za-sjeme-za-jang-sijacicu-jp-serije\/\" \/>\n<meta property=\"og:locale\" content=\"hr_HR\" \/>\n<meta property=\"og:type\" content=\"article\" \/>\n<meta property=\"og:title\" content=\"Jang valjak za sjeme za JP seriju sija\u010dica\" \/>\n<meta property=\"og:description\" content=\"Optimizirajte svoju sjetvu s Jang valjkom za sjeme. Nabavite svoj sada!\" \/>\n<meta property=\"og:url\" content=\"https:\/\/paperpotagriculture.com\/hr\/proizvod\/jang-valjak-za-sjeme-za-jang-sijacicu-jp-serije\/\" \/>\n<meta property=\"og:site_name\" content=\"Paperpotagriculture\" \/>\n<meta property=\"article:modified_time\" content=\"2025-08-25T11:10:15+00:00\" \/>\n<meta property=\"og:image\" content=\"https:\/\/paperpotagriculture.com\/wp-content\/uploads\/2025\/07\/jp-rollers-main-500x500-1.webp\" \/>\n\t<meta property=\"og:image:width\" content=\"500\" \/>\n\t<meta property=\"og:image:height\" content=\"500\" \/>\n\t<meta property=\"og:image:type\" content=\"image\/webp\" \/>\n<meta name=\"twitter:card\" content=\"summary_large_image\" \/>\n<meta name=\"twitter:title\" content=\"Jang valjak za sjeme za Jang sija\u010dicu\" \/>\n<meta name=\"twitter:description\" content=\"Pobolj\u0161ajte svoju sjetvu uz Jang valjak za sjeme. Kupite odmah!\" \/>\n<meta name=\"twitter:label1\" content=\"Procijenjeno vrijeme \u010ditanja\" \/>\n\t<meta name=\"twitter:data1\" content=\"1 minuta\" \/>\n<script type=\"application\/ld+json\" class=\"yoast-schema-graph\">{\"@context\":\"https:\/\/schema.org\",\"@graph\":[{\"@type\":\"WebPage\",\"@id\":\"https:\/\/paperpotagriculture.com\/hr\/proizvod\/jang-valjak-za-sjeme-za-jang-sijacicu-jp-serije\/\",\"url\":\"https:\/\/paperpotagriculture.com\/hr\/proizvod\/jang-valjak-za-sjeme-za-jang-sijacicu-jp-serije\/\",\"name\":\"Jang valjak za sjeme za Jang sija\u010dicu JP serije\",\"isPartOf\":{\"@id\":\"https:\/\/paperpotagriculture.com\/hr\/#website\"},\"primaryImageOfPage\":{\"@id\":\"https:\/\/paperpotagriculture.com\/hr\/proizvod\/jang-valjak-za-sjeme-za-jang-sijacicu-jp-serije\/#primaryimage\"},\"image\":{\"@id\":\"https:\/\/paperpotagriculture.com\/hr\/proizvod\/jang-valjak-za-sjeme-za-jang-sijacicu-jp-serije\/#primaryimage\"},\"thumbnailUrl\":\"https:\/\/paperpotagriculture.com\/wp-content\/uploads\/2025\/07\/jp-rollers-main-500x500-1.webp\",\"datePublished\":\"2025-07-07T07:26:54+00:00\",\"dateModified\":\"2025-08-25T11:10:15+00:00\",\"description\":\"Jang valjak za sjeme optimizira pokrivenost sjemena. Prona\u0111ite idealan valjak za va\u0161u Jang sija\u010dicu JP serije danas!\",\"breadcrumb\":{\"@id\":\"https:\/\/paperpotagriculture.com\/hr\/proizvod\/jang-valjak-za-sjeme-za-jang-sijacicu-jp-serije\/#breadcrumb\"},\"inLanguage\":\"hr\",\"potentialAction\":[{\"@type\":\"ReadAction\",\"target\":[\"https:\/\/paperpotagriculture.com\/hr\/proizvod\/jang-valjak-za-sjeme-za-jang-sijacicu-jp-serije\/\"]}]},{\"@type\":\"ImageObject\",\"inLanguage\":\"hr\",\"@id\":\"https:\/\/paperpotagriculture.com\/hr\/proizvod\/jang-valjak-za-sjeme-za-jang-sijacicu-jp-serije\/#primaryimage\",\"url\":\"https:\/\/paperpotagriculture.com\/wp-content\/uploads\/2025\/07\/jp-rollers-main-500x500-1.webp\",\"contentUrl\":\"https:\/\/paperpotagriculture.com\/wp-content\/uploads\/2025\/07\/jp-rollers-main-500x500-1.webp\",\"width\":500,\"height\":500},{\"@type\":\"BreadcrumbList\",\"@id\":\"https:\/\/paperpotagriculture.com\/hr\/proizvod\/jang-valjak-za-sjeme-za-jang-sijacicu-jp-serije\/#breadcrumb\",\"itemListElement\":[{\"@type\":\"ListItem\",\"position\":1,\"name\":\"Trgovina\",\"item\":\"https:\/\/paperpotagriculture.com\/hr\/trgovina\/\"},{\"@type\":\"ListItem\",\"position\":2,\"name\":\"Rasa\u0111iva\u010d\",\"item\":\"https:\/\/paperpotagriculture.com\/hr\/kategorija-proizvoda\/rasadivac-hr\/\"},{\"@type\":\"ListItem\",\"position\":3,\"name\":\"Jang valjak za sjeme za Jang sija\u010dicu JP serije\"}]},{\"@type\":\"WebSite\",\"@id\":\"https:\/\/paperpotagriculture.com\/hr\/#website\",\"url\":\"https:\/\/paperpotagriculture.com\/hr\/\",\"name\":\"Paperpotagriculture\",\"description\":\"\",\"potentialAction\":[{\"@type\":\"SearchAction\",\"target\":{\"@type\":\"EntryPoint\",\"urlTemplate\":\"https:\/\/paperpotagriculture.com\/hr\/?s={search_term_string}\"},\"query-input\":{\"@type\":\"PropertyValueSpecification\",\"valueRequired\":true,\"valueName\":\"search_term_string\"}}],\"inLanguage\":\"hr\"}]}<\/script>\n<!-- \/ Yoast SEO plugin. -->","yoast_head_json":{"title":"Jang valjak za sjeme za Jang sija\u010dicu JP serije","description":"Jang valjak za sjeme optimizira pokrivenost sjemena. Prona\u0111ite idealan valjak za va\u0161u Jang sija\u010dicu JP serije danas!","robots":{"index":"index","follow":"follow","max-snippet":"max-snippet:-1","max-image-preview":"max-image-preview:large","max-video-preview":"max-video-preview:-1"},"canonical":"https:\/\/paperpotagriculture.com\/hr\/proizvod\/jang-valjak-za-sjeme-za-jang-sijacicu-jp-serije\/","og_locale":"hr_HR","og_type":"article","og_title":"Jang valjak za sjeme za JP seriju sija\u010dica","og_description":"Optimizirajte svoju sjetvu s Jang valjkom za sjeme. Nabavite svoj sada!","og_url":"https:\/\/paperpotagriculture.com\/hr\/proizvod\/jang-valjak-za-sjeme-za-jang-sijacicu-jp-serije\/","og_site_name":"Paperpotagriculture","article_modified_time":"2025-08-25T11:10:15+00:00","og_image":[{"width":500,"height":500,"url":"https:\/\/paperpotagriculture.com\/wp-content\/uploads\/2025\/07\/jp-rollers-main-500x500-1.webp","type":"image\/webp"}],"twitter_card":"summary_large_image","twitter_title":"Jang valjak za sjeme za Jang sija\u010dicu","twitter_description":"Pobolj\u0161ajte svoju sjetvu uz Jang valjak za sjeme. Kupite odmah!","twitter_misc":{"Procijenjeno vrijeme \u010ditanja":"1 minuta"},"schema":{"@context":"https:\/\/schema.org","@graph":[{"@type":"WebPage","@id":"https:\/\/paperpotagriculture.com\/hr\/proizvod\/jang-valjak-za-sjeme-za-jang-sijacicu-jp-serije\/","url":"https:\/\/paperpotagriculture.com\/hr\/proizvod\/jang-valjak-za-sjeme-za-jang-sijacicu-jp-serije\/","name":"Jang valjak za sjeme za Jang sija\u010dicu JP serije","isPartOf":{"@id":"https:\/\/paperpotagriculture.com\/hr\/#website"},"primaryImageOfPage":{"@id":"https:\/\/paperpotagriculture.com\/hr\/proizvod\/jang-valjak-za-sjeme-za-jang-sijacicu-jp-serije\/#primaryimage"},"image":{"@id":"https:\/\/paperpotagriculture.com\/hr\/proizvod\/jang-valjak-za-sjeme-za-jang-sijacicu-jp-serije\/#primaryimage"},"thumbnailUrl":"https:\/\/paperpotagriculture.com\/wp-content\/uploads\/2025\/07\/jp-rollers-main-500x500-1.webp","datePublished":"2025-07-07T07:26:54+00:00","dateModified":"2025-08-25T11:10:15+00:00","description":"Jang valjak za sjeme optimizira pokrivenost sjemena. Prona\u0111ite idealan valjak za va\u0161u Jang sija\u010dicu JP serije danas!","breadcrumb":{"@id":"https:\/\/paperpotagriculture.com\/hr\/proizvod\/jang-valjak-za-sjeme-za-jang-sijacicu-jp-serije\/#breadcrumb"},"inLanguage":"hr","potentialAction":[{"@type":"ReadAction","target":["https:\/\/paperpotagriculture.com\/hr\/proizvod\/jang-valjak-za-sjeme-za-jang-sijacicu-jp-serije\/"]}]},{"@type":"ImageObject","inLanguage":"hr","@id":"https:\/\/paperpotagriculture.com\/hr\/proizvod\/jang-valjak-za-sjeme-za-jang-sijacicu-jp-serije\/#primaryimage","url":"https:\/\/paperpotagriculture.com\/wp-content\/uploads\/2025\/07\/jp-rollers-main-500x500-1.webp","contentUrl":"https:\/\/paperpotagriculture.com\/wp-content\/uploads\/2025\/07\/jp-rollers-main-500x500-1.webp","width":500,"height":500},{"@type":"BreadcrumbList","@id":"https:\/\/paperpotagriculture.com\/hr\/proizvod\/jang-valjak-za-sjeme-za-jang-sijacicu-jp-serije\/#breadcrumb","itemListElement":[{"@type":"ListItem","position":1,"name":"Trgovina","item":"https:\/\/paperpotagriculture.com\/hr\/trgovina\/"},{"@type":"ListItem","position":2,"name":"Rasa\u0111iva\u010d","item":"https:\/\/paperpotagriculture.com\/hr\/kategorija-proizvoda\/rasadivac-hr\/"},{"@type":"ListItem","position":3,"name":"Jang valjak za sjeme za Jang sija\u010dicu JP serije"}]},{"@type":"WebSite","@id":"https:\/\/paperpotagriculture.com\/hr\/#website","url":"https:\/\/paperpotagriculture.com\/hr\/","name":"Paperpotagriculture","description":"","potentialAction":[{"@type":"SearchAction","target":{"@type":"EntryPoint","urlTemplate":"https:\/\/paperpotagriculture.com\/hr\/?s={search_term_string}"},"query-input":{"@type":"PropertyValueSpecification","valueRequired":true,"valueName":"search_term_string"}}],"inLanguage":"hr"}]}},"_links":{"self":[{"href":"https:\/\/paperpotagriculture.com\/hr\/wp-json\/wp\/v2\/product\/1274","targetHints":{"allow":["GET"]}}],"collection":[{"href":"https:\/\/paperpotagriculture.com\/hr\/wp-json\/wp\/v2\/product"}],"about":[{"href":"https:\/\/paperpotagriculture.com\/hr\/wp-json\/wp\/v2\/types\/product"}],"replies":[{"embeddable":true,"href":"https:\/\/paperpotagriculture.com\/hr\/wp-json\/wp\/v2\/comments?post=1274"}],"wp:featuredmedia":[{"embeddable":true,"href":"https:\/\/paperpotagriculture.com\/hr\/wp-json\/wp\/v2\/media\/1115"}],"wp:attachment":[{"href":"https:\/\/paperpotagriculture.com\/hr\/wp-json\/wp\/v2\/media?parent=1274"}],"wp:term":[{"taxonomy":"product_brand","embeddable":true,"href":"https:\/\/paperpotagriculture.com\/hr\/wp-json\/wp\/v2\/product_brand?post=1274"},{"taxonomy":"product_cat","embeddable":true,"href":"https:\/\/paperpotagriculture.com\/hr\/wp-json\/wp\/v2\/product_cat?post=1274"},{"taxonomy":"product_tag","embeddable":true,"href":"https:\/\/paperpotagriculture.com\/hr\/wp-json\/wp\/v2\/product_tag?post=1274"}],"curies":[{"name":"wp","href":"https:\/\/api.w.org\/{rel}","templated":true}]}}