{"id":1270,"date":"2025-07-04T08:23:29","date_gmt":"2025-07-04T08:23:29","guid":{"rendered":"https:\/\/paperpotagriculture.com\/product\/paper-pot-double-row-transplanter-hp-7iv\/"},"modified":"2025-08-25T11:05:12","modified_gmt":"2025-08-25T11:05:12","slug":"dvoredna-posuda-za-presadivanje-papirnate-posude-hp-7iv","status":"publish","type":"product","link":"https:\/\/paperpotagriculture.com\/hr\/proizvod\/dvoredna-posuda-za-presadivanje-papirnate-posude-hp-7iv\/","title":{"rendered":"Dvoredna posuda za presa\u0111ivanje papirnate posude HP-7IV"},"content":{"rendered":"","protected":false},"excerpt":{"rendered":"<p>U\u010dinite posao sadnje brzim, lakim i to\u010dnim uz dvoredni presa\u0111iva\u010d HP-7IV za papirnate posude! U\u0161tedite vrijeme rade\u0107i sva \u010detiri koraka \u2013 kopanje, sadnju, pokrivanje i pre\u0161anje \u2013 u jednom glatkom povla\u010denju bez napora. Podesite razmak redova od 12 cm do 60 cm kako biste mogli posaditi dva reda odjednom. Brzo obavite posao i u\u017eivajte u rezultatima koji \u0107e vas sigurno natjerati da ka\u017eete &#8220;ta-dah!&#8221;<\/p>\n","protected":false},"featured_media":965,"comment_status":"closed","ping_status":"closed","template":"","meta":{"_acf_changed":false},"product_brand":[],"product_cat":[174,176],"product_tag":[],"class_list":{"0":"post-1270","1":"product","2":"type-product","3":"status-publish","4":"has-post-thumbnail","6":"product_cat-double-row-transplantor-hr","7":"product_cat-rasadivac-hr","9":"first","10":"instock","11":"taxable","12":"shipping-taxable","13":"purchasable","14":"product-type-simple"},"acf":[],"yoast_head":"<!-- This site is optimized with the Yoast SEO plugin v26.5 - https:\/\/yoast.com\/wordpress\/plugins\/seo\/ -->\n<title>Dvoredna posuda za presa\u0111ivanje HP-7IV - Brza sadnja<\/title>\n<meta name=\"description\" content=\"Dvoredna posuda HP-7IV omogu\u0107ava brzu i to\u010dnu sadnju. U\u0161tedite vrijeme s ovim efikasnim presa\u0111iva\u010dem!\" \/>\n<meta name=\"robots\" content=\"index, follow, max-snippet:-1, max-image-preview:large, max-video-preview:-1\" \/>\n<link rel=\"canonical\" href=\"https:\/\/paperpotagriculture.com\/hr\/proizvod\/dvoredna-posuda-za-presadivanje-papirnate-posude-hp-7iv\/\" \/>\n<meta property=\"og:locale\" content=\"hr_HR\" \/>\n<meta property=\"og:type\" content=\"article\" \/>\n<meta property=\"og:title\" content=\"Dvoredna posuda za presa\u0111ivanje HP-7IV - Brza sadnja\" \/>\n<meta property=\"og:description\" content=\"U\u010dinite sadnju lak\u0161om uz Dvorednu posudu HP-7IV. Dodajte u svoju vrtlarstvu!\" \/>\n<meta property=\"og:url\" content=\"https:\/\/paperpotagriculture.com\/hr\/proizvod\/dvoredna-posuda-za-presadivanje-papirnate-posude-hp-7iv\/\" \/>\n<meta property=\"og:site_name\" content=\"Paperpotagriculture\" \/>\n<meta property=\"article:modified_time\" content=\"2025-08-25T11:05:12+00:00\" \/>\n<meta property=\"og:image\" content=\"https:\/\/paperpotagriculture.com\/wp-content\/uploads\/2025\/07\/hp7-1_98c4f78c-ddcb-40bd-9da1-1e6001e099f8.webp\" \/>\n\t<meta property=\"og:image:width\" content=\"713\" \/>\n\t<meta property=\"og:image:height\" content=\"713\" \/>\n\t<meta property=\"og:image:type\" content=\"image\/webp\" \/>\n<meta name=\"twitter:card\" content=\"summary_large_image\" \/>\n<meta name=\"twitter:title\" content=\"Dvoredni presa\u0111iva\u010d HP-7IV - U\u010dinkovita sadnja\" \/>\n<meta name=\"twitter:description\" content=\"Otvorite svijet brze sadnje s Dvorednom posudom HP-7IV. Idealno za svakog vrtlara!\" \/>\n<meta name=\"twitter:label1\" content=\"Procijenjeno vrijeme \u010ditanja\" \/>\n\t<meta name=\"twitter:data1\" content=\"1 minuta\" \/>\n<script type=\"application\/ld+json\" class=\"yoast-schema-graph\">{\"@context\":\"https:\/\/schema.org\",\"@graph\":[{\"@type\":\"WebPage\",\"@id\":\"https:\/\/paperpotagriculture.com\/hr\/proizvod\/dvoredna-posuda-za-presadivanje-papirnate-posude-hp-7iv\/\",\"url\":\"https:\/\/paperpotagriculture.com\/hr\/proizvod\/dvoredna-posuda-za-presadivanje-papirnate-posude-hp-7iv\/\",\"name\":\"Dvoredna posuda za presa\u0111ivanje HP-7IV - Brza sadnja\",\"isPartOf\":{\"@id\":\"https:\/\/paperpotagriculture.com\/hr\/#website\"},\"primaryImageOfPage\":{\"@id\":\"https:\/\/paperpotagriculture.com\/hr\/proizvod\/dvoredna-posuda-za-presadivanje-papirnate-posude-hp-7iv\/#primaryimage\"},\"image\":{\"@id\":\"https:\/\/paperpotagriculture.com\/hr\/proizvod\/dvoredna-posuda-za-presadivanje-papirnate-posude-hp-7iv\/#primaryimage\"},\"thumbnailUrl\":\"https:\/\/paperpotagriculture.com\/wp-content\/uploads\/2025\/07\/hp7-1_98c4f78c-ddcb-40bd-9da1-1e6001e099f8.webp\",\"datePublished\":\"2025-07-04T08:23:29+00:00\",\"dateModified\":\"2025-08-25T11:05:12+00:00\",\"description\":\"Dvoredna posuda HP-7IV omogu\u0107ava brzu i to\u010dnu sadnju. U\u0161tedite vrijeme s ovim efikasnim presa\u0111iva\u010dem!\",\"breadcrumb\":{\"@id\":\"https:\/\/paperpotagriculture.com\/hr\/proizvod\/dvoredna-posuda-za-presadivanje-papirnate-posude-hp-7iv\/#breadcrumb\"},\"inLanguage\":\"hr\",\"potentialAction\":[{\"@type\":\"ReadAction\",\"target\":[\"https:\/\/paperpotagriculture.com\/hr\/proizvod\/dvoredna-posuda-za-presadivanje-papirnate-posude-hp-7iv\/\"]}]},{\"@type\":\"ImageObject\",\"inLanguage\":\"hr\",\"@id\":\"https:\/\/paperpotagriculture.com\/hr\/proizvod\/dvoredna-posuda-za-presadivanje-papirnate-posude-hp-7iv\/#primaryimage\",\"url\":\"https:\/\/paperpotagriculture.com\/wp-content\/uploads\/2025\/07\/hp7-1_98c4f78c-ddcb-40bd-9da1-1e6001e099f8.webp\",\"contentUrl\":\"https:\/\/paperpotagriculture.com\/wp-content\/uploads\/2025\/07\/hp7-1_98c4f78c-ddcb-40bd-9da1-1e6001e099f8.webp\",\"width\":713,\"height\":713},{\"@type\":\"BreadcrumbList\",\"@id\":\"https:\/\/paperpotagriculture.com\/hr\/proizvod\/dvoredna-posuda-za-presadivanje-papirnate-posude-hp-7iv\/#breadcrumb\",\"itemListElement\":[{\"@type\":\"ListItem\",\"position\":1,\"name\":\"Trgovina\",\"item\":\"https:\/\/paperpotagriculture.com\/hr\/trgovina\/\"},{\"@type\":\"ListItem\",\"position\":2,\"name\":\"Rasa\u0111iva\u010d\",\"item\":\"https:\/\/paperpotagriculture.com\/hr\/kategorija-proizvoda\/rasadivac-hr\/\"},{\"@type\":\"ListItem\",\"position\":3,\"name\":\"Dvoredna posuda za presa\u0111ivanje papirnate posude HP-7IV\"}]},{\"@type\":\"WebSite\",\"@id\":\"https:\/\/paperpotagriculture.com\/hr\/#website\",\"url\":\"https:\/\/paperpotagriculture.com\/hr\/\",\"name\":\"Paperpotagriculture\",\"description\":\"\",\"potentialAction\":[{\"@type\":\"SearchAction\",\"target\":{\"@type\":\"EntryPoint\",\"urlTemplate\":\"https:\/\/paperpotagriculture.com\/hr\/?s={search_term_string}\"},\"query-input\":{\"@type\":\"PropertyValueSpecification\",\"valueRequired\":true,\"valueName\":\"search_term_string\"}}],\"inLanguage\":\"hr\"}]}<\/script>\n<!-- \/ Yoast SEO plugin. -->","yoast_head_json":{"title":"Dvoredna posuda za presa\u0111ivanje HP-7IV - Brza sadnja","description":"Dvoredna posuda HP-7IV omogu\u0107ava brzu i to\u010dnu sadnju. U\u0161tedite vrijeme s ovim efikasnim presa\u0111iva\u010dem!","robots":{"index":"index","follow":"follow","max-snippet":"max-snippet:-1","max-image-preview":"max-image-preview:large","max-video-preview":"max-video-preview:-1"},"canonical":"https:\/\/paperpotagriculture.com\/hr\/proizvod\/dvoredna-posuda-za-presadivanje-papirnate-posude-hp-7iv\/","og_locale":"hr_HR","og_type":"article","og_title":"Dvoredna posuda za presa\u0111ivanje HP-7IV - Brza sadnja","og_description":"U\u010dinite sadnju lak\u0161om uz Dvorednu posudu HP-7IV. Dodajte u svoju vrtlarstvu!","og_url":"https:\/\/paperpotagriculture.com\/hr\/proizvod\/dvoredna-posuda-za-presadivanje-papirnate-posude-hp-7iv\/","og_site_name":"Paperpotagriculture","article_modified_time":"2025-08-25T11:05:12+00:00","og_image":[{"width":713,"height":713,"url":"https:\/\/paperpotagriculture.com\/wp-content\/uploads\/2025\/07\/hp7-1_98c4f78c-ddcb-40bd-9da1-1e6001e099f8.webp","type":"image\/webp"}],"twitter_card":"summary_large_image","twitter_title":"Dvoredni presa\u0111iva\u010d HP-7IV - U\u010dinkovita sadnja","twitter_description":"Otvorite svijet brze sadnje s Dvorednom posudom HP-7IV. Idealno za svakog vrtlara!","twitter_misc":{"Procijenjeno vrijeme \u010ditanja":"1 minuta"},"schema":{"@context":"https:\/\/schema.org","@graph":[{"@type":"WebPage","@id":"https:\/\/paperpotagriculture.com\/hr\/proizvod\/dvoredna-posuda-za-presadivanje-papirnate-posude-hp-7iv\/","url":"https:\/\/paperpotagriculture.com\/hr\/proizvod\/dvoredna-posuda-za-presadivanje-papirnate-posude-hp-7iv\/","name":"Dvoredna posuda za presa\u0111ivanje HP-7IV - Brza sadnja","isPartOf":{"@id":"https:\/\/paperpotagriculture.com\/hr\/#website"},"primaryImageOfPage":{"@id":"https:\/\/paperpotagriculture.com\/hr\/proizvod\/dvoredna-posuda-za-presadivanje-papirnate-posude-hp-7iv\/#primaryimage"},"image":{"@id":"https:\/\/paperpotagriculture.com\/hr\/proizvod\/dvoredna-posuda-za-presadivanje-papirnate-posude-hp-7iv\/#primaryimage"},"thumbnailUrl":"https:\/\/paperpotagriculture.com\/wp-content\/uploads\/2025\/07\/hp7-1_98c4f78c-ddcb-40bd-9da1-1e6001e099f8.webp","datePublished":"2025-07-04T08:23:29+00:00","dateModified":"2025-08-25T11:05:12+00:00","description":"Dvoredna posuda HP-7IV omogu\u0107ava brzu i to\u010dnu sadnju. U\u0161tedite vrijeme s ovim efikasnim presa\u0111iva\u010dem!","breadcrumb":{"@id":"https:\/\/paperpotagriculture.com\/hr\/proizvod\/dvoredna-posuda-za-presadivanje-papirnate-posude-hp-7iv\/#breadcrumb"},"inLanguage":"hr","potentialAction":[{"@type":"ReadAction","target":["https:\/\/paperpotagriculture.com\/hr\/proizvod\/dvoredna-posuda-za-presadivanje-papirnate-posude-hp-7iv\/"]}]},{"@type":"ImageObject","inLanguage":"hr","@id":"https:\/\/paperpotagriculture.com\/hr\/proizvod\/dvoredna-posuda-za-presadivanje-papirnate-posude-hp-7iv\/#primaryimage","url":"https:\/\/paperpotagriculture.com\/wp-content\/uploads\/2025\/07\/hp7-1_98c4f78c-ddcb-40bd-9da1-1e6001e099f8.webp","contentUrl":"https:\/\/paperpotagriculture.com\/wp-content\/uploads\/2025\/07\/hp7-1_98c4f78c-ddcb-40bd-9da1-1e6001e099f8.webp","width":713,"height":713},{"@type":"BreadcrumbList","@id":"https:\/\/paperpotagriculture.com\/hr\/proizvod\/dvoredna-posuda-za-presadivanje-papirnate-posude-hp-7iv\/#breadcrumb","itemListElement":[{"@type":"ListItem","position":1,"name":"Trgovina","item":"https:\/\/paperpotagriculture.com\/hr\/trgovina\/"},{"@type":"ListItem","position":2,"name":"Rasa\u0111iva\u010d","item":"https:\/\/paperpotagriculture.com\/hr\/kategorija-proizvoda\/rasadivac-hr\/"},{"@type":"ListItem","position":3,"name":"Dvoredna posuda za presa\u0111ivanje papirnate posude HP-7IV"}]},{"@type":"WebSite","@id":"https:\/\/paperpotagriculture.com\/hr\/#website","url":"https:\/\/paperpotagriculture.com\/hr\/","name":"Paperpotagriculture","description":"","potentialAction":[{"@type":"SearchAction","target":{"@type":"EntryPoint","urlTemplate":"https:\/\/paperpotagriculture.com\/hr\/?s={search_term_string}"},"query-input":{"@type":"PropertyValueSpecification","valueRequired":true,"valueName":"search_term_string"}}],"inLanguage":"hr"}]}},"_links":{"self":[{"href":"https:\/\/paperpotagriculture.com\/hr\/wp-json\/wp\/v2\/product\/1270","targetHints":{"allow":["GET"]}}],"collection":[{"href":"https:\/\/paperpotagriculture.com\/hr\/wp-json\/wp\/v2\/product"}],"about":[{"href":"https:\/\/paperpotagriculture.com\/hr\/wp-json\/wp\/v2\/types\/product"}],"replies":[{"embeddable":true,"href":"https:\/\/paperpotagriculture.com\/hr\/wp-json\/wp\/v2\/comments?post=1270"}],"wp:featuredmedia":[{"embeddable":true,"href":"https:\/\/paperpotagriculture.com\/hr\/wp-json\/wp\/v2\/media\/965"}],"wp:attachment":[{"href":"https:\/\/paperpotagriculture.com\/hr\/wp-json\/wp\/v2\/media?parent=1270"}],"wp:term":[{"taxonomy":"product_brand","embeddable":true,"href":"https:\/\/paperpotagriculture.com\/hr\/wp-json\/wp\/v2\/product_brand?post=1270"},{"taxonomy":"product_cat","embeddable":true,"href":"https:\/\/paperpotagriculture.com\/hr\/wp-json\/wp\/v2\/product_cat?post=1270"},{"taxonomy":"product_tag","embeddable":true,"href":"https:\/\/paperpotagriculture.com\/hr\/wp-json\/wp\/v2\/product_tag?post=1270"}],"curies":[{"name":"wp","href":"https:\/\/api.w.org\/{rel}","templated":true}]}}