{"id":1267,"date":"2025-07-04T08:18:53","date_gmt":"2025-07-04T08:18:53","guid":{"rendered":"https:\/\/paperpotagriculture.com\/product\/73mm-replacement-plow-for-paper-pot-transplanter-hp-16-and-double-row-transplanter-hp-7iv\/"},"modified":"2025-08-25T11:00:17","modified_gmt":"2025-08-25T11:00:17","slug":"zamjenski-plug-od-73-mm-za-rasadivac-hp-16-s-papirnatim-loncima-i-dvoredni-presadivac-hp-7iv","status":"publish","type":"product","link":"https:\/\/paperpotagriculture.com\/hr\/proizvod\/zamjenski-plug-od-73-mm-za-rasadivac-hp-16-s-papirnatim-loncima-i-dvoredni-presadivac-hp-7iv\/","title":{"rendered":"Zamjenski plug od 73 mm za rasa\u0111iva\u010d HP-16 s papirnatim loncima i dvoredni presa\u0111iva\u010d HP-7IV"},"content":{"rendered":"","protected":false},"excerpt":{"rendered":"<p>Na\u0161 zamjenski plug od 73 mm dizajniran je za presa\u0111iva\u010d HP-16 s papirnatim loncima i dvoredni presa\u0111iva\u010d HP-7IV. 20 mm je dublji od standardnog pluga od 53 mm, \u0161to ga \u010dini pogodnim za dublju sadnju usjeva i polja s lo\u0161im tlom. Jam\u010di stabilnu dubinu sadnje kada se koristi s loncem s papirnatim lancem LP353-30.<\/p>\n","protected":false},"featured_media":947,"comment_status":"closed","ping_status":"closed","template":"","meta":{"_acf_changed":false},"product_brand":[],"product_cat":[174,176,175],"product_tag":[],"class_list":{"0":"post-1267","1":"product","2":"type-product","3":"status-publish","4":"has-post-thumbnail","6":"product_cat-double-row-transplantor-hr","7":"product_cat-rasadivac-hr","8":"product_cat-single-row-transplantor-hr","10":"first","11":"instock","12":"taxable","13":"shipping-taxable","14":"purchasable","15":"product-type-simple"},"acf":[],"yoast_head":"<!-- This site is optimized with the Yoast SEO plugin v26.5 - https:\/\/yoast.com\/wordpress\/plugins\/seo\/ -->\n<title>Zamjenski plug 73 mm za presa\u0111iva\u010de HP-16 i HP-7IV<\/title>\n<meta name=\"description\" content=\"Zamjenski plug 73 mm idealan je za presa\u0111iva\u010d HP-16 i HP-7IV. U\u010dinite sadnju lak\u0161om i u\u010dinkovitijom odmah!\" \/>\n<meta name=\"robots\" content=\"index, follow, max-snippet:-1, max-image-preview:large, max-video-preview:-1\" \/>\n<link rel=\"canonical\" href=\"https:\/\/paperpotagriculture.com\/hr\/proizvod\/zamjenski-plug-od-73-mm-za-rasadivac-hp-16-s-papirnatim-loncima-i-dvoredni-presadivac-hp-7iv\/\" \/>\n<meta property=\"og:locale\" content=\"hr_HR\" \/>\n<meta property=\"og:type\" content=\"article\" \/>\n<meta property=\"og:title\" content=\"Zamjenski plug 73 mm za HP-16 i HP-7IV\" \/>\n<meta property=\"og:description\" content=\"Unaprijedite svoju sadnju s na\u0161im plugom 73 mm! Kupite sada.\" \/>\n<meta property=\"og:url\" content=\"https:\/\/paperpotagriculture.com\/hr\/proizvod\/zamjenski-plug-od-73-mm-za-rasadivac-hp-16-s-papirnatim-loncima-i-dvoredni-presadivac-hp-7iv\/\" \/>\n<meta property=\"og:site_name\" content=\"Paperpotagriculture\" \/>\n<meta property=\"article:modified_time\" content=\"2025-08-25T11:00:17+00:00\" \/>\n<meta property=\"og:image\" content=\"https:\/\/paperpotagriculture.com\/wp-content\/uploads\/2025\/07\/PaperPotTransplanter73mmReplacementPlow-HP16.webp\" \/>\n\t<meta property=\"og:image:width\" content=\"639\" \/>\n\t<meta property=\"og:image:height\" content=\"322\" \/>\n\t<meta property=\"og:image:type\" content=\"image\/webp\" \/>\n<meta name=\"twitter:card\" content=\"summary_large_image\" \/>\n<meta name=\"twitter:title\" content=\"Zamjenski plug 73 mm za HP-16 i HP-7IV\" \/>\n<meta name=\"twitter:description\" content=\"Optimizirajte sadnju s na\u0161im plugom 73 mm! Naru\u010dite odmah.\" \/>\n<meta name=\"twitter:label1\" content=\"Procijenjeno vrijeme \u010ditanja\" \/>\n\t<meta name=\"twitter:data1\" content=\"1 minuta\" \/>\n<script type=\"application\/ld+json\" class=\"yoast-schema-graph\">{\"@context\":\"https:\/\/schema.org\",\"@graph\":[{\"@type\":\"WebPage\",\"@id\":\"https:\/\/paperpotagriculture.com\/hr\/proizvod\/zamjenski-plug-od-73-mm-za-rasadivac-hp-16-s-papirnatim-loncima-i-dvoredni-presadivac-hp-7iv\/\",\"url\":\"https:\/\/paperpotagriculture.com\/hr\/proizvod\/zamjenski-plug-od-73-mm-za-rasadivac-hp-16-s-papirnatim-loncima-i-dvoredni-presadivac-hp-7iv\/\",\"name\":\"Zamjenski plug 73 mm za presa\u0111iva\u010de HP-16 i HP-7IV\",\"isPartOf\":{\"@id\":\"https:\/\/paperpotagriculture.com\/hr\/#website\"},\"primaryImageOfPage\":{\"@id\":\"https:\/\/paperpotagriculture.com\/hr\/proizvod\/zamjenski-plug-od-73-mm-za-rasadivac-hp-16-s-papirnatim-loncima-i-dvoredni-presadivac-hp-7iv\/#primaryimage\"},\"image\":{\"@id\":\"https:\/\/paperpotagriculture.com\/hr\/proizvod\/zamjenski-plug-od-73-mm-za-rasadivac-hp-16-s-papirnatim-loncima-i-dvoredni-presadivac-hp-7iv\/#primaryimage\"},\"thumbnailUrl\":\"https:\/\/paperpotagriculture.com\/wp-content\/uploads\/2025\/07\/PaperPotTransplanter73mmReplacementPlow-HP16.webp\",\"datePublished\":\"2025-07-04T08:18:53+00:00\",\"dateModified\":\"2025-08-25T11:00:17+00:00\",\"description\":\"Zamjenski plug 73 mm idealan je za presa\u0111iva\u010d HP-16 i HP-7IV. U\u010dinite sadnju lak\u0161om i u\u010dinkovitijom odmah!\",\"breadcrumb\":{\"@id\":\"https:\/\/paperpotagriculture.com\/hr\/proizvod\/zamjenski-plug-od-73-mm-za-rasadivac-hp-16-s-papirnatim-loncima-i-dvoredni-presadivac-hp-7iv\/#breadcrumb\"},\"inLanguage\":\"hr\",\"potentialAction\":[{\"@type\":\"ReadAction\",\"target\":[\"https:\/\/paperpotagriculture.com\/hr\/proizvod\/zamjenski-plug-od-73-mm-za-rasadivac-hp-16-s-papirnatim-loncima-i-dvoredni-presadivac-hp-7iv\/\"]}]},{\"@type\":\"ImageObject\",\"inLanguage\":\"hr\",\"@id\":\"https:\/\/paperpotagriculture.com\/hr\/proizvod\/zamjenski-plug-od-73-mm-za-rasadivac-hp-16-s-papirnatim-loncima-i-dvoredni-presadivac-hp-7iv\/#primaryimage\",\"url\":\"https:\/\/paperpotagriculture.com\/wp-content\/uploads\/2025\/07\/PaperPotTransplanter73mmReplacementPlow-HP16.webp\",\"contentUrl\":\"https:\/\/paperpotagriculture.com\/wp-content\/uploads\/2025\/07\/PaperPotTransplanter73mmReplacementPlow-HP16.webp\",\"width\":639,\"height\":322},{\"@type\":\"BreadcrumbList\",\"@id\":\"https:\/\/paperpotagriculture.com\/hr\/proizvod\/zamjenski-plug-od-73-mm-za-rasadivac-hp-16-s-papirnatim-loncima-i-dvoredni-presadivac-hp-7iv\/#breadcrumb\",\"itemListElement\":[{\"@type\":\"ListItem\",\"position\":1,\"name\":\"Trgovina\",\"item\":\"https:\/\/paperpotagriculture.com\/hr\/trgovina\/\"},{\"@type\":\"ListItem\",\"position\":2,\"name\":\"Rasa\u0111iva\u010d\",\"item\":\"https:\/\/paperpotagriculture.com\/hr\/kategorija-proizvoda\/rasadivac-hr\/\"},{\"@type\":\"ListItem\",\"position\":3,\"name\":\"Zamjenski plug od 73 mm za rasa\u0111iva\u010d HP-16 s papirnatim loncima i dvoredni presa\u0111iva\u010d HP-7IV\"}]},{\"@type\":\"WebSite\",\"@id\":\"https:\/\/paperpotagriculture.com\/hr\/#website\",\"url\":\"https:\/\/paperpotagriculture.com\/hr\/\",\"name\":\"Paperpotagriculture\",\"description\":\"\",\"potentialAction\":[{\"@type\":\"SearchAction\",\"target\":{\"@type\":\"EntryPoint\",\"urlTemplate\":\"https:\/\/paperpotagriculture.com\/hr\/?s={search_term_string}\"},\"query-input\":{\"@type\":\"PropertyValueSpecification\",\"valueRequired\":true,\"valueName\":\"search_term_string\"}}],\"inLanguage\":\"hr\"}]}<\/script>\n<!-- \/ Yoast SEO plugin. -->","yoast_head_json":{"title":"Zamjenski plug 73 mm za presa\u0111iva\u010de HP-16 i HP-7IV","description":"Zamjenski plug 73 mm idealan je za presa\u0111iva\u010d HP-16 i HP-7IV. U\u010dinite sadnju lak\u0161om i u\u010dinkovitijom odmah!","robots":{"index":"index","follow":"follow","max-snippet":"max-snippet:-1","max-image-preview":"max-image-preview:large","max-video-preview":"max-video-preview:-1"},"canonical":"https:\/\/paperpotagriculture.com\/hr\/proizvod\/zamjenski-plug-od-73-mm-za-rasadivac-hp-16-s-papirnatim-loncima-i-dvoredni-presadivac-hp-7iv\/","og_locale":"hr_HR","og_type":"article","og_title":"Zamjenski plug 73 mm za HP-16 i HP-7IV","og_description":"Unaprijedite svoju sadnju s na\u0161im plugom 73 mm! Kupite sada.","og_url":"https:\/\/paperpotagriculture.com\/hr\/proizvod\/zamjenski-plug-od-73-mm-za-rasadivac-hp-16-s-papirnatim-loncima-i-dvoredni-presadivac-hp-7iv\/","og_site_name":"Paperpotagriculture","article_modified_time":"2025-08-25T11:00:17+00:00","og_image":[{"width":639,"height":322,"url":"https:\/\/paperpotagriculture.com\/wp-content\/uploads\/2025\/07\/PaperPotTransplanter73mmReplacementPlow-HP16.webp","type":"image\/webp"}],"twitter_card":"summary_large_image","twitter_title":"Zamjenski plug 73 mm za HP-16 i HP-7IV","twitter_description":"Optimizirajte sadnju s na\u0161im plugom 73 mm! Naru\u010dite odmah.","twitter_misc":{"Procijenjeno vrijeme \u010ditanja":"1 minuta"},"schema":{"@context":"https:\/\/schema.org","@graph":[{"@type":"WebPage","@id":"https:\/\/paperpotagriculture.com\/hr\/proizvod\/zamjenski-plug-od-73-mm-za-rasadivac-hp-16-s-papirnatim-loncima-i-dvoredni-presadivac-hp-7iv\/","url":"https:\/\/paperpotagriculture.com\/hr\/proizvod\/zamjenski-plug-od-73-mm-za-rasadivac-hp-16-s-papirnatim-loncima-i-dvoredni-presadivac-hp-7iv\/","name":"Zamjenski plug 73 mm za presa\u0111iva\u010de HP-16 i HP-7IV","isPartOf":{"@id":"https:\/\/paperpotagriculture.com\/hr\/#website"},"primaryImageOfPage":{"@id":"https:\/\/paperpotagriculture.com\/hr\/proizvod\/zamjenski-plug-od-73-mm-za-rasadivac-hp-16-s-papirnatim-loncima-i-dvoredni-presadivac-hp-7iv\/#primaryimage"},"image":{"@id":"https:\/\/paperpotagriculture.com\/hr\/proizvod\/zamjenski-plug-od-73-mm-za-rasadivac-hp-16-s-papirnatim-loncima-i-dvoredni-presadivac-hp-7iv\/#primaryimage"},"thumbnailUrl":"https:\/\/paperpotagriculture.com\/wp-content\/uploads\/2025\/07\/PaperPotTransplanter73mmReplacementPlow-HP16.webp","datePublished":"2025-07-04T08:18:53+00:00","dateModified":"2025-08-25T11:00:17+00:00","description":"Zamjenski plug 73 mm idealan je za presa\u0111iva\u010d HP-16 i HP-7IV. U\u010dinite sadnju lak\u0161om i u\u010dinkovitijom odmah!","breadcrumb":{"@id":"https:\/\/paperpotagriculture.com\/hr\/proizvod\/zamjenski-plug-od-73-mm-za-rasadivac-hp-16-s-papirnatim-loncima-i-dvoredni-presadivac-hp-7iv\/#breadcrumb"},"inLanguage":"hr","potentialAction":[{"@type":"ReadAction","target":["https:\/\/paperpotagriculture.com\/hr\/proizvod\/zamjenski-plug-od-73-mm-za-rasadivac-hp-16-s-papirnatim-loncima-i-dvoredni-presadivac-hp-7iv\/"]}]},{"@type":"ImageObject","inLanguage":"hr","@id":"https:\/\/paperpotagriculture.com\/hr\/proizvod\/zamjenski-plug-od-73-mm-za-rasadivac-hp-16-s-papirnatim-loncima-i-dvoredni-presadivac-hp-7iv\/#primaryimage","url":"https:\/\/paperpotagriculture.com\/wp-content\/uploads\/2025\/07\/PaperPotTransplanter73mmReplacementPlow-HP16.webp","contentUrl":"https:\/\/paperpotagriculture.com\/wp-content\/uploads\/2025\/07\/PaperPotTransplanter73mmReplacementPlow-HP16.webp","width":639,"height":322},{"@type":"BreadcrumbList","@id":"https:\/\/paperpotagriculture.com\/hr\/proizvod\/zamjenski-plug-od-73-mm-za-rasadivac-hp-16-s-papirnatim-loncima-i-dvoredni-presadivac-hp-7iv\/#breadcrumb","itemListElement":[{"@type":"ListItem","position":1,"name":"Trgovina","item":"https:\/\/paperpotagriculture.com\/hr\/trgovina\/"},{"@type":"ListItem","position":2,"name":"Rasa\u0111iva\u010d","item":"https:\/\/paperpotagriculture.com\/hr\/kategorija-proizvoda\/rasadivac-hr\/"},{"@type":"ListItem","position":3,"name":"Zamjenski plug od 73 mm za rasa\u0111iva\u010d HP-16 s papirnatim loncima i dvoredni presa\u0111iva\u010d HP-7IV"}]},{"@type":"WebSite","@id":"https:\/\/paperpotagriculture.com\/hr\/#website","url":"https:\/\/paperpotagriculture.com\/hr\/","name":"Paperpotagriculture","description":"","potentialAction":[{"@type":"SearchAction","target":{"@type":"EntryPoint","urlTemplate":"https:\/\/paperpotagriculture.com\/hr\/?s={search_term_string}"},"query-input":{"@type":"PropertyValueSpecification","valueRequired":true,"valueName":"search_term_string"}}],"inLanguage":"hr"}]}},"_links":{"self":[{"href":"https:\/\/paperpotagriculture.com\/hr\/wp-json\/wp\/v2\/product\/1267","targetHints":{"allow":["GET"]}}],"collection":[{"href":"https:\/\/paperpotagriculture.com\/hr\/wp-json\/wp\/v2\/product"}],"about":[{"href":"https:\/\/paperpotagriculture.com\/hr\/wp-json\/wp\/v2\/types\/product"}],"replies":[{"embeddable":true,"href":"https:\/\/paperpotagriculture.com\/hr\/wp-json\/wp\/v2\/comments?post=1267"}],"wp:featuredmedia":[{"embeddable":true,"href":"https:\/\/paperpotagriculture.com\/hr\/wp-json\/wp\/v2\/media\/947"}],"wp:attachment":[{"href":"https:\/\/paperpotagriculture.com\/hr\/wp-json\/wp\/v2\/media?parent=1267"}],"wp:term":[{"taxonomy":"product_brand","embeddable":true,"href":"https:\/\/paperpotagriculture.com\/hr\/wp-json\/wp\/v2\/product_brand?post=1267"},{"taxonomy":"product_cat","embeddable":true,"href":"https:\/\/paperpotagriculture.com\/hr\/wp-json\/wp\/v2\/product_cat?post=1267"},{"taxonomy":"product_tag","embeddable":true,"href":"https:\/\/paperpotagriculture.com\/hr\/wp-json\/wp\/v2\/product_tag?post=1267"}],"curies":[{"name":"wp","href":"https:\/\/api.w.org\/{rel}","templated":true}]}}