{"id":1223,"date":"2025-04-24T08:52:14","date_gmt":"2025-04-24T08:52:14","guid":{"rendered":"https:\/\/paperpotagriculture.com\/product\/nursery-tray\/"},"modified":"2025-08-18T12:57:45","modified_gmt":"2025-08-18T12:57:45","slug":"plasticne-posude-za-djecju-sobu","status":"publish","type":"product","link":"https:\/\/paperpotagriculture.com\/hr\/proizvod\/plasticne-posude-za-djecju-sobu\/","title":{"rendered":"Plasti\u010dne posude za dje\u010dju sobu"},"content":{"rendered":"","protected":false},"excerpt":{"rendered":"<p>Stru\u010dno dizajnirane za optimalan rast povr\u0107a, na\u0161e plasti\u010dne posude za rasadnike izra\u0111ene su od visokokvalitetne plastike i prikladne za lan\u010dane i nelan\u010dane sustave posuda za papir. Osigurajte svojim biljkama savr\u0161eno okru\u017eenje za rast i u\u017eivajte u obilnoj \u017eetvi.<\/p>\n","protected":false},"featured_media":617,"comment_status":"open","ping_status":"closed","template":"","meta":{"_acf_changed":false},"product_brand":[],"product_cat":[150,133],"product_tag":[],"class_list":{"0":"post-1223","1":"product","2":"type-product","3":"status-publish","4":"has-post-thumbnail","6":"product_cat-nursery-tray-hr","7":"product_cat-oprema-za-sjetvu-hr","9":"first","10":"instock","11":"taxable","12":"shipping-taxable","13":"purchasable","14":"product-type-variable"},"acf":[],"yoast_head":"<!-- This site is optimized with the Yoast SEO plugin v26.5 - https:\/\/yoast.com\/wordpress\/plugins\/seo\/ -->\n<title>Plasti\u010dne posude za dje\u010dju sobu | Paperpotagriculture<\/title>\n<meta name=\"description\" content=\"Plasti\u010dne posude za dje\u010dju sobu su savr\u0161ene za optimalan rast. Naru\u010dite kvalitetne posude za rasadnike sada!\" \/>\n<meta name=\"robots\" content=\"index, follow, max-snippet:-1, max-image-preview:large, max-video-preview:-1\" \/>\n<link rel=\"canonical\" href=\"https:\/\/paperpotagriculture.com\/hr\/proizvod\/plasticne-posude-za-djecju-sobu\/\" \/>\n<meta property=\"og:locale\" content=\"hr_HR\" \/>\n<meta property=\"og:type\" content=\"article\" \/>\n<meta property=\"og:title\" content=\"Plasti\u010dne posude za dje\u010dju sobu\" \/>\n<meta property=\"og:description\" content=\"Naru\u010dite plasti\u010dne posude za dje\u010dju sobu i osigurajte optimalan rast!\" \/>\n<meta property=\"og:url\" content=\"https:\/\/paperpotagriculture.com\/hr\/proizvod\/plasticne-posude-za-djecju-sobu\/\" \/>\n<meta property=\"og:site_name\" content=\"Paperpotagriculture\" \/>\n<meta property=\"article:modified_time\" content=\"2025-08-18T12:57:45+00:00\" \/>\n<meta property=\"og:image\" content=\"https:\/\/paperpotagriculture.com\/wp-content\/uploads\/2025\/04\/IMG-1.jpg\" \/>\n\t<meta property=\"og:image:width\" content=\"328\" \/>\n\t<meta property=\"og:image:height\" content=\"286\" \/>\n\t<meta property=\"og:image:type\" content=\"image\/jpeg\" \/>\n<meta name=\"twitter:card\" content=\"summary_large_image\" \/>\n<meta name=\"twitter:title\" content=\"Plasti\u010dne posude za dje\u010dju sobu\" \/>\n<meta name=\"twitter:description\" content=\"Kvalitetne plasti\u010dne posude za dje\u010dju sobu dostupne su sada!\" \/>\n<meta name=\"twitter:label1\" content=\"Procijenjeno vrijeme \u010ditanja\" \/>\n\t<meta name=\"twitter:data1\" content=\"1 minuta\" \/>\n<script type=\"application\/ld+json\" class=\"yoast-schema-graph\">{\"@context\":\"https:\/\/schema.org\",\"@graph\":[{\"@type\":\"WebPage\",\"@id\":\"https:\/\/paperpotagriculture.com\/hr\/proizvod\/plasticne-posude-za-djecju-sobu\/\",\"url\":\"https:\/\/paperpotagriculture.com\/hr\/proizvod\/plasticne-posude-za-djecju-sobu\/\",\"name\":\"Plasti\u010dne posude za dje\u010dju sobu | Paperpotagriculture\",\"isPartOf\":{\"@id\":\"https:\/\/paperpotagriculture.com\/hr\/#website\"},\"primaryImageOfPage\":{\"@id\":\"https:\/\/paperpotagriculture.com\/hr\/proizvod\/plasticne-posude-za-djecju-sobu\/#primaryimage\"},\"image\":{\"@id\":\"https:\/\/paperpotagriculture.com\/hr\/proizvod\/plasticne-posude-za-djecju-sobu\/#primaryimage\"},\"thumbnailUrl\":\"https:\/\/paperpotagriculture.com\/wp-content\/uploads\/2025\/04\/IMG-1.jpg\",\"datePublished\":\"2025-04-24T08:52:14+00:00\",\"dateModified\":\"2025-08-18T12:57:45+00:00\",\"description\":\"Plasti\u010dne posude za dje\u010dju sobu su savr\u0161ene za optimalan rast. Naru\u010dite kvalitetne posude za rasadnike sada!\",\"breadcrumb\":{\"@id\":\"https:\/\/paperpotagriculture.com\/hr\/proizvod\/plasticne-posude-za-djecju-sobu\/#breadcrumb\"},\"inLanguage\":\"hr\",\"potentialAction\":[{\"@type\":\"ReadAction\",\"target\":[\"https:\/\/paperpotagriculture.com\/hr\/proizvod\/plasticne-posude-za-djecju-sobu\/\"]}]},{\"@type\":\"ImageObject\",\"inLanguage\":\"hr\",\"@id\":\"https:\/\/paperpotagriculture.com\/hr\/proizvod\/plasticne-posude-za-djecju-sobu\/#primaryimage\",\"url\":\"https:\/\/paperpotagriculture.com\/wp-content\/uploads\/2025\/04\/IMG-1.jpg\",\"contentUrl\":\"https:\/\/paperpotagriculture.com\/wp-content\/uploads\/2025\/04\/IMG-1.jpg\",\"width\":328,\"height\":286},{\"@type\":\"BreadcrumbList\",\"@id\":\"https:\/\/paperpotagriculture.com\/hr\/proizvod\/plasticne-posude-za-djecju-sobu\/#breadcrumb\",\"itemListElement\":[{\"@type\":\"ListItem\",\"position\":1,\"name\":\"Trgovina\",\"item\":\"https:\/\/paperpotagriculture.com\/hr\/trgovina\/\"},{\"@type\":\"ListItem\",\"position\":2,\"name\":\"Oprema za sjetvu\",\"item\":\"https:\/\/paperpotagriculture.com\/hr\/kategorija-proizvoda\/oprema-za-sjetvu-hr\/\"},{\"@type\":\"ListItem\",\"position\":3,\"name\":\"Nursery tray\",\"item\":\"https:\/\/paperpotagriculture.com\/hr\/kategorija-proizvoda\/oprema-za-sjetvu-hr\/nursery-tray-hr\/\"},{\"@type\":\"ListItem\",\"position\":4,\"name\":\"Plasti\u010dne posude za dje\u010dju sobu\"}]},{\"@type\":\"WebSite\",\"@id\":\"https:\/\/paperpotagriculture.com\/hr\/#website\",\"url\":\"https:\/\/paperpotagriculture.com\/hr\/\",\"name\":\"Paperpotagriculture\",\"description\":\"\",\"potentialAction\":[{\"@type\":\"SearchAction\",\"target\":{\"@type\":\"EntryPoint\",\"urlTemplate\":\"https:\/\/paperpotagriculture.com\/hr\/?s={search_term_string}\"},\"query-input\":{\"@type\":\"PropertyValueSpecification\",\"valueRequired\":true,\"valueName\":\"search_term_string\"}}],\"inLanguage\":\"hr\"}]}<\/script>\n<!-- \/ Yoast SEO plugin. -->","yoast_head_json":{"title":"Plasti\u010dne posude za dje\u010dju sobu | Paperpotagriculture","description":"Plasti\u010dne posude za dje\u010dju sobu su savr\u0161ene za optimalan rast. Naru\u010dite kvalitetne posude za rasadnike sada!","robots":{"index":"index","follow":"follow","max-snippet":"max-snippet:-1","max-image-preview":"max-image-preview:large","max-video-preview":"max-video-preview:-1"},"canonical":"https:\/\/paperpotagriculture.com\/hr\/proizvod\/plasticne-posude-za-djecju-sobu\/","og_locale":"hr_HR","og_type":"article","og_title":"Plasti\u010dne posude za dje\u010dju sobu","og_description":"Naru\u010dite plasti\u010dne posude za dje\u010dju sobu i osigurajte optimalan rast!","og_url":"https:\/\/paperpotagriculture.com\/hr\/proizvod\/plasticne-posude-za-djecju-sobu\/","og_site_name":"Paperpotagriculture","article_modified_time":"2025-08-18T12:57:45+00:00","og_image":[{"width":328,"height":286,"url":"https:\/\/paperpotagriculture.com\/wp-content\/uploads\/2025\/04\/IMG-1.jpg","type":"image\/jpeg"}],"twitter_card":"summary_large_image","twitter_title":"Plasti\u010dne posude za dje\u010dju sobu","twitter_description":"Kvalitetne plasti\u010dne posude za dje\u010dju sobu dostupne su sada!","twitter_misc":{"Procijenjeno vrijeme \u010ditanja":"1 minuta"},"schema":{"@context":"https:\/\/schema.org","@graph":[{"@type":"WebPage","@id":"https:\/\/paperpotagriculture.com\/hr\/proizvod\/plasticne-posude-za-djecju-sobu\/","url":"https:\/\/paperpotagriculture.com\/hr\/proizvod\/plasticne-posude-za-djecju-sobu\/","name":"Plasti\u010dne posude za dje\u010dju sobu | Paperpotagriculture","isPartOf":{"@id":"https:\/\/paperpotagriculture.com\/hr\/#website"},"primaryImageOfPage":{"@id":"https:\/\/paperpotagriculture.com\/hr\/proizvod\/plasticne-posude-za-djecju-sobu\/#primaryimage"},"image":{"@id":"https:\/\/paperpotagriculture.com\/hr\/proizvod\/plasticne-posude-za-djecju-sobu\/#primaryimage"},"thumbnailUrl":"https:\/\/paperpotagriculture.com\/wp-content\/uploads\/2025\/04\/IMG-1.jpg","datePublished":"2025-04-24T08:52:14+00:00","dateModified":"2025-08-18T12:57:45+00:00","description":"Plasti\u010dne posude za dje\u010dju sobu su savr\u0161ene za optimalan rast. Naru\u010dite kvalitetne posude za rasadnike sada!","breadcrumb":{"@id":"https:\/\/paperpotagriculture.com\/hr\/proizvod\/plasticne-posude-za-djecju-sobu\/#breadcrumb"},"inLanguage":"hr","potentialAction":[{"@type":"ReadAction","target":["https:\/\/paperpotagriculture.com\/hr\/proizvod\/plasticne-posude-za-djecju-sobu\/"]}]},{"@type":"ImageObject","inLanguage":"hr","@id":"https:\/\/paperpotagriculture.com\/hr\/proizvod\/plasticne-posude-za-djecju-sobu\/#primaryimage","url":"https:\/\/paperpotagriculture.com\/wp-content\/uploads\/2025\/04\/IMG-1.jpg","contentUrl":"https:\/\/paperpotagriculture.com\/wp-content\/uploads\/2025\/04\/IMG-1.jpg","width":328,"height":286},{"@type":"BreadcrumbList","@id":"https:\/\/paperpotagriculture.com\/hr\/proizvod\/plasticne-posude-za-djecju-sobu\/#breadcrumb","itemListElement":[{"@type":"ListItem","position":1,"name":"Trgovina","item":"https:\/\/paperpotagriculture.com\/hr\/trgovina\/"},{"@type":"ListItem","position":2,"name":"Oprema za sjetvu","item":"https:\/\/paperpotagriculture.com\/hr\/kategorija-proizvoda\/oprema-za-sjetvu-hr\/"},{"@type":"ListItem","position":3,"name":"Nursery tray","item":"https:\/\/paperpotagriculture.com\/hr\/kategorija-proizvoda\/oprema-za-sjetvu-hr\/nursery-tray-hr\/"},{"@type":"ListItem","position":4,"name":"Plasti\u010dne posude za dje\u010dju sobu"}]},{"@type":"WebSite","@id":"https:\/\/paperpotagriculture.com\/hr\/#website","url":"https:\/\/paperpotagriculture.com\/hr\/","name":"Paperpotagriculture","description":"","potentialAction":[{"@type":"SearchAction","target":{"@type":"EntryPoint","urlTemplate":"https:\/\/paperpotagriculture.com\/hr\/?s={search_term_string}"},"query-input":{"@type":"PropertyValueSpecification","valueRequired":true,"valueName":"search_term_string"}}],"inLanguage":"hr"}]}},"_links":{"self":[{"href":"https:\/\/paperpotagriculture.com\/hr\/wp-json\/wp\/v2\/product\/1223","targetHints":{"allow":["GET"]}}],"collection":[{"href":"https:\/\/paperpotagriculture.com\/hr\/wp-json\/wp\/v2\/product"}],"about":[{"href":"https:\/\/paperpotagriculture.com\/hr\/wp-json\/wp\/v2\/types\/product"}],"replies":[{"embeddable":true,"href":"https:\/\/paperpotagriculture.com\/hr\/wp-json\/wp\/v2\/comments?post=1223"}],"wp:featuredmedia":[{"embeddable":true,"href":"https:\/\/paperpotagriculture.com\/hr\/wp-json\/wp\/v2\/media\/617"}],"wp:attachment":[{"href":"https:\/\/paperpotagriculture.com\/hr\/wp-json\/wp\/v2\/media?parent=1223"}],"wp:term":[{"taxonomy":"product_brand","embeddable":true,"href":"https:\/\/paperpotagriculture.com\/hr\/wp-json\/wp\/v2\/product_brand?post=1223"},{"taxonomy":"product_cat","embeddable":true,"href":"https:\/\/paperpotagriculture.com\/hr\/wp-json\/wp\/v2\/product_cat?post=1223"},{"taxonomy":"product_tag","embeddable":true,"href":"https:\/\/paperpotagriculture.com\/hr\/wp-json\/wp\/v2\/product_tag?post=1223"}],"curies":[{"name":"wp","href":"https:\/\/api.w.org\/{rel}","templated":true}]}}