{"id":1203,"date":"2025-04-24T08:51:22","date_gmt":"2025-04-24T08:51:22","guid":{"rendered":"https:\/\/paperpotagriculture.com\/product\/drop-seeder\/"},"modified":"2025-08-18T12:54:23","modified_gmt":"2025-08-18T12:54:23","slug":"sijacica-kap","status":"publish","type":"product","link":"https:\/\/paperpotagriculture.com\/hr\/proizvod\/sijacica-kap\/","title":{"rendered":"Sija\u010dica kap"},"content":{"rendered":"","protected":false},"excerpt":{"rendered":"<p>Drop Seeder brz je i u\u010dinkovit na\u010din zasijavanja 264 stanice u papirnati lan\u010dani lonac. Uz pomo\u0107 ovog pouzdanog alata, skratit \u0107ete vrijeme rada i pojednostaviti sustav posuda za papir. Pripremite se za u\u0161tedu vremena i resursa nadogradnjom procesa sijanja ve\u0107 danas!<\/p>\n","protected":false},"featured_media":611,"comment_status":"closed","ping_status":"closed","template":"","meta":{"_acf_changed":false},"product_brand":[],"product_cat":[136,133],"product_tag":[],"class_list":{"0":"post-1203","1":"product","2":"type-product","3":"status-publish","4":"has-post-thumbnail","6":"product_cat-drop-seeder-hr","7":"product_cat-oprema-za-sjetvu-hr","9":"first","10":"instock","11":"taxable","12":"shipping-taxable","13":"purchasable","14":"product-type-variable"},"acf":[],"yoast_head":"<!-- This site is optimized with the Yoast SEO plugin v26.5 - https:\/\/yoast.com\/wordpress\/plugins\/seo\/ -->\n<title>Sija\u010dica kap - Brzo i u\u010dinkovito sjetvu<\/title>\n<meta name=\"description\" content=\"Sija\u010dica kap je pouzdan alat za brzu sjetvu 264 stanice. Pojednostavite svoj proces sjetve danas!\" \/>\n<meta name=\"robots\" content=\"index, follow, max-snippet:-1, max-image-preview:large, max-video-preview:-1\" \/>\n<link rel=\"canonical\" href=\"https:\/\/paperpotagriculture.com\/hr\/proizvod\/sijacica-kap\/\" \/>\n<meta property=\"og:locale\" content=\"hr_HR\" \/>\n<meta property=\"og:type\" content=\"article\" \/>\n<meta property=\"og:title\" content=\"Sija\u010dica kap - U\u010dinkovit alat za sjetvu\" \/>\n<meta property=\"og:description\" content=\"Sija\u010dica kap olak\u0161ava sjeme 264 stanice! Narud\u017eite svoju sada!\" \/>\n<meta property=\"og:url\" content=\"https:\/\/paperpotagriculture.com\/hr\/proizvod\/sijacica-kap\/\" \/>\n<meta property=\"og:site_name\" content=\"Paperpotagriculture\" \/>\n<meta property=\"article:modified_time\" content=\"2025-08-18T12:54:23+00:00\" \/>\n<meta property=\"og:image\" content=\"https:\/\/paperpotagriculture.com\/wp-content\/uploads\/2025\/04\/IMG.jpg\" \/>\n\t<meta property=\"og:image:width\" content=\"328\" \/>\n\t<meta property=\"og:image:height\" content=\"287\" \/>\n\t<meta property=\"og:image:type\" content=\"image\/jpeg\" \/>\n<meta name=\"twitter:card\" content=\"summary_large_image\" \/>\n<meta name=\"twitter:title\" content=\"Sija\u010dica kap - Idealna za brzo sijanje\" \/>\n<meta name=\"twitter:description\" content=\"Sija\u010dica kap skra\u0107uje vrijeme sjetve. Nabavite je ve\u0107 danas!\" \/>\n<meta name=\"twitter:label1\" content=\"Procijenjeno vrijeme \u010ditanja\" \/>\n\t<meta name=\"twitter:data1\" content=\"1 minuta\" \/>\n<script type=\"application\/ld+json\" class=\"yoast-schema-graph\">{\"@context\":\"https:\/\/schema.org\",\"@graph\":[{\"@type\":\"WebPage\",\"@id\":\"https:\/\/paperpotagriculture.com\/hr\/proizvod\/sijacica-kap\/\",\"url\":\"https:\/\/paperpotagriculture.com\/hr\/proizvod\/sijacica-kap\/\",\"name\":\"Sija\u010dica kap - Brzo i u\u010dinkovito sjetvu\",\"isPartOf\":{\"@id\":\"https:\/\/paperpotagriculture.com\/hr\/#website\"},\"primaryImageOfPage\":{\"@id\":\"https:\/\/paperpotagriculture.com\/hr\/proizvod\/sijacica-kap\/#primaryimage\"},\"image\":{\"@id\":\"https:\/\/paperpotagriculture.com\/hr\/proizvod\/sijacica-kap\/#primaryimage\"},\"thumbnailUrl\":\"https:\/\/paperpotagriculture.com\/wp-content\/uploads\/2025\/04\/IMG.jpg\",\"datePublished\":\"2025-04-24T08:51:22+00:00\",\"dateModified\":\"2025-08-18T12:54:23+00:00\",\"description\":\"Sija\u010dica kap je pouzdan alat za brzu sjetvu 264 stanice. Pojednostavite svoj proces sjetve danas!\",\"breadcrumb\":{\"@id\":\"https:\/\/paperpotagriculture.com\/hr\/proizvod\/sijacica-kap\/#breadcrumb\"},\"inLanguage\":\"hr\",\"potentialAction\":[{\"@type\":\"ReadAction\",\"target\":[\"https:\/\/paperpotagriculture.com\/hr\/proizvod\/sijacica-kap\/\"]}]},{\"@type\":\"ImageObject\",\"inLanguage\":\"hr\",\"@id\":\"https:\/\/paperpotagriculture.com\/hr\/proizvod\/sijacica-kap\/#primaryimage\",\"url\":\"https:\/\/paperpotagriculture.com\/wp-content\/uploads\/2025\/04\/IMG.jpg\",\"contentUrl\":\"https:\/\/paperpotagriculture.com\/wp-content\/uploads\/2025\/04\/IMG.jpg\",\"width\":328,\"height\":287},{\"@type\":\"BreadcrumbList\",\"@id\":\"https:\/\/paperpotagriculture.com\/hr\/proizvod\/sijacica-kap\/#breadcrumb\",\"itemListElement\":[{\"@type\":\"ListItem\",\"position\":1,\"name\":\"Trgovina\",\"item\":\"https:\/\/paperpotagriculture.com\/hr\/trgovina\/\"},{\"@type\":\"ListItem\",\"position\":2,\"name\":\"Oprema za sjetvu\",\"item\":\"https:\/\/paperpotagriculture.com\/hr\/kategorija-proizvoda\/oprema-za-sjetvu-hr\/\"},{\"@type\":\"ListItem\",\"position\":3,\"name\":\"Sija\u010dica kap\"}]},{\"@type\":\"WebSite\",\"@id\":\"https:\/\/paperpotagriculture.com\/hr\/#website\",\"url\":\"https:\/\/paperpotagriculture.com\/hr\/\",\"name\":\"Paperpotagriculture\",\"description\":\"\",\"potentialAction\":[{\"@type\":\"SearchAction\",\"target\":{\"@type\":\"EntryPoint\",\"urlTemplate\":\"https:\/\/paperpotagriculture.com\/hr\/?s={search_term_string}\"},\"query-input\":{\"@type\":\"PropertyValueSpecification\",\"valueRequired\":true,\"valueName\":\"search_term_string\"}}],\"inLanguage\":\"hr\"}]}<\/script>\n<!-- \/ Yoast SEO plugin. -->","yoast_head_json":{"title":"Sija\u010dica kap - Brzo i u\u010dinkovito sjetvu","description":"Sija\u010dica kap je pouzdan alat za brzu sjetvu 264 stanice. Pojednostavite svoj proces sjetve danas!","robots":{"index":"index","follow":"follow","max-snippet":"max-snippet:-1","max-image-preview":"max-image-preview:large","max-video-preview":"max-video-preview:-1"},"canonical":"https:\/\/paperpotagriculture.com\/hr\/proizvod\/sijacica-kap\/","og_locale":"hr_HR","og_type":"article","og_title":"Sija\u010dica kap - U\u010dinkovit alat za sjetvu","og_description":"Sija\u010dica kap olak\u0161ava sjeme 264 stanice! Narud\u017eite svoju sada!","og_url":"https:\/\/paperpotagriculture.com\/hr\/proizvod\/sijacica-kap\/","og_site_name":"Paperpotagriculture","article_modified_time":"2025-08-18T12:54:23+00:00","og_image":[{"width":328,"height":287,"url":"https:\/\/paperpotagriculture.com\/wp-content\/uploads\/2025\/04\/IMG.jpg","type":"image\/jpeg"}],"twitter_card":"summary_large_image","twitter_title":"Sija\u010dica kap - Idealna za brzo sijanje","twitter_description":"Sija\u010dica kap skra\u0107uje vrijeme sjetve. Nabavite je ve\u0107 danas!","twitter_misc":{"Procijenjeno vrijeme \u010ditanja":"1 minuta"},"schema":{"@context":"https:\/\/schema.org","@graph":[{"@type":"WebPage","@id":"https:\/\/paperpotagriculture.com\/hr\/proizvod\/sijacica-kap\/","url":"https:\/\/paperpotagriculture.com\/hr\/proizvod\/sijacica-kap\/","name":"Sija\u010dica kap - Brzo i u\u010dinkovito sjetvu","isPartOf":{"@id":"https:\/\/paperpotagriculture.com\/hr\/#website"},"primaryImageOfPage":{"@id":"https:\/\/paperpotagriculture.com\/hr\/proizvod\/sijacica-kap\/#primaryimage"},"image":{"@id":"https:\/\/paperpotagriculture.com\/hr\/proizvod\/sijacica-kap\/#primaryimage"},"thumbnailUrl":"https:\/\/paperpotagriculture.com\/wp-content\/uploads\/2025\/04\/IMG.jpg","datePublished":"2025-04-24T08:51:22+00:00","dateModified":"2025-08-18T12:54:23+00:00","description":"Sija\u010dica kap je pouzdan alat za brzu sjetvu 264 stanice. Pojednostavite svoj proces sjetve danas!","breadcrumb":{"@id":"https:\/\/paperpotagriculture.com\/hr\/proizvod\/sijacica-kap\/#breadcrumb"},"inLanguage":"hr","potentialAction":[{"@type":"ReadAction","target":["https:\/\/paperpotagriculture.com\/hr\/proizvod\/sijacica-kap\/"]}]},{"@type":"ImageObject","inLanguage":"hr","@id":"https:\/\/paperpotagriculture.com\/hr\/proizvod\/sijacica-kap\/#primaryimage","url":"https:\/\/paperpotagriculture.com\/wp-content\/uploads\/2025\/04\/IMG.jpg","contentUrl":"https:\/\/paperpotagriculture.com\/wp-content\/uploads\/2025\/04\/IMG.jpg","width":328,"height":287},{"@type":"BreadcrumbList","@id":"https:\/\/paperpotagriculture.com\/hr\/proizvod\/sijacica-kap\/#breadcrumb","itemListElement":[{"@type":"ListItem","position":1,"name":"Trgovina","item":"https:\/\/paperpotagriculture.com\/hr\/trgovina\/"},{"@type":"ListItem","position":2,"name":"Oprema za sjetvu","item":"https:\/\/paperpotagriculture.com\/hr\/kategorija-proizvoda\/oprema-za-sjetvu-hr\/"},{"@type":"ListItem","position":3,"name":"Sija\u010dica kap"}]},{"@type":"WebSite","@id":"https:\/\/paperpotagriculture.com\/hr\/#website","url":"https:\/\/paperpotagriculture.com\/hr\/","name":"Paperpotagriculture","description":"","potentialAction":[{"@type":"SearchAction","target":{"@type":"EntryPoint","urlTemplate":"https:\/\/paperpotagriculture.com\/hr\/?s={search_term_string}"},"query-input":{"@type":"PropertyValueSpecification","valueRequired":true,"valueName":"search_term_string"}}],"inLanguage":"hr"}]}},"_links":{"self":[{"href":"https:\/\/paperpotagriculture.com\/hr\/wp-json\/wp\/v2\/product\/1203","targetHints":{"allow":["GET"]}}],"collection":[{"href":"https:\/\/paperpotagriculture.com\/hr\/wp-json\/wp\/v2\/product"}],"about":[{"href":"https:\/\/paperpotagriculture.com\/hr\/wp-json\/wp\/v2\/types\/product"}],"replies":[{"embeddable":true,"href":"https:\/\/paperpotagriculture.com\/hr\/wp-json\/wp\/v2\/comments?post=1203"}],"wp:featuredmedia":[{"embeddable":true,"href":"https:\/\/paperpotagriculture.com\/hr\/wp-json\/wp\/v2\/media\/611"}],"wp:attachment":[{"href":"https:\/\/paperpotagriculture.com\/hr\/wp-json\/wp\/v2\/media?parent=1203"}],"wp:term":[{"taxonomy":"product_brand","embeddable":true,"href":"https:\/\/paperpotagriculture.com\/hr\/wp-json\/wp\/v2\/product_brand?post=1203"},{"taxonomy":"product_cat","embeddable":true,"href":"https:\/\/paperpotagriculture.com\/hr\/wp-json\/wp\/v2\/product_cat?post=1203"},{"taxonomy":"product_tag","embeddable":true,"href":"https:\/\/paperpotagriculture.com\/hr\/wp-json\/wp\/v2\/product_tag?post=1203"}],"curies":[{"name":"wp","href":"https:\/\/api.w.org\/{rel}","templated":true}]}}