{"id":1182,"date":"2025-07-04T10:38:26","date_gmt":"2025-07-04T10:38:26","guid":{"rendered":"https:\/\/paperpotagriculture.com\/product\/paperpot-transplanter-starter-kit\/"},"modified":"2025-08-02T06:54:47","modified_gmt":"2025-08-02T06:54:47","slug":"paperpot-transplanter-starter-kit","status":"publish","type":"product","link":"https:\/\/paperpotagriculture.com\/hr\/proizvod\/paperpot-transplanter-starter-kit\/","title":{"rendered":"Paperpot Transplanter Starter Kit"},"content":{"rendered":"","protected":false},"excerpt":{"rendered":"<p>Paperpot Transplanter Starter Kit uklju\u010duje sve potrebne alate za jednostavan uzgoj vlastitog povr\u0107a. S transplanterom, \u0161ipkama za otvaranje, metalnim okvirom za rasipanje, plasti\u010dnim posudama za rasadnik i sija\u010dicom, mo\u017eete brzo i u\u010dinkovito posaditi \u017eeljene 4 vrste saksija. Zapo\u010dnite svoj ku\u0107ni vrt s ovim sveobuhvatnim po\u010detnim kompletom ve\u0107 danas.<\/p>\n","protected":false},"featured_media":1049,"comment_status":"closed","ping_status":"closed","template":"","meta":{"_acf_changed":false},"product_brand":[],"product_cat":[116,117],"product_tag":[],"class_list":{"0":"post-1182","1":"product","2":"type-product","3":"status-publish","4":"has-post-thumbnail","6":"product_cat-ekskluzivna-ponuda-hr","7":"product_cat-pocetni-paket-za-sjetvu-hr","9":"first","10":"instock","11":"taxable","12":"shipping-taxable","13":"purchasable","14":"product-type-variable","15":"has-default-attributes"},"acf":[],"yoast_head":"<!-- This site is optimized with the Yoast SEO plugin v26.5 - https:\/\/yoast.com\/wordpress\/plugins\/seo\/ -->\n<title>Paperpot Transplanter - Starter Kit za jednostavno uzgoj<\/title>\n<meta name=\"description\" content=\"Paperpot Transplanter Starter Kit sadr\u017ei sve alate za lako uzgoj vlastitog povr\u0107a. Nabavite svoj kit sada i u\u017eivajte u jednostavnom sadnji!\" \/>\n<meta name=\"robots\" content=\"index, follow, max-snippet:-1, max-image-preview:large, max-video-preview:-1\" \/>\n<link rel=\"canonical\" href=\"https:\/\/paperpotagriculture.com\/hr\/proizvod\/paperpot-transplanter-starter-kit\/\" \/>\n<meta property=\"og:locale\" content=\"hr_HR\" \/>\n<meta property=\"og:type\" content=\"article\" \/>\n<meta property=\"og:title\" content=\"Paperpot Transplanter Starter Kit za lako vrtlarstvo\" \/>\n<meta property=\"og:description\" content=\"Nabavite Paperpot Transplanter Starter Kit i jednostavno uzgajajete povr\u0107e.\" \/>\n<meta property=\"og:url\" content=\"https:\/\/paperpotagriculture.com\/hr\/proizvod\/paperpot-transplanter-starter-kit\/\" \/>\n<meta property=\"og:site_name\" content=\"Paperpotagriculture\" \/>\n<meta property=\"article:modified_time\" content=\"2025-08-02T06:54:47+00:00\" \/>\n<meta property=\"og:image\" content=\"https:\/\/paperpotagriculture.com\/wp-content\/uploads\/2025\/07\/HP-16STP-4.jpg\" \/>\n\t<meta property=\"og:image:width\" content=\"493\" \/>\n\t<meta property=\"og:image:height\" content=\"740\" \/>\n\t<meta property=\"og:image:type\" content=\"image\/jpeg\" \/>\n<meta name=\"twitter:card\" content=\"summary_large_image\" \/>\n<meta name=\"twitter:title\" content=\"Paperpot Transplanter Starter Kit za jednostavnu sadnju\" \/>\n<meta name=\"twitter:description\" content=\"U\u017eivajte u jednostavnom uzgoju s Paperpot Transplanter Starter Kit. Nabavite ga sada!\" \/>\n<meta name=\"twitter:label1\" content=\"Procijenjeno vrijeme \u010ditanja\" \/>\n\t<meta name=\"twitter:data1\" content=\"1 minuta\" \/>\n<script type=\"application\/ld+json\" class=\"yoast-schema-graph\">{\"@context\":\"https:\/\/schema.org\",\"@graph\":[{\"@type\":\"WebPage\",\"@id\":\"https:\/\/paperpotagriculture.com\/hr\/proizvod\/paperpot-transplanter-starter-kit\/\",\"url\":\"https:\/\/paperpotagriculture.com\/hr\/proizvod\/paperpot-transplanter-starter-kit\/\",\"name\":\"Paperpot Transplanter - Starter Kit za jednostavno uzgoj\",\"isPartOf\":{\"@id\":\"https:\/\/paperpotagriculture.com\/hr\/#website\"},\"primaryImageOfPage\":{\"@id\":\"https:\/\/paperpotagriculture.com\/hr\/proizvod\/paperpot-transplanter-starter-kit\/#primaryimage\"},\"image\":{\"@id\":\"https:\/\/paperpotagriculture.com\/hr\/proizvod\/paperpot-transplanter-starter-kit\/#primaryimage\"},\"thumbnailUrl\":\"https:\/\/paperpotagriculture.com\/wp-content\/uploads\/2025\/07\/HP-16STP-4.jpg\",\"datePublished\":\"2025-07-04T10:38:26+00:00\",\"dateModified\":\"2025-08-02T06:54:47+00:00\",\"description\":\"Paperpot Transplanter Starter Kit sadr\u017ei sve alate za lako uzgoj vlastitog povr\u0107a. Nabavite svoj kit sada i u\u017eivajte u jednostavnom sadnji!\",\"breadcrumb\":{\"@id\":\"https:\/\/paperpotagriculture.com\/hr\/proizvod\/paperpot-transplanter-starter-kit\/#breadcrumb\"},\"inLanguage\":\"hr\",\"potentialAction\":[{\"@type\":\"ReadAction\",\"target\":[\"https:\/\/paperpotagriculture.com\/hr\/proizvod\/paperpot-transplanter-starter-kit\/\"]}]},{\"@type\":\"ImageObject\",\"inLanguage\":\"hr\",\"@id\":\"https:\/\/paperpotagriculture.com\/hr\/proizvod\/paperpot-transplanter-starter-kit\/#primaryimage\",\"url\":\"https:\/\/paperpotagriculture.com\/wp-content\/uploads\/2025\/07\/HP-16STP-4.jpg\",\"contentUrl\":\"https:\/\/paperpotagriculture.com\/wp-content\/uploads\/2025\/07\/HP-16STP-4.jpg\",\"width\":493,\"height\":740},{\"@type\":\"BreadcrumbList\",\"@id\":\"https:\/\/paperpotagriculture.com\/hr\/proizvod\/paperpot-transplanter-starter-kit\/#breadcrumb\",\"itemListElement\":[{\"@type\":\"ListItem\",\"position\":1,\"name\":\"Trgovina\",\"item\":\"https:\/\/paperpotagriculture.com\/hr\/trgovina\/\"},{\"@type\":\"ListItem\",\"position\":2,\"name\":\"Ekskluzivna ponuda\",\"item\":\"https:\/\/paperpotagriculture.com\/hr\/kategorija-proizvoda\/ekskluzivna-ponuda-hr\/\"},{\"@type\":\"ListItem\",\"position\":3,\"name\":\"Paperpot Transplanter Starter Kit\"}]},{\"@type\":\"WebSite\",\"@id\":\"https:\/\/paperpotagriculture.com\/hr\/#website\",\"url\":\"https:\/\/paperpotagriculture.com\/hr\/\",\"name\":\"Paperpotagriculture\",\"description\":\"\",\"potentialAction\":[{\"@type\":\"SearchAction\",\"target\":{\"@type\":\"EntryPoint\",\"urlTemplate\":\"https:\/\/paperpotagriculture.com\/hr\/?s={search_term_string}\"},\"query-input\":{\"@type\":\"PropertyValueSpecification\",\"valueRequired\":true,\"valueName\":\"search_term_string\"}}],\"inLanguage\":\"hr\"}]}<\/script>\n<!-- \/ Yoast SEO plugin. -->","yoast_head_json":{"title":"Paperpot Transplanter - Starter Kit za jednostavno uzgoj","description":"Paperpot Transplanter Starter Kit sadr\u017ei sve alate za lako uzgoj vlastitog povr\u0107a. Nabavite svoj kit sada i u\u017eivajte u jednostavnom sadnji!","robots":{"index":"index","follow":"follow","max-snippet":"max-snippet:-1","max-image-preview":"max-image-preview:large","max-video-preview":"max-video-preview:-1"},"canonical":"https:\/\/paperpotagriculture.com\/hr\/proizvod\/paperpot-transplanter-starter-kit\/","og_locale":"hr_HR","og_type":"article","og_title":"Paperpot Transplanter Starter Kit za lako vrtlarstvo","og_description":"Nabavite Paperpot Transplanter Starter Kit i jednostavno uzgajajete povr\u0107e.","og_url":"https:\/\/paperpotagriculture.com\/hr\/proizvod\/paperpot-transplanter-starter-kit\/","og_site_name":"Paperpotagriculture","article_modified_time":"2025-08-02T06:54:47+00:00","og_image":[{"width":493,"height":740,"url":"https:\/\/paperpotagriculture.com\/wp-content\/uploads\/2025\/07\/HP-16STP-4.jpg","type":"image\/jpeg"}],"twitter_card":"summary_large_image","twitter_title":"Paperpot Transplanter Starter Kit za jednostavnu sadnju","twitter_description":"U\u017eivajte u jednostavnom uzgoju s Paperpot Transplanter Starter Kit. Nabavite ga sada!","twitter_misc":{"Procijenjeno vrijeme \u010ditanja":"1 minuta"},"schema":{"@context":"https:\/\/schema.org","@graph":[{"@type":"WebPage","@id":"https:\/\/paperpotagriculture.com\/hr\/proizvod\/paperpot-transplanter-starter-kit\/","url":"https:\/\/paperpotagriculture.com\/hr\/proizvod\/paperpot-transplanter-starter-kit\/","name":"Paperpot Transplanter - Starter Kit za jednostavno uzgoj","isPartOf":{"@id":"https:\/\/paperpotagriculture.com\/hr\/#website"},"primaryImageOfPage":{"@id":"https:\/\/paperpotagriculture.com\/hr\/proizvod\/paperpot-transplanter-starter-kit\/#primaryimage"},"image":{"@id":"https:\/\/paperpotagriculture.com\/hr\/proizvod\/paperpot-transplanter-starter-kit\/#primaryimage"},"thumbnailUrl":"https:\/\/paperpotagriculture.com\/wp-content\/uploads\/2025\/07\/HP-16STP-4.jpg","datePublished":"2025-07-04T10:38:26+00:00","dateModified":"2025-08-02T06:54:47+00:00","description":"Paperpot Transplanter Starter Kit sadr\u017ei sve alate za lako uzgoj vlastitog povr\u0107a. Nabavite svoj kit sada i u\u017eivajte u jednostavnom sadnji!","breadcrumb":{"@id":"https:\/\/paperpotagriculture.com\/hr\/proizvod\/paperpot-transplanter-starter-kit\/#breadcrumb"},"inLanguage":"hr","potentialAction":[{"@type":"ReadAction","target":["https:\/\/paperpotagriculture.com\/hr\/proizvod\/paperpot-transplanter-starter-kit\/"]}]},{"@type":"ImageObject","inLanguage":"hr","@id":"https:\/\/paperpotagriculture.com\/hr\/proizvod\/paperpot-transplanter-starter-kit\/#primaryimage","url":"https:\/\/paperpotagriculture.com\/wp-content\/uploads\/2025\/07\/HP-16STP-4.jpg","contentUrl":"https:\/\/paperpotagriculture.com\/wp-content\/uploads\/2025\/07\/HP-16STP-4.jpg","width":493,"height":740},{"@type":"BreadcrumbList","@id":"https:\/\/paperpotagriculture.com\/hr\/proizvod\/paperpot-transplanter-starter-kit\/#breadcrumb","itemListElement":[{"@type":"ListItem","position":1,"name":"Trgovina","item":"https:\/\/paperpotagriculture.com\/hr\/trgovina\/"},{"@type":"ListItem","position":2,"name":"Ekskluzivna ponuda","item":"https:\/\/paperpotagriculture.com\/hr\/kategorija-proizvoda\/ekskluzivna-ponuda-hr\/"},{"@type":"ListItem","position":3,"name":"Paperpot Transplanter Starter Kit"}]},{"@type":"WebSite","@id":"https:\/\/paperpotagriculture.com\/hr\/#website","url":"https:\/\/paperpotagriculture.com\/hr\/","name":"Paperpotagriculture","description":"","potentialAction":[{"@type":"SearchAction","target":{"@type":"EntryPoint","urlTemplate":"https:\/\/paperpotagriculture.com\/hr\/?s={search_term_string}"},"query-input":{"@type":"PropertyValueSpecification","valueRequired":true,"valueName":"search_term_string"}}],"inLanguage":"hr"}]}},"_links":{"self":[{"href":"https:\/\/paperpotagriculture.com\/hr\/wp-json\/wp\/v2\/product\/1182","targetHints":{"allow":["GET"]}}],"collection":[{"href":"https:\/\/paperpotagriculture.com\/hr\/wp-json\/wp\/v2\/product"}],"about":[{"href":"https:\/\/paperpotagriculture.com\/hr\/wp-json\/wp\/v2\/types\/product"}],"replies":[{"embeddable":true,"href":"https:\/\/paperpotagriculture.com\/hr\/wp-json\/wp\/v2\/comments?post=1182"}],"wp:featuredmedia":[{"embeddable":true,"href":"https:\/\/paperpotagriculture.com\/hr\/wp-json\/wp\/v2\/media\/1049"}],"wp:attachment":[{"href":"https:\/\/paperpotagriculture.com\/hr\/wp-json\/wp\/v2\/media?parent=1182"}],"wp:term":[{"taxonomy":"product_brand","embeddable":true,"href":"https:\/\/paperpotagriculture.com\/hr\/wp-json\/wp\/v2\/product_brand?post=1182"},{"taxonomy":"product_cat","embeddable":true,"href":"https:\/\/paperpotagriculture.com\/hr\/wp-json\/wp\/v2\/product_cat?post=1182"},{"taxonomy":"product_tag","embeddable":true,"href":"https:\/\/paperpotagriculture.com\/hr\/wp-json\/wp\/v2\/product_tag?post=1182"}],"curies":[{"name":"wp","href":"https:\/\/api.w.org\/{rel}","templated":true}]}}