{"id":1174,"date":"2025-07-04T10:43:01","date_gmt":"2025-07-04T10:43:01","guid":{"rendered":"https:\/\/paperpotagriculture.com\/product\/paper-pot-seeding-starter-kit-5cm-10cm-15cm\/"},"modified":"2025-08-02T06:44:46","modified_gmt":"2025-08-02T06:44:46","slug":"papirnati-pocetni-komplet-za-sadnju-lonca-5-cm-10-cm-15-cm","status":"publish","type":"product","link":"https:\/\/paperpotagriculture.com\/hr\/proizvod\/papirnati-pocetni-komplet-za-sadnju-lonca-5-cm-10-cm-15-cm\/","title":{"rendered":"Papirnati po\u010detni komplet za sadnju lonca 5 cm\/10 cm\/15 cm"},"content":{"rendered":"","protected":false},"excerpt":{"rendered":"<p>U\u010dinite sijanje laganim uz na\u0161 po\u010detni paket za sijanje! Nabavite sve \u0161to vam je potrebno da pokrenete Paper Pot System s na\u0161im paketom, posebno odabranim na\u0161om stru\u010dno\u0161\u0107u i povratnim informacijama kupaca. Va\u0161 novi sustav \u0107e vam u\u0161tedjeti tone rada i novca. Rasti!<\/p>\n","protected":false},"featured_media":1085,"comment_status":"closed","ping_status":"closed","template":"","meta":{"_acf_changed":false},"product_brand":[],"product_cat":[116,117],"product_tag":[],"class_list":{"0":"post-1174","1":"product","2":"type-product","3":"status-publish","4":"has-post-thumbnail","6":"product_cat-ekskluzivna-ponuda-hr","7":"product_cat-pocetni-paket-za-sjetvu-hr","9":"first","10":"instock","11":"taxable","12":"shipping-taxable","13":"purchasable","14":"product-type-simple"},"acf":[],"yoast_head":"<!-- This site is optimized with the Yoast SEO plugin v26.5 - https:\/\/yoast.com\/wordpress\/plugins\/seo\/ -->\n<title>Papirnati Po\u010detni Komplet za Sadnju 5cm\/10cm\/15cm<\/title>\n<meta name=\"description\" content=\"Papirnati po\u010detni komplet \u010dini sadnju jednostavnom i brzom! Osigurajte svoj komplet i zapo\u010dnite s Paper Pot sustavom ve\u0107 danas.\" \/>\n<meta name=\"robots\" content=\"index, follow, max-snippet:-1, max-image-preview:large, max-video-preview:-1\" \/>\n<link rel=\"canonical\" href=\"https:\/\/paperpotagriculture.com\/hr\/proizvod\/papirnati-pocetni-komplet-za-sadnju-lonca-5-cm-10-cm-15-cm\/\" \/>\n<meta property=\"og:locale\" content=\"hr_HR\" \/>\n<meta property=\"og:type\" content=\"article\" \/>\n<meta property=\"og:title\" content=\"Papirnati Po\u010detni Komplet za Sadnju Lonca\" \/>\n<meta property=\"og:description\" content=\"U\u010dinite sadnju jednostavnom s na\u0161im kompletnim paketom. Nabavite svoj ve\u0107 danas!\" \/>\n<meta property=\"og:url\" content=\"https:\/\/paperpotagriculture.com\/hr\/proizvod\/papirnati-pocetni-komplet-za-sadnju-lonca-5-cm-10-cm-15-cm\/\" \/>\n<meta property=\"og:site_name\" content=\"Paperpotagriculture\" \/>\n<meta property=\"article:modified_time\" content=\"2025-08-02T06:44:46+00:00\" \/>\n<meta property=\"og:image\" content=\"https:\/\/paperpotagriculture.com\/wp-content\/uploads\/2025\/07\/HP-16STP-4-1.jpg\" \/>\n\t<meta property=\"og:image:width\" content=\"493\" \/>\n\t<meta property=\"og:image:height\" content=\"740\" \/>\n\t<meta property=\"og:image:type\" content=\"image\/jpeg\" \/>\n<meta name=\"twitter:card\" content=\"summary_large_image\" \/>\n<meta name=\"twitter:title\" content=\"Papirnati Po\u010detni Komplet za Sadnju 5cm\/10cm\/15cm\" \/>\n<meta name=\"twitter:description\" content=\"S na\u0161im papirnatim setom za sjetvu, sadnja je jednostavna. Naru\u010dite odmah!\" \/>\n<meta name=\"twitter:label1\" content=\"Procijenjeno vrijeme \u010ditanja\" \/>\n\t<meta name=\"twitter:data1\" content=\"1 minuta\" \/>\n<script type=\"application\/ld+json\" class=\"yoast-schema-graph\">{\"@context\":\"https:\/\/schema.org\",\"@graph\":[{\"@type\":\"WebPage\",\"@id\":\"https:\/\/paperpotagriculture.com\/hr\/proizvod\/papirnati-pocetni-komplet-za-sadnju-lonca-5-cm-10-cm-15-cm\/\",\"url\":\"https:\/\/paperpotagriculture.com\/hr\/proizvod\/papirnati-pocetni-komplet-za-sadnju-lonca-5-cm-10-cm-15-cm\/\",\"name\":\"Papirnati Po\u010detni Komplet za Sadnju 5cm\/10cm\/15cm\",\"isPartOf\":{\"@id\":\"https:\/\/paperpotagriculture.com\/hr\/#website\"},\"primaryImageOfPage\":{\"@id\":\"https:\/\/paperpotagriculture.com\/hr\/proizvod\/papirnati-pocetni-komplet-za-sadnju-lonca-5-cm-10-cm-15-cm\/#primaryimage\"},\"image\":{\"@id\":\"https:\/\/paperpotagriculture.com\/hr\/proizvod\/papirnati-pocetni-komplet-za-sadnju-lonca-5-cm-10-cm-15-cm\/#primaryimage\"},\"thumbnailUrl\":\"https:\/\/paperpotagriculture.com\/wp-content\/uploads\/2025\/07\/HP-16STP-4-1.jpg\",\"datePublished\":\"2025-07-04T10:43:01+00:00\",\"dateModified\":\"2025-08-02T06:44:46+00:00\",\"description\":\"Papirnati po\u010detni komplet \u010dini sadnju jednostavnom i brzom! Osigurajte svoj komplet i zapo\u010dnite s Paper Pot sustavom ve\u0107 danas.\",\"breadcrumb\":{\"@id\":\"https:\/\/paperpotagriculture.com\/hr\/proizvod\/papirnati-pocetni-komplet-za-sadnju-lonca-5-cm-10-cm-15-cm\/#breadcrumb\"},\"inLanguage\":\"hr\",\"potentialAction\":[{\"@type\":\"ReadAction\",\"target\":[\"https:\/\/paperpotagriculture.com\/hr\/proizvod\/papirnati-pocetni-komplet-za-sadnju-lonca-5-cm-10-cm-15-cm\/\"]}]},{\"@type\":\"ImageObject\",\"inLanguage\":\"hr\",\"@id\":\"https:\/\/paperpotagriculture.com\/hr\/proizvod\/papirnati-pocetni-komplet-za-sadnju-lonca-5-cm-10-cm-15-cm\/#primaryimage\",\"url\":\"https:\/\/paperpotagriculture.com\/wp-content\/uploads\/2025\/07\/HP-16STP-4-1.jpg\",\"contentUrl\":\"https:\/\/paperpotagriculture.com\/wp-content\/uploads\/2025\/07\/HP-16STP-4-1.jpg\",\"width\":493,\"height\":740},{\"@type\":\"BreadcrumbList\",\"@id\":\"https:\/\/paperpotagriculture.com\/hr\/proizvod\/papirnati-pocetni-komplet-za-sadnju-lonca-5-cm-10-cm-15-cm\/#breadcrumb\",\"itemListElement\":[{\"@type\":\"ListItem\",\"position\":1,\"name\":\"Trgovina\",\"item\":\"https:\/\/paperpotagriculture.com\/hr\/trgovina\/\"},{\"@type\":\"ListItem\",\"position\":2,\"name\":\"Ekskluzivna ponuda\",\"item\":\"https:\/\/paperpotagriculture.com\/hr\/kategorija-proizvoda\/ekskluzivna-ponuda-hr\/\"},{\"@type\":\"ListItem\",\"position\":3,\"name\":\"Papirnati po\u010detni komplet za sadnju lonca 5 cm\/10 cm\/15 cm\"}]},{\"@type\":\"WebSite\",\"@id\":\"https:\/\/paperpotagriculture.com\/hr\/#website\",\"url\":\"https:\/\/paperpotagriculture.com\/hr\/\",\"name\":\"Paperpotagriculture\",\"description\":\"\",\"potentialAction\":[{\"@type\":\"SearchAction\",\"target\":{\"@type\":\"EntryPoint\",\"urlTemplate\":\"https:\/\/paperpotagriculture.com\/hr\/?s={search_term_string}\"},\"query-input\":{\"@type\":\"PropertyValueSpecification\",\"valueRequired\":true,\"valueName\":\"search_term_string\"}}],\"inLanguage\":\"hr\"}]}<\/script>\n<!-- \/ Yoast SEO plugin. -->","yoast_head_json":{"title":"Papirnati Po\u010detni Komplet za Sadnju 5cm\/10cm\/15cm","description":"Papirnati po\u010detni komplet \u010dini sadnju jednostavnom i brzom! Osigurajte svoj komplet i zapo\u010dnite s Paper Pot sustavom ve\u0107 danas.","robots":{"index":"index","follow":"follow","max-snippet":"max-snippet:-1","max-image-preview":"max-image-preview:large","max-video-preview":"max-video-preview:-1"},"canonical":"https:\/\/paperpotagriculture.com\/hr\/proizvod\/papirnati-pocetni-komplet-za-sadnju-lonca-5-cm-10-cm-15-cm\/","og_locale":"hr_HR","og_type":"article","og_title":"Papirnati Po\u010detni Komplet za Sadnju Lonca","og_description":"U\u010dinite sadnju jednostavnom s na\u0161im kompletnim paketom. Nabavite svoj ve\u0107 danas!","og_url":"https:\/\/paperpotagriculture.com\/hr\/proizvod\/papirnati-pocetni-komplet-za-sadnju-lonca-5-cm-10-cm-15-cm\/","og_site_name":"Paperpotagriculture","article_modified_time":"2025-08-02T06:44:46+00:00","og_image":[{"width":493,"height":740,"url":"https:\/\/paperpotagriculture.com\/wp-content\/uploads\/2025\/07\/HP-16STP-4-1.jpg","type":"image\/jpeg"}],"twitter_card":"summary_large_image","twitter_title":"Papirnati Po\u010detni Komplet za Sadnju 5cm\/10cm\/15cm","twitter_description":"S na\u0161im papirnatim setom za sjetvu, sadnja je jednostavna. Naru\u010dite odmah!","twitter_misc":{"Procijenjeno vrijeme \u010ditanja":"1 minuta"},"schema":{"@context":"https:\/\/schema.org","@graph":[{"@type":"WebPage","@id":"https:\/\/paperpotagriculture.com\/hr\/proizvod\/papirnati-pocetni-komplet-za-sadnju-lonca-5-cm-10-cm-15-cm\/","url":"https:\/\/paperpotagriculture.com\/hr\/proizvod\/papirnati-pocetni-komplet-za-sadnju-lonca-5-cm-10-cm-15-cm\/","name":"Papirnati Po\u010detni Komplet za Sadnju 5cm\/10cm\/15cm","isPartOf":{"@id":"https:\/\/paperpotagriculture.com\/hr\/#website"},"primaryImageOfPage":{"@id":"https:\/\/paperpotagriculture.com\/hr\/proizvod\/papirnati-pocetni-komplet-za-sadnju-lonca-5-cm-10-cm-15-cm\/#primaryimage"},"image":{"@id":"https:\/\/paperpotagriculture.com\/hr\/proizvod\/papirnati-pocetni-komplet-za-sadnju-lonca-5-cm-10-cm-15-cm\/#primaryimage"},"thumbnailUrl":"https:\/\/paperpotagriculture.com\/wp-content\/uploads\/2025\/07\/HP-16STP-4-1.jpg","datePublished":"2025-07-04T10:43:01+00:00","dateModified":"2025-08-02T06:44:46+00:00","description":"Papirnati po\u010detni komplet \u010dini sadnju jednostavnom i brzom! Osigurajte svoj komplet i zapo\u010dnite s Paper Pot sustavom ve\u0107 danas.","breadcrumb":{"@id":"https:\/\/paperpotagriculture.com\/hr\/proizvod\/papirnati-pocetni-komplet-za-sadnju-lonca-5-cm-10-cm-15-cm\/#breadcrumb"},"inLanguage":"hr","potentialAction":[{"@type":"ReadAction","target":["https:\/\/paperpotagriculture.com\/hr\/proizvod\/papirnati-pocetni-komplet-za-sadnju-lonca-5-cm-10-cm-15-cm\/"]}]},{"@type":"ImageObject","inLanguage":"hr","@id":"https:\/\/paperpotagriculture.com\/hr\/proizvod\/papirnati-pocetni-komplet-za-sadnju-lonca-5-cm-10-cm-15-cm\/#primaryimage","url":"https:\/\/paperpotagriculture.com\/wp-content\/uploads\/2025\/07\/HP-16STP-4-1.jpg","contentUrl":"https:\/\/paperpotagriculture.com\/wp-content\/uploads\/2025\/07\/HP-16STP-4-1.jpg","width":493,"height":740},{"@type":"BreadcrumbList","@id":"https:\/\/paperpotagriculture.com\/hr\/proizvod\/papirnati-pocetni-komplet-za-sadnju-lonca-5-cm-10-cm-15-cm\/#breadcrumb","itemListElement":[{"@type":"ListItem","position":1,"name":"Trgovina","item":"https:\/\/paperpotagriculture.com\/hr\/trgovina\/"},{"@type":"ListItem","position":2,"name":"Ekskluzivna ponuda","item":"https:\/\/paperpotagriculture.com\/hr\/kategorija-proizvoda\/ekskluzivna-ponuda-hr\/"},{"@type":"ListItem","position":3,"name":"Papirnati po\u010detni komplet za sadnju lonca 5 cm\/10 cm\/15 cm"}]},{"@type":"WebSite","@id":"https:\/\/paperpotagriculture.com\/hr\/#website","url":"https:\/\/paperpotagriculture.com\/hr\/","name":"Paperpotagriculture","description":"","potentialAction":[{"@type":"SearchAction","target":{"@type":"EntryPoint","urlTemplate":"https:\/\/paperpotagriculture.com\/hr\/?s={search_term_string}"},"query-input":{"@type":"PropertyValueSpecification","valueRequired":true,"valueName":"search_term_string"}}],"inLanguage":"hr"}]}},"_links":{"self":[{"href":"https:\/\/paperpotagriculture.com\/hr\/wp-json\/wp\/v2\/product\/1174","targetHints":{"allow":["GET"]}}],"collection":[{"href":"https:\/\/paperpotagriculture.com\/hr\/wp-json\/wp\/v2\/product"}],"about":[{"href":"https:\/\/paperpotagriculture.com\/hr\/wp-json\/wp\/v2\/types\/product"}],"replies":[{"embeddable":true,"href":"https:\/\/paperpotagriculture.com\/hr\/wp-json\/wp\/v2\/comments?post=1174"}],"wp:featuredmedia":[{"embeddable":true,"href":"https:\/\/paperpotagriculture.com\/hr\/wp-json\/wp\/v2\/media\/1085"}],"wp:attachment":[{"href":"https:\/\/paperpotagriculture.com\/hr\/wp-json\/wp\/v2\/media?parent=1174"}],"wp:term":[{"taxonomy":"product_brand","embeddable":true,"href":"https:\/\/paperpotagriculture.com\/hr\/wp-json\/wp\/v2\/product_brand?post=1174"},{"taxonomy":"product_cat","embeddable":true,"href":"https:\/\/paperpotagriculture.com\/hr\/wp-json\/wp\/v2\/product_cat?post=1174"},{"taxonomy":"product_tag","embeddable":true,"href":"https:\/\/paperpotagriculture.com\/hr\/wp-json\/wp\/v2\/product_tag?post=1174"}],"curies":[{"name":"wp","href":"https:\/\/api.w.org\/{rel}","templated":true}]}}