{"id":1172,"date":"2025-07-04T09:09:17","date_gmt":"2025-07-04T09:09:17","guid":{"rendered":"https:\/\/paperpotagriculture.com\/product\/hands-free-harvest-scissors\/"},"modified":"2025-08-02T06:37:45","modified_gmt":"2025-08-02T06:37:45","slug":"skare-za-zetvu-bez-ruku","status":"publish","type":"product","link":"https:\/\/paperpotagriculture.com\/hr\/proizvod\/skare-za-zetvu-bez-ruku\/","title":{"rendered":"\u0160kare za \u017eetvu bez ruku"},"content":{"rendered":"","protected":false},"excerpt":{"rendered":"<p>\u0160kare za \u017eetvu bez ruku imaju ergonomski dizajn idealan za pove\u0107anje u\u010dinkovitosti za obje ruke. Izra\u0111ene toplinski obra\u0111enom tehnologijom za maksimalnu o\u0161trinu i izdr\u017eljivost, \u0161kare tako\u0111er dolaze sa spiralnom oprugom za zaustavljanje jednom rukom i laganu o\u0161trinu. Postanite u\u010dinkovitiji \u017eetelac!<\/p>\n","protected":false},"featured_media":971,"comment_status":"closed","ping_status":"closed","template":"","meta":{"_acf_changed":false},"product_brand":[],"product_cat":[106,114,107],"product_tag":[],"class_list":{"0":"post-1172","1":"product","2":"type-product","3":"status-publish","4":"has-post-thumbnail","6":"product_cat-pribor-hr","7":"product_cat-skare-za-zetvu-bez-ruku-hr","8":"product_cat-za-vrtlare-hr","10":"first","11":"instock","12":"taxable","13":"shipping-taxable","14":"purchasable","15":"product-type-simple"},"acf":[],"yoast_head":"<!-- This site is optimized with the Yoast SEO plugin v26.5 - https:\/\/yoast.com\/wordpress\/plugins\/seo\/ -->\n<title>\u0160kare za \u017eetvu bez ruku - Pove\u0107ajte svoju u\u010dinkovitost<\/title>\n<meta name=\"description\" content=\"\u0160kare za \u017eetvu bez ruku s ergonomski dizajnom za pove\u0107anu u\u010dinkovitost. Nabavite svoje sada i pobolj\u0161ajte svoje berbe!\" \/>\n<meta name=\"robots\" content=\"index, follow, max-snippet:-1, max-image-preview:large, max-video-preview:-1\" \/>\n<link rel=\"canonical\" href=\"https:\/\/paperpotagriculture.com\/hr\/proizvod\/skare-za-zetvu-bez-ruku\/\" \/>\n<meta property=\"og:locale\" content=\"hr_HR\" \/>\n<meta property=\"og:type\" content=\"article\" \/>\n<meta property=\"og:title\" content=\"\u0160kare za \u017eetvu bez ruku - U\u010dinkovitija berba\" \/>\n<meta property=\"og:description\" content=\"Pobolj\u0161ajte svoje berbe s na\u0161im \u0161karama za \u017eetvu bez ruku!\" \/>\n<meta property=\"og:url\" content=\"https:\/\/paperpotagriculture.com\/hr\/proizvod\/skare-za-zetvu-bez-ruku\/\" \/>\n<meta property=\"og:site_name\" content=\"Paperpotagriculture\" \/>\n<meta property=\"article:modified_time\" content=\"2025-08-02T06:37:45+00:00\" \/>\n<meta property=\"og:image\" content=\"https:\/\/paperpotagriculture.com\/wp-content\/uploads\/2025\/07\/4976365131825.webp\" \/>\n\t<meta property=\"og:image:width\" content=\"713\" \/>\n\t<meta property=\"og:image:height\" content=\"713\" \/>\n\t<meta property=\"og:image:type\" content=\"image\/webp\" \/>\n<meta name=\"twitter:card\" content=\"summary_large_image\" \/>\n<meta name=\"twitter:title\" content=\"\u0160kare za \u017eetvu bez ruku - Idealne za vrtlarstvo\" \/>\n<meta name=\"twitter:description\" content=\"U\u010dinite berbu lak\u0161om s na\u0161im \u0161karama za \u017eetvu bez ruku. Nabavite svoje odmah!\" \/>\n<meta name=\"twitter:label1\" content=\"Procijenjeno vrijeme \u010ditanja\" \/>\n\t<meta name=\"twitter:data1\" content=\"1 minuta\" \/>\n<script type=\"application\/ld+json\" class=\"yoast-schema-graph\">{\"@context\":\"https:\/\/schema.org\",\"@graph\":[{\"@type\":\"WebPage\",\"@id\":\"https:\/\/paperpotagriculture.com\/hr\/proizvod\/skare-za-zetvu-bez-ruku\/\",\"url\":\"https:\/\/paperpotagriculture.com\/hr\/proizvod\/skare-za-zetvu-bez-ruku\/\",\"name\":\"\u0160kare za \u017eetvu bez ruku - Pove\u0107ajte svoju u\u010dinkovitost\",\"isPartOf\":{\"@id\":\"https:\/\/paperpotagriculture.com\/hr\/#website\"},\"primaryImageOfPage\":{\"@id\":\"https:\/\/paperpotagriculture.com\/hr\/proizvod\/skare-za-zetvu-bez-ruku\/#primaryimage\"},\"image\":{\"@id\":\"https:\/\/paperpotagriculture.com\/hr\/proizvod\/skare-za-zetvu-bez-ruku\/#primaryimage\"},\"thumbnailUrl\":\"https:\/\/paperpotagriculture.com\/wp-content\/uploads\/2025\/07\/4976365131825.webp\",\"datePublished\":\"2025-07-04T09:09:17+00:00\",\"dateModified\":\"2025-08-02T06:37:45+00:00\",\"description\":\"\u0160kare za \u017eetvu bez ruku s ergonomski dizajnom za pove\u0107anu u\u010dinkovitost. Nabavite svoje sada i pobolj\u0161ajte svoje berbe!\",\"breadcrumb\":{\"@id\":\"https:\/\/paperpotagriculture.com\/hr\/proizvod\/skare-za-zetvu-bez-ruku\/#breadcrumb\"},\"inLanguage\":\"hr\",\"potentialAction\":[{\"@type\":\"ReadAction\",\"target\":[\"https:\/\/paperpotagriculture.com\/hr\/proizvod\/skare-za-zetvu-bez-ruku\/\"]}]},{\"@type\":\"ImageObject\",\"inLanguage\":\"hr\",\"@id\":\"https:\/\/paperpotagriculture.com\/hr\/proizvod\/skare-za-zetvu-bez-ruku\/#primaryimage\",\"url\":\"https:\/\/paperpotagriculture.com\/wp-content\/uploads\/2025\/07\/4976365131825.webp\",\"contentUrl\":\"https:\/\/paperpotagriculture.com\/wp-content\/uploads\/2025\/07\/4976365131825.webp\",\"width\":713,\"height\":713},{\"@type\":\"BreadcrumbList\",\"@id\":\"https:\/\/paperpotagriculture.com\/hr\/proizvod\/skare-za-zetvu-bez-ruku\/#breadcrumb\",\"itemListElement\":[{\"@type\":\"ListItem\",\"position\":1,\"name\":\"Trgovina\",\"item\":\"https:\/\/paperpotagriculture.com\/hr\/trgovina\/\"},{\"@type\":\"ListItem\",\"position\":2,\"name\":\"Pribor\",\"item\":\"https:\/\/paperpotagriculture.com\/hr\/kategorija-proizvoda\/pribor-hr\/\"},{\"@type\":\"ListItem\",\"position\":3,\"name\":\"\u0160kare za \u017eetvu bez ruku\"}]},{\"@type\":\"WebSite\",\"@id\":\"https:\/\/paperpotagriculture.com\/hr\/#website\",\"url\":\"https:\/\/paperpotagriculture.com\/hr\/\",\"name\":\"Paperpotagriculture\",\"description\":\"\",\"potentialAction\":[{\"@type\":\"SearchAction\",\"target\":{\"@type\":\"EntryPoint\",\"urlTemplate\":\"https:\/\/paperpotagriculture.com\/hr\/?s={search_term_string}\"},\"query-input\":{\"@type\":\"PropertyValueSpecification\",\"valueRequired\":true,\"valueName\":\"search_term_string\"}}],\"inLanguage\":\"hr\"}]}<\/script>\n<!-- \/ Yoast SEO plugin. -->","yoast_head_json":{"title":"\u0160kare za \u017eetvu bez ruku - Pove\u0107ajte svoju u\u010dinkovitost","description":"\u0160kare za \u017eetvu bez ruku s ergonomski dizajnom za pove\u0107anu u\u010dinkovitost. Nabavite svoje sada i pobolj\u0161ajte svoje berbe!","robots":{"index":"index","follow":"follow","max-snippet":"max-snippet:-1","max-image-preview":"max-image-preview:large","max-video-preview":"max-video-preview:-1"},"canonical":"https:\/\/paperpotagriculture.com\/hr\/proizvod\/skare-za-zetvu-bez-ruku\/","og_locale":"hr_HR","og_type":"article","og_title":"\u0160kare za \u017eetvu bez ruku - U\u010dinkovitija berba","og_description":"Pobolj\u0161ajte svoje berbe s na\u0161im \u0161karama za \u017eetvu bez ruku!","og_url":"https:\/\/paperpotagriculture.com\/hr\/proizvod\/skare-za-zetvu-bez-ruku\/","og_site_name":"Paperpotagriculture","article_modified_time":"2025-08-02T06:37:45+00:00","og_image":[{"width":713,"height":713,"url":"https:\/\/paperpotagriculture.com\/wp-content\/uploads\/2025\/07\/4976365131825.webp","type":"image\/webp"}],"twitter_card":"summary_large_image","twitter_title":"\u0160kare za \u017eetvu bez ruku - Idealne za vrtlarstvo","twitter_description":"U\u010dinite berbu lak\u0161om s na\u0161im \u0161karama za \u017eetvu bez ruku. Nabavite svoje odmah!","twitter_misc":{"Procijenjeno vrijeme \u010ditanja":"1 minuta"},"schema":{"@context":"https:\/\/schema.org","@graph":[{"@type":"WebPage","@id":"https:\/\/paperpotagriculture.com\/hr\/proizvod\/skare-za-zetvu-bez-ruku\/","url":"https:\/\/paperpotagriculture.com\/hr\/proizvod\/skare-za-zetvu-bez-ruku\/","name":"\u0160kare za \u017eetvu bez ruku - Pove\u0107ajte svoju u\u010dinkovitost","isPartOf":{"@id":"https:\/\/paperpotagriculture.com\/hr\/#website"},"primaryImageOfPage":{"@id":"https:\/\/paperpotagriculture.com\/hr\/proizvod\/skare-za-zetvu-bez-ruku\/#primaryimage"},"image":{"@id":"https:\/\/paperpotagriculture.com\/hr\/proizvod\/skare-za-zetvu-bez-ruku\/#primaryimage"},"thumbnailUrl":"https:\/\/paperpotagriculture.com\/wp-content\/uploads\/2025\/07\/4976365131825.webp","datePublished":"2025-07-04T09:09:17+00:00","dateModified":"2025-08-02T06:37:45+00:00","description":"\u0160kare za \u017eetvu bez ruku s ergonomski dizajnom za pove\u0107anu u\u010dinkovitost. Nabavite svoje sada i pobolj\u0161ajte svoje berbe!","breadcrumb":{"@id":"https:\/\/paperpotagriculture.com\/hr\/proizvod\/skare-za-zetvu-bez-ruku\/#breadcrumb"},"inLanguage":"hr","potentialAction":[{"@type":"ReadAction","target":["https:\/\/paperpotagriculture.com\/hr\/proizvod\/skare-za-zetvu-bez-ruku\/"]}]},{"@type":"ImageObject","inLanguage":"hr","@id":"https:\/\/paperpotagriculture.com\/hr\/proizvod\/skare-za-zetvu-bez-ruku\/#primaryimage","url":"https:\/\/paperpotagriculture.com\/wp-content\/uploads\/2025\/07\/4976365131825.webp","contentUrl":"https:\/\/paperpotagriculture.com\/wp-content\/uploads\/2025\/07\/4976365131825.webp","width":713,"height":713},{"@type":"BreadcrumbList","@id":"https:\/\/paperpotagriculture.com\/hr\/proizvod\/skare-za-zetvu-bez-ruku\/#breadcrumb","itemListElement":[{"@type":"ListItem","position":1,"name":"Trgovina","item":"https:\/\/paperpotagriculture.com\/hr\/trgovina\/"},{"@type":"ListItem","position":2,"name":"Pribor","item":"https:\/\/paperpotagriculture.com\/hr\/kategorija-proizvoda\/pribor-hr\/"},{"@type":"ListItem","position":3,"name":"\u0160kare za \u017eetvu bez ruku"}]},{"@type":"WebSite","@id":"https:\/\/paperpotagriculture.com\/hr\/#website","url":"https:\/\/paperpotagriculture.com\/hr\/","name":"Paperpotagriculture","description":"","potentialAction":[{"@type":"SearchAction","target":{"@type":"EntryPoint","urlTemplate":"https:\/\/paperpotagriculture.com\/hr\/?s={search_term_string}"},"query-input":{"@type":"PropertyValueSpecification","valueRequired":true,"valueName":"search_term_string"}}],"inLanguage":"hr"}]}},"_links":{"self":[{"href":"https:\/\/paperpotagriculture.com\/hr\/wp-json\/wp\/v2\/product\/1172","targetHints":{"allow":["GET"]}}],"collection":[{"href":"https:\/\/paperpotagriculture.com\/hr\/wp-json\/wp\/v2\/product"}],"about":[{"href":"https:\/\/paperpotagriculture.com\/hr\/wp-json\/wp\/v2\/types\/product"}],"replies":[{"embeddable":true,"href":"https:\/\/paperpotagriculture.com\/hr\/wp-json\/wp\/v2\/comments?post=1172"}],"wp:featuredmedia":[{"embeddable":true,"href":"https:\/\/paperpotagriculture.com\/hr\/wp-json\/wp\/v2\/media\/971"}],"wp:attachment":[{"href":"https:\/\/paperpotagriculture.com\/hr\/wp-json\/wp\/v2\/media?parent=1172"}],"wp:term":[{"taxonomy":"product_brand","embeddable":true,"href":"https:\/\/paperpotagriculture.com\/hr\/wp-json\/wp\/v2\/product_brand?post=1172"},{"taxonomy":"product_cat","embeddable":true,"href":"https:\/\/paperpotagriculture.com\/hr\/wp-json\/wp\/v2\/product_cat?post=1172"},{"taxonomy":"product_tag","embeddable":true,"href":"https:\/\/paperpotagriculture.com\/hr\/wp-json\/wp\/v2\/product_tag?post=1172"}],"curies":[{"name":"wp","href":"https:\/\/api.w.org\/{rel}","templated":true}]}}