{"id":1168,"date":"2025-07-04T09:12:07","date_gmt":"2025-07-04T09:12:07","guid":{"rendered":"https:\/\/paperpotagriculture.com\/product\/handy-manual-seeder-for-coated-seeds\/"},"modified":"2025-08-02T06:36:22","modified_gmt":"2025-08-02T06:36:22","slug":"prakticna-rucna-sijacica-za-oblozeno-sjeme","status":"publish","type":"product","link":"https:\/\/paperpotagriculture.com\/hr\/proizvod\/prakticna-rucna-sijacica-za-oblozeno-sjeme\/","title":{"rendered":"Prakti\u010dna ru\u010dna sija\u010dica za oblo\u017eeno sjeme"},"content":{"rendered":"","protected":false},"excerpt":{"rendered":"<p>Prakti\u010dna ru\u010dna sija\u010dica za oblo\u017eeno sjeme idealan je alat za brzu i u\u010dinkovitu sjetvu. Njegov jedinstveni dizajn omogu\u0107uje vam da klizite povr\u0161inom ladice s \u010depovima \u0107elija i trenutno posijete jedan sloj sjemena po \u0107eliji s \u010depovima, \u0161to rezultira sjetvom od 30-60 sekundi po kutiji! Automatsko rasklapanje sjemena pru\u017ea dodatnu pogodnost i brzinu. Ovaj proizvod idealan je za sve profesionalne i ku\u0107ne vrtlare.<\/p>\n","protected":false},"featured_media":977,"comment_status":"closed","ping_status":"closed","template":"","meta":{"_acf_changed":false},"product_brand":[],"product_cat":[112,106,107],"product_tag":[],"class_list":{"0":"post-1168","1":"product","2":"type-product","3":"status-publish","4":"has-post-thumbnail","6":"product_cat-handy-manual-seeder-for-coated-seeds-hr","7":"product_cat-pribor-hr","8":"product_cat-za-vrtlare-hr","10":"first","11":"instock","12":"taxable","13":"shipping-taxable","14":"purchasable","15":"product-type-simple"},"acf":[],"yoast_head":"<!-- This site is optimized with the Yoast SEO plugin v26.5 - https:\/\/yoast.com\/wordpress\/plugins\/seo\/ -->\n<title>Ru\u010dna sija\u010dica za oblo\u017eeno sjeme - Efikasno posijanje<\/title>\n<meta name=\"description\" content=\"Ru\u010dna sija\u010dica za oblo\u017eeno sjeme je alat za brzo posijanje. Naru\u010dite sada i olak\u0161ajte si vrtlarstvo!\" \/>\n<meta name=\"robots\" content=\"index, follow, max-snippet:-1, max-image-preview:large, max-video-preview:-1\" \/>\n<link rel=\"canonical\" href=\"https:\/\/paperpotagriculture.com\/hr\/proizvod\/prakticna-rucna-sijacica-za-oblozeno-sjeme\/\" \/>\n<meta property=\"og:locale\" content=\"hr_HR\" \/>\n<meta property=\"og:type\" content=\"article\" \/>\n<meta property=\"og:title\" content=\"Ru\u010dna sija\u010dica za oblo\u017eeno sjeme - U\u010dinkovit alat\" \/>\n<meta property=\"og:description\" content=\"Naru\u010dite ru\u010dnu sija\u010dicu za br\u017ee posijanje. Savr\u0161ena za vrtlarstvo!\" \/>\n<meta property=\"og:url\" content=\"https:\/\/paperpotagriculture.com\/hr\/proizvod\/prakticna-rucna-sijacica-za-oblozeno-sjeme\/\" \/>\n<meta property=\"og:site_name\" content=\"Paperpotagriculture\" \/>\n<meta property=\"article:modified_time\" content=\"2025-08-02T06:36:22+00:00\" \/>\n<meta property=\"og:image\" content=\"https:\/\/paperpotagriculture.com\/wp-content\/uploads\/2025\/07\/G-8-main.webp\" \/>\n\t<meta property=\"og:image:width\" content=\"435\" \/>\n\t<meta property=\"og:image:height\" content=\"290\" \/>\n\t<meta property=\"og:image:type\" content=\"image\/webp\" \/>\n<meta name=\"twitter:card\" content=\"summary_large_image\" \/>\n<meta name=\"twitter:title\" content=\"Ru\u010dna sija\u010dica za oblo\u017eeno sjeme - Idealna za vrt\" \/>\n<meta name=\"twitter:description\" content=\"Pobolj\u0161ajte svoje vrtlarstvo s ru\u010dnom sija\u010dicom. Brza i jednostavna upotreba!\" \/>\n<meta name=\"twitter:label1\" content=\"Procijenjeno vrijeme \u010ditanja\" \/>\n\t<meta name=\"twitter:data1\" content=\"1 minuta\" \/>\n<script type=\"application\/ld+json\" class=\"yoast-schema-graph\">{\"@context\":\"https:\/\/schema.org\",\"@graph\":[{\"@type\":\"WebPage\",\"@id\":\"https:\/\/paperpotagriculture.com\/hr\/proizvod\/prakticna-rucna-sijacica-za-oblozeno-sjeme\/\",\"url\":\"https:\/\/paperpotagriculture.com\/hr\/proizvod\/prakticna-rucna-sijacica-za-oblozeno-sjeme\/\",\"name\":\"Ru\u010dna sija\u010dica za oblo\u017eeno sjeme - Efikasno posijanje\",\"isPartOf\":{\"@id\":\"https:\/\/paperpotagriculture.com\/hr\/#website\"},\"primaryImageOfPage\":{\"@id\":\"https:\/\/paperpotagriculture.com\/hr\/proizvod\/prakticna-rucna-sijacica-za-oblozeno-sjeme\/#primaryimage\"},\"image\":{\"@id\":\"https:\/\/paperpotagriculture.com\/hr\/proizvod\/prakticna-rucna-sijacica-za-oblozeno-sjeme\/#primaryimage\"},\"thumbnailUrl\":\"https:\/\/paperpotagriculture.com\/wp-content\/uploads\/2025\/07\/G-8-main.webp\",\"datePublished\":\"2025-07-04T09:12:07+00:00\",\"dateModified\":\"2025-08-02T06:36:22+00:00\",\"description\":\"Ru\u010dna sija\u010dica za oblo\u017eeno sjeme je alat za brzo posijanje. Naru\u010dite sada i olak\u0161ajte si vrtlarstvo!\",\"breadcrumb\":{\"@id\":\"https:\/\/paperpotagriculture.com\/hr\/proizvod\/prakticna-rucna-sijacica-za-oblozeno-sjeme\/#breadcrumb\"},\"inLanguage\":\"hr\",\"potentialAction\":[{\"@type\":\"ReadAction\",\"target\":[\"https:\/\/paperpotagriculture.com\/hr\/proizvod\/prakticna-rucna-sijacica-za-oblozeno-sjeme\/\"]}]},{\"@type\":\"ImageObject\",\"inLanguage\":\"hr\",\"@id\":\"https:\/\/paperpotagriculture.com\/hr\/proizvod\/prakticna-rucna-sijacica-za-oblozeno-sjeme\/#primaryimage\",\"url\":\"https:\/\/paperpotagriculture.com\/wp-content\/uploads\/2025\/07\/G-8-main.webp\",\"contentUrl\":\"https:\/\/paperpotagriculture.com\/wp-content\/uploads\/2025\/07\/G-8-main.webp\",\"width\":435,\"height\":290},{\"@type\":\"BreadcrumbList\",\"@id\":\"https:\/\/paperpotagriculture.com\/hr\/proizvod\/prakticna-rucna-sijacica-za-oblozeno-sjeme\/#breadcrumb\",\"itemListElement\":[{\"@type\":\"ListItem\",\"position\":1,\"name\":\"Trgovina\",\"item\":\"https:\/\/paperpotagriculture.com\/hr\/trgovina\/\"},{\"@type\":\"ListItem\",\"position\":2,\"name\":\"Pribor\",\"item\":\"https:\/\/paperpotagriculture.com\/hr\/kategorija-proizvoda\/pribor-hr\/\"},{\"@type\":\"ListItem\",\"position\":3,\"name\":\"Prakti\u010dna ru\u010dna sija\u010dica za oblo\u017eeno sjeme\"}]},{\"@type\":\"WebSite\",\"@id\":\"https:\/\/paperpotagriculture.com\/hr\/#website\",\"url\":\"https:\/\/paperpotagriculture.com\/hr\/\",\"name\":\"Paperpotagriculture\",\"description\":\"\",\"potentialAction\":[{\"@type\":\"SearchAction\",\"target\":{\"@type\":\"EntryPoint\",\"urlTemplate\":\"https:\/\/paperpotagriculture.com\/hr\/?s={search_term_string}\"},\"query-input\":{\"@type\":\"PropertyValueSpecification\",\"valueRequired\":true,\"valueName\":\"search_term_string\"}}],\"inLanguage\":\"hr\"}]}<\/script>\n<!-- \/ Yoast SEO plugin. -->","yoast_head_json":{"title":"Ru\u010dna sija\u010dica za oblo\u017eeno sjeme - Efikasno posijanje","description":"Ru\u010dna sija\u010dica za oblo\u017eeno sjeme je alat za brzo posijanje. Naru\u010dite sada i olak\u0161ajte si vrtlarstvo!","robots":{"index":"index","follow":"follow","max-snippet":"max-snippet:-1","max-image-preview":"max-image-preview:large","max-video-preview":"max-video-preview:-1"},"canonical":"https:\/\/paperpotagriculture.com\/hr\/proizvod\/prakticna-rucna-sijacica-za-oblozeno-sjeme\/","og_locale":"hr_HR","og_type":"article","og_title":"Ru\u010dna sija\u010dica za oblo\u017eeno sjeme - U\u010dinkovit alat","og_description":"Naru\u010dite ru\u010dnu sija\u010dicu za br\u017ee posijanje. Savr\u0161ena za vrtlarstvo!","og_url":"https:\/\/paperpotagriculture.com\/hr\/proizvod\/prakticna-rucna-sijacica-za-oblozeno-sjeme\/","og_site_name":"Paperpotagriculture","article_modified_time":"2025-08-02T06:36:22+00:00","og_image":[{"width":435,"height":290,"url":"https:\/\/paperpotagriculture.com\/wp-content\/uploads\/2025\/07\/G-8-main.webp","type":"image\/webp"}],"twitter_card":"summary_large_image","twitter_title":"Ru\u010dna sija\u010dica za oblo\u017eeno sjeme - Idealna za vrt","twitter_description":"Pobolj\u0161ajte svoje vrtlarstvo s ru\u010dnom sija\u010dicom. Brza i jednostavna upotreba!","twitter_misc":{"Procijenjeno vrijeme \u010ditanja":"1 minuta"},"schema":{"@context":"https:\/\/schema.org","@graph":[{"@type":"WebPage","@id":"https:\/\/paperpotagriculture.com\/hr\/proizvod\/prakticna-rucna-sijacica-za-oblozeno-sjeme\/","url":"https:\/\/paperpotagriculture.com\/hr\/proizvod\/prakticna-rucna-sijacica-za-oblozeno-sjeme\/","name":"Ru\u010dna sija\u010dica za oblo\u017eeno sjeme - Efikasno posijanje","isPartOf":{"@id":"https:\/\/paperpotagriculture.com\/hr\/#website"},"primaryImageOfPage":{"@id":"https:\/\/paperpotagriculture.com\/hr\/proizvod\/prakticna-rucna-sijacica-za-oblozeno-sjeme\/#primaryimage"},"image":{"@id":"https:\/\/paperpotagriculture.com\/hr\/proizvod\/prakticna-rucna-sijacica-za-oblozeno-sjeme\/#primaryimage"},"thumbnailUrl":"https:\/\/paperpotagriculture.com\/wp-content\/uploads\/2025\/07\/G-8-main.webp","datePublished":"2025-07-04T09:12:07+00:00","dateModified":"2025-08-02T06:36:22+00:00","description":"Ru\u010dna sija\u010dica za oblo\u017eeno sjeme je alat za brzo posijanje. Naru\u010dite sada i olak\u0161ajte si vrtlarstvo!","breadcrumb":{"@id":"https:\/\/paperpotagriculture.com\/hr\/proizvod\/prakticna-rucna-sijacica-za-oblozeno-sjeme\/#breadcrumb"},"inLanguage":"hr","potentialAction":[{"@type":"ReadAction","target":["https:\/\/paperpotagriculture.com\/hr\/proizvod\/prakticna-rucna-sijacica-za-oblozeno-sjeme\/"]}]},{"@type":"ImageObject","inLanguage":"hr","@id":"https:\/\/paperpotagriculture.com\/hr\/proizvod\/prakticna-rucna-sijacica-za-oblozeno-sjeme\/#primaryimage","url":"https:\/\/paperpotagriculture.com\/wp-content\/uploads\/2025\/07\/G-8-main.webp","contentUrl":"https:\/\/paperpotagriculture.com\/wp-content\/uploads\/2025\/07\/G-8-main.webp","width":435,"height":290},{"@type":"BreadcrumbList","@id":"https:\/\/paperpotagriculture.com\/hr\/proizvod\/prakticna-rucna-sijacica-za-oblozeno-sjeme\/#breadcrumb","itemListElement":[{"@type":"ListItem","position":1,"name":"Trgovina","item":"https:\/\/paperpotagriculture.com\/hr\/trgovina\/"},{"@type":"ListItem","position":2,"name":"Pribor","item":"https:\/\/paperpotagriculture.com\/hr\/kategorija-proizvoda\/pribor-hr\/"},{"@type":"ListItem","position":3,"name":"Prakti\u010dna ru\u010dna sija\u010dica za oblo\u017eeno sjeme"}]},{"@type":"WebSite","@id":"https:\/\/paperpotagriculture.com\/hr\/#website","url":"https:\/\/paperpotagriculture.com\/hr\/","name":"Paperpotagriculture","description":"","potentialAction":[{"@type":"SearchAction","target":{"@type":"EntryPoint","urlTemplate":"https:\/\/paperpotagriculture.com\/hr\/?s={search_term_string}"},"query-input":{"@type":"PropertyValueSpecification","valueRequired":true,"valueName":"search_term_string"}}],"inLanguage":"hr"}]}},"_links":{"self":[{"href":"https:\/\/paperpotagriculture.com\/hr\/wp-json\/wp\/v2\/product\/1168","targetHints":{"allow":["GET"]}}],"collection":[{"href":"https:\/\/paperpotagriculture.com\/hr\/wp-json\/wp\/v2\/product"}],"about":[{"href":"https:\/\/paperpotagriculture.com\/hr\/wp-json\/wp\/v2\/types\/product"}],"replies":[{"embeddable":true,"href":"https:\/\/paperpotagriculture.com\/hr\/wp-json\/wp\/v2\/comments?post=1168"}],"wp:featuredmedia":[{"embeddable":true,"href":"https:\/\/paperpotagriculture.com\/hr\/wp-json\/wp\/v2\/media\/977"}],"wp:attachment":[{"href":"https:\/\/paperpotagriculture.com\/hr\/wp-json\/wp\/v2\/media?parent=1168"}],"wp:term":[{"taxonomy":"product_brand","embeddable":true,"href":"https:\/\/paperpotagriculture.com\/hr\/wp-json\/wp\/v2\/product_brand?post=1168"},{"taxonomy":"product_cat","embeddable":true,"href":"https:\/\/paperpotagriculture.com\/hr\/wp-json\/wp\/v2\/product_cat?post=1168"},{"taxonomy":"product_tag","embeddable":true,"href":"https:\/\/paperpotagriculture.com\/hr\/wp-json\/wp\/v2\/product_tag?post=1168"}],"curies":[{"name":"wp","href":"https:\/\/api.w.org\/{rel}","templated":true}]}}