{"id":1163,"date":"2025-07-04T09:18:37","date_gmt":"2025-07-04T09:18:37","guid":{"rendered":"https:\/\/paperpotagriculture.com\/product\/handy-manual-seeder-for-naked-seeds\/"},"modified":"2025-08-02T06:34:07","modified_gmt":"2025-08-02T06:34:07","slug":"prakticna-rucna-sijacica-za-golo-sjemenje","status":"publish","type":"product","link":"https:\/\/paperpotagriculture.com\/hr\/proizvod\/prakticna-rucna-sijacica-za-golo-sjemenje\/","title":{"rendered":"Prakti\u010dna ru\u010dna sija\u010dica za golo sjemenje"},"content":{"rendered":"","protected":false},"excerpt":{"rendered":"<p>Ova ru\u010dna sija\u010dica dizajnirana je za lak\u0161u sjetvu malih, golih sjemenki. Idealan je za preciznu, jednostavnu sjetvu elipti\u010dnih, okruglih ili drugih sjemenki koje su premale da biste ih zgnje\u010dili prstima. U\u017eivajte u pogodnosti to\u010dne sadnje bez nereda.<\/p>\n","protected":false},"featured_media":983,"comment_status":"closed","ping_status":"closed","template":"","meta":{"_acf_changed":false},"product_brand":[],"product_cat":[108,106,107],"product_tag":[],"class_list":{"0":"post-1163","1":"product","2":"type-product","3":"status-publish","4":"has-post-thumbnail","6":"product_cat-handy-manual-seeder-for-naked-seeds-hr","7":"product_cat-pribor-hr","8":"product_cat-za-vrtlare-hr","10":"first","11":"instock","12":"taxable","13":"shipping-taxable","14":"purchasable","15":"product-type-simple"},"acf":[],"yoast_head":"<!-- This site is optimized with the Yoast SEO plugin v26.5 - https:\/\/yoast.com\/wordpress\/plugins\/seo\/ -->\n<title>Ru\u010dna sija\u010dica za golo sjemenje - Paperpotagriculture<\/title>\n<meta name=\"description\" content=\"Ru\u010dna sija\u010dica olak\u0161ava sjetvu malih sjemenki. Naru\u010dite sad za preciznu i jednostavnu sjetvu!\" \/>\n<meta name=\"robots\" content=\"index, follow, max-snippet:-1, max-image-preview:large, max-video-preview:-1\" \/>\n<link rel=\"canonical\" href=\"https:\/\/paperpotagriculture.com\/hr\/proizvod\/prakticna-rucna-sijacica-za-golo-sjemenje\/\" \/>\n<meta property=\"og:locale\" content=\"hr_HR\" \/>\n<meta property=\"og:type\" content=\"article\" \/>\n<meta property=\"og:title\" content=\"Ru\u010dna sija\u010dica za golo sjemenje - Papirna poljoprivreda\" \/>\n<meta property=\"og:description\" content=\"Naru\u010dite ru\u010dnu sija\u010dicu za lak\u0161u sjetvu malih sjemenki!\" \/>\n<meta property=\"og:url\" content=\"https:\/\/paperpotagriculture.com\/hr\/proizvod\/prakticna-rucna-sijacica-za-golo-sjemenje\/\" \/>\n<meta property=\"og:site_name\" content=\"Paperpotagriculture\" \/>\n<meta property=\"article:modified_time\" content=\"2025-08-02T06:34:07+00:00\" \/>\n<meta property=\"og:image\" content=\"https:\/\/paperpotagriculture.com\/wp-content\/uploads\/2025\/07\/G-80-main.webp\" \/>\n\t<meta property=\"og:image:width\" content=\"428\" \/>\n\t<meta property=\"og:image:height\" content=\"331\" \/>\n\t<meta property=\"og:image:type\" content=\"image\/webp\" \/>\n<meta name=\"twitter:card\" content=\"summary_large_image\" \/>\n<meta name=\"twitter:title\" content=\"Ru\u010dna sija\u010dica za golo sjemenje - Papirna poljoprivreda\" \/>\n<meta name=\"twitter:description\" content=\"Ova sija\u010dica \u010dini sjetvu lak\u0161om! Uzmite svoju danas!\" \/>\n<meta name=\"twitter:label1\" content=\"Procijenjeno vrijeme \u010ditanja\" \/>\n\t<meta name=\"twitter:data1\" content=\"1 minuta\" \/>\n<script type=\"application\/ld+json\" class=\"yoast-schema-graph\">{\"@context\":\"https:\/\/schema.org\",\"@graph\":[{\"@type\":\"WebPage\",\"@id\":\"https:\/\/paperpotagriculture.com\/hr\/proizvod\/prakticna-rucna-sijacica-za-golo-sjemenje\/\",\"url\":\"https:\/\/paperpotagriculture.com\/hr\/proizvod\/prakticna-rucna-sijacica-za-golo-sjemenje\/\",\"name\":\"Ru\u010dna sija\u010dica za golo sjemenje - Paperpotagriculture\",\"isPartOf\":{\"@id\":\"https:\/\/paperpotagriculture.com\/hr\/#website\"},\"primaryImageOfPage\":{\"@id\":\"https:\/\/paperpotagriculture.com\/hr\/proizvod\/prakticna-rucna-sijacica-za-golo-sjemenje\/#primaryimage\"},\"image\":{\"@id\":\"https:\/\/paperpotagriculture.com\/hr\/proizvod\/prakticna-rucna-sijacica-za-golo-sjemenje\/#primaryimage\"},\"thumbnailUrl\":\"https:\/\/paperpotagriculture.com\/wp-content\/uploads\/2025\/07\/G-80-main.webp\",\"datePublished\":\"2025-07-04T09:18:37+00:00\",\"dateModified\":\"2025-08-02T06:34:07+00:00\",\"description\":\"Ru\u010dna sija\u010dica olak\u0161ava sjetvu malih sjemenki. Naru\u010dite sad za preciznu i jednostavnu sjetvu!\",\"breadcrumb\":{\"@id\":\"https:\/\/paperpotagriculture.com\/hr\/proizvod\/prakticna-rucna-sijacica-za-golo-sjemenje\/#breadcrumb\"},\"inLanguage\":\"hr\",\"potentialAction\":[{\"@type\":\"ReadAction\",\"target\":[\"https:\/\/paperpotagriculture.com\/hr\/proizvod\/prakticna-rucna-sijacica-za-golo-sjemenje\/\"]}]},{\"@type\":\"ImageObject\",\"inLanguage\":\"hr\",\"@id\":\"https:\/\/paperpotagriculture.com\/hr\/proizvod\/prakticna-rucna-sijacica-za-golo-sjemenje\/#primaryimage\",\"url\":\"https:\/\/paperpotagriculture.com\/wp-content\/uploads\/2025\/07\/G-80-main.webp\",\"contentUrl\":\"https:\/\/paperpotagriculture.com\/wp-content\/uploads\/2025\/07\/G-80-main.webp\",\"width\":428,\"height\":331},{\"@type\":\"BreadcrumbList\",\"@id\":\"https:\/\/paperpotagriculture.com\/hr\/proizvod\/prakticna-rucna-sijacica-za-golo-sjemenje\/#breadcrumb\",\"itemListElement\":[{\"@type\":\"ListItem\",\"position\":1,\"name\":\"Trgovina\",\"item\":\"https:\/\/paperpotagriculture.com\/hr\/trgovina\/\"},{\"@type\":\"ListItem\",\"position\":2,\"name\":\"Pribor\",\"item\":\"https:\/\/paperpotagriculture.com\/hr\/kategorija-proizvoda\/pribor-hr\/\"},{\"@type\":\"ListItem\",\"position\":3,\"name\":\"Prakti\u010dna ru\u010dna sija\u010dica za golo sjemenje\"}]},{\"@type\":\"WebSite\",\"@id\":\"https:\/\/paperpotagriculture.com\/hr\/#website\",\"url\":\"https:\/\/paperpotagriculture.com\/hr\/\",\"name\":\"Paperpotagriculture\",\"description\":\"\",\"potentialAction\":[{\"@type\":\"SearchAction\",\"target\":{\"@type\":\"EntryPoint\",\"urlTemplate\":\"https:\/\/paperpotagriculture.com\/hr\/?s={search_term_string}\"},\"query-input\":{\"@type\":\"PropertyValueSpecification\",\"valueRequired\":true,\"valueName\":\"search_term_string\"}}],\"inLanguage\":\"hr\"}]}<\/script>\n<!-- \/ Yoast SEO plugin. -->","yoast_head_json":{"title":"Ru\u010dna sija\u010dica za golo sjemenje - Paperpotagriculture","description":"Ru\u010dna sija\u010dica olak\u0161ava sjetvu malih sjemenki. Naru\u010dite sad za preciznu i jednostavnu sjetvu!","robots":{"index":"index","follow":"follow","max-snippet":"max-snippet:-1","max-image-preview":"max-image-preview:large","max-video-preview":"max-video-preview:-1"},"canonical":"https:\/\/paperpotagriculture.com\/hr\/proizvod\/prakticna-rucna-sijacica-za-golo-sjemenje\/","og_locale":"hr_HR","og_type":"article","og_title":"Ru\u010dna sija\u010dica za golo sjemenje - Papirna poljoprivreda","og_description":"Naru\u010dite ru\u010dnu sija\u010dicu za lak\u0161u sjetvu malih sjemenki!","og_url":"https:\/\/paperpotagriculture.com\/hr\/proizvod\/prakticna-rucna-sijacica-za-golo-sjemenje\/","og_site_name":"Paperpotagriculture","article_modified_time":"2025-08-02T06:34:07+00:00","og_image":[{"width":428,"height":331,"url":"https:\/\/paperpotagriculture.com\/wp-content\/uploads\/2025\/07\/G-80-main.webp","type":"image\/webp"}],"twitter_card":"summary_large_image","twitter_title":"Ru\u010dna sija\u010dica za golo sjemenje - Papirna poljoprivreda","twitter_description":"Ova sija\u010dica \u010dini sjetvu lak\u0161om! Uzmite svoju danas!","twitter_misc":{"Procijenjeno vrijeme \u010ditanja":"1 minuta"},"schema":{"@context":"https:\/\/schema.org","@graph":[{"@type":"WebPage","@id":"https:\/\/paperpotagriculture.com\/hr\/proizvod\/prakticna-rucna-sijacica-za-golo-sjemenje\/","url":"https:\/\/paperpotagriculture.com\/hr\/proizvod\/prakticna-rucna-sijacica-za-golo-sjemenje\/","name":"Ru\u010dna sija\u010dica za golo sjemenje - Paperpotagriculture","isPartOf":{"@id":"https:\/\/paperpotagriculture.com\/hr\/#website"},"primaryImageOfPage":{"@id":"https:\/\/paperpotagriculture.com\/hr\/proizvod\/prakticna-rucna-sijacica-za-golo-sjemenje\/#primaryimage"},"image":{"@id":"https:\/\/paperpotagriculture.com\/hr\/proizvod\/prakticna-rucna-sijacica-za-golo-sjemenje\/#primaryimage"},"thumbnailUrl":"https:\/\/paperpotagriculture.com\/wp-content\/uploads\/2025\/07\/G-80-main.webp","datePublished":"2025-07-04T09:18:37+00:00","dateModified":"2025-08-02T06:34:07+00:00","description":"Ru\u010dna sija\u010dica olak\u0161ava sjetvu malih sjemenki. Naru\u010dite sad za preciznu i jednostavnu sjetvu!","breadcrumb":{"@id":"https:\/\/paperpotagriculture.com\/hr\/proizvod\/prakticna-rucna-sijacica-za-golo-sjemenje\/#breadcrumb"},"inLanguage":"hr","potentialAction":[{"@type":"ReadAction","target":["https:\/\/paperpotagriculture.com\/hr\/proizvod\/prakticna-rucna-sijacica-za-golo-sjemenje\/"]}]},{"@type":"ImageObject","inLanguage":"hr","@id":"https:\/\/paperpotagriculture.com\/hr\/proizvod\/prakticna-rucna-sijacica-za-golo-sjemenje\/#primaryimage","url":"https:\/\/paperpotagriculture.com\/wp-content\/uploads\/2025\/07\/G-80-main.webp","contentUrl":"https:\/\/paperpotagriculture.com\/wp-content\/uploads\/2025\/07\/G-80-main.webp","width":428,"height":331},{"@type":"BreadcrumbList","@id":"https:\/\/paperpotagriculture.com\/hr\/proizvod\/prakticna-rucna-sijacica-za-golo-sjemenje\/#breadcrumb","itemListElement":[{"@type":"ListItem","position":1,"name":"Trgovina","item":"https:\/\/paperpotagriculture.com\/hr\/trgovina\/"},{"@type":"ListItem","position":2,"name":"Pribor","item":"https:\/\/paperpotagriculture.com\/hr\/kategorija-proizvoda\/pribor-hr\/"},{"@type":"ListItem","position":3,"name":"Prakti\u010dna ru\u010dna sija\u010dica za golo sjemenje"}]},{"@type":"WebSite","@id":"https:\/\/paperpotagriculture.com\/hr\/#website","url":"https:\/\/paperpotagriculture.com\/hr\/","name":"Paperpotagriculture","description":"","potentialAction":[{"@type":"SearchAction","target":{"@type":"EntryPoint","urlTemplate":"https:\/\/paperpotagriculture.com\/hr\/?s={search_term_string}"},"query-input":{"@type":"PropertyValueSpecification","valueRequired":true,"valueName":"search_term_string"}}],"inLanguage":"hr"}]}},"_links":{"self":[{"href":"https:\/\/paperpotagriculture.com\/hr\/wp-json\/wp\/v2\/product\/1163","targetHints":{"allow":["GET"]}}],"collection":[{"href":"https:\/\/paperpotagriculture.com\/hr\/wp-json\/wp\/v2\/product"}],"about":[{"href":"https:\/\/paperpotagriculture.com\/hr\/wp-json\/wp\/v2\/types\/product"}],"replies":[{"embeddable":true,"href":"https:\/\/paperpotagriculture.com\/hr\/wp-json\/wp\/v2\/comments?post=1163"}],"wp:featuredmedia":[{"embeddable":true,"href":"https:\/\/paperpotagriculture.com\/hr\/wp-json\/wp\/v2\/media\/983"}],"wp:attachment":[{"href":"https:\/\/paperpotagriculture.com\/hr\/wp-json\/wp\/v2\/media?parent=1163"}],"wp:term":[{"taxonomy":"product_brand","embeddable":true,"href":"https:\/\/paperpotagriculture.com\/hr\/wp-json\/wp\/v2\/product_brand?post=1163"},{"taxonomy":"product_cat","embeddable":true,"href":"https:\/\/paperpotagriculture.com\/hr\/wp-json\/wp\/v2\/product_cat?post=1163"},{"taxonomy":"product_tag","embeddable":true,"href":"https:\/\/paperpotagriculture.com\/hr\/wp-json\/wp\/v2\/product_tag?post=1163"}],"curies":[{"name":"wp","href":"https:\/\/api.w.org\/{rel}","templated":true}]}}