{"id":1352,"date":"2025-09-26T06:00:23","date_gmt":"2025-09-26T06:00:23","guid":{"rendered":"https:\/\/paperpotagriculture.com\/refund_returns\/"},"modified":"2025-09-26T06:09:28","modified_gmt":"2025-09-26T06:09:28","slug":"politika-povrata","status":"publish","type":"page","link":"https:\/\/paperpotagriculture.com\/hr\/politika-povrata\/","title":{"rendered":"Politika povrata"},"content":{"rendered":"\n\n\t<section class=\"section\" id=\"section_2073900436\">\n\t\t<div class=\"section-bg fill\" >\n\t\t\t\t\t\t\t\t\t\n\t\t\t\n\n\t\t<\/div>\n\n\t\t\n\n\t\t<div class=\"section-content relative\">\n\t\t\t\n\n<div class=\"row\" style=\"max-width:735px\" id=\"row-1745354630\">\n\n\n\t<div id=\"col-1425445525\" class=\"col small-12 large-12\"  >\n\t\t\t\t<div class=\"col-inner\"  >\n\t\t\t\n\t\t\t\n\n\t<div id=\"text-4110875286\" class=\"text\">\n\t\t\n\n<h1>Dostava i povrati<\/h1>\n\n\t\t\n<style>\n#text-4110875286 {\n  text-align: center;\n}\n<\/style>\n\t<\/div>\n\t\n\n\t\t<\/div>\n\t\t\t\t\n<style>\n#col-1425445525 > .col-inner {\n  margin: 90px 0px 0px 0px;\n}\n<\/style>\n\t<\/div>\n\n\t\n\n<\/div>\n\n\t\t<\/div>\n\n\t\t\n<style>\n#section_2073900436 {\n  padding-top: 0px;\n  padding-bottom: 0px;\n}\n<\/style>\n\t<\/section>\n\t\n\n\t<section class=\"section pa-how-it-works-section\" id=\"section_1606910981\">\n\t\t<div class=\"section-bg fill\" >\n\t\t\t\t\t\t\t\t\t\n\t\t\t\n\n\t\t<\/div>\n\n\t\t\n\n\t\t<div class=\"section-content relative\">\n\t\t\t\n\n<div class=\"row align-middle\" style=\"max-width:1290px\" id=\"row-1426395005\">\n\n\n\t<div id=\"col-1360284025\" class=\"col small-12 large-12\"  >\n\t\t\t\t<div class=\"col-inner\"  >\n\t\t\t\n\t\t\t\n\n\t<div id=\"text-1670761957\" class=\"text f_32 c_whiteD\">\n\t\t\n\n<h3>Politika povrata<\/h3>\n\n\t\t\t<\/div>\n\t\n\t<div id=\"text-2054364469\" class=\"text bodyL c_whiteP\">\n\t\t\n\n<p>Imamo politiku povrata od 30 dana, \u0161to zna\u010di da imate 30 dana nakon primitka artikla da zatra\u017eite povrat.<\/p>\n<p>Da biste imali pravo na povrat, va\u0161 artikl mora biti u istom stanju u kojem ste ga primili \u2013 nenosen ili nekori\u0161ten, s etiketama i u originalnom pakiranju. Tako\u0111er \u0107ete trebati ra\u010dun ili dokaz o kupnji.<\/p>\n<p>Za pokretanje povrata mo\u017eete nas kontaktirati na <a href=\"mailto:kmetijstvo.cadez@gmail.com\">kmetijstvo.cadez@gmail.com<\/a>. Imajte na umu da se povrati moraju poslati na sljede\u0107u adresu: [UNESITE ADRESU ZA POVRAT]\n<p>Ako va\u0161 povrat bude prihva\u0107en, poslat \u0107emo vam povratnu dostavnu naljepnicu, kao i upute o tome kako i kamo poslati svoj paket. Artikli poslani natrag bez prethodnog zahtjeva za povrat ne\u0107e biti prihva\u0107eni.<\/p>\n<p>Za sva pitanja o povratima uvijek nas mo\u017eete kontaktirati na <a href=\"mailto:kmetijstvo.cadez@gmail.com\">kmetijstvo.cadez@gmail.com<\/a>.<\/p>\n<p>\u00a0<\/p>\n<p><strong>O\u0161te\u0107enja i problemi<\/strong><br \/>Molimo vas da pregledate svoju narud\u017ebu po primitku i odmah nas kontaktirate ako je artikl neispravan, o\u0161te\u0107en ili ako ste primili pogre\u0161an artikl, kako bismo mogli procijeniti problem i ispraviti ga.<\/p>\n<p>\u00a0<\/p>\n<p><strong>Iznimke \/ artikli koji se ne mogu vratiti<\/strong><br \/>Odre\u0111ene vrste artikala nije mogu\u0107e vratiti, poput lako pokvarljivih dobara (kao \u0161to su hrana, cvije\u0107e ili biljke), proizvoda po narud\u017ebi (kao \u0161to su posebne narud\u017ebe ili personalizirani artikli) te proizvoda za osobnu njegu (kao \u0161to su kozmeti\u010dki proizvodi). Tako\u0111er ne prihva\u0107amo povrate za opasne materijale, zapaljive teku\u0107ine ili plinove. Molimo vas da nas kontaktirate ako imate pitanja ili nedoumica u vezi s odre\u0111enim artiklom.<\/p>\n<p>Na\u017ealost, ne mo\u017eemo prihvatiti povrate artikala na akciji ili poklon-bonova.<\/p>\n<p>\u00a0<\/p>\n<p><strong>Zamjene<\/strong><br \/>Najbr\u017ei na\u010din da osigurate da dobijete ono \u0161to \u017eelite jest da vratite artikl koji imate, a nakon \u0161to povrat bude prihva\u0107en, napravite novu kupnju \u017eeljenog artikla.<\/p>\n<p>\u00a0<\/p>\n<p><strong>14-dnevno pravo na odustajanje u Europskoj uniji<\/strong><br \/>Neovisno o gore navedenom, ako se roba \u0161alje u Europsku uniju, imate pravo otkazati ili vratiti svoju narud\u017ebu u roku od 14 dana, iz bilo kojeg razloga i bez opravdanja. Kao i gore, va\u0161 artikl mora biti u istom stanju u kojem ste ga primili \u2013 nenosen ili nekori\u0161ten, s etiketama i u originalnom pakiranju. Tako\u0111er \u0107ete trebati ra\u010dun ili dokaz o kupnji.<\/p>\n<p>\u00a0<\/p>\n<p><strong>Povrati novca<\/strong><br \/>Obavijestit \u0107emo vas kada primimo i pregledamo va\u0161 povrat te vas obavijestiti je li povrat odobren ili ne. Ako je odobren, automatski \u0107ete dobiti povrat na svoju izvornu metodu pla\u0107anja u roku od 10 radnih dana. Imajte na umu da mo\u017ee potrajati neko vrijeme da va\u0161a banka ili izdavatelj kreditne kartice obrade i proknji\u017ee povrat.<br \/>Ako je pro\u0161lo vi\u0161e od 15 radnih dana otkako smo odobrili va\u0161 povrat, molimo kontaktirajte nas na kmetijstvo.cadez@gmail.com.<\/p>\n\n\t\t\t<\/div>\n\t\n\n\t\t<\/div>\n\t\t\t\t\t<\/div>\n\n\t\n\n<\/div>\n\n\t\t<\/div>\n\n\t\t\n<style>\n#section_1606910981 {\n  padding-top: 0px;\n  padding-bottom: 0px;\n}\n<\/style>\n\t<\/section>\n\t\n\n\n\n<p><\/p>\n","protected":false},"excerpt":{"rendered":"","protected":false},"author":1,"featured_media":0,"parent":0,"menu_order":0,"comment_status":"closed","ping_status":"closed","template":"","meta":{"_acf_changed":false,"footnotes":""},"class_list":["post-1352","page","type-page","status-publish","hentry"],"acf":[],"yoast_head":"<!-- This site is optimized with the Yoast SEO plugin v26.5 - https:\/\/yoast.com\/wordpress\/plugins\/seo\/ -->\n<title>Politika povrata - Paperpotagriculture<\/title>\n<meta name=\"robots\" content=\"index, follow, max-snippet:-1, max-image-preview:large, max-video-preview:-1\" \/>\n<link rel=\"canonical\" href=\"https:\/\/paperpotagriculture.com\/hr\/politika-povrata\/\" \/>\n<meta property=\"og:locale\" content=\"hr_HR\" \/>\n<meta property=\"og:type\" content=\"article\" \/>\n<meta property=\"og:title\" content=\"Politika povrata - Paperpotagriculture\" \/>\n<meta property=\"og:url\" content=\"https:\/\/paperpotagriculture.com\/hr\/politika-povrata\/\" \/>\n<meta property=\"og:site_name\" content=\"Paperpotagriculture\" \/>\n<meta property=\"article:modified_time\" content=\"2025-09-26T06:09:28+00:00\" \/>\n<meta name=\"twitter:card\" content=\"summary_large_image\" \/>\n<meta name=\"twitter:label1\" content=\"Procijenjeno vrijeme \u010ditanja\" \/>\n\t<meta name=\"twitter:data1\" content=\"3 minute\" \/>\n<script type=\"application\/ld+json\" class=\"yoast-schema-graph\">{\"@context\":\"https:\/\/schema.org\",\"@graph\":[{\"@type\":\"WebPage\",\"@id\":\"https:\/\/paperpotagriculture.com\/hr\/politika-povrata\/\",\"url\":\"https:\/\/paperpotagriculture.com\/hr\/politika-povrata\/\",\"name\":\"Politika povrata - Paperpotagriculture\",\"isPartOf\":{\"@id\":\"https:\/\/paperpotagriculture.com\/hr\/#website\"},\"datePublished\":\"2025-09-26T06:00:23+00:00\",\"dateModified\":\"2025-09-26T06:09:28+00:00\",\"inLanguage\":\"hr\",\"potentialAction\":[{\"@type\":\"ReadAction\",\"target\":[\"https:\/\/paperpotagriculture.com\/hr\/politika-povrata\/\"]}]},{\"@type\":\"WebSite\",\"@id\":\"https:\/\/paperpotagriculture.com\/hr\/#website\",\"url\":\"https:\/\/paperpotagriculture.com\/hr\/\",\"name\":\"Paperpotagriculture\",\"description\":\"\",\"potentialAction\":[{\"@type\":\"SearchAction\",\"target\":{\"@type\":\"EntryPoint\",\"urlTemplate\":\"https:\/\/paperpotagriculture.com\/hr\/?s={search_term_string}\"},\"query-input\":{\"@type\":\"PropertyValueSpecification\",\"valueRequired\":true,\"valueName\":\"search_term_string\"}}],\"inLanguage\":\"hr\"}]}<\/script>\n<!-- \/ Yoast SEO plugin. -->","yoast_head_json":{"title":"Politika povrata - Paperpotagriculture","robots":{"index":"index","follow":"follow","max-snippet":"max-snippet:-1","max-image-preview":"max-image-preview:large","max-video-preview":"max-video-preview:-1"},"canonical":"https:\/\/paperpotagriculture.com\/hr\/politika-povrata\/","og_locale":"hr_HR","og_type":"article","og_title":"Politika povrata - Paperpotagriculture","og_url":"https:\/\/paperpotagriculture.com\/hr\/politika-povrata\/","og_site_name":"Paperpotagriculture","article_modified_time":"2025-09-26T06:09:28+00:00","twitter_card":"summary_large_image","twitter_misc":{"Procijenjeno vrijeme \u010ditanja":"3 minute"},"schema":{"@context":"https:\/\/schema.org","@graph":[{"@type":"WebPage","@id":"https:\/\/paperpotagriculture.com\/hr\/politika-povrata\/","url":"https:\/\/paperpotagriculture.com\/hr\/politika-povrata\/","name":"Politika povrata - Paperpotagriculture","isPartOf":{"@id":"https:\/\/paperpotagriculture.com\/hr\/#website"},"datePublished":"2025-09-26T06:00:23+00:00","dateModified":"2025-09-26T06:09:28+00:00","inLanguage":"hr","potentialAction":[{"@type":"ReadAction","target":["https:\/\/paperpotagriculture.com\/hr\/politika-povrata\/"]}]},{"@type":"WebSite","@id":"https:\/\/paperpotagriculture.com\/hr\/#website","url":"https:\/\/paperpotagriculture.com\/hr\/","name":"Paperpotagriculture","description":"","potentialAction":[{"@type":"SearchAction","target":{"@type":"EntryPoint","urlTemplate":"https:\/\/paperpotagriculture.com\/hr\/?s={search_term_string}"},"query-input":{"@type":"PropertyValueSpecification","valueRequired":true,"valueName":"search_term_string"}}],"inLanguage":"hr"}]}},"_links":{"self":[{"href":"https:\/\/paperpotagriculture.com\/hr\/wp-json\/wp\/v2\/pages\/1352","targetHints":{"allow":["GET"]}}],"collection":[{"href":"https:\/\/paperpotagriculture.com\/hr\/wp-json\/wp\/v2\/pages"}],"about":[{"href":"https:\/\/paperpotagriculture.com\/hr\/wp-json\/wp\/v2\/types\/page"}],"author":[{"embeddable":true,"href":"https:\/\/paperpotagriculture.com\/hr\/wp-json\/wp\/v2\/users\/1"}],"replies":[{"embeddable":true,"href":"https:\/\/paperpotagriculture.com\/hr\/wp-json\/wp\/v2\/comments?post=1352"}],"version-history":[{"count":2,"href":"https:\/\/paperpotagriculture.com\/hr\/wp-json\/wp\/v2\/pages\/1352\/revisions"}],"predecessor-version":[{"id":1363,"href":"https:\/\/paperpotagriculture.com\/hr\/wp-json\/wp\/v2\/pages\/1352\/revisions\/1363"}],"wp:attachment":[{"href":"https:\/\/paperpotagriculture.com\/hr\/wp-json\/wp\/v2\/media?parent=1352"}],"curies":[{"name":"wp","href":"https:\/\/api.w.org\/{rel}","templated":true}]}}