{"id":1341,"date":"2025-05-09T05:24:16","date_gmt":"2025-05-09T05:24:16","guid":{"rendered":"https:\/\/paperpotagriculture.com\/how-it-works\/"},"modified":"2025-09-26T05:55:53","modified_gmt":"2025-09-26T05:55:53","slug":"kako-funkcionira","status":"publish","type":"page","link":"https:\/\/paperpotagriculture.com\/hr\/kako-funkcionira\/","title":{"rendered":"Kako funkcionira"},"content":{"rendered":"\n\n\t<section class=\"section\" id=\"section_2101498495\">\n\t\t<div class=\"section-bg fill\" >\n\t\t\t\t\t\t\t\t\t\n\t\t\t\n\n\t\t<\/div>\n\n\t\t\n\n\t\t<div class=\"section-content relative\">\n\t\t\t\n\n<div class=\"row\" style=\"max-width:735px\" id=\"row-274163847\">\n\n\n\t<div id=\"col-1508119169\" class=\"col small-12 large-12\"  >\n\t\t\t\t<div class=\"col-inner\"  >\n\t\t\t\n\t\t\t\n\n\t<div id=\"text-2583822835\" class=\"text\">\n\t\t\n\n<h1>Iskusite budu\u0107nost poljoprivrede s Paperpot sustavom<\/h1>\n\n\t\t\n<style>\n#text-2583822835 {\n  text-align: center;\n}\n<\/style>\n\t<\/div>\n\t\n\t<div id=\"text-2409620906\" class=\"text bodyM\">\n\t\t\n\n<p>Na\u0161 jednostavan i inovativan proces smanjuje vrijeme, rad i utjecaj na okoli\u0161 \u2014 poma\u017eu\u0107i vam da uzgajate odr\u017eivije, s manje truda.<\/p>\n\n\t\t\n<style>\n#text-2409620906 {\n  text-align: center;\n}\n<\/style>\n\t<\/div>\n\t\n\n\t\t<\/div>\n\t\t\t\t\n<style>\n#col-1508119169 > .col-inner {\n  margin: 90px 0px 0px 0px;\n}\n<\/style>\n\t<\/div>\n\n\t\n\n<\/div>\n\n\t\t<\/div>\n\n\t\t\n<style>\n#section_2101498495 {\n  padding-top: 0px;\n  padding-bottom: 0px;\n}\n<\/style>\n\t<\/section>\n\t\n\n\t<section class=\"section pa-how-it-works-section\" id=\"section_1272965366\">\n\t\t<div class=\"section-bg fill\" >\n\t\t\t\t\t\t\t\t\t\n\t\t\t\n\n\t\t<\/div>\n\n\t\t\n\n\t\t<div class=\"section-content relative\">\n\t\t\t\n\n<div class=\"row align-middle\" style=\"max-width:1290px\" id=\"row-221291308\">\n\n\n\t<div id=\"col-1385611944\" class=\"col medium-6 small-12 large-6\"  >\n\t\t\t\t<div class=\"col-inner\"  >\n\t\t\t\n\t\t\t\n\n\t<div id=\"text-4292209398\" class=\"text bodyM fw-600 c_whiteD\">\n\t\t\n\n<p>KORAK 1<\/p>\n\n\t\t\n<style>\n#text-4292209398 {\n  text-align: left;\n}\n<\/style>\n\t<\/div>\n\t\n\t<div id=\"text-3288094229\" class=\"text f_32 c_whiteD\">\n\t\t\n\n<h3>Pripremite sadnice<\/h3>\n\n\t\t\t<\/div>\n\t\n\t<div id=\"text-2363228608\" class=\"text bodyL c_whiteP\">\n\t\t\n\n<p>Pojednostavite proces presa\u0111ivanja kako biste poljoprivredu u\u010dinili u\u010dinkovitijom, odr\u017eivijom i isplativijom. Evo kako Paperpot sustav olak\u0161ava va\u0161 proces sadnje i uzgoja.<\/p>\n\n\t\t\t<\/div>\n\t\n\n\t\t<\/div>\n\t\t\t\t\t<\/div>\n\n\t\n\n\t<div id=\"col-663930049\" class=\"col medium-6 small-12 large-6\"  >\n\t\t\t\t<div class=\"col-inner\"  >\n\t\t\t\n\t\t\t\n\n<div class=\"video video-fit mb pa-yt-video\" style=\"padding-top:56.25%;\"><iframe loading=\"lazy\" title=\"How to seed in Chainpots\" width=\"1020\" height=\"574\" src=\"https:\/\/www.youtube.com\/embed\/alVeDmNUKAY?feature=oembed\" frameborder=\"0\" allow=\"accelerometer; autoplay; clipboard-write; encrypted-media; gyroscope; picture-in-picture; web-share\" referrerpolicy=\"strict-origin-when-cross-origin\" allowfullscreen><\/iframe><\/div>\n\n\n\t\t<\/div>\n\t\t\t\t\t<\/div>\n\n\t\n\n<\/div>\n\t<div id=\"gap-904281417\" class=\"gap-element clearfix\" style=\"display:block; height:auto;\">\n\t\t\n<style>\n#gap-904281417 {\n  padding-top: 100px;\n}\n<\/style>\n\t<\/div>\n\t\n\n<div class=\"row align-middle\" style=\"max-width:1290px\" id=\"row-1459439897\">\n\n\n\t<div id=\"col-1150763621\" class=\"col medium-6 small-12 large-6\"  >\n\t\t\t\t<div class=\"col-inner\"  >\n\t\t\t\n\t\t\t\n\n<div class=\"video video-fit mb pa-yt-video\" style=\"padding-top:56.25%;\"><p><iframe loading=\"lazy\" title=\"How to use the Paperpot Transplanter\" width=\"1020\" height=\"574\" src=\"https:\/\/www.youtube.com\/embed\/4M5QhXQ2zZ4?feature=oembed\" frameborder=\"0\" allow=\"accelerometer; autoplay; clipboard-write; encrypted-media; gyroscope; picture-in-picture; web-share\" referrerpolicy=\"strict-origin-when-cross-origin\" allowfullscreen><\/iframe><\/p>\n<\/div>\n\n\n\t\t<\/div>\n\t\t\t\t\t<\/div>\n\n\t\n\n\t<div id=\"col-609548677\" class=\"col medium-6 small-12 large-6\"  >\n\t\t\t\t<div class=\"col-inner\"  >\n\t\t\t\n\t\t\t\n\n\t<div id=\"text-2722547494\" class=\"text bodyM fw-600 c_whiteD\">\n\t\t\n\n<p>KORAK 2<\/p>\n\n\t\t\n<style>\n#text-2722547494 {\n  text-align: left;\n}\n<\/style>\n\t<\/div>\n\t\n\t<div id=\"text-1745081865\" class=\"text f_32 c_whiteD\">\n\t\t\n\n<h3>Umetnite Paperpot lanac<\/h3>\n\n\t\t\t<\/div>\n\t\n\t<div id=\"text-1286172075\" class=\"text bodyL c_whiteP\">\n\t\t\n\n<p>Kada su va\u0161e sadnice spremne, umetnite Paperpot lanac u presa\u0111iva\u010d. Lanac dr\u017ei sadnice na mjestu, osiguravaju\u0107i ravnomjeran razmak i jednaku dubinu sadnje.<\/p>\n\n\t\t\t<\/div>\n\t\n\n\t\t<\/div>\n\t\t\t\t\t<\/div>\n\n\t\n\n<\/div>\n\t<div id=\"gap-892281911\" class=\"gap-element clearfix\" style=\"display:block; height:auto;\">\n\t\t\n<style>\n#gap-892281911 {\n  padding-top: 100px;\n}\n<\/style>\n\t<\/div>\n\t\n\n<div class=\"row align-middle\" style=\"max-width:1290px\" id=\"row-1132647873\">\n\n\n\t<div id=\"col-1695693372\" class=\"col medium-6 small-12 large-6\"  >\n\t\t\t\t<div class=\"col-inner\"  >\n\t\t\t\n\t\t\t\n\n\t<div id=\"text-100124224\" class=\"text bodyM fw-600 c_whiteD\">\n\t\t\n\n<p>KORAK 3<\/p>\n\n\t\t\n<style>\n#text-100124224 {\n  text-align: left;\n}\n<\/style>\n\t<\/div>\n\t\n\t<div id=\"text-498723463\" class=\"text f_32 c_whiteD\">\n\t\t\n\n<h3>Presa\u0111ujte s lako\u0107om<\/h3>\n\n\t\t\t<\/div>\n\t\n\t<div id=\"text-1197705385\" class=\"text bodyL c_whiteP\">\n\t\t\n\n<p>Dok povla\u010dite Paperpot presa\u0111iva\u010d po tlu, on automatski stvara brazdu, postavlja sadnice, prekriva ih zemljom i \u010dvrsto utiskuje na mjesto \u2014 sve u jednom glatkom i u\u010dinkovitom pokretu. Presa\u0111iva\u010d se pokre\u0107e ru\u010dno, tako da nema potrebe za gorivom ili elektri\u010dnom energijom, \u0161to ga \u010dini ekolo\u0161ki prihvatljivim i isplativim.<\/p>\n\n\t\t\t<\/div>\n\t\n\n\t\t<\/div>\n\t\t\t\t\t<\/div>\n\n\t\n\n\t<div id=\"col-1439655932\" class=\"col medium-6 small-12 large-6\"  >\n\t\t\t\t<div class=\"col-inner\"  >\n\t\t\t\n\t\t\t\n\n\t<div class=\"img has-hover x md-x lg-x y md-y lg-y\" id=\"image_1610816124\">\n\t\t\t\t\t\t\t\t<div class=\"img-inner dark\" >\n\t\t\t<img loading=\"lazy\" decoding=\"async\" width=\"549\" height=\"469\" src=\"https:\/\/paperpotagriculture.com\/wp-content\/uploads\/2025\/05\/image-2.jpg\" class=\"attachment-original size-original\" alt=\"\" srcset=\"https:\/\/paperpotagriculture.com\/wp-content\/uploads\/2025\/05\/image-2.jpg 549w, https:\/\/paperpotagriculture.com\/wp-content\/uploads\/2025\/05\/image-2-300x256.jpg 300w, https:\/\/paperpotagriculture.com\/wp-content\/uploads\/2025\/05\/image-2-400x342.jpg 400w\" sizes=\"auto, (max-width: 549px) 100vw, 549px\" \/>\t\t\t\t\t\t\n\t\t\t\t\t<\/div>\n\t\t\t\t\t\t\t\t\n<style>\n#image_1610816124 {\n  width: 100%;\n}\n<\/style>\n\t<\/div>\n\t\n\n\n\t\t<\/div>\n\t\t\t\t\t<\/div>\n\n\t\n\n<\/div>\n\t<div id=\"gap-1916901845\" class=\"gap-element clearfix\" style=\"display:block; height:auto;\">\n\t\t\n<style>\n#gap-1916901845 {\n  padding-top: 100px;\n}\n<\/style>\n\t<\/div>\n\t\n\n<div class=\"row align-middle\" style=\"max-width:1290px\" id=\"row-1568797221\">\n\n\n\t<div id=\"col-479443073\" class=\"col medium-6 small-12 large-6\"  >\n\t\t\t\t<div class=\"col-inner\"  >\n\t\t\t\n\t\t\t\n\n\t<div class=\"img has-hover x md-x lg-x y md-y lg-y\" id=\"image_107354642\">\n\t\t\t\t\t\t\t\t<div class=\"img-inner dark\" >\n\t\t\t<img loading=\"lazy\" decoding=\"async\" width=\"549\" height=\"486\" src=\"https:\/\/paperpotagriculture.com\/wp-content\/uploads\/2025\/05\/image-3.jpg\" class=\"attachment-original size-original\" alt=\"\" srcset=\"https:\/\/paperpotagriculture.com\/wp-content\/uploads\/2025\/05\/image-3.jpg 549w, https:\/\/paperpotagriculture.com\/wp-content\/uploads\/2025\/05\/image-3-300x266.jpg 300w, https:\/\/paperpotagriculture.com\/wp-content\/uploads\/2025\/05\/image-3-400x354.jpg 400w\" sizes=\"auto, (max-width: 549px) 100vw, 549px\" \/>\t\t\t\t\t\t\n\t\t\t\t\t<\/div>\n\t\t\t\t\t\t\t\t\n<style>\n#image_107354642 {\n  width: 100%;\n}\n<\/style>\n\t<\/div>\n\t\n\n\n\t\t<\/div>\n\t\t\t\t\t<\/div>\n\n\t\n\n\t<div id=\"col-1396716367\" class=\"col medium-6 small-12 large-6\"  >\n\t\t\t\t<div class=\"col-inner\"  >\n\t\t\t\n\t\t\t\n\n\t<div id=\"text-611304578\" class=\"text bodyM fw-600 c_whiteD\">\n\t\t\n\n<p>KORAK 4<\/p>\n\n\t\t\n<style>\n#text-611304578 {\n  text-align: left;\n}\n<\/style>\n\t<\/div>\n\t\n\t<div id=\"text-2968606776\" class=\"text f_32 c_whiteD\">\n\t\t\n\n<h3>Gledajte kako va\u0161 usjev napreduje<\/h3>\n\n\t\t\t<\/div>\n\t\n\t<div id=\"text-3253066102\" class=\"text bodyL c_whiteP\">\n\t\t\n\n<p>Kada su sadnice u zemlji, brzo se ukorjenjuju i po\u010dinju rasti u optimalnim uvjetima. Uz minimalan stres presa\u0111ivanja i idealan razmak, va\u0161i \u0107e usjevi rasti sna\u017eni i zdravi, \u0161to dovodi do ve\u0107ih prinosa i zdravijih biljaka.<\/p>\n\n\t\t\t<\/div>\n\t\n\n\t\t<\/div>\n\t\t\t\t\t<\/div>\n\n\t\n\n<\/div>\n\n\t\t<\/div>\n\n\t\t\n<style>\n#section_1272965366 {\n  padding-top: 0px;\n  padding-bottom: 0px;\n}\n<\/style>\n\t<\/section>\n\t\n<span class=\"scroll-to\" data-label=\"Scroll to: #faq\" data-bullet=\"false\" data-link=\"#faq\" data-title=\"faq\" ><a name=\"faq\"><\/a><\/span>\n\n\t<div id=\"gap-586569183\" class=\"gap-element clearfix\" style=\"display:block; height:auto;\">\n\t\t\n<style>\n#gap-586569183 {\n  padding-top: 70px;\n}\n<\/style>\n\t<\/div>\n\t\n\n\n\t<section class=\"section\" id=\"section_850972728\">\n\t\t<div class=\"section-bg fill\" >\n\t\t\t\t\t\t\t\t\t\n\t\t\t\n\n\t\t<\/div>\n\n\t\t\n\n\t\t<div class=\"section-content relative\">\n\t\t\t\n\n<div class=\"row\"  id=\"row-1914879945\">\n\n\n\t<div id=\"col-1368119859\" class=\"col small-12 large-12\"  >\n\t\t\t\t<div class=\"col-inner\"  >\n\t\t\t\n\t\t\t\n\n\t<div id=\"text-67143805\" class=\"text\">\n\t\t\n\n<h2>\u010cesto postavljana pitanja<\/h2>\n\n\t\t\n<style>\n#text-67143805 {\n  text-align: center;\n}\n<\/style>\n\t<\/div>\n\t\n\n\t\t<\/div>\n\t\t\t\t\n<style>\n#col-1368119859 > .col-inner {\n  margin: 0px 0px 50px 0px;\n}\n<\/style>\n\t<\/div>\n\n\t\n\n<\/div>\n<div class=\"row\" style=\"max-width:856px\" id=\"row-310912164\">\n\n\n\t<div id=\"col-750551380\" class=\"col small-12 large-12\"  >\n\t\t\t\t<div class=\"col-inner\"  >\n\t\t\t\n\t\t\t\n\n<div class=\"accordion\">\n\n\t<div id=\"accordion-975270520\" class=\"accordion-item\">\n\t\t<a id=\"accordion-975270520-label\" class=\"accordion-title plain\" href=\"#accordion-item-kako-funkcioniraju-papirnati-lan\u010dani-lonci?\" aria-expanded=\"false\" aria-controls=\"accordion-975270520-content\" >\n\t\t\t<button class=\"toggle\" aria-label=\"Toggle\"><i class=\"icon-angle-down\"><\/i><\/button>\n\t\t\t<span>Kako funkcioniraju papirnati lan\u010dani lonci?<\/span>\n\t\t<\/a>\n\t\t<div id=\"accordion-975270520-content\" class=\"accordion-inner\" aria-labelledby=\"accordion-975270520-label\" >\n\t\t\t\n\n<p>Papirnati lan\u010dani lonci izra\u0111eni su od posebnog papira i ljepila topivog u vodi. Kada se presa\u0111uju, lonci se postupno razgra\u0111uju u tlu, omogu\u0107uju\u0107i optimalnu raspodjelu zraka i vode do korijena. To poti\u010de zdraviji i sna\u017eniji rast biljaka.<\/p>\n\n\n\t\t<\/div>\n\t<\/div>\n\t\n\t<div id=\"accordion-195514318\" class=\"accordion-item\">\n\t\t<a id=\"accordion-195514318-label\" class=\"accordion-title plain\" href=\"#accordion-item-koje-su-kulture-pogodne-za-papirnate-lan\u010dane-lonce?\" aria-expanded=\"false\" aria-controls=\"accordion-195514318-content\" >\n\t\t\t<button class=\"toggle\" aria-label=\"Toggle\"><i class=\"icon-angle-down\"><\/i><\/button>\n\t\t\t<span>Koje su kulture pogodne za papirnate lan\u010dane lonce?<\/span>\n\t\t<\/a>\n\t\t<div id=\"accordion-195514318-content\" class=\"accordion-inner\" aria-labelledby=\"accordion-195514318-label\" >\n\t\t\t\n\n<p>Papirnati lan\u010dani lonci pogodni su za razne kulture. Dostupni su s razli\u010ditim razmacima, \u0161to vam omogu\u0107uje da odaberete najbolju opciju za svoju specifi\u010dnu kulturu. Bilo da uzgajate povr\u0107e, za\u010dinsko bilje ili cvije\u0107e, papirnati lan\u010dani lonci mogu pru\u017eiti u\u010dinkovito rje\u0161enje.<\/p>\n\n\n\t\t<\/div>\n\t<\/div>\n\t\n\t<div id=\"accordion-3030091517\" class=\"accordion-item\">\n\t\t<a id=\"accordion-3030091517-label\" class=\"accordion-title plain\" href=\"#accordion-item-koliko-dugo-traju-papirnati-lan\u010dani-lonci?\" aria-expanded=\"false\" aria-controls=\"accordion-3030091517-content\" >\n\t\t\t<button class=\"toggle\" aria-label=\"Toggle\"><i class=\"icon-angle-down\"><\/i><\/button>\n\t\t\t<span>Koliko dugo traju papirnati lan\u010dani lonci?<\/span>\n\t\t<\/a>\n\t\t<div id=\"accordion-3030091517-content\" class=\"accordion-inner\" aria-labelledby=\"accordion-3030091517-label\" >\n\t\t\t\n\n<p>Vijek trajanja papirnatih lan\u010danih lonaca ovisi o razli\u010ditim \u010dimbenicima kao \u0161to su vrsta kulture, uvjeti okoli\u0161a i na\u010din navodnjavanja. Op\u0107enito, lonci \u0107e se razgraditi unutar nekoliko tjedana do nekoliko mjeseci nakon presa\u0111ivanja.<\/p>\n\n\n\t\t<\/div>\n\t<\/div>\n\t\n\t<div id=\"accordion-3525775065\" class=\"accordion-item\">\n\t\t<a id=\"accordion-3525775065-label\" class=\"accordion-title plain\" href=\"#accordion-item-mogu-li-se-papirnati-lan\u010dani-lonci-koristiti-za-uzgoj-u-zatvorenom-prostoru?\" aria-expanded=\"false\" aria-controls=\"accordion-3525775065-content\" >\n\t\t\t<button class=\"toggle\" aria-label=\"Toggle\"><i class=\"icon-angle-down\"><\/i><\/button>\n\t\t\t<span>Mogu li se papirnati lan\u010dani lonci koristiti za uzgoj u zatvorenom prostoru?<\/span>\n\t\t<\/a>\n\t\t<div id=\"accordion-3525775065-content\" class=\"accordion-inner\" aria-labelledby=\"accordion-3525775065-label\" >\n\t\t\t\n\n<p>Da, papirnati lan\u010dani lonci mogu se koristiti za uzgoj u zatvorenom prostoru. Pogodni su i za vanjski i za unutarnji uzgoj. Njihov dizajn omogu\u0107uje pravilnu cirkulaciju zraka i vode, \u0161to je klju\u010dno za zdrav rast biljaka.<\/p>\n\n\n\t\t<\/div>\n\t<\/div>\n\t\n\t<div id=\"accordion-1736465840\" class=\"accordion-item\">\n\t\t<a id=\"accordion-1736465840-label\" class=\"accordion-title plain\" href=\"#accordion-item-jesu-li-papirnati-lan\u010dani-lonci-ekolo\u0161ki-prihvatljivi?\" aria-expanded=\"false\" aria-controls=\"accordion-1736465840-content\" >\n\t\t\t<button class=\"toggle\" aria-label=\"Toggle\"><i class=\"icon-angle-down\"><\/i><\/button>\n\t\t\t<span>Jesu li papirnati lan\u010dani lonci ekolo\u0161ki prihvatljivi?<\/span>\n\t\t<\/a>\n\t\t<div id=\"accordion-1736465840-content\" class=\"accordion-inner\" aria-labelledby=\"accordion-1736465840-label\" >\n\t\t\t\n\n<p>Da, papirnati lan\u010dani lonci ekolo\u0161ki su prihvatljivi. Izra\u0111eni su od biorazgradivih materijala, uklju\u010duju\u0107i poseban papir i ljepilo topivo u vodi. Kako se lonci razgra\u0111uju u tlu, ne doprinose plasti\u010dnom otpadu niti \u0161tete okoli\u0161u.<\/p>\n\n\n\t\t<\/div>\n\t<\/div>\n\t\n\n<\/div>\n\n\t\t<\/div>\n\t\t\t\t\t<\/div>\n\n\t\n\n<\/div>\n\n\t\t<\/div>\n\n\t\t\n<style>\n#section_850972728 {\n  padding-top: 0px;\n  padding-bottom: 0px;\n}\n<\/style>\n\t<\/section>\n\t\n\n","protected":false},"excerpt":{"rendered":"","protected":false},"author":2,"featured_media":0,"parent":0,"menu_order":0,"comment_status":"closed","ping_status":"closed","template":"","meta":{"_acf_changed":false,"footnotes":""},"class_list":["post-1341","page","type-page","status-publish","hentry"],"acf":[],"yoast_head":"<!-- This site is optimized with the Yoast SEO plugin v26.5 - https:\/\/yoast.com\/wordpress\/plugins\/seo\/ -->\n<title>Kako funkcionira - Paperpotagriculture<\/title>\n<meta name=\"robots\" content=\"index, follow, max-snippet:-1, max-image-preview:large, max-video-preview:-1\" \/>\n<link rel=\"canonical\" href=\"https:\/\/paperpotagriculture.com\/hr\/kako-funkcionira\/\" \/>\n<meta property=\"og:locale\" content=\"hr_HR\" \/>\n<meta property=\"og:type\" content=\"article\" \/>\n<meta property=\"og:title\" content=\"Kako funkcionira - Paperpotagriculture\" \/>\n<meta property=\"og:url\" content=\"https:\/\/paperpotagriculture.com\/hr\/kako-funkcionira\/\" \/>\n<meta property=\"og:site_name\" content=\"Paperpotagriculture\" \/>\n<meta property=\"article:modified_time\" content=\"2025-09-26T05:55:53+00:00\" \/>\n<meta name=\"twitter:card\" content=\"summary_large_image\" \/>\n<script type=\"application\/ld+json\" class=\"yoast-schema-graph\">{\"@context\":\"https:\/\/schema.org\",\"@graph\":[{\"@type\":\"WebPage\",\"@id\":\"https:\/\/paperpotagriculture.com\/hr\/kako-funkcionira\/\",\"url\":\"https:\/\/paperpotagriculture.com\/hr\/kako-funkcionira\/\",\"name\":\"Kako funkcionira - Paperpotagriculture\",\"isPartOf\":{\"@id\":\"https:\/\/paperpotagriculture.com\/hr\/#website\"},\"datePublished\":\"2025-05-09T05:24:16+00:00\",\"dateModified\":\"2025-09-26T05:55:53+00:00\",\"inLanguage\":\"hr\",\"potentialAction\":[{\"@type\":\"ReadAction\",\"target\":[\"https:\/\/paperpotagriculture.com\/hr\/kako-funkcionira\/\"]}]},{\"@type\":\"WebSite\",\"@id\":\"https:\/\/paperpotagriculture.com\/hr\/#website\",\"url\":\"https:\/\/paperpotagriculture.com\/hr\/\",\"name\":\"Paperpotagriculture\",\"description\":\"\",\"potentialAction\":[{\"@type\":\"SearchAction\",\"target\":{\"@type\":\"EntryPoint\",\"urlTemplate\":\"https:\/\/paperpotagriculture.com\/hr\/?s={search_term_string}\"},\"query-input\":{\"@type\":\"PropertyValueSpecification\",\"valueRequired\":true,\"valueName\":\"search_term_string\"}}],\"inLanguage\":\"hr\"}]}<\/script>\n<!-- \/ Yoast SEO plugin. -->","yoast_head_json":{"title":"Kako funkcionira - Paperpotagriculture","robots":{"index":"index","follow":"follow","max-snippet":"max-snippet:-1","max-image-preview":"max-image-preview:large","max-video-preview":"max-video-preview:-1"},"canonical":"https:\/\/paperpotagriculture.com\/hr\/kako-funkcionira\/","og_locale":"hr_HR","og_type":"article","og_title":"Kako funkcionira - Paperpotagriculture","og_url":"https:\/\/paperpotagriculture.com\/hr\/kako-funkcionira\/","og_site_name":"Paperpotagriculture","article_modified_time":"2025-09-26T05:55:53+00:00","twitter_card":"summary_large_image","schema":{"@context":"https:\/\/schema.org","@graph":[{"@type":"WebPage","@id":"https:\/\/paperpotagriculture.com\/hr\/kako-funkcionira\/","url":"https:\/\/paperpotagriculture.com\/hr\/kako-funkcionira\/","name":"Kako funkcionira - Paperpotagriculture","isPartOf":{"@id":"https:\/\/paperpotagriculture.com\/hr\/#website"},"datePublished":"2025-05-09T05:24:16+00:00","dateModified":"2025-09-26T05:55:53+00:00","inLanguage":"hr","potentialAction":[{"@type":"ReadAction","target":["https:\/\/paperpotagriculture.com\/hr\/kako-funkcionira\/"]}]},{"@type":"WebSite","@id":"https:\/\/paperpotagriculture.com\/hr\/#website","url":"https:\/\/paperpotagriculture.com\/hr\/","name":"Paperpotagriculture","description":"","potentialAction":[{"@type":"SearchAction","target":{"@type":"EntryPoint","urlTemplate":"https:\/\/paperpotagriculture.com\/hr\/?s={search_term_string}"},"query-input":{"@type":"PropertyValueSpecification","valueRequired":true,"valueName":"search_term_string"}}],"inLanguage":"hr"}]}},"_links":{"self":[{"href":"https:\/\/paperpotagriculture.com\/hr\/wp-json\/wp\/v2\/pages\/1341","targetHints":{"allow":["GET"]}}],"collection":[{"href":"https:\/\/paperpotagriculture.com\/hr\/wp-json\/wp\/v2\/pages"}],"about":[{"href":"https:\/\/paperpotagriculture.com\/hr\/wp-json\/wp\/v2\/types\/page"}],"author":[{"embeddable":true,"href":"https:\/\/paperpotagriculture.com\/hr\/wp-json\/wp\/v2\/users\/2"}],"replies":[{"embeddable":true,"href":"https:\/\/paperpotagriculture.com\/hr\/wp-json\/wp\/v2\/comments?post=1341"}],"version-history":[{"count":3,"href":"https:\/\/paperpotagriculture.com\/hr\/wp-json\/wp\/v2\/pages\/1341\/revisions"}],"predecessor-version":[{"id":1349,"href":"https:\/\/paperpotagriculture.com\/hr\/wp-json\/wp\/v2\/pages\/1341\/revisions\/1349"}],"wp:attachment":[{"href":"https:\/\/paperpotagriculture.com\/hr\/wp-json\/wp\/v2\/media?parent=1341"}],"curies":[{"name":"wp","href":"https:\/\/api.w.org\/{rel}","templated":true}]}}