{"id":1332,"date":"2025-05-09T07:12:42","date_gmt":"2025-05-09T07:12:42","guid":{"rendered":"https:\/\/paperpotagriculture.com\/contact\/"},"modified":"2025-09-26T07:44:02","modified_gmt":"2025-09-26T07:44:02","slug":"kontakt","status":"publish","type":"page","link":"https:\/\/paperpotagriculture.com\/hr\/kontakt\/","title":{"rendered":"Kontakt"},"content":{"rendered":"\n\n\t<section class=\"section\" id=\"section_2019923955\">\n\t\t<div class=\"section-bg fill\" >\n\t\t\t\t\t\t\t\t\t\n\t\t\t\n\n\t\t<\/div>\n\n\t\t\n\n\t\t<div class=\"section-content relative\">\n\t\t\t\n\n\t<div id=\"gap-906259574\" class=\"gap-element clearfix\" style=\"display:block; height:auto;\">\n\t\t\n<style>\n#gap-906259574 {\n  padding-top: 50px;\n}\n<\/style>\n\t<\/div>\n\t\n\n<div class=\"row align-middle\"  id=\"row-870085273\">\n\n\n\t<div id=\"col-1518082436\" class=\"col medium-5 small-12 large-5\"  >\n\t\t\t\t<div class=\"col-inner\"  >\n\t\t\t\n\t\t\t\n\n\t<div class=\"img has-hover img-auto x md-x lg-x y md-y lg-y\" id=\"image_1886560139\">\n\t\t\t\t\t\t\t\t<div class=\"img-inner dark\" >\n\t\t\t<img loading=\"lazy\" decoding=\"async\" width=\"582\" height=\"668\" src=\"https:\/\/paperpotagriculture.com\/wp-content\/uploads\/2025\/05\/Polygon-9-1.png\" class=\"attachment-original size-original\" alt=\"\" srcset=\"https:\/\/paperpotagriculture.com\/wp-content\/uploads\/2025\/05\/Polygon-9-1.png 582w, https:\/\/paperpotagriculture.com\/wp-content\/uploads\/2025\/05\/Polygon-9-1-261x300.png 261w, https:\/\/paperpotagriculture.com\/wp-content\/uploads\/2025\/05\/Polygon-9-1-400x459.png 400w\" sizes=\"auto, (max-width: 582px) 100vw, 582px\" \/>\t\t\t\t\t\t\n\t\t\t\t\t<\/div>\n\t\t\t\t\t\t\t\t\n<style>\n#image_1886560139 {\n  width: 100%;\n}\n<\/style>\n\t<\/div>\n\t\n\n\n\t\t<\/div>\n\t\t\t\t\t<\/div>\n\n\t\n\n\t<div id=\"col-1469081020\" class=\"col medium-7 small-12 large-7\"  >\n\t\t\t\t<div class=\"col-inner\"  >\n\t\t\t\n\t\t\t\n\n<h1>Kontaktirajte nas<\/h1>\n\n\t<div id=\"text-3215787957\" class=\"text bodyL\">\n\t\t\n\n<p>Niste sigurni koji je Paperpot ili oprema za sadnju prava za vas? Nema problema! Samo nas kontaktirajte i rado \u0107emo vam pomo\u0107i. Mo\u017eete nam poslati poruku ili nas nazvati \u2014 tu smo da va\u0161e vrtlarenje u\u010dinimo jednostavnijim!<\/p>\n\n\t\t\t<\/div>\n\t\n\n<div class=\"wpcf7 no-js\" id=\"wpcf7-f316-o1\" lang=\"en-US\" dir=\"ltr\" data-wpcf7-id=\"316\">\n<div class=\"screen-reader-response\"><p role=\"status\" aria-live=\"polite\" aria-atomic=\"true\"><\/p> <ul><\/ul><\/div>\n<form action=\"\/hr\/wp-json\/wp\/v2\/pages\/1332#wpcf7-f316-o1\" method=\"post\" class=\"wpcf7-form init\" aria-label=\"Contact form\" novalidate=\"novalidate\" data-status=\"init\">\n<fieldset class=\"hidden-fields-container\"><input type=\"hidden\" name=\"_wpcf7\" value=\"316\" \/><input type=\"hidden\" name=\"_wpcf7_version\" value=\"6.1.4\" \/><input type=\"hidden\" name=\"_wpcf7_locale\" value=\"en_US\" \/><input type=\"hidden\" name=\"_wpcf7_unit_tag\" value=\"wpcf7-f316-o1\" \/><input type=\"hidden\" name=\"_wpcf7_container_post\" value=\"0\" \/><input type=\"hidden\" name=\"_wpcf7_posted_data_hash\" value=\"\" \/>\n<\/fieldset>\n<p><label><br \/>\n<span class=\"wpcf7-form-control-wrap\" data-name=\"your-name\"><input size=\"40\" maxlength=\"400\" class=\"wpcf7-form-control wpcf7-text wpcf7-validates-as-required\" autocomplete=\"name\" aria-required=\"true\" aria-invalid=\"false\" placeholder=\"Name*\" value=\"\" type=\"text\" name=\"your-name\" \/><\/span> <\/label>\n<\/p>\n<p><label><br \/>\n<span class=\"wpcf7-form-control-wrap\" data-name=\"your-email\"><input size=\"40\" maxlength=\"400\" class=\"wpcf7-form-control wpcf7-email wpcf7-validates-as-required wpcf7-text wpcf7-validates-as-email\" autocomplete=\"email\" aria-required=\"true\" aria-invalid=\"false\" placeholder=\"E-mail*\" value=\"\" type=\"email\" name=\"your-email\" \/><\/span> <\/label>\n<\/p>\n<p><label><br \/>\n<span class=\"wpcf7-form-control-wrap\" data-name=\"your-message\"><textarea cols=\"40\" rows=\"10\" maxlength=\"2000\" class=\"wpcf7-form-control wpcf7-textarea\" aria-invalid=\"false\" placeholder=\"Message*\" name=\"your-message\"><\/textarea><\/span> <\/label>\n<\/p>\n<p><input class=\"wpcf7-form-control wpcf7-submit has-spinner\" type=\"submit\" value=\"send message\" \/>\n<\/p><div class=\"wpcf7-response-output\" aria-hidden=\"true\"><\/div>\n<\/form>\n<\/div>\n\n\n\n\t\t<\/div>\n\t\t\t\t\t<\/div>\n\n\t\n\n<\/div>\n\n\t\t<\/div>\n\n\t\t\n<style>\n#section_2019923955 {\n  padding-top: 0px;\n  padding-bottom: 0px;\n}\n<\/style>\n\t<\/section>\n\t\n\n\t<section class=\"section pa-footer-hero-section\" id=\"section_1416764321\">\n\t\t<div class=\"section-bg fill\" >\n\t\t\t<img decoding=\"async\" src=\"https:\/\/paperpotagriculture.com\/wp-content\/uploads\/2025\/04\/Vector-15.svg\" class=\"bg attachment-original size-original\" alt=\"\" \/>\t\t\t\t\t\t\n\t\t\t\n\n\t\t<\/div>\n\n\t\t\n\n\t\t<div class=\"section-content relative\">\n\t\t\t\n\n<div class=\"row\" style=\"max-width:1100px\" id=\"row-1478051679\">\n\n\n\t<div id=\"col-1470284946\" class=\"col small-12 large-12\"  >\n\t\t\t\t<div class=\"col-inner text-center\"  >\n\t\t\t\n\t<div class=\"is-border\"\n\t\tstyle=\"border-color:rgb(219, 217, 212);border-width:0px 0px 1px 0px;\">\n\t<\/div>\n\t\t\t\n\n\t<div class=\"img has-hover img-auto x md-x lg-x y md-y lg-y\" id=\"image_1484224816\">\n\t\t\t\t\t\t\t\t<div class=\"img-inner dark\" >\n\t\t\t<img decoding=\"async\" src=\"https:\/\/paperpotagriculture.com\/wp-content\/uploads\/2025\/05\/Group-21.svg\" class=\"attachment-original size-original\" alt=\"\" \/>\t\t\t\t\t\t\n\t\t\t\t\t<\/div>\n\t\t\t\t\t\t\t\t\n<style>\n#image_1484224816 {\n  width: 100%;\n}\n<\/style>\n\t<\/div>\n\t\n\n\n\t\t<\/div>\n\t\t\t\t\n<style>\n#col-1470284946 > .col-inner {\n  padding: 0px 0px 100px 0px;\n  margin: 270px 0px 100px 0px;\n}\n<\/style>\n\t<\/div>\n\n\t\n\n<\/div>\n<div class=\"row\" style=\"max-width:1100px\" id=\"row-1939800061\">\n\n\n\t<div id=\"col-1561295492\" class=\"col medium-4 small-12 large-4\"  >\n\t\t\t\t<div class=\"col-inner\"  >\n\t\t\t\n\t\t\t\n\n\t<div id=\"text-1132117697\" class=\"text bodyL fw-600\">\n\t\t\n\n<p>Kmetijstvo \u010cade\u017e<\/p>\n\n\t\t\n<style>\n#text-1132117697 {\n  color: rgb(255, 255, 255);\n}\n#text-1132117697 > * {\n  color: rgb(255, 255, 255);\n}\n<\/style>\n\t<\/div>\n\t\n\t<div id=\"text-2279549883\" class=\"text bodyL\">\n\t\t\n\n<p>Ales \u010cade\u017e s.p.<\/p>\n<p>Delnice 7<\/p>\n<p>4223 Poljane nad \u0160kofjo Loko<\/p>\n\t\t\n<style>\n#text-2279549883 {\n  color: rgb(255, 255, 255);\n}\n#text-2279549883 > * {\n  color: rgb(255, 255, 255);\n}\n<\/style>\n\t<\/div>\n\t\n\n\t\t<\/div>\n\t\t\t\t\t<\/div>\n\n\t\n\n\t<div id=\"col-1420315858\" class=\"col medium-4 small-12 large-4\"  >\n\t\t\t\t<div class=\"col-inner\"  >\n\t\t\t\n\t\t\t\n\n\t<div id=\"text-970339921\" class=\"text bodyL pa-footer-links link-white\">\n\t\t\n\n<p><a href=\"mailto:kmetijstvo.cadez@gmail.com\"><img decoding=\"async\" class=\"alignnone size-full wp-image-329\" src=\"https:\/\/paperpotagriculture.com\/wp-content\/uploads\/2025\/05\/Mail-2.svg\" alt=\"\" \/> kmetijstvo.cadez@gmail.com<\/a><\/p>\n\t\t\n<style>\n#text-970339921 {\n  color: rgb(255, 255, 255);\n}\n#text-970339921 > * {\n  color: rgb(255, 255, 255);\n}\n<\/style>\n\t<\/div>\n\t\n\t<div id=\"text-787364045\" class=\"text bodyL pa-footer-links link-white\">\n\t\t\n\n<p><img decoding=\"async\" class=\"alignnone size-full wp-image-331\" src=\"https:\/\/paperpotagriculture.com\/wp-content\/uploads\/2025\/05\/Call-1.svg\" alt=\"\" \/>\u00a0<a href=\"tel:0038651438095\">+386 51 438 095<\/a><\/p>\n\t\t\n<style>\n#text-787364045 {\n  color: rgb(255, 255, 255);\n}\n#text-787364045 > * {\n  color: rgb(255, 255, 255);\n}\n<\/style>\n\t<\/div>\n\t\n\n\t\t<\/div>\n\t\t\t\t\t<\/div>\n\n\t\n\n\t<div id=\"col-800575923\" class=\"col medium-4 small-12 large-4\"  >\n\t\t\t\t<div class=\"col-inner\"  >\n\t\t\t\n\t\t\t\n\n\t<div id=\"text-2695581999\" class=\"text bodyL pa-footer-links link-white\">\n\t\t\n\n<p><img decoding=\"async\" class=\"alignnone size-full wp-image-335\" src=\"https:\/\/paperpotagriculture.com\/wp-content\/uploads\/2025\/05\/Group-19.svg\" alt=\"\" \/> <a href=\"#\">cadezkmetijstvo<\/a><\/p>\n\t\t\n<style>\n#text-2695581999 {\n  color: rgb(255, 255, 255);\n}\n#text-2695581999 > * {\n  color: rgb(255, 255, 255);\n}\n<\/style>\n\t<\/div>\n\t\n\t<div id=\"text-3539720010\" class=\"text bodyL pa-footer-links link-white\">\n\t\t\n\n<p><img decoding=\"async\" class=\"alignnone size-full wp-image-335\" src=\"https:\/\/paperpotagriculture.com\/wp-content\/uploads\/2025\/05\/Group-19.svg\" alt=\"\" \/> <a href=\"#\">paperpotagriculture<\/a><\/p>\n\n\t\t\n<style>\n#text-3539720010 {\n  color: rgb(255, 255, 255);\n}\n#text-3539720010 > * {\n  color: rgb(255, 255, 255);\n}\n<\/style>\n\t<\/div>\n\t\n\t<div id=\"text-1556610060\" class=\"text bodyL pa-footer-links link-white\">\n\t\t\n\n<p><a href=\"#\"><img decoding=\"async\" class=\"alignnone size-full wp-image-337\" src=\"https:\/\/paperpotagriculture.com\/wp-content\/uploads\/2025\/05\/Group-30.svg\" alt=\"\" \/> kmatijstvo.cadez<\/a><\/p>\n\t\t\n<style>\n#text-1556610060 {\n  color: rgb(255, 255, 255);\n}\n#text-1556610060 > * {\n  color: rgb(255, 255, 255);\n}\n<\/style>\n\t<\/div>\n\t\n\n\t\t<\/div>\n\t\t\t\t\t<\/div>\n\n\t\n\n<\/div>\n\n\t\t<\/div>\n\n\t\t\n<style>\n#section_1416764321 {\n  padding-top: 0px;\n  padding-bottom: 0px;\n}\n#section_1416764321 .section-bg img {\n  object-position: top;\n}\n<\/style>\n\t<\/section>\n\t\n\n\t<section class=\"section pa-footer-bottom-section\" id=\"section_153949769\">\n\t\t<div class=\"section-bg fill\" >\n\t\t\t\t\t\t\t\t\t\n\t\t\t\n\n\t\t<\/div>\n\n\t\t\n\n\t\t<div class=\"section-content relative\">\n\t\t\t\n\n<div class=\"row align-middle\"  id=\"row-1567526891\">\n\n\n\t<div id=\"col-160732424\" class=\"col medium-4 small-12 large-4\"  >\n\t\t\t\t<div class=\"col-inner\"  >\n\t\t\t\n\t\t\t\n\n\t<div id=\"text-3613820592\" class=\"text boldM fw-600\">\n\t\t\n\n<p>Customer support<\/p>\n\t\t\t<\/div>\n\t\n\t<div id=\"text-2462872450\" class=\"text pa-footer-links\">\n\t\t\n\n<p><a href=\"mailto:kmetijstvo.cadez@gmail.com\"><img decoding=\"async\" class=\"alignnone size-full wp-image-203\" src=\"\/wp-content\/uploads\/2025\/04\/Mail-1.svg\" alt=\"\" \/>\u00a0 kmetijstvo.cadez@gmail.com<\/a><\/p>\n<p><a href=\"tel:0038651438095\"><img decoding=\"async\" class=\"alignnone size-full wp-image-204\" src=\"\/wp-content\/uploads\/2025\/04\/Call.svg\" alt=\"\" \/>\u00a0 +386 51 438 095<\/a><\/p>\n<p><a href=\"https:\/\/paperpotagriculture.com\/hr\/kako-funkcionira\/#faq\">FAQ<\/a><\/p>\n<p><a href=\"https:\/\/paperpotagriculture.com\/hr\/politika-povrata\/\">Delivery &amp; returns<\/a><\/p>\n\t\t\n<style>\n#text-2462872450 {\n  text-align: left;\n}\n<\/style>\n\t<\/div>\n\t\n\n\t\t<\/div>\n\t\t\t\t\n<style>\n#col-160732424 > .col-inner {\n  margin: 35px 0px 0px 0px;\n}\n<\/style>\n\t<\/div>\n\n\t\n\n\t<div id=\"col-742756636\" class=\"col medium-4 small-12 large-4\"  >\n\t\t\t\t<div class=\"col-inner text-center\"  >\n\t\t\t\n\t\t\t\n\n\t<div class=\"img has-hover img-auto pa-footer-logo x md-x lg-x y md-y lg-y\" id=\"image_845722548\">\n\t\t\t\t\t\t\t\t<div class=\"img-inner dark\" >\n\t\t\t<img loading=\"lazy\" decoding=\"async\" width=\"112\" height=\"160\" src=\"https:\/\/paperpotagriculture.com\/wp-content\/uploads\/2025\/04\/Vertical-Logo.png\" class=\"attachment-original size-original\" alt=\"\" \/>\t\t\t\t\t\t\n\t\t\t\t\t<\/div>\n\t\t\t\t\t\t\t\t\n<style>\n#image_845722548 {\n  width: 100%;\n}\n<\/style>\n\t<\/div>\n\t\n\n\t<div class=\"img has-hover img-auto pa-footer-logo-line x md-x lg-x y md-y lg-y\" id=\"image_89056797\">\n\t\t\t\t\t\t\t\t<div class=\"img-inner dark\" >\n\t\t\t<img decoding=\"async\" src=\"https:\/\/paperpotagriculture.com\/wp-content\/uploads\/2025\/04\/Line-5.svg\" class=\"attachment-original size-original\" alt=\"\" \/>\t\t\t\t\t\t\n\t\t\t\t\t<\/div>\n\t\t\t\t\t\t\t\t\n<style>\n#image_89056797 {\n  width: 100%;\n}\n<\/style>\n\t<\/div>\n\t\n\n\t<div class=\"img has-hover img-auto x md-x lg-x y md-y lg-y\" id=\"image_793662108\">\n\t\t\t\t\t\t\t\t<div class=\"img-inner dark\" >\n\t\t\t<img decoding=\"async\" src=\"https:\/\/paperpotagriculture.com\/wp-content\/uploads\/2025\/04\/Frame-49.svg\" class=\"attachment-original size-original\" alt=\"\" \/>\t\t\t\t\t\t\n\t\t\t\t\t<\/div>\n\t\t\t\t\t\t\t\t\n<style>\n#image_793662108 {\n  width: 100%;\n}\n<\/style>\n\t<\/div>\n\t\n\n\t<div id=\"gap-1169248376\" class=\"gap-element clearfix\" style=\"display:block; height:auto;\">\n\t\t\n<style>\n#gap-1169248376 {\n  padding-top: 30px;\n}\n<\/style>\n\t<\/div>\n\t\n\n\t<div id=\"text-1627918093\" class=\"text bodyM fw-600\">\n\t\t\n\n<p>Follow us<\/p>\n\t\t\n<style>\n#text-1627918093 {\n  text-align: center;\n}\n<\/style>\n\t<\/div>\n\t\n\t<div id=\"stack-3826456697\" class=\"stack pa-footer-social-icons stack-row justify-between items-stretch\">\n\t\t\n\n\t<div class=\"img has-hover img-auto x md-x lg-x y md-y lg-y\" id=\"image_1721849299\">\n\t\t\t\t\t\t\t\t<div class=\"img-inner dark\" >\n\t\t\t<img decoding=\"async\" src=\"https:\/\/paperpotagriculture.com\/wp-content\/uploads\/2025\/04\/Tiktok.svg\" class=\"attachment-original size-original\" alt=\"\" \/>\t\t\t\t\t\t\n\t\t\t\t\t<\/div>\n\t\t\t\t\t\t\t\t\n<style>\n#image_1721849299 {\n  width: 100%;\n}\n<\/style>\n\t<\/div>\n\t\n\n\t<div class=\"img has-hover img-auto x md-x lg-x y md-y lg-y\" id=\"image_629061804\">\n\t\t\t\t\t\t\t\t<div class=\"img-inner dark\" >\n\t\t\t<img decoding=\"async\" src=\"https:\/\/paperpotagriculture.com\/wp-content\/uploads\/2025\/04\/instagram.svg\" class=\"attachment-original size-original\" alt=\"\" \/>\t\t\t\t\t\t\n\t\t\t\t\t<\/div>\n\t\t\t\t\t\t\t\t\n<style>\n#image_629061804 {\n  width: 100%;\n}\n<\/style>\n\t<\/div>\n\t\n\n\t<div class=\"img has-hover img-auto x md-x lg-x y md-y lg-y\" id=\"image_1955253419\">\n\t\t\t\t\t\t\t\t<div class=\"img-inner dark\" >\n\t\t\t<img decoding=\"async\" src=\"https:\/\/paperpotagriculture.com\/wp-content\/uploads\/2025\/04\/Facebook.svg\" class=\"attachment-original size-original\" alt=\"\" \/>\t\t\t\t\t\t\n\t\t\t\t\t<\/div>\n\t\t\t\t\t\t\t\t\n<style>\n#image_1955253419 {\n  width: 100%;\n}\n<\/style>\n\t<\/div>\n\t\n\n\n\t\t\n<style>\n#stack-3826456697 > * {\n  --stack-gap: 0rem;\n}\n<\/style>\n\t<\/div>\n\t\n\n\t\t<\/div>\n\t\t\t\t\t<\/div>\n\n\t\n\n\t<div id=\"col-987248155\" class=\"col medium-4 small-12 large-4\"  >\n\t\t\t\t<div class=\"col-inner\"  >\n\t\t\t\n\t\t\t\n\n\t<div id=\"text-241132347\" class=\"text boldM fw-600\">\n\t\t\n\n<p>Products<\/p>\n\t\t\n<style>\n#text-241132347 {\n  text-align: right;\n}\n<\/style>\n\t<\/div>\n\t\n\t<div id=\"text-2013920704\" class=\"text pa-footer-links\">\n\t\t\n\n<p><a href=\"\/product-category\/seeding-equipment\/\">Seeding equipment<\/a><\/p>\r\n<p><a href=\"\/product-category\/transplanters\/\">Transplanters<\/a><\/p>\r\n<p><a href=\"\/product-category\/accessories\/\">Accessories<\/a><\/p>\r\n<p><a href=\"\/product-category\/for-gardeners\/\">For Gardeners<\/a><\/p>\n\t\t\n<style>\n#text-2013920704 {\n  text-align: right;\n}\n<\/style>\n\t<\/div>\n\t\n\n\t\t<\/div>\n\t\t\t\t\n<style>\n#col-987248155 > .col-inner {\n  margin: 35px 0px 0px 0px;\n}\n<\/style>\n\t<\/div>\n\n\t\n\n<\/div>\n\t<div id=\"gap-212094360\" class=\"gap-element clearfix\" style=\"display:block; height:auto;\">\n\t\t\n<style>\n#gap-212094360 {\n  padding-top: 30px;\n}\n<\/style>\n\t<\/div>\n\t\n\n\n\t\t<\/div>\n\n\t\t\n<style>\n#section_153949769 {\n  padding-top: 0px;\n  padding-bottom: 0px;\n  background-color: rgb(255, 255, 255);\n}\n<\/style>\n\t<\/section>\n\t\n\n\n\n<p><\/p>\n","protected":false},"excerpt":{"rendered":"","protected":false},"author":2,"featured_media":0,"parent":0,"menu_order":0,"comment_status":"closed","ping_status":"closed","template":"","meta":{"_acf_changed":false,"footnotes":""},"class_list":["post-1332","page","type-page","status-publish","hentry"],"acf":[],"yoast_head":"<!-- This site is optimized with the Yoast SEO plugin v26.5 - https:\/\/yoast.com\/wordpress\/plugins\/seo\/ -->\n<title>Kontakt - Paperpotagriculture<\/title>\n<meta name=\"robots\" content=\"index, follow, max-snippet:-1, max-image-preview:large, max-video-preview:-1\" \/>\n<link rel=\"canonical\" href=\"https:\/\/paperpotagriculture.com\/hr\/kontakt\/\" \/>\n<meta property=\"og:locale\" content=\"hr_HR\" \/>\n<meta property=\"og:type\" content=\"article\" \/>\n<meta property=\"og:title\" content=\"Kontakt - Paperpotagriculture\" \/>\n<meta property=\"og:url\" content=\"https:\/\/paperpotagriculture.com\/hr\/kontakt\/\" \/>\n<meta property=\"og:site_name\" content=\"Paperpotagriculture\" \/>\n<meta property=\"article:modified_time\" content=\"2025-09-26T07:44:02+00:00\" \/>\n<meta name=\"twitter:card\" content=\"summary_large_image\" \/>\n<meta name=\"twitter:label1\" content=\"Procijenjeno vrijeme \u010ditanja\" \/>\n\t<meta name=\"twitter:data1\" content=\"1 minuta\" \/>\n<script type=\"application\/ld+json\" class=\"yoast-schema-graph\">{\"@context\":\"https:\/\/schema.org\",\"@graph\":[{\"@type\":\"WebPage\",\"@id\":\"https:\/\/paperpotagriculture.com\/hr\/kontakt\/\",\"url\":\"https:\/\/paperpotagriculture.com\/hr\/kontakt\/\",\"name\":\"Kontakt - Paperpotagriculture\",\"isPartOf\":{\"@id\":\"https:\/\/paperpotagriculture.com\/hr\/#website\"},\"datePublished\":\"2025-05-09T07:12:42+00:00\",\"dateModified\":\"2025-09-26T07:44:02+00:00\",\"inLanguage\":\"hr\",\"potentialAction\":[{\"@type\":\"ReadAction\",\"target\":[\"https:\/\/paperpotagriculture.com\/hr\/kontakt\/\"]}]},{\"@type\":\"WebSite\",\"@id\":\"https:\/\/paperpotagriculture.com\/hr\/#website\",\"url\":\"https:\/\/paperpotagriculture.com\/hr\/\",\"name\":\"Paperpotagriculture\",\"description\":\"\",\"potentialAction\":[{\"@type\":\"SearchAction\",\"target\":{\"@type\":\"EntryPoint\",\"urlTemplate\":\"https:\/\/paperpotagriculture.com\/hr\/?s={search_term_string}\"},\"query-input\":{\"@type\":\"PropertyValueSpecification\",\"valueRequired\":true,\"valueName\":\"search_term_string\"}}],\"inLanguage\":\"hr\"}]}<\/script>\n<!-- \/ Yoast SEO plugin. -->","yoast_head_json":{"title":"Kontakt - Paperpotagriculture","robots":{"index":"index","follow":"follow","max-snippet":"max-snippet:-1","max-image-preview":"max-image-preview:large","max-video-preview":"max-video-preview:-1"},"canonical":"https:\/\/paperpotagriculture.com\/hr\/kontakt\/","og_locale":"hr_HR","og_type":"article","og_title":"Kontakt - Paperpotagriculture","og_url":"https:\/\/paperpotagriculture.com\/hr\/kontakt\/","og_site_name":"Paperpotagriculture","article_modified_time":"2025-09-26T07:44:02+00:00","twitter_card":"summary_large_image","twitter_misc":{"Procijenjeno vrijeme \u010ditanja":"1 minuta"},"schema":{"@context":"https:\/\/schema.org","@graph":[{"@type":"WebPage","@id":"https:\/\/paperpotagriculture.com\/hr\/kontakt\/","url":"https:\/\/paperpotagriculture.com\/hr\/kontakt\/","name":"Kontakt - Paperpotagriculture","isPartOf":{"@id":"https:\/\/paperpotagriculture.com\/hr\/#website"},"datePublished":"2025-05-09T07:12:42+00:00","dateModified":"2025-09-26T07:44:02+00:00","inLanguage":"hr","potentialAction":[{"@type":"ReadAction","target":["https:\/\/paperpotagriculture.com\/hr\/kontakt\/"]}]},{"@type":"WebSite","@id":"https:\/\/paperpotagriculture.com\/hr\/#website","url":"https:\/\/paperpotagriculture.com\/hr\/","name":"Paperpotagriculture","description":"","potentialAction":[{"@type":"SearchAction","target":{"@type":"EntryPoint","urlTemplate":"https:\/\/paperpotagriculture.com\/hr\/?s={search_term_string}"},"query-input":{"@type":"PropertyValueSpecification","valueRequired":true,"valueName":"search_term_string"}}],"inLanguage":"hr"}]}},"_links":{"self":[{"href":"https:\/\/paperpotagriculture.com\/hr\/wp-json\/wp\/v2\/pages\/1332","targetHints":{"allow":["GET"]}}],"collection":[{"href":"https:\/\/paperpotagriculture.com\/hr\/wp-json\/wp\/v2\/pages"}],"about":[{"href":"https:\/\/paperpotagriculture.com\/hr\/wp-json\/wp\/v2\/types\/page"}],"author":[{"embeddable":true,"href":"https:\/\/paperpotagriculture.com\/hr\/wp-json\/wp\/v2\/users\/2"}],"replies":[{"embeddable":true,"href":"https:\/\/paperpotagriculture.com\/hr\/wp-json\/wp\/v2\/comments?post=1332"}],"version-history":[{"count":3,"href":"https:\/\/paperpotagriculture.com\/hr\/wp-json\/wp\/v2\/pages\/1332\/revisions"}],"predecessor-version":[{"id":1412,"href":"https:\/\/paperpotagriculture.com\/hr\/wp-json\/wp\/v2\/pages\/1332\/revisions\/1412"}],"wp:attachment":[{"href":"https:\/\/paperpotagriculture.com\/hr\/wp-json\/wp\/v2\/media?parent=1332"}],"curies":[{"name":"wp","href":"https:\/\/api.w.org\/{rel}","templated":true}]}}